{"id":3642,"date":"2015-03-11T23:29:28","date_gmt":"2015-03-11T22:29:28","guid":{"rendered":"http:\/\/blog.meineigenerweg.de\/?page_id=3642"},"modified":"2019-03-28T20:39:15","modified_gmt":"2019-03-28T19:39:15","slug":"vrouwenpolder","status":"publish","type":"page","link":"http:\/\/blog.meineigenerweg.de\/?page_id=3642","title":{"rendered":"Vrouwenpolder ***"},"content":{"rendered":"<p>11.03.2015<br \/>\nDie Zeit ist ungew\u00f6hnlich um nach Holland an Meer zu fahren. Aber muss man denn immer das tun was alle tun? Nach drei Stunden fahrt erwartet mich ein tolles Ferienhaus, sonniges Wetter und ein menschenleerer Strand.<br \/>\n<a href=\"http:\/\/blog.meineigenerweg.de\/wp-content\/uploads\/2015\/03\/DSC_0005-Andere.jpg\"><img loading=\"lazy\" decoding=\"async\" class=\"alignnone size-medium wp-image-3644\" src=\"http:\/\/blog.meineigenerweg.de\/wp-content\/uploads\/2015\/03\/DSC_0005-Andere-300x200.jpg\" alt=\"DSC_0005 (Andere)\" width=\"300\" height=\"200\" srcset=\"http:\/\/blog.meineigenerweg.de\/wp-content\/uploads\/2015\/03\/DSC_0005-Andere-300x200.jpg 300w, http:\/\/blog.meineigenerweg.de\/wp-content\/uploads\/2015\/03\/DSC_0005-Andere.jpg 1000w\" sizes=\"auto, (max-width: 300px) 100vw, 300px\" \/><\/a> <a href=\"http:\/\/blog.meineigenerweg.de\/wp-content\/uploads\/2015\/03\/DSC_0007-Andere.jpg\"><img loading=\"lazy\" decoding=\"async\" class=\"alignnone size-medium wp-image-3645\" src=\"http:\/\/blog.meineigenerweg.de\/wp-content\/uploads\/2015\/03\/DSC_0007-Andere-300x200.jpg\" alt=\"DSC_0007 (Andere)\" width=\"300\" height=\"200\" srcset=\"http:\/\/blog.meineigenerweg.de\/wp-content\/uploads\/2015\/03\/DSC_0007-Andere-300x200.jpg 300w, http:\/\/blog.meineigenerweg.de\/wp-content\/uploads\/2015\/03\/DSC_0007-Andere.jpg 1000w\" sizes=\"auto, (max-width: 300px) 100vw, 300px\" \/><\/a> <a href=\"http:\/\/blog.meineigenerweg.de\/wp-content\/uploads\/2015\/03\/DSC_0022-Andere.jpg\"><img loading=\"lazy\" decoding=\"async\" class=\"alignnone size-medium wp-image-3646\" src=\"http:\/\/blog.meineigenerweg.de\/wp-content\/uploads\/2015\/03\/DSC_0022-Andere-300x200.jpg\" alt=\"DSC_0022 (Andere)\" width=\"300\" height=\"200\" srcset=\"http:\/\/blog.meineigenerweg.de\/wp-content\/uploads\/2015\/03\/DSC_0022-Andere-300x200.jpg 300w, http:\/\/blog.meineigenerweg.de\/wp-content\/uploads\/2015\/03\/DSC_0022-Andere.jpg 1000w\" sizes=\"auto, (max-width: 300px) 100vw, 300px\" \/><\/a><\/p>\n<p>12.03.2015<br \/>\nDie Sonne schein von einem blauen Himmel herab, aber es tr\u00fcgt, denn es ist frostig kalt drau\u00dfen. Also warm eingepackt, die Fahrr\u00e4der aus dem Schuppen geholt und schon startet der Fahrradausflug. Es gibt schon ein paar Zuschauer, die ein wenig \u00fcberrascht sind mich auf dem Rad vorbeiflitzen zu sehen.<br \/>\n<a href=\"http:\/\/blog.meineigenerweg.de\/wp-content\/uploads\/2015\/03\/DSC_0030x.jpg\"><img loading=\"lazy\" decoding=\"async\" class=\"alignnone size-medium wp-image-3653\" src=\"http:\/\/blog.meineigenerweg.de\/wp-content\/uploads\/2015\/03\/DSC_0030x-300x200.jpg\" alt=\"DSC_0030x\" width=\"300\" height=\"200\" srcset=\"http:\/\/blog.meineigenerweg.de\/wp-content\/uploads\/2015\/03\/DSC_0030x-300x200.jpg 300w, http:\/\/blog.meineigenerweg.de\/wp-content\/uploads\/2015\/03\/DSC_0030x.jpg 1000w\" sizes=\"auto, (max-width: 300px) 100vw, 300px\" \/><\/a> <a href=\"http:\/\/blog.meineigenerweg.de\/wp-content\/uploads\/2015\/03\/DSC_0036x.jpg\"><img loading=\"lazy\" decoding=\"async\" class=\"alignnone size-medium wp-image-3654\" src=\"http:\/\/blog.meineigenerweg.de\/wp-content\/uploads\/2015\/03\/DSC_0036x-300x200.jpg\" alt=\"DSC_0036x\" width=\"300\" height=\"200\" srcset=\"http:\/\/blog.meineigenerweg.de\/wp-content\/uploads\/2015\/03\/DSC_0036x-300x200.jpg 300w, http:\/\/blog.meineigenerweg.de\/wp-content\/uploads\/2015\/03\/DSC_0036x.jpg 1000w\" sizes=\"auto, (max-width: 300px) 100vw, 300px\" \/><\/a><br \/>\nMein erstes Ziel ist das kleine \u00d6rtchen Veere mit seinem Jachthafen. Das ist typisch holl\u00e4ndische Dorf-Idylle, Hebebr\u00fccken, kleine H\u00e4uschen und Windm\u00fchlen.<br \/>\n<a href=\"http:\/\/blog.meineigenerweg.de\/wp-content\/uploads\/2015\/03\/DSC_0061.jpg\"><img loading=\"lazy\" decoding=\"async\" class=\"alignnone size-medium wp-image-3655\" src=\"http:\/\/blog.meineigenerweg.de\/wp-content\/uploads\/2015\/03\/DSC_0061-300x200.jpg\" alt=\"DSC_0061\" width=\"300\" height=\"200\" srcset=\"http:\/\/blog.meineigenerweg.de\/wp-content\/uploads\/2015\/03\/DSC_0061-300x200.jpg 300w, http:\/\/blog.meineigenerweg.de\/wp-content\/uploads\/2015\/03\/DSC_0061.jpg 1000w\" sizes=\"auto, (max-width: 300px) 100vw, 300px\" \/><\/a> <img loading=\"lazy\" decoding=\"async\" class=\"alignnone size-medium wp-image-3659\" src=\"http:\/\/blog.meineigenerweg.de\/wp-content\/uploads\/2015\/03\/DSC_0066-300x200.jpg\" alt=\"DSC_0066\" width=\"300\" height=\"200\" srcset=\"http:\/\/blog.meineigenerweg.de\/wp-content\/uploads\/2015\/03\/DSC_0066-300x200.jpg 300w, http:\/\/blog.meineigenerweg.de\/wp-content\/uploads\/2015\/03\/DSC_0066.jpg 1000w\" sizes=\"auto, (max-width: 300px) 100vw, 300px\" \/><a href=\"http:\/\/blog.meineigenerweg.de\/wp-content\/uploads\/2015\/03\/DSC_0068x1.jpg\"><img loading=\"lazy\" decoding=\"async\" class=\"alignnone size-medium wp-image-3670\" src=\"http:\/\/blog.meineigenerweg.de\/wp-content\/uploads\/2015\/03\/DSC_0068x1-300x200.jpg\" alt=\"DSC_0068x\" width=\"300\" height=\"200\" srcset=\"http:\/\/blog.meineigenerweg.de\/wp-content\/uploads\/2015\/03\/DSC_0068x1-300x200.jpg 300w, http:\/\/blog.meineigenerweg.de\/wp-content\/uploads\/2015\/03\/DSC_0068x1.jpg 1000w\" sizes=\"auto, (max-width: 300px) 100vw, 300px\" \/><\/a>\u00a0<a href=\"http:\/\/blog.meineigenerweg.de\/wp-content\/uploads\/2015\/03\/DSC_0057.jpg\"><img loading=\"lazy\" decoding=\"async\" class=\"alignnone size-medium wp-image-3657\" src=\"http:\/\/blog.meineigenerweg.de\/wp-content\/uploads\/2015\/03\/DSC_0057-300x200.jpg\" alt=\"DSC_0057\" width=\"300\" height=\"200\" srcset=\"http:\/\/blog.meineigenerweg.de\/wp-content\/uploads\/2015\/03\/DSC_0057-300x200.jpg 300w, http:\/\/blog.meineigenerweg.de\/wp-content\/uploads\/2015\/03\/DSC_0057.jpg 1000w\" sizes=\"auto, (max-width: 300px) 100vw, 300px\" \/><\/a><br \/>\nEs gibt Ein paar nette Restaurants und sogar recht h\u00fcbsche Touristenl\u00e4den. Der Ort l\u00e4dt wirklich zum bummeln und chillen ein. Dann fahre ich weiter nach Middelburg, einer lebhaften Kleinstadt, mit vielen Kirchen, einem quirligen Wochenmarkt, einer recht netten Einkaufsmeile und einem imposanten Rathaus.<br \/>\n<a href=\"http:\/\/blog.meineigenerweg.de\/wp-content\/uploads\/2015\/03\/DSC_0098.jpg\"><img loading=\"lazy\" decoding=\"async\" class=\"alignnone size-medium wp-image-3662\" src=\"http:\/\/blog.meineigenerweg.de\/wp-content\/uploads\/2015\/03\/DSC_0098-300x200.jpg\" alt=\"DSC_0098\" width=\"300\" height=\"200\" srcset=\"http:\/\/blog.meineigenerweg.de\/wp-content\/uploads\/2015\/03\/DSC_0098-300x200.jpg 300w, http:\/\/blog.meineigenerweg.de\/wp-content\/uploads\/2015\/03\/DSC_0098.jpg 1000w\" sizes=\"auto, (max-width: 300px) 100vw, 300px\" \/><\/a><br \/>\n\u00dcber den Wochenmarkt kann ich nicht schlendern, ohne ein Fischbr\u00f6tchen zu probieren. Mhhhh lecker, ich mag es.<br \/>\n<a href=\"http:\/\/blog.meineigenerweg.de\/wp-content\/uploads\/2015\/03\/IMG_95901-e1426197652996.jpg\"><img loading=\"lazy\" decoding=\"async\" class=\"alignnone size-medium wp-image-3665\" src=\"http:\/\/blog.meineigenerweg.de\/wp-content\/uploads\/2015\/03\/IMG_95901-e1426197652996-300x225.jpg\" alt=\"IMG_9590\" width=\"300\" height=\"225\" srcset=\"http:\/\/blog.meineigenerweg.de\/wp-content\/uploads\/2015\/03\/IMG_95901-e1426197652996-300x225.jpg 300w, http:\/\/blog.meineigenerweg.de\/wp-content\/uploads\/2015\/03\/IMG_95901-e1426197652996.jpg 1000w\" sizes=\"auto, (max-width: 300px) 100vw, 300px\" \/><\/a><br \/>\nOh, das findet die M\u00f6we auch und schleicht sich unauff\u00e4llig an mich heran. Aber ich halte meine Br\u00f6tchen fest in der Hand und bin nicht bereit zu teilen.<br \/>\n<a href=\"http:\/\/blog.meineigenerweg.de\/wp-content\/uploads\/2015\/03\/DSC_0092.jpg\"><img loading=\"lazy\" decoding=\"async\" class=\"alignnone size-medium wp-image-3666\" src=\"http:\/\/blog.meineigenerweg.de\/wp-content\/uploads\/2015\/03\/DSC_0092-300x200.jpg\" alt=\"DSC_0092\" width=\"300\" height=\"200\" srcset=\"http:\/\/blog.meineigenerweg.de\/wp-content\/uploads\/2015\/03\/DSC_0092-300x200.jpg 300w, http:\/\/blog.meineigenerweg.de\/wp-content\/uploads\/2015\/03\/DSC_0092.jpg 1000w\" sizes=\"auto, (max-width: 300px) 100vw, 300px\" \/><\/a><\/p>\n<p>14.03.2015<br \/>\nUnd immer wieder sch\u00f6n, am Strand entlang zu laufen.<br \/>\n<a href=\"http:\/\/blog.meineigenerweg.de\/wp-content\/uploads\/2015\/03\/DSC_0163.jpg\"><img loading=\"lazy\" decoding=\"async\" class=\"alignnone size-medium wp-image-3675\" src=\"http:\/\/blog.meineigenerweg.de\/wp-content\/uploads\/2015\/03\/DSC_0163-300x200.jpg\" alt=\"DSC_0163\" width=\"300\" height=\"200\" srcset=\"http:\/\/blog.meineigenerweg.de\/wp-content\/uploads\/2015\/03\/DSC_0163-300x200.jpg 300w, http:\/\/blog.meineigenerweg.de\/wp-content\/uploads\/2015\/03\/DSC_0163.jpg 1000w\" sizes=\"auto, (max-width: 300px) 100vw, 300px\" \/><\/a> <a href=\"http:\/\/blog.meineigenerweg.de\/wp-content\/uploads\/2015\/03\/DSC_0165.jpg\"><img loading=\"lazy\" decoding=\"async\" class=\"alignnone size-medium wp-image-3676\" src=\"http:\/\/blog.meineigenerweg.de\/wp-content\/uploads\/2015\/03\/DSC_0165-300x200.jpg\" alt=\"DSC_0165\" width=\"300\" height=\"200\" srcset=\"http:\/\/blog.meineigenerweg.de\/wp-content\/uploads\/2015\/03\/DSC_0165-300x200.jpg 300w, http:\/\/blog.meineigenerweg.de\/wp-content\/uploads\/2015\/03\/DSC_0165.jpg 1000w\" sizes=\"auto, (max-width: 300px) 100vw, 300px\" \/><\/a><\/p>\n<p>15.03.2015<br \/>\nWer gerne ein Gl\u00e4schen Champagner trinken m\u00f6chte, w\u00e4hrend er mit dem Hummer k\u00e4mpft,\u00a0 kann das in Domburg machen. Aber der Strand ist sehr sch\u00f6n.<br \/>\n<a href=\"http:\/\/blog.meineigenerweg.de\/wp-content\/uploads\/2015\/03\/DSC_02271.jpg\"><img loading=\"lazy\" decoding=\"async\" class=\"alignnone size-medium wp-image-3687\" src=\"http:\/\/blog.meineigenerweg.de\/wp-content\/uploads\/2015\/03\/DSC_02271-300x200.jpg\" alt=\"DSC_0227\" width=\"300\" height=\"200\" srcset=\"http:\/\/blog.meineigenerweg.de\/wp-content\/uploads\/2015\/03\/DSC_02271-300x200.jpg 300w, http:\/\/blog.meineigenerweg.de\/wp-content\/uploads\/2015\/03\/DSC_02271.jpg 1000w\" sizes=\"auto, (max-width: 300px) 100vw, 300px\" \/><\/a>\u00a0<a href=\"http:\/\/blog.meineigenerweg.de\/wp-content\/uploads\/2015\/03\/DSC_02171.jpg\"><img loading=\"lazy\" decoding=\"async\" class=\"alignnone size-medium wp-image-3686\" src=\"http:\/\/blog.meineigenerweg.de\/wp-content\/uploads\/2015\/03\/DSC_02171-300x200.jpg\" alt=\"DSC_0217\" width=\"300\" height=\"200\" srcset=\"http:\/\/blog.meineigenerweg.de\/wp-content\/uploads\/2015\/03\/DSC_02171-300x200.jpg 300w, http:\/\/blog.meineigenerweg.de\/wp-content\/uploads\/2015\/03\/DSC_02171.jpg 1000w\" sizes=\"auto, (max-width: 300px) 100vw, 300px\" \/><\/a><br \/>\nDer Weg zur\u00fcck mit dem Rad f\u00fchrt durch einen unheimlichen, toten Winterwald (verlasst auf keinen Fall den Weg, hat Gandalf gesagt).<br \/>\n<a href=\"http:\/\/blog.meineigenerweg.de\/wp-content\/uploads\/2015\/03\/DSC_0231.jpg\"><img loading=\"lazy\" decoding=\"async\" class=\"alignnone size-medium wp-image-3688\" src=\"http:\/\/blog.meineigenerweg.de\/wp-content\/uploads\/2015\/03\/DSC_0231-300x200.jpg\" alt=\"DSC_0231\" width=\"300\" height=\"200\" srcset=\"http:\/\/blog.meineigenerweg.de\/wp-content\/uploads\/2015\/03\/DSC_0231-300x200.jpg 300w, http:\/\/blog.meineigenerweg.de\/wp-content\/uploads\/2015\/03\/DSC_0231.jpg 1000w\" sizes=\"auto, (max-width: 300px) 100vw, 300px\" \/><\/a><br \/>\nAber dann erwarten mich zum Gl\u00fcck\u00a0wieder Sonne, D\u00fcnen und Meer.<br \/>\n<a href=\"http:\/\/blog.meineigenerweg.de\/wp-content\/uploads\/2015\/03\/DSC_0234x.jpg\"><img loading=\"lazy\" decoding=\"async\" class=\"alignnone size-medium wp-image-3691\" src=\"http:\/\/blog.meineigenerweg.de\/wp-content\/uploads\/2015\/03\/DSC_0234x-300x200.jpg\" alt=\"DSC_0234x\" width=\"300\" height=\"200\" srcset=\"http:\/\/blog.meineigenerweg.de\/wp-content\/uploads\/2015\/03\/DSC_0234x-300x200.jpg 300w, http:\/\/blog.meineigenerweg.de\/wp-content\/uploads\/2015\/03\/DSC_0234x.jpg 1000w\" sizes=\"auto, (max-width: 300px) 100vw, 300px\" \/><\/a><\/p>\n<p>17.03.2015<br \/>\nDas Gezeitenkraftwerk \u00fcber die Schelde (einmal von der linken Seite und einmal von der rechten).<br \/>\n<a href=\"http:\/\/blog.meineigenerweg.de\/wp-content\/uploads\/2015\/03\/DSC_0431.jpg\"><img loading=\"lazy\" decoding=\"async\" class=\"alignnone size-medium wp-image-3693\" src=\"http:\/\/blog.meineigenerweg.de\/wp-content\/uploads\/2015\/03\/DSC_0431-300x200.jpg\" alt=\"DSC_0431\" width=\"300\" height=\"200\" srcset=\"http:\/\/blog.meineigenerweg.de\/wp-content\/uploads\/2015\/03\/DSC_0431-300x200.jpg 300w, http:\/\/blog.meineigenerweg.de\/wp-content\/uploads\/2015\/03\/DSC_0431.jpg 1000w\" sizes=\"auto, (max-width: 300px) 100vw, 300px\" \/><\/a>\u00a0<a href=\"http:\/\/blog.meineigenerweg.de\/wp-content\/uploads\/2015\/03\/DSC_0428.jpg\"><img loading=\"lazy\" decoding=\"async\" class=\"alignnone size-medium wp-image-3692\" src=\"http:\/\/blog.meineigenerweg.de\/wp-content\/uploads\/2015\/03\/DSC_0428-300x200.jpg\" alt=\"DSC_0428\" width=\"300\" height=\"200\" srcset=\"http:\/\/blog.meineigenerweg.de\/wp-content\/uploads\/2015\/03\/DSC_0428-300x200.jpg 300w, http:\/\/blog.meineigenerweg.de\/wp-content\/uploads\/2015\/03\/DSC_0428.jpg 1000w\" sizes=\"auto, (max-width: 300px) 100vw, 300px\" \/><\/a><\/p>\n","protected":false},"excerpt":{"rendered":"<p>11.03.2015 Die Zeit ist ungew\u00f6hnlich um nach Holland an Meer zu fahren. Aber muss man denn immer das tun was alle tun? Nach drei Stunden fahrt erwartet mich ein tolles Ferienhaus, sonniges Wetter und ein menschenleerer Strand. 12.03.2015 Die Sonne schein von einem blauen Himmel herab, aber es tr\u00fcgt, denn<\/p>\n","protected":false},"author":1,"featured_media":3647,"parent":818,"menu_order":0,"comment_status":"closed","ping_status":"closed","template":"","meta":{"footnotes":""},"class_list":["post-3642","page","type-page","status-publish","has-post-thumbnail","hentry"],"_links":{"self":[{"href":"http:\/\/blog.meineigenerweg.de\/index.php?rest_route=\/wp\/v2\/pages\/3642","targetHints":{"allow":["GET"]}}],"collection":[{"href":"http:\/\/blog.meineigenerweg.de\/index.php?rest_route=\/wp\/v2\/pages"}],"about":[{"href":"http:\/\/blog.meineigenerweg.de\/index.php?rest_route=\/wp\/v2\/types\/page"}],"author":[{"embeddable":true,"href":"http:\/\/blog.meineigenerweg.de\/index.php?rest_route=\/wp\/v2\/users\/1"}],"replies":[{"embeddable":true,"href":"http:\/\/blog.meineigenerweg.de\/index.php?rest_route=%2Fwp%2Fv2%2Fcomments&post=3642"}],"version-history":[{"count":17,"href":"http:\/\/blog.meineigenerweg.de\/index.php?rest_route=\/wp\/v2\/pages\/3642\/revisions"}],"predecessor-version":[{"id":4923,"href":"http:\/\/blog.meineigenerweg.de\/index.php?rest_route=\/wp\/v2\/pages\/3642\/revisions\/4923"}],"up":[{"embeddable":true,"href":"http:\/\/blog.meineigenerweg.de\/index.php?rest_route=\/wp\/v2\/pages\/818"}],"wp:featuredmedia":[{"embeddable":true,"href":"http:\/\/blog.meineigenerweg.de\/index.php?rest_route=\/wp\/v2\/media\/3647"}],"wp:attachment":[{"href":"http:\/\/blog.meineigenerweg.de\/index.php?rest_route=%2Fwp%2Fv2%2Fmedia&parent=3642"}],"curies":[{"name":"wp","href":"https:\/\/api.w.org\/{rel}","templated":true}]}}