{"id":3605,"date":"2015-03-03T11:18:12","date_gmt":"2015-03-03T10:18:12","guid":{"rendered":"http:\/\/blog.meineigenerweg.de\/?page_id=3605"},"modified":"2019-03-28T20:59:52","modified_gmt":"2019-03-28T19:59:52","slug":"hagen-bunker","status":"publish","type":"page","link":"http:\/\/blog.meineigenerweg.de\/?page_id=3605","title":{"rendered":"Hagen &#8211; Bunker ****"},"content":{"rendered":"<p>01.03.2015<\/p>\n<p>Das Res\u00fcmee vorweg: Ich bin froh, das\u00a0wir\u00a0das nicht erleben mussten\u00a0und hoffe, dass wir und unsere Kinder\u00a0es auch nie erleben m\u00fcssen.<\/p>\n<p>Ich bin alt genug, um die Geschichten noch von meinen Eltern zu kennen. Sirenen heulen, Erwachsene greifen nach den ein, zwei Dingen, die ihnen noch wichtig sind, Kinder\u00a0halten ihre Puppen und Teddys verzweifelt im Arm\u00a0und dann st\u00fcrmen alle\u00a0aus der Wohnung. Rennen durch finstere Stra\u00dfen zum n\u00e4chsten Bunker. Keine Laterne brennt, die Fenster der H\u00e4user sind verdunkelt, um den Bombern kein Ziel zu sein. Fliegeralarm. Schnell, bevor der Bunker voll ist und der Bunkerwart unwiderruflich und ohne Erbarmen die T\u00fcren schlie\u00dft.<\/p>\n<p>Es gibt noch viele Bunker im Ruhrgebiet, die wie Mahnmale an diese f\u00fcrchterliche Zeit erinnern. Die Erz\u00e4hlungen meiner Eltern haben mich dazu bewegt, mir einen Bunker von innen anzuschauen. In Hagen wurde durch eine Privatinitiative in einem <span style=\"color: #0000ff;\"><a href=\"http:\/\/bunker-hagen.de\/\" target=\"_blank\" rel=\"noopener noreferrer\"><span style=\"color: #0000ff;\"><span style=\"text-decoration: underline;\">Bunker ein Museum<\/span><\/span><\/a><\/span> eingerichtet, das die R\u00e4ume im Originalzustand zeigt und mit vielen Artefakten und lebhaft erz\u00e4hlten Geschichten von Zeitzeugen ein bedr\u00fcckend beeindruckendes Bild aus Kriegstagen aufzeigt.<\/p>\n<p>Damals lebten in Hagen mehr als 150.000 Einwohner, f\u00fcr die es 15 Bunker gab. Einer davon steht noch heute mitten in der Innenstadt. 3000 Menschen fanden hier Schutz vor Fliegerbomben. Unz\u00e4hlige haben es nicht mehr hinein geschafft. 50.000 Hagener verloren im zweiten Weltkrieg ihr Leben.<br \/>\n<a href=\"http:\/\/blog.meineigenerweg.de\/wp-content\/uploads\/2015\/03\/DSC_0249.jpg\"><img loading=\"lazy\" decoding=\"async\" class=\"alignnone size-medium wp-image-3606\" src=\"http:\/\/blog.meineigenerweg.de\/wp-content\/uploads\/2015\/03\/DSC_0249-300x200.jpg\" alt=\"DSC_0249\" width=\"300\" height=\"200\" srcset=\"http:\/\/blog.meineigenerweg.de\/wp-content\/uploads\/2015\/03\/DSC_0249-300x200.jpg 300w, http:\/\/blog.meineigenerweg.de\/wp-content\/uploads\/2015\/03\/DSC_0249.jpg 1000w\" sizes=\"auto, (max-width: 300px) 100vw, 300px\" \/><\/a><br \/>\nOb das hilft, wenn man um sein Leben bangt?<br \/>\n<a href=\"http:\/\/blog.meineigenerweg.de\/wp-content\/uploads\/2015\/03\/DSC_0243.jpg\"><img loading=\"lazy\" decoding=\"async\" class=\"alignnone size-medium wp-image-3607\" src=\"http:\/\/blog.meineigenerweg.de\/wp-content\/uploads\/2015\/03\/DSC_0243-300x199.jpg\" alt=\"DSC_0243\" width=\"300\" height=\"199\" srcset=\"http:\/\/blog.meineigenerweg.de\/wp-content\/uploads\/2015\/03\/DSC_0243-300x199.jpg 300w, http:\/\/blog.meineigenerweg.de\/wp-content\/uploads\/2015\/03\/DSC_0243.jpg 1000w\" sizes=\"auto, (max-width: 300px) 100vw, 300px\" \/><\/a>..<br \/>\nim Bunker f\u00fchren lange, nur notd\u00fcrftig beleuchtete G\u00e4nge wie in einem Gef\u00e4ngnis zu einzelnen kleinen, nur 9 qm grossen Kammern, eine T\u00fcr neben der anderen. Bei Alarm kamen in jedem Raum 30 Personen unter, die den Angriff abgewartet haben. Ich habe mich schon mit 10 Personen, mit denen ich w\u00e4hrend der F\u00fchrung in einem Raum war, sehr eingeengt gef\u00fchlt, besonders, als dann auch noch die T\u00fcr geschlossen wurde und das Licht abgedunkelt wurde. War der Bunker voll, standen die Menschen auch in den G\u00e4ngen dicht gedr\u00e4ngt. Die Enge ist bedr\u00fcckend, zu wissen, dass hier\u00a0einmal Menschen dicht gedr\u00e4ngt aneinander standen, kein Platz zum Sitzen, Angst vor Bombeneinschl\u00e4gen hatten, um ihr Leben bangten.<br \/>\n<a href=\"http:\/\/blog.meineigenerweg.de\/wp-content\/uploads\/2015\/03\/DSC_0240.jpg\"><img loading=\"lazy\" decoding=\"async\" class=\"alignnone size-medium wp-image-3608\" src=\"http:\/\/blog.meineigenerweg.de\/wp-content\/uploads\/2015\/03\/DSC_0240-300x200.jpg\" alt=\"DSC_0240\" width=\"300\" height=\"200\" srcset=\"http:\/\/blog.meineigenerweg.de\/wp-content\/uploads\/2015\/03\/DSC_0240-300x200.jpg 300w, http:\/\/blog.meineigenerweg.de\/wp-content\/uploads\/2015\/03\/DSC_0240.jpg 1000w\" sizes=\"auto, (max-width: 300px) 100vw, 300px\" \/><\/a><br \/>\nAus der Wand stakt ein 10 cm dickes Rohr, das f\u00fcr frische Luft sorgen sollte, an der Decke hing eine einzelne Gl\u00fchbirne, die schwarz angemalt war und nur aus einem kleinen Loch minimales Licht gespendet hat.\u00a0Die T\u00fcren wurden von Au\u00dfen verschlossen, die Menschen kamen erst wieder nach der Entwarnung heraus. Die Bomben\u00a0fielen, selbst die dicken\u00a0Bunkerw\u00e4nde\u00a0wackelten. In den kleinen R\u00e4umen wurde es unertr\u00e4glich warm und\u00a0stickig. Es roch nach\u00a0Angst und Schwei\u00df und\u00a0F\u00e4kalien.\u00a0Der Eimer in der Ecke\u00a0diente \u00fcber Stunden als\u00a0&#8222;Toilette&#8220;.<br \/>\n<a href=\"http:\/\/blog.meineigenerweg.de\/wp-content\/uploads\/2015\/03\/DSC_0234.jpg\"><img loading=\"lazy\" decoding=\"async\" class=\"alignnone size-medium wp-image-3609\" src=\"http:\/\/blog.meineigenerweg.de\/wp-content\/uploads\/2015\/03\/DSC_0234-300x200.jpg\" alt=\"DSC_0234\" width=\"300\" height=\"200\" srcset=\"http:\/\/blog.meineigenerweg.de\/wp-content\/uploads\/2015\/03\/DSC_0234-300x200.jpg 300w, http:\/\/blog.meineigenerweg.de\/wp-content\/uploads\/2015\/03\/DSC_0234.jpg 1000w\" sizes=\"auto, (max-width: 300px) 100vw, 300px\" \/><\/a><\/p>\n<p>Die F\u00fchrung durch den Bunker wird durch viele Berichte\u00a0von Zeitzeugen\u00a0sehr lebendig. Das Grauen und Entsetzen ist\u00a0so nah und\u00a0sp\u00fcrbar, das ich zeitweise mit den Tr\u00e4nen k\u00e4mpfen musste.<\/p>\n<p><em>Meine Wertung: <span style=\"color: #ff0000;\">****<\/span>* sehr sehenswert<\/em><br \/>\n<em>Der Bunker<\/em><br \/>\n<em>Bergstr. 98<\/em><br \/>\n<em>58095 Hagen<\/em><\/p>\n","protected":false},"excerpt":{"rendered":"<p>01.03.2015 Das Res\u00fcmee vorweg: Ich bin froh, das\u00a0wir\u00a0das nicht erleben mussten\u00a0und hoffe, dass wir und unsere Kinder\u00a0es auch nie erleben m\u00fcssen. Ich bin alt genug, um die Geschichten noch von meinen Eltern zu kennen. Sirenen heulen, Erwachsene greifen nach den ein, zwei Dingen, die ihnen noch wichtig sind, Kinder\u00a0halten ihre<\/p>\n","protected":false},"author":1,"featured_media":3613,"parent":1809,"menu_order":0,"comment_status":"closed","ping_status":"closed","template":"","meta":{"footnotes":""},"class_list":["post-3605","page","type-page","status-publish","has-post-thumbnail","hentry"],"_links":{"self":[{"href":"http:\/\/blog.meineigenerweg.de\/index.php?rest_route=\/wp\/v2\/pages\/3605","targetHints":{"allow":["GET"]}}],"collection":[{"href":"http:\/\/blog.meineigenerweg.de\/index.php?rest_route=\/wp\/v2\/pages"}],"about":[{"href":"http:\/\/blog.meineigenerweg.de\/index.php?rest_route=\/wp\/v2\/types\/page"}],"author":[{"embeddable":true,"href":"http:\/\/blog.meineigenerweg.de\/index.php?rest_route=\/wp\/v2\/users\/1"}],"replies":[{"embeddable":true,"href":"http:\/\/blog.meineigenerweg.de\/index.php?rest_route=%2Fwp%2Fv2%2Fcomments&post=3605"}],"version-history":[{"count":15,"href":"http:\/\/blog.meineigenerweg.de\/index.php?rest_route=\/wp\/v2\/pages\/3605\/revisions"}],"predecessor-version":[{"id":5883,"href":"http:\/\/blog.meineigenerweg.de\/index.php?rest_route=\/wp\/v2\/pages\/3605\/revisions\/5883"}],"up":[{"embeddable":true,"href":"http:\/\/blog.meineigenerweg.de\/index.php?rest_route=\/wp\/v2\/pages\/1809"}],"wp:featuredmedia":[{"embeddable":true,"href":"http:\/\/blog.meineigenerweg.de\/index.php?rest_route=\/wp\/v2\/media\/3613"}],"wp:attachment":[{"href":"http:\/\/blog.meineigenerweg.de\/index.php?rest_route=%2Fwp%2Fv2%2Fmedia&parent=3605"}],"curies":[{"name":"wp","href":"https:\/\/api.w.org\/{rel}","templated":true}]}}