{"id":3265,"date":"2015-01-20T22:00:57","date_gmt":"2015-01-20T21:00:57","guid":{"rendered":"http:\/\/blog.meineigenerweg.de\/?page_id=3265"},"modified":"2019-03-28T20:34:59","modified_gmt":"2019-03-28T19:34:59","slug":"bremerhaven-auswanderer-museum","status":"publish","type":"page","link":"http:\/\/blog.meineigenerweg.de\/?page_id=3265","title":{"rendered":"Bremerhaven &#8211; Auswandererhaus *****"},"content":{"rendered":"<p>19.01.2015<\/p>\n<p>Guten Tag, mein Name ist <span style=\"color: #0000ff;\"><a href=\"http:\/\/de.wikipedia.org\/wiki\/Carl_Laemmle\" target=\"_blank\" rel=\"noopener noreferrer\"><span style=\"color: #0000ff;\"><span style=\"text-decoration: underline;\">Karl L\u00e4mmle<\/span><\/span><\/a><\/span>, ich bin am 17. Januar 1867 im schw\u00e4bischen Laupheim geboren. Meiner Familie geht es nicht schlecht,\u00a0meine 7 Geschwister und ich brauchen nicht\u00a0hungern, obwohl wir, wie fast alle unsere Nachbarn\u00a0auch,\u00a0in recht \u00e4rmlichen\u00a0Verh\u00e4ltnissen leben.<\/p>\n<p>Heute ist der 28. Januar 1884. Mit dem Zug bin ich nach Bremerhaven gekommen, eine lange Fahrt, fast einen ganzen Tag lang.\u00a0Vom Bahnhof bin ich hierher gelaufen. Jetzt stehe ich im Regen, mein dicker Wollmantel wird schwer und nass. In der Hand trage ich\u00a0einen\u00a0kleinen Koffer,\u00a0mit allem was ich besitze, eine Hose, drei paar Socken, zwei\u00a0Hemden, etwas W\u00e4sche. Und\u00a0die Bibel, die mir meine Mutter in den Koffer gelegt hat. Es war ein schwerer, tr\u00e4nenreicher Abschied. Ein Abschied f\u00fcr immer. Neben mit steht mein guter Freund Leopold Hirschfeld. Wir stehen wortlos am Kai und schauen auf die Neckar, das Auswandererschiff, das uns und fast 1000 andere Menschen\u00a0nach New York bringen wird. Nach Amerika, dem Land unserer Tr\u00e4ume.<\/p>\n<p>Ich dr\u00e4ngle mich zusammen mit den Anderen, mit M\u00e4nnern und Frauen die alleine sind, Familien mit Kindern und schreienden Babies in eine der \u00fcberf\u00fcllten Wartehallen. Es ist zwar voll, aber wenigstens warm und trocken. Es wird in dem vollen Warteraum kaum gesprochen, in den Gesichtern zeichnen sich Angst und Sorge ab, Erwartung und Hoffnung.<br \/>\n<a href=\"http:\/\/blog.meineigenerweg.de\/wp-content\/uploads\/2015\/01\/DSC_0062.jpg\"><img loading=\"lazy\" decoding=\"async\" class=\"alignnone size-medium wp-image-3270\" src=\"http:\/\/blog.meineigenerweg.de\/wp-content\/uploads\/2015\/01\/DSC_0062-300x200.jpg\" alt=\"DSC_0062\" width=\"300\" height=\"200\" srcset=\"http:\/\/blog.meineigenerweg.de\/wp-content\/uploads\/2015\/01\/DSC_0062-300x200.jpg 300w, http:\/\/blog.meineigenerweg.de\/wp-content\/uploads\/2015\/01\/DSC_0062.jpg 1000w\" sizes=\"auto, (max-width: 300px) 100vw, 300px\" \/><\/a><br \/>\nIch habe das gro\u00dfe Gl\u00fcck, die \u00dcberfahrt nach Amerika mit einem modernem Dampfschiff machen zu k\u00f6nnen. Nur noch 15 Tage dauert die \u00dcberfahrt, vor zwei, drei Jahren hat die \u00dcberfahrt mit einem Segelschiff noch, je nach Wetterlage, bis zu 12 Wochen gedauert. Mit mir stehen hunderte\u00a0Auswanderer im Hafen vor der Bordwand der Neckar und\u00a0warten darauf, das wir\u00a0einschiffen d\u00fcrfen. Ihre wenige Habe\u00a0tragen sie in kleinen oder gr\u00f6\u00dferen Koffern\u00a0mit sich.\u00a0Kein Lachen, kein Kindergeschrei, versteinerte Gesichter, angstvolle Blicke. Die\u00a0graue, finstere Bordwand t\u00fcrmt sich vor\u00a0mir auf. Ich bin froh, das mein Freund Leopold neben mir steht.<br \/>\n<a href=\"http:\/\/blog.meineigenerweg.de\/wp-content\/uploads\/2015\/01\/DSC_0071.jpg\"><img loading=\"lazy\" decoding=\"async\" class=\"alignnone size-medium wp-image-3275\" src=\"http:\/\/blog.meineigenerweg.de\/wp-content\/uploads\/2015\/01\/DSC_0071-300x200.jpg\" alt=\"DSC_0071\" width=\"300\" height=\"200\" srcset=\"http:\/\/blog.meineigenerweg.de\/wp-content\/uploads\/2015\/01\/DSC_0071-300x200.jpg 300w, http:\/\/blog.meineigenerweg.de\/wp-content\/uploads\/2015\/01\/DSC_0071.jpg 1000w\" sizes=\"auto, (max-width: 300px) 100vw, 300px\" \/><\/a><br \/>\nEin letzter Blick von der Gangway zur\u00fcck. Einige wenige Auswanderer verl\u00e4sst in letzter Minute der Mut, sie bleiben am Kai\u00a0zur\u00fcck und\u00a0kommen nicht mit an Bord.\u00a0F\u00fcr mich\u00a0gibt es\u00a0keine Heimkehr.<br \/>\n<a href=\"http:\/\/blog.meineigenerweg.de\/wp-content\/uploads\/2015\/01\/DSC_0099.jpg\"><img loading=\"lazy\" decoding=\"async\" class=\"alignnone size-medium wp-image-3277\" src=\"http:\/\/blog.meineigenerweg.de\/wp-content\/uploads\/2015\/01\/DSC_0099-300x200.jpg\" alt=\"DSC_0099\" width=\"300\" height=\"200\" srcset=\"http:\/\/blog.meineigenerweg.de\/wp-content\/uploads\/2015\/01\/DSC_0099-300x200.jpg 300w, http:\/\/blog.meineigenerweg.de\/wp-content\/uploads\/2015\/01\/DSC_0099.jpg 1000w\" sizes=\"auto, (max-width: 300px) 100vw, 300px\" \/><\/a><br \/>\nIch dr\u00e4ngele mich\u00a0mit einer schubsenden und aufgeregten Menge durch das Innere des Schiffs auf der\u00a0Suche nach meiner Kabine<br \/>\n<a href=\"http:\/\/blog.meineigenerweg.de\/wp-content\/uploads\/2015\/01\/DSC_0102.jpg\"><img loading=\"lazy\" decoding=\"async\" class=\"alignnone size-medium wp-image-3278\" src=\"http:\/\/blog.meineigenerweg.de\/wp-content\/uploads\/2015\/01\/DSC_0102-300x200.jpg\" alt=\"DSC_0102\" width=\"300\" height=\"200\" srcset=\"http:\/\/blog.meineigenerweg.de\/wp-content\/uploads\/2015\/01\/DSC_0102-300x200.jpg 300w, http:\/\/blog.meineigenerweg.de\/wp-content\/uploads\/2015\/01\/DSC_0102.jpg 1000w\" sizes=\"auto, (max-width: 300px) 100vw, 300px\" \/><\/a><br \/>\nMeine Kabine\u00a0teile ich mir mit 17 anderen Passagieren.\u00a0Mein Freund Leopold liegt in der Koje direkt neben mir.\u00a0Die Kabine hat kein Fenster, an dem kleinen Tisch haben immer nur 8\u00a0Menschen\u00a0Platz.<br \/>\n<a href=\"http:\/\/blog.meineigenerweg.de\/wp-content\/uploads\/2015\/01\/DSC_0113.jpg\"><img loading=\"lazy\" decoding=\"async\" class=\"alignnone size-medium wp-image-3272\" src=\"http:\/\/blog.meineigenerweg.de\/wp-content\/uploads\/2015\/01\/DSC_0113-300x200.jpg\" alt=\"DSC_0113\" width=\"300\" height=\"200\" srcset=\"http:\/\/blog.meineigenerweg.de\/wp-content\/uploads\/2015\/01\/DSC_0113-300x200.jpg 300w, http:\/\/blog.meineigenerweg.de\/wp-content\/uploads\/2015\/01\/DSC_0113.jpg 1000w\" sizes=\"auto, (max-width: 300px) 100vw, 300px\" \/><\/a><br \/>\nF\u00fcr 200 Auswanderer gibt es jeweils einen kleinen Waschraum und ein Wasserklosett.<br \/>\n<a href=\"http:\/\/blog.meineigenerweg.de\/wp-content\/uploads\/2015\/01\/DSC_0116.jpg\"><img loading=\"lazy\" decoding=\"async\" class=\"alignnone size-medium wp-image-3280\" src=\"http:\/\/blog.meineigenerweg.de\/wp-content\/uploads\/2015\/01\/DSC_0116-300x200.jpg\" alt=\"DSC_0116\" width=\"300\" height=\"200\" srcset=\"http:\/\/blog.meineigenerweg.de\/wp-content\/uploads\/2015\/01\/DSC_0116-300x200.jpg 300w, http:\/\/blog.meineigenerweg.de\/wp-content\/uploads\/2015\/01\/DSC_0116.jpg 1000w\" sizes=\"auto, (max-width: 300px) 100vw, 300px\" \/><\/a> <a href=\"http:\/\/blog.meineigenerweg.de\/wp-content\/uploads\/2015\/01\/DSC_0117.jpg\"><img loading=\"lazy\" decoding=\"async\" class=\"alignnone size-medium wp-image-3281\" src=\"http:\/\/blog.meineigenerweg.de\/wp-content\/uploads\/2015\/01\/DSC_0117-300x200.jpg\" alt=\"DSC_0117\" width=\"300\" height=\"200\" srcset=\"http:\/\/blog.meineigenerweg.de\/wp-content\/uploads\/2015\/01\/DSC_0117-300x200.jpg 300w, http:\/\/blog.meineigenerweg.de\/wp-content\/uploads\/2015\/01\/DSC_0117.jpg 1000w\" sizes=\"auto, (max-width: 300px) 100vw, 300px\" \/><\/a><br \/>\nDie 15 Tage an Bord sind unertr\u00e4glich. Die Enge, die Ger\u00fcche der Menschen, das heisere Husten und R\u00f6cheln, das Schnarchen in der Nacht. Viele der Auswanderer halten es mit der K\u00f6rperhygiene nicht sehr genau und sind auch nicht mit der Benutzung des Klosetts vertraut. Das Essen ist so schlecht, das ich mich zwingen muss, es zu mir zu nehmen. Viele leiden unter der Schiffskrankheit und der Geruch nach Erbrochenem mischt sich mit den anderen \u00fcblen Ger\u00fcchen.<\/p>\n<p>Amerika &#8211; ich komme<br \/>\n<a href=\"http:\/\/blog.meineigenerweg.de\/wp-content\/uploads\/2015\/01\/NY_1005_087.jpg\"><img loading=\"lazy\" decoding=\"async\" class=\"alignnone size-medium wp-image-3283\" src=\"http:\/\/blog.meineigenerweg.de\/wp-content\/uploads\/2015\/01\/NY_1005_087-300x201.jpg\" alt=\"NY_1005_087\" width=\"300\" height=\"201\" srcset=\"http:\/\/blog.meineigenerweg.de\/wp-content\/uploads\/2015\/01\/NY_1005_087-300x201.jpg 300w, http:\/\/blog.meineigenerweg.de\/wp-content\/uploads\/2015\/01\/NY_1005_087.jpg 1000w\" sizes=\"auto, (max-width: 300px) 100vw, 300px\" \/><\/a><br \/>\nDurch lange, nach scharfen Desinfektionsmittel riechende\u00a0G\u00e4nge werde ich zur Einwanderungsbeh\u00f6rde geleitet.<br \/>\n<a href=\"http:\/\/blog.meineigenerweg.de\/wp-content\/uploads\/2015\/01\/DSC_0126.jpg\"><img loading=\"lazy\" decoding=\"async\" class=\"alignnone size-medium wp-image-3284\" src=\"http:\/\/blog.meineigenerweg.de\/wp-content\/uploads\/2015\/01\/DSC_0126-300x200.jpg\" alt=\"DSC_0126\" width=\"300\" height=\"200\" srcset=\"http:\/\/blog.meineigenerweg.de\/wp-content\/uploads\/2015\/01\/DSC_0126-300x200.jpg 300w, http:\/\/blog.meineigenerweg.de\/wp-content\/uploads\/2015\/01\/DSC_0126.jpg 1000w\" sizes=\"auto, (max-width: 300px) 100vw, 300px\" \/><\/a><br \/>\nIch f\u00fchle mich fast wie in einem Gef\u00e4ngnis. Gitter, bewaffnete Polizisten, die mich und die anderen Einwanderer mit strengen Blicken mustern. Dann bin ich endlich an der Reihe und stehe vor einem Pult, meinen Koffer mit bangem Griff fest in der Hand. Der Beamte hinter dem Pult stellt mir sehr viele Fragen, ob ich krank bin oder schon einmal im Gef\u00e4ngnis gesessen habe, ob ich lesen und schreiben kann, ob ich mindestens 10 Dollar besitze\u00a0oder gar mit zwei Frauen gleichzeitig verheiratet bin. Dann dr\u00fcckt er mit einem lauten Knall einen Stempel auf meine Papiere und winkt mir barsch zu, das ich weitergehen sollte.<br \/>\n<img loading=\"lazy\" decoding=\"async\" class=\"alignnone size-medium wp-image-3285\" src=\"http:\/\/blog.meineigenerweg.de\/wp-content\/uploads\/2015\/01\/DSC_0128-300x200.jpg\" alt=\"DSC_0128\" width=\"300\" height=\"200\" srcset=\"http:\/\/blog.meineigenerweg.de\/wp-content\/uploads\/2015\/01\/DSC_0128-300x200.jpg 300w, http:\/\/blog.meineigenerweg.de\/wp-content\/uploads\/2015\/01\/DSC_0128.jpg 1000w\" sizes=\"auto, (max-width: 300px) 100vw, 300px\" \/><\/p>\n<p>Ich bin da! Mein Traum &#8211; Amerika!<br \/>\n<a href=\"http:\/\/blog.meineigenerweg.de\/wp-content\/uploads\/2015\/01\/new-york-2.jpg\"><img loading=\"lazy\" decoding=\"async\" class=\"alignnone size-medium wp-image-3289\" src=\"http:\/\/blog.meineigenerweg.de\/wp-content\/uploads\/2015\/01\/new-york-2-300x201.jpg\" alt=\"new york 2\" width=\"300\" height=\"201\" srcset=\"http:\/\/blog.meineigenerweg.de\/wp-content\/uploads\/2015\/01\/new-york-2-300x201.jpg 300w, http:\/\/blog.meineigenerweg.de\/wp-content\/uploads\/2015\/01\/new-york-2.jpg 1000w\" sizes=\"auto, (max-width: 300px) 100vw, 300px\" \/><\/a><\/p>\n<p>Hier ist die Geschichte von Karl L\u00e4mmle eigentlich zu Ende.<br \/>\nDie spannende Frage ist jedoch, was ist aus seinem Traum geworden?<br \/>\nWir haben immer noch das Jahr 1884, Karl hat seinen Namen angepasst und hei\u00dft jetzt Carl Laemmle; in seiner ersten Stelle\u00a0arbeitet er als Laufbursche.\u00a0Sein Traum, im Land der unbegrenzten M\u00f6glichkeiten von Tellerw\u00e4scher zum Million\u00e4r zu werden,\u00a0ist in Erf\u00fcllung gegangen. 1910 gr\u00fcndete er die heutigen Universal Studios und wurde zu einem der gro\u00dfen Filmproduzenten Amerikas.<\/p>\n<p>Woher ich das alles wei\u00df?<br \/>\nIch war im <span style=\"color: #0000ff;\"><a href=\"http:\/\/dah-bremerhaven.de\/\" target=\"_blank\" rel=\"noopener noreferrer\"><span style=\"color: #0000ff;\"><span style=\"text-decoration: underline;\">Auswandererhaus<\/span><\/span><\/a><\/span> in Bremerhaven.<br \/>\n<a href=\"http:\/\/blog.meineigenerweg.de\/wp-content\/uploads\/2015\/01\/DSC_0059.jpg\"><img loading=\"lazy\" decoding=\"async\" class=\"alignnone size-medium wp-image-3292\" src=\"http:\/\/blog.meineigenerweg.de\/wp-content\/uploads\/2015\/01\/DSC_0059-300x200.jpg\" alt=\"DSC_0059\" width=\"300\" height=\"200\" srcset=\"http:\/\/blog.meineigenerweg.de\/wp-content\/uploads\/2015\/01\/DSC_0059-300x200.jpg 300w, http:\/\/blog.meineigenerweg.de\/wp-content\/uploads\/2015\/01\/DSC_0059.jpg 1000w\" sizes=\"auto, (max-width: 300px) 100vw, 300px\" \/><\/a><br \/>\nAm Eingang bekommst du als &#8222;Bordkarte&#8220; die Identit\u00e4t einer der vielen Auswanderer aus den letzten Jahrhunderten,\u00a0die dich durch das\u00a0Museum begleitet. Von der Kaimauer, an der das Auswandererschiff angelegt hat, bis zur Ankunft in Amerika verfolgst du &#8222;deinen&#8220; Auswanderer und erh\u00e4ltst mit der Karte an vielen Leseger\u00e4ten allgemeine und ganz pers\u00f6nlich Informationen zu seinem Schicksal.<\/p>\n<p>Das Museum ist sehr detailliert und liebevoll aufgebaut und ich habe mehrere Stunden dort verbracht. Ich hatte das Gl\u00fcck, an einem regnerischen Wochentag dort sein zu k\u00f6nnen und war fast allein im Museum. Das war sehr authentisch, denn \u00fcberall h\u00f6rt man die Maschinen stampfen und quietschen,\u00a0die Matrosen\u00a0reden, in den Kojen liegen die Auswanderer, schnarchen und husten.<\/p>\n<p><em>Meine Wertung: <span style=\"color: #ff0000;\">*****<\/span> absolut lohnenswert<\/em><br \/>\n<em> Deutsches Auswandererhaus<\/em><br \/>\n<em> Columbusstra\u00dfe 65<\/em><br \/>\n<em> D-27568 Bremerhaven<\/em><\/p>\n","protected":false},"excerpt":{"rendered":"<p>19.01.2015 Guten Tag, mein Name ist Karl L\u00e4mmle, ich bin am 17. Januar 1867 im schw\u00e4bischen Laupheim geboren. Meiner Familie geht es nicht schlecht,\u00a0meine 7 Geschwister und ich brauchen nicht\u00a0hungern, obwohl wir, wie fast alle unsere Nachbarn\u00a0auch,\u00a0in recht \u00e4rmlichen\u00a0Verh\u00e4ltnissen leben. Heute ist der 28. Januar 1884. Mit dem Zug bin<\/p>\n","protected":false},"author":1,"featured_media":3300,"parent":108,"menu_order":0,"comment_status":"closed","ping_status":"closed","template":"","meta":{"footnotes":""},"class_list":["post-3265","page","type-page","status-publish","has-post-thumbnail","hentry"],"_links":{"self":[{"href":"http:\/\/blog.meineigenerweg.de\/index.php?rest_route=\/wp\/v2\/pages\/3265","targetHints":{"allow":["GET"]}}],"collection":[{"href":"http:\/\/blog.meineigenerweg.de\/index.php?rest_route=\/wp\/v2\/pages"}],"about":[{"href":"http:\/\/blog.meineigenerweg.de\/index.php?rest_route=\/wp\/v2\/types\/page"}],"author":[{"embeddable":true,"href":"http:\/\/blog.meineigenerweg.de\/index.php?rest_route=\/wp\/v2\/users\/1"}],"replies":[{"embeddable":true,"href":"http:\/\/blog.meineigenerweg.de\/index.php?rest_route=%2Fwp%2Fv2%2Fcomments&post=3265"}],"version-history":[{"count":25,"href":"http:\/\/blog.meineigenerweg.de\/index.php?rest_route=\/wp\/v2\/pages\/3265\/revisions"}],"predecessor-version":[{"id":5870,"href":"http:\/\/blog.meineigenerweg.de\/index.php?rest_route=\/wp\/v2\/pages\/3265\/revisions\/5870"}],"up":[{"embeddable":true,"href":"http:\/\/blog.meineigenerweg.de\/index.php?rest_route=\/wp\/v2\/pages\/108"}],"wp:featuredmedia":[{"embeddable":true,"href":"http:\/\/blog.meineigenerweg.de\/index.php?rest_route=\/wp\/v2\/media\/3300"}],"wp:attachment":[{"href":"http:\/\/blog.meineigenerweg.de\/index.php?rest_route=%2Fwp%2Fv2%2Fmedia&parent=3265"}],"curies":[{"name":"wp","href":"https:\/\/api.w.org\/{rel}","templated":true}]}}