{"id":3233,"date":"2015-01-18T20:29:40","date_gmt":"2015-01-18T19:29:40","guid":{"rendered":"http:\/\/blog.meineigenerweg.de\/?page_id=3233"},"modified":"2019-03-28T20:57:34","modified_gmt":"2019-03-28T19:57:34","slug":"ochtrup-foc","status":"publish","type":"page","link":"http:\/\/blog.meineigenerweg.de\/?page_id=3233","title":{"rendered":"Ochtrup &#8211; FOC Outletcenter **"},"content":{"rendered":"<p>16.01.2015<\/p>\n<p>Das Outletcenter Ochtrup lockt mit \u00fcber 100 Marken, untergebracht\u00a0in einer gro\u00dfen Halle und im Au\u00dfenbereich, der einem M\u00fcsterl\u00e4nder Dorf nachempfunden ist. Nett anzusehen, aber weit, weit in der M\u00fcnsterl\u00e4nder Pampa, nahe der holl\u00e4ndischen Grenze. Es\u00a0werden h\u00e4ufig\u00a0erhebliche Preisnachl\u00e4sse gew\u00e4hrt,\u00a0aber die Anfahrt aus dem Ruhrgebiet ist sehr weit, der Ort liegt noch ca. 50 km nord\u00f6stlich von M\u00fcnster und man braucht von Bochum eine gute Stunde.<\/p>\n<p>Der Au\u00dfenbereich versucht den Eindruck\u00a0eines kleinen M\u00fcnsterl\u00e4nder D\u00f6rfchen zu vermitteln.<br \/>\n<a href=\"http:\/\/blog.meineigenerweg.de\/wp-content\/uploads\/2015\/01\/DSC_0041.jpg\"><img loading=\"lazy\" decoding=\"async\" class=\"alignnone size-medium wp-image-3236\" src=\"http:\/\/blog.meineigenerweg.de\/wp-content\/uploads\/2015\/01\/DSC_0041-300x200.jpg\" alt=\"DSC_0041\" width=\"300\" height=\"200\" srcset=\"http:\/\/blog.meineigenerweg.de\/wp-content\/uploads\/2015\/01\/DSC_0041-300x200.jpg 300w, http:\/\/blog.meineigenerweg.de\/wp-content\/uploads\/2015\/01\/DSC_0041.jpg 1000w\" sizes=\"auto, (max-width: 300px) 100vw, 300px\" \/><\/a> <a href=\"http:\/\/blog.meineigenerweg.de\/wp-content\/uploads\/2015\/01\/DSC_0042.jpg\"><img loading=\"lazy\" decoding=\"async\" class=\"alignnone size-medium wp-image-3237\" src=\"http:\/\/blog.meineigenerweg.de\/wp-content\/uploads\/2015\/01\/DSC_0042-300x200.jpg\" alt=\"DSC_0042\" width=\"300\" height=\"200\" srcset=\"http:\/\/blog.meineigenerweg.de\/wp-content\/uploads\/2015\/01\/DSC_0042-300x200.jpg 300w, http:\/\/blog.meineigenerweg.de\/wp-content\/uploads\/2015\/01\/DSC_0042.jpg 1000w\" sizes=\"auto, (max-width: 300px) 100vw, 300px\" \/><\/a><br \/>\nDer Innenbereich ist gro\u00dfz\u00fcgig gestaltet und zumindest an einem Freitagvormittag entspannt leer.<br \/>\n<a href=\"http:\/\/blog.meineigenerweg.de\/wp-content\/uploads\/2015\/01\/DSC_0044.jpg\"><img loading=\"lazy\" decoding=\"async\" class=\"alignnone size-medium wp-image-3235\" src=\"http:\/\/blog.meineigenerweg.de\/wp-content\/uploads\/2015\/01\/DSC_0044-300x200.jpg\" alt=\"DSC_0044\" width=\"300\" height=\"200\" srcset=\"http:\/\/blog.meineigenerweg.de\/wp-content\/uploads\/2015\/01\/DSC_0044-300x200.jpg 300w, http:\/\/blog.meineigenerweg.de\/wp-content\/uploads\/2015\/01\/DSC_0044.jpg 1000w\" sizes=\"auto, (max-width: 300px) 100vw, 300px\" \/><\/a><\/p>\n<p><em>Meine Wertung: <span style=\"color: #ff0000;\">**<\/span>*** kann man, muss man aber nicht &#8211; obwohl ich mir sehr g\u00fcnstig Markenjeans gekauft habe<\/em><br \/>\n<em>Laurenzstra\u00dfe 55<\/em><br \/>\n<em>48607 Ochtrup<\/em><\/p>\n","protected":false},"excerpt":{"rendered":"<p>16.01.2015 Das Outletcenter Ochtrup lockt mit \u00fcber 100 Marken, untergebracht\u00a0in einer gro\u00dfen Halle und im Au\u00dfenbereich, der einem M\u00fcsterl\u00e4nder Dorf nachempfunden ist. Nett anzusehen, aber weit, weit in der M\u00fcnsterl\u00e4nder Pampa, nahe der holl\u00e4ndischen Grenze. Es\u00a0werden h\u00e4ufig\u00a0erhebliche Preisnachl\u00e4sse gew\u00e4hrt,\u00a0aber die Anfahrt aus dem Ruhrgebiet ist sehr weit, der Ort liegt<\/p>\n","protected":false},"author":1,"featured_media":3239,"parent":3219,"menu_order":0,"comment_status":"closed","ping_status":"closed","template":"","meta":{"footnotes":""},"class_list":["post-3233","page","type-page","status-publish","has-post-thumbnail","hentry"],"_links":{"self":[{"href":"http:\/\/blog.meineigenerweg.de\/index.php?rest_route=\/wp\/v2\/pages\/3233","targetHints":{"allow":["GET"]}}],"collection":[{"href":"http:\/\/blog.meineigenerweg.de\/index.php?rest_route=\/wp\/v2\/pages"}],"about":[{"href":"http:\/\/blog.meineigenerweg.de\/index.php?rest_route=\/wp\/v2\/types\/page"}],"author":[{"embeddable":true,"href":"http:\/\/blog.meineigenerweg.de\/index.php?rest_route=\/wp\/v2\/users\/1"}],"replies":[{"embeddable":true,"href":"http:\/\/blog.meineigenerweg.de\/index.php?rest_route=%2Fwp%2Fv2%2Fcomments&post=3233"}],"version-history":[{"count":7,"href":"http:\/\/blog.meineigenerweg.de\/index.php?rest_route=\/wp\/v2\/pages\/3233\/revisions"}],"predecessor-version":[{"id":3245,"href":"http:\/\/blog.meineigenerweg.de\/index.php?rest_route=\/wp\/v2\/pages\/3233\/revisions\/3245"}],"up":[{"embeddable":true,"href":"http:\/\/blog.meineigenerweg.de\/index.php?rest_route=\/wp\/v2\/pages\/3219"}],"wp:featuredmedia":[{"embeddable":true,"href":"http:\/\/blog.meineigenerweg.de\/index.php?rest_route=\/wp\/v2\/media\/3239"}],"wp:attachment":[{"href":"http:\/\/blog.meineigenerweg.de\/index.php?rest_route=%2Fwp%2Fv2%2Fmedia&parent=3233"}],"curies":[{"name":"wp","href":"https:\/\/api.w.org\/{rel}","templated":true}]}}