{"id":3138,"date":"2014-12-11T22:59:40","date_gmt":"2014-12-11T21:59:40","guid":{"rendered":"http:\/\/blog.meineigenerweg.de\/?page_id=3138"},"modified":"2019-03-28T22:15:32","modified_gmt":"2019-03-28T21:15:32","slug":"winterberg","status":"publish","type":"page","link":"http:\/\/blog.meineigenerweg.de\/?page_id=3138","title":{"rendered":"Winterberg *****"},"content":{"rendered":"<p>11.12.14<\/p>\n<p>Immer nur olles Wetter, bald ist Weihnachten, ich will endlich mal Schnee unter den F\u00fc\u00dfen\u00a0knirschen h\u00f6ren und kalte H\u00e4nde vom Schneeb\u00e4lle machen bekommen.\u00a0Laut Wetterbericht soll es ja im Sauerland schon\u00a0Schnee geben und sogar einige Skilifte schon in Betrieb sein. Etwas mehr als hundert Kilometer und nach knapp eineinhalb Stunden\u00a0bin ich auch schon in Winterberg.<\/p>\n<p>Ein nettes \u00d6rtchen. Der Weihnachtsmarkt hat leider\u00a0noch nicht ge\u00f6ffnet und auf den Stra\u00dfen liegt der Schnee von gestern. \u00dcber einigen Lokalen steht Eetcafe und die Anzeigen in den Schauk\u00e4sten der Immobilienh\u00e4ndler sind zweisprachig, deutsch und holl\u00e4ndisch. Auf der Stra\u00dfe, in den Gesch\u00e4fte und Restaurants h\u00f6rt man immer wieder holl\u00e4ndische S\u00e4tze. Grins &#8211; die Revanche f\u00fcr Zandvoort.<\/p>\n<p><a href=\"http:\/\/blog.meineigenerweg.de\/wp-content\/uploads\/2014\/12\/DSC_6672.jpg\"><img loading=\"lazy\" decoding=\"async\" class=\"alignnone size-medium wp-image-3139\" src=\"http:\/\/blog.meineigenerweg.de\/wp-content\/uploads\/2014\/12\/DSC_6672-300x200.jpg\" alt=\"DSC_6672\" width=\"300\" height=\"200\" srcset=\"http:\/\/blog.meineigenerweg.de\/wp-content\/uploads\/2014\/12\/DSC_6672-300x200.jpg 300w, http:\/\/blog.meineigenerweg.de\/wp-content\/uploads\/2014\/12\/DSC_6672.jpg 1000w\" sizes=\"auto, (max-width: 300px) 100vw, 300px\" \/><\/a><\/p>\n<p>Ich setze mich dann wieder ins Auto und fahre ein paar Kilometer weiter zum Kahlen Asten. Bereits auf dem Weg dorthin liegt mit jedem H\u00f6henmeter mehr Schnee und bald ist auch die Stra\u00dfe mit einer dichten Schneedecke \u00fcberzogen. Hier oben gibt es eine Wetterstation, ein Hotel, ein Restaurant und ein kleines Selbstbedienungscaf\u00e9.<\/p>\n<p><a href=\"http:\/\/blog.meineigenerweg.de\/wp-content\/uploads\/2014\/12\/DSC_6729.jpg\"><img loading=\"lazy\" decoding=\"async\" class=\"alignnone size-medium wp-image-3140\" src=\"http:\/\/blog.meineigenerweg.de\/wp-content\/uploads\/2014\/12\/DSC_6729-300x200.jpg\" alt=\"DSC_6729\" width=\"300\" height=\"200\" srcset=\"http:\/\/blog.meineigenerweg.de\/wp-content\/uploads\/2014\/12\/DSC_6729-300x200.jpg 300w, http:\/\/blog.meineigenerweg.de\/wp-content\/uploads\/2014\/12\/DSC_6729.jpg 1000w\" sizes=\"auto, (max-width: 300px) 100vw, 300px\" \/><\/a><\/p>\n<p>Und viele sch\u00f6ne Wanderwege.<\/p>\n<p><a href=\"http:\/\/blog.meineigenerweg.de\/wp-content\/uploads\/2014\/12\/DSC_6678.jpg\"><img loading=\"lazy\" decoding=\"async\" class=\"alignnone size-medium wp-image-3144\" src=\"http:\/\/blog.meineigenerweg.de\/wp-content\/uploads\/2014\/12\/DSC_6678-300x200.jpg\" alt=\"DSC_6678\" width=\"300\" height=\"200\" srcset=\"http:\/\/blog.meineigenerweg.de\/wp-content\/uploads\/2014\/12\/DSC_6678-300x200.jpg 300w, http:\/\/blog.meineigenerweg.de\/wp-content\/uploads\/2014\/12\/DSC_6678.jpg 1000w\" sizes=\"auto, (max-width: 300px) 100vw, 300px\" \/><\/a><\/p>\n<p>Obwohl der Himmel dunkelgrau ist und auf der Kuppe ein scharfer, sehr kalter Wind weht, wage ich einen kleinen Rundweg. Kommt einfach mit&#8230;<\/p>\n<p><a href=\"http:\/\/blog.meineigenerweg.de\/wp-content\/uploads\/2014\/12\/DSC_6680.jpg\"><img loading=\"lazy\" decoding=\"async\" class=\"alignnone size-medium wp-image-3146\" src=\"http:\/\/blog.meineigenerweg.de\/wp-content\/uploads\/2014\/12\/DSC_6680-300x200.jpg\" alt=\"DSC_6680\" width=\"300\" height=\"200\" srcset=\"http:\/\/blog.meineigenerweg.de\/wp-content\/uploads\/2014\/12\/DSC_6680-300x200.jpg 300w, http:\/\/blog.meineigenerweg.de\/wp-content\/uploads\/2014\/12\/DSC_6680.jpg 1000w\" sizes=\"auto, (max-width: 300px) 100vw, 300px\" \/><\/a> <a href=\"http:\/\/blog.meineigenerweg.de\/wp-content\/uploads\/2014\/12\/DSC_6685.jpg\"><img loading=\"lazy\" decoding=\"async\" class=\"alignnone size-medium wp-image-3147\" src=\"http:\/\/blog.meineigenerweg.de\/wp-content\/uploads\/2014\/12\/DSC_6685-300x200.jpg\" alt=\"DSC_6685\" width=\"300\" height=\"200\" srcset=\"http:\/\/blog.meineigenerweg.de\/wp-content\/uploads\/2014\/12\/DSC_6685-300x200.jpg 300w, http:\/\/blog.meineigenerweg.de\/wp-content\/uploads\/2014\/12\/DSC_6685.jpg 1000w\" sizes=\"auto, (max-width: 300px) 100vw, 300px\" \/><\/a> <a href=\"http:\/\/blog.meineigenerweg.de\/wp-content\/uploads\/2014\/12\/DSC_6686.jpg\"><img loading=\"lazy\" decoding=\"async\" class=\"alignnone size-medium wp-image-3148\" src=\"http:\/\/blog.meineigenerweg.de\/wp-content\/uploads\/2014\/12\/DSC_6686-300x200.jpg\" alt=\"DSC_6686\" width=\"300\" height=\"200\" srcset=\"http:\/\/blog.meineigenerweg.de\/wp-content\/uploads\/2014\/12\/DSC_6686-300x200.jpg 300w, http:\/\/blog.meineigenerweg.de\/wp-content\/uploads\/2014\/12\/DSC_6686.jpg 1000w\" sizes=\"auto, (max-width: 300px) 100vw, 300px\" \/><\/a> <a href=\"http:\/\/blog.meineigenerweg.de\/wp-content\/uploads\/2014\/12\/DSC_6695.jpg\"><img loading=\"lazy\" decoding=\"async\" class=\"alignnone size-medium wp-image-3149\" src=\"http:\/\/blog.meineigenerweg.de\/wp-content\/uploads\/2014\/12\/DSC_6695-300x200.jpg\" alt=\"DSC_6695\" width=\"300\" height=\"200\" srcset=\"http:\/\/blog.meineigenerweg.de\/wp-content\/uploads\/2014\/12\/DSC_6695-300x200.jpg 300w, http:\/\/blog.meineigenerweg.de\/wp-content\/uploads\/2014\/12\/DSC_6695.jpg 1000w\" sizes=\"auto, (max-width: 300px) 100vw, 300px\" \/><\/a> <a href=\"http:\/\/blog.meineigenerweg.de\/wp-content\/uploads\/2014\/12\/DSC_6698.jpg\"><img loading=\"lazy\" decoding=\"async\" class=\"alignnone size-medium wp-image-3150\" src=\"http:\/\/blog.meineigenerweg.de\/wp-content\/uploads\/2014\/12\/DSC_6698-300x200.jpg\" alt=\"DSC_6698\" width=\"300\" height=\"200\" srcset=\"http:\/\/blog.meineigenerweg.de\/wp-content\/uploads\/2014\/12\/DSC_6698-300x200.jpg 300w, http:\/\/blog.meineigenerweg.de\/wp-content\/uploads\/2014\/12\/DSC_6698.jpg 1000w\" sizes=\"auto, (max-width: 300px) 100vw, 300px\" \/><\/a> <a href=\"http:\/\/blog.meineigenerweg.de\/wp-content\/uploads\/2014\/12\/DSC_6703.jpg\"><img loading=\"lazy\" decoding=\"async\" class=\"alignnone size-medium wp-image-3151\" src=\"http:\/\/blog.meineigenerweg.de\/wp-content\/uploads\/2014\/12\/DSC_6703-300x200.jpg\" alt=\"DSC_6703\" width=\"300\" height=\"200\" srcset=\"http:\/\/blog.meineigenerweg.de\/wp-content\/uploads\/2014\/12\/DSC_6703-300x200.jpg 300w, http:\/\/blog.meineigenerweg.de\/wp-content\/uploads\/2014\/12\/DSC_6703.jpg 1000w\" sizes=\"auto, (max-width: 300px) 100vw, 300px\" \/><\/a> <a href=\"http:\/\/blog.meineigenerweg.de\/wp-content\/uploads\/2014\/12\/DSC_6716.jpg\"><img loading=\"lazy\" decoding=\"async\" class=\"alignnone size-medium wp-image-3152\" src=\"http:\/\/blog.meineigenerweg.de\/wp-content\/uploads\/2014\/12\/DSC_6716-300x200.jpg\" alt=\"DSC_6716\" width=\"300\" height=\"200\" srcset=\"http:\/\/blog.meineigenerweg.de\/wp-content\/uploads\/2014\/12\/DSC_6716-300x200.jpg 300w, http:\/\/blog.meineigenerweg.de\/wp-content\/uploads\/2014\/12\/DSC_6716.jpg 1000w\" sizes=\"auto, (max-width: 300px) 100vw, 300px\" \/><\/a><\/p>\n<p>Kaum sitze ich gem\u00fctlich bei einer Tasse hei\u00dfen Kakao<\/p>\n<p><a href=\"http:\/\/blog.meineigenerweg.de\/wp-content\/uploads\/2014\/12\/IMG_9326.jpg\"><img loading=\"lazy\" decoding=\"async\" class=\"alignnone size-medium wp-image-3154\" src=\"http:\/\/blog.meineigenerweg.de\/wp-content\/uploads\/2014\/12\/IMG_9326-225x300.jpg\" alt=\"IMG_9326\" width=\"225\" height=\"300\" srcset=\"http:\/\/blog.meineigenerweg.de\/wp-content\/uploads\/2014\/12\/IMG_9326-225x300.jpg 225w, http:\/\/blog.meineigenerweg.de\/wp-content\/uploads\/2014\/12\/IMG_9326.jpg 750w\" sizes=\"auto, (max-width: 225px) 100vw, 225px\" \/><\/a><\/p>\n<p>da bricht drau\u00dfen auch schon ein herrliches Unwetter los, es st\u00fcrmt, blitzt und donnert mit aller Gewalt, alles verschwindet im Nebel und im Schneesturm.<\/p>\n<p><a href=\"http:\/\/blog.meineigenerweg.de\/wp-content\/uploads\/2014\/12\/IMG_9327.jpg\"><img loading=\"lazy\" decoding=\"async\" class=\"alignnone size-medium wp-image-3155\" src=\"http:\/\/blog.meineigenerweg.de\/wp-content\/uploads\/2014\/12\/IMG_9327-225x300.jpg\" alt=\"IMG_9327\" width=\"225\" height=\"300\" srcset=\"http:\/\/blog.meineigenerweg.de\/wp-content\/uploads\/2014\/12\/IMG_9327-225x300.jpg 225w, http:\/\/blog.meineigenerweg.de\/wp-content\/uploads\/2014\/12\/IMG_9327.jpg 750w\" sizes=\"auto, (max-width: 225px) 100vw, 225px\" \/><\/a><\/p>\n<p>Innerhalb kurzer Zeit ist mein Auto zugeschneit und die R\u00fcckfahrt sehr abenteuerlich, denn selbst in Winterberg, vor zwei Stunden noch schneefrei, herrscht das Chaos auf den Stra\u00dfen.<\/p>\n<p><a href=\"http:\/\/blog.meineigenerweg.de\/wp-content\/uploads\/2014\/12\/Foto2.jpg\"><img loading=\"lazy\" decoding=\"async\" class=\"alignnone size-medium wp-image-3164\" src=\"http:\/\/blog.meineigenerweg.de\/wp-content\/uploads\/2014\/12\/Foto2-300x192.jpg\" alt=\"Foto2\" width=\"300\" height=\"192\" srcset=\"http:\/\/blog.meineigenerweg.de\/wp-content\/uploads\/2014\/12\/Foto2-300x192.jpg 300w, http:\/\/blog.meineigenerweg.de\/wp-content\/uploads\/2014\/12\/Foto2.jpg 1000w\" sizes=\"auto, (max-width: 300px) 100vw, 300px\" \/><\/a><\/p>\n<p><em>Meine Wertung: <span style=\"color: #ff0000;\">*****<\/span> unbedingt ausprobieren, ein Tag Winterurlaub<\/em><br \/>\n<em>Winterberg &#8211; Kahler Asten<\/em><\/p>\n<p>&nbsp;<\/p>\n<p>&nbsp;<\/p>\n<p>&nbsp;<\/p>\n","protected":false},"excerpt":{"rendered":"<p>11.12.14 Immer nur olles Wetter, bald ist Weihnachten, ich will endlich mal Schnee unter den F\u00fc\u00dfen\u00a0knirschen h\u00f6ren und kalte H\u00e4nde vom Schneeb\u00e4lle machen bekommen.\u00a0Laut Wetterbericht soll es ja im Sauerland schon\u00a0Schnee geben und sogar einige Skilifte schon in Betrieb sein. Etwas mehr als hundert Kilometer und nach knapp eineinhalb Stunden\u00a0bin<\/p>\n","protected":false},"author":1,"featured_media":3159,"parent":3160,"menu_order":0,"comment_status":"closed","ping_status":"closed","template":"","meta":{"footnotes":""},"class_list":["post-3138","page","type-page","status-publish","has-post-thumbnail","hentry"],"_links":{"self":[{"href":"http:\/\/blog.meineigenerweg.de\/index.php?rest_route=\/wp\/v2\/pages\/3138","targetHints":{"allow":["GET"]}}],"collection":[{"href":"http:\/\/blog.meineigenerweg.de\/index.php?rest_route=\/wp\/v2\/pages"}],"about":[{"href":"http:\/\/blog.meineigenerweg.de\/index.php?rest_route=\/wp\/v2\/types\/page"}],"author":[{"embeddable":true,"href":"http:\/\/blog.meineigenerweg.de\/index.php?rest_route=\/wp\/v2\/users\/1"}],"replies":[{"embeddable":true,"href":"http:\/\/blog.meineigenerweg.de\/index.php?rest_route=%2Fwp%2Fv2%2Fcomments&post=3138"}],"version-history":[{"count":9,"href":"http:\/\/blog.meineigenerweg.de\/index.php?rest_route=\/wp\/v2\/pages\/3138\/revisions"}],"predecessor-version":[{"id":3167,"href":"http:\/\/blog.meineigenerweg.de\/index.php?rest_route=\/wp\/v2\/pages\/3138\/revisions\/3167"}],"up":[{"embeddable":true,"href":"http:\/\/blog.meineigenerweg.de\/index.php?rest_route=\/wp\/v2\/pages\/3160"}],"wp:featuredmedia":[{"embeddable":true,"href":"http:\/\/blog.meineigenerweg.de\/index.php?rest_route=\/wp\/v2\/media\/3159"}],"wp:attachment":[{"href":"http:\/\/blog.meineigenerweg.de\/index.php?rest_route=%2Fwp%2Fv2%2Fmedia&parent=3138"}],"curies":[{"name":"wp","href":"https:\/\/api.w.org\/{rel}","templated":true}]}}