{"id":3033,"date":"2015-01-13T23:54:42","date_gmt":"2015-01-13T22:54:42","guid":{"rendered":"http:\/\/blog.meineigenerweg.de\/?page_id=3033"},"modified":"2019-03-28T21:20:45","modified_gmt":"2019-03-28T20:20:45","slug":"muenster-wochenmarkt","status":"publish","type":"page","link":"http:\/\/blog.meineigenerweg.de\/?page_id=3033","title":{"rendered":"M\u00fcnster &#8211; Wochenmarkt ***"},"content":{"rendered":"<p>10.01.2014<\/p>\n<p>An einem tr\u00fcben Wintertag kann man auf einem bunten Wochenmarkt gute Laune tanken. In M\u00fcnster, am St.-Paulus-Dom, soll es einen besonders sch\u00f6nen, gro\u00dfen Bauern- und Wochenmarkt geben.<br \/>\n<a href=\"http:\/\/blog.meineigenerweg.de\/wp-content\/uploads\/2015\/01\/M\u00fcnster_Wochenmarkt_14_11_001.jpg\"><img loading=\"lazy\" decoding=\"async\" class=\"alignnone size-medium wp-image-3199\" src=\"http:\/\/blog.meineigenerweg.de\/wp-content\/uploads\/2015\/01\/M\u00fcnster_Wochenmarkt_14_11_001-300x201.jpg\" alt=\"M\u00fcnster_Wochenmarkt_14_11_001\" width=\"300\" height=\"201\" srcset=\"http:\/\/blog.meineigenerweg.de\/wp-content\/uploads\/2015\/01\/M\u00fcnster_Wochenmarkt_14_11_001-300x201.jpg 300w, http:\/\/blog.meineigenerweg.de\/wp-content\/uploads\/2015\/01\/M\u00fcnster_Wochenmarkt_14_11_001.jpg 1000w\" sizes=\"auto, (max-width: 300px) 100vw, 300px\" \/><\/a><br \/>\nHier kann man sich von den bunte Farben der Blumen bet\u00f6ren lassen,<\/p>\n<p><a href=\"http:\/\/blog.meineigenerweg.de\/wp-content\/uploads\/2015\/01\/M\u00fcnster_Wochenmarkt_14_11_010.jpg\"><img loading=\"lazy\" decoding=\"async\" class=\"alignnone size-medium wp-image-3201\" src=\"http:\/\/blog.meineigenerweg.de\/wp-content\/uploads\/2015\/01\/M\u00fcnster_Wochenmarkt_14_11_010-300x201.jpg\" alt=\"M\u00fcnster_Wochenmarkt_14_11_010\" width=\"300\" height=\"201\" srcset=\"http:\/\/blog.meineigenerweg.de\/wp-content\/uploads\/2015\/01\/M\u00fcnster_Wochenmarkt_14_11_010-300x201.jpg 300w, http:\/\/blog.meineigenerweg.de\/wp-content\/uploads\/2015\/01\/M\u00fcnster_Wochenmarkt_14_11_010.jpg 1000w\" sizes=\"auto, (max-width: 300px) 100vw, 300px\" \/><\/a>\u00a0<a href=\"http:\/\/blog.meineigenerweg.de\/wp-content\/uploads\/2015\/01\/M\u00fcnster_Wochenmarkt_14_11_013.jpg\"><img loading=\"lazy\" decoding=\"async\" class=\"alignnone size-medium wp-image-3203\" src=\"http:\/\/blog.meineigenerweg.de\/wp-content\/uploads\/2015\/01\/M\u00fcnster_Wochenmarkt_14_11_013-300x201.jpg\" alt=\"M\u00fcnster_Wochenmarkt_14_11_013\" width=\"300\" height=\"201\" srcset=\"http:\/\/blog.meineigenerweg.de\/wp-content\/uploads\/2015\/01\/M\u00fcnster_Wochenmarkt_14_11_013-300x201.jpg 300w, http:\/\/blog.meineigenerweg.de\/wp-content\/uploads\/2015\/01\/M\u00fcnster_Wochenmarkt_14_11_013.jpg 1000w\" sizes=\"auto, (max-width: 300px) 100vw, 300px\" \/><\/a><br \/>\nBlumen entdecken,\u00a0die\u00a0es hier eigentlich gar nicht gibt,\u00a0bl\u00fchender Eukalyptus,<\/p>\n<p><a href=\"http:\/\/blog.meineigenerweg.de\/wp-content\/uploads\/2015\/01\/M\u00fcnster_Wochenmarkt_14_11_038.jpg\"><img loading=\"lazy\" decoding=\"async\" class=\"alignnone size-medium wp-image-3211\" src=\"http:\/\/blog.meineigenerweg.de\/wp-content\/uploads\/2015\/01\/M\u00fcnster_Wochenmarkt_14_11_038-300x201.jpg\" alt=\"M\u00fcnster_Wochenmarkt_14_11_038\" width=\"300\" height=\"201\" srcset=\"http:\/\/blog.meineigenerweg.de\/wp-content\/uploads\/2015\/01\/M\u00fcnster_Wochenmarkt_14_11_038-300x201.jpg 300w, http:\/\/blog.meineigenerweg.de\/wp-content\/uploads\/2015\/01\/M\u00fcnster_Wochenmarkt_14_11_038.jpg 1000w\" sizes=\"auto, (max-width: 300px) 100vw, 300px\" \/><\/a><br \/>\nfrisches Gem\u00fcse aus dem M\u00fcnsterland\u00a0einkaufen,<br \/>\n<a href=\"http:\/\/blog.meineigenerweg.de\/wp-content\/uploads\/2015\/01\/M\u00fcnster_Wochenmarkt_14_11_004.jpg\"><img loading=\"lazy\" decoding=\"async\" class=\"alignnone size-medium wp-image-3200\" src=\"http:\/\/blog.meineigenerweg.de\/wp-content\/uploads\/2015\/01\/M\u00fcnster_Wochenmarkt_14_11_004-300x201.jpg\" alt=\"M\u00fcnster_Wochenmarkt_14_11_004\" width=\"300\" height=\"201\" srcset=\"http:\/\/blog.meineigenerweg.de\/wp-content\/uploads\/2015\/01\/M\u00fcnster_Wochenmarkt_14_11_004-300x201.jpg 300w, http:\/\/blog.meineigenerweg.de\/wp-content\/uploads\/2015\/01\/M\u00fcnster_Wochenmarkt_14_11_004.jpg 1000w\" sizes=\"auto, (max-width: 300px) 100vw, 300px\" \/><\/a>\u00a0<a href=\"http:\/\/blog.meineigenerweg.de\/wp-content\/uploads\/2015\/01\/M\u00fcnster_Wochenmarkt_14_11_032.jpg\"><img loading=\"lazy\" decoding=\"async\" class=\"alignnone size-medium wp-image-3209\" src=\"http:\/\/blog.meineigenerweg.de\/wp-content\/uploads\/2015\/01\/M\u00fcnster_Wochenmarkt_14_11_032-300x201.jpg\" alt=\"M\u00fcnster_Wochenmarkt_14_11_032\" width=\"300\" height=\"201\" srcset=\"http:\/\/blog.meineigenerweg.de\/wp-content\/uploads\/2015\/01\/M\u00fcnster_Wochenmarkt_14_11_032-300x201.jpg 300w, http:\/\/blog.meineigenerweg.de\/wp-content\/uploads\/2015\/01\/M\u00fcnster_Wochenmarkt_14_11_032.jpg 1000w\" sizes=\"auto, (max-width: 300px) 100vw, 300px\" \/><\/a><br \/>\nkleine Leckereien ausprobieren,<br \/>\n<a href=\"http:\/\/blog.meineigenerweg.de\/wp-content\/uploads\/2015\/01\/M\u00fcnster_Wochenmarkt_14_11_015.jpg\"><img loading=\"lazy\" decoding=\"async\" class=\"alignnone size-medium wp-image-3204\" src=\"http:\/\/blog.meineigenerweg.de\/wp-content\/uploads\/2015\/01\/M\u00fcnster_Wochenmarkt_14_11_015-300x201.jpg\" alt=\"M\u00fcnster_Wochenmarkt_14_11_015\" width=\"300\" height=\"201\" srcset=\"http:\/\/blog.meineigenerweg.de\/wp-content\/uploads\/2015\/01\/M\u00fcnster_Wochenmarkt_14_11_015-300x201.jpg 300w, http:\/\/blog.meineigenerweg.de\/wp-content\/uploads\/2015\/01\/M\u00fcnster_Wochenmarkt_14_11_015.jpg 1000w\" sizes=\"auto, (max-width: 300px) 100vw, 300px\" \/><\/a><br \/>\nfrische Landeier f\u00fcr das Sonntagsfr\u00fchst\u00fcck mitnehmen,<br \/>\n<a href=\"http:\/\/blog.meineigenerweg.de\/wp-content\/uploads\/2015\/01\/M\u00fcnster_Wochenmarkt_14_11_023.jpg\"><img loading=\"lazy\" decoding=\"async\" class=\"alignnone size-medium wp-image-3206\" src=\"http:\/\/blog.meineigenerweg.de\/wp-content\/uploads\/2015\/01\/M\u00fcnster_Wochenmarkt_14_11_023-300x201.jpg\" alt=\"M\u00fcnster_Wochenmarkt_14_11_023\" width=\"300\" height=\"201\" srcset=\"http:\/\/blog.meineigenerweg.de\/wp-content\/uploads\/2015\/01\/M\u00fcnster_Wochenmarkt_14_11_023-300x201.jpg 300w, http:\/\/blog.meineigenerweg.de\/wp-content\/uploads\/2015\/01\/M\u00fcnster_Wochenmarkt_14_11_023.jpg 1000w\" sizes=\"auto, (max-width: 300px) 100vw, 300px\" \/><\/a><br \/>\ndie Nase vom Duft der vielen K\u00e4sesorten verwirren lassen,<br \/>\n<a href=\"http:\/\/blog.meineigenerweg.de\/wp-content\/uploads\/2015\/01\/M\u00fcnster_Wochenmarkt_14_11_017.jpg\"><img loading=\"lazy\" decoding=\"async\" class=\"alignnone size-medium wp-image-3205\" src=\"http:\/\/blog.meineigenerweg.de\/wp-content\/uploads\/2015\/01\/M\u00fcnster_Wochenmarkt_14_11_017-300x201.jpg\" alt=\"M\u00fcnster_Wochenmarkt_14_11_017\" width=\"300\" height=\"201\" srcset=\"http:\/\/blog.meineigenerweg.de\/wp-content\/uploads\/2015\/01\/M\u00fcnster_Wochenmarkt_14_11_017-300x201.jpg 300w, http:\/\/blog.meineigenerweg.de\/wp-content\/uploads\/2015\/01\/M\u00fcnster_Wochenmarkt_14_11_017.jpg 1000w\" sizes=\"auto, (max-width: 300px) 100vw, 300px\" \/><\/a><br \/>\n\u00fcberlegen was man mit Quitten, au\u00dfer Gelee und Marmelade, noch anderes kochen kann,<br \/>\n<a href=\"http:\/\/blog.meineigenerweg.de\/wp-content\/uploads\/2015\/01\/M\u00fcnster_Wochenmarkt_14_11_025.jpg\"><img loading=\"lazy\" decoding=\"async\" class=\"alignnone size-medium wp-image-3207\" src=\"http:\/\/blog.meineigenerweg.de\/wp-content\/uploads\/2015\/01\/M\u00fcnster_Wochenmarkt_14_11_025-300x209.jpg\" alt=\"M\u00fcnster_Wochenmarkt_14_11_025\" width=\"300\" height=\"209\" srcset=\"http:\/\/blog.meineigenerweg.de\/wp-content\/uploads\/2015\/01\/M\u00fcnster_Wochenmarkt_14_11_025-300x209.jpg 300w, http:\/\/blog.meineigenerweg.de\/wp-content\/uploads\/2015\/01\/M\u00fcnster_Wochenmarkt_14_11_025.jpg 1000w\" sizes=\"auto, (max-width: 300px) 100vw, 300px\" \/><\/a><br \/>\ndar\u00fcber nachdenken, ob eine Kartoffelprobe so lustig ist wie eine Weinprobe<br \/>\n<a href=\"http:\/\/blog.meineigenerweg.de\/wp-content\/uploads\/2015\/01\/M\u00fcnster_Wochenmarkt_14_11_027.jpg\"><img loading=\"lazy\" decoding=\"async\" class=\"alignnone size-medium wp-image-3208\" src=\"http:\/\/blog.meineigenerweg.de\/wp-content\/uploads\/2015\/01\/M\u00fcnster_Wochenmarkt_14_11_027-300x201.jpg\" alt=\"M\u00fcnster_Wochenmarkt_14_11_027\" width=\"300\" height=\"201\" srcset=\"http:\/\/blog.meineigenerweg.de\/wp-content\/uploads\/2015\/01\/M\u00fcnster_Wochenmarkt_14_11_027-300x201.jpg 300w, http:\/\/blog.meineigenerweg.de\/wp-content\/uploads\/2015\/01\/M\u00fcnster_Wochenmarkt_14_11_027.jpg 1000w\" sizes=\"auto, (max-width: 300px) 100vw, 300px\" \/><\/a><br \/>\nund nat\u00fcrlich auch die Menschen beim Einkaufen beobachten (nein, gel\u00e4stert wird nur ein ganz klein wenig).<\/p>\n<p>Anschlie\u00dfend, wenn die Einkaufst\u00fcten gef\u00fcllt sind und man so richtig durchgefroren ist, gibt es in der Altstadt, in einem der vielen Caf\u00e9s, einen gro\u00dfen Becher Kakao mit Sahne.<\/p>\n<p><em>Meine Wertung: <span style=\"color: #ff0000;\">***<\/span>** gut<\/em><br \/>\n<em>St.-Paulus-Dom<\/em><br \/>\n<em>Domplatz 28<\/em><br \/>\n<em>48143 M\u00fcnster<\/em><\/p>\n<p>&nbsp;<\/p>\n","protected":false},"excerpt":{"rendered":"<p>10.01.2014 An einem tr\u00fcben Wintertag kann man auf einem bunten Wochenmarkt gute Laune tanken. In M\u00fcnster, am St.-Paulus-Dom, soll es einen besonders sch\u00f6nen, gro\u00dfen Bauern- und Wochenmarkt geben. Hier kann man sich von den bunte Farben der Blumen bet\u00f6ren lassen, \u00a0 Blumen entdecken,\u00a0die\u00a0es hier eigentlich gar nicht gibt,\u00a0bl\u00fchender Eukalyptus, frisches<\/p>\n","protected":false},"author":1,"featured_media":3217,"parent":3219,"menu_order":0,"comment_status":"closed","ping_status":"closed","template":"","meta":{"footnotes":""},"class_list":["post-3033","page","type-page","status-publish","has-post-thumbnail","hentry"],"_links":{"self":[{"href":"http:\/\/blog.meineigenerweg.de\/index.php?rest_route=\/wp\/v2\/pages\/3033","targetHints":{"allow":["GET"]}}],"collection":[{"href":"http:\/\/blog.meineigenerweg.de\/index.php?rest_route=\/wp\/v2\/pages"}],"about":[{"href":"http:\/\/blog.meineigenerweg.de\/index.php?rest_route=\/wp\/v2\/types\/page"}],"author":[{"embeddable":true,"href":"http:\/\/blog.meineigenerweg.de\/index.php?rest_route=\/wp\/v2\/users\/1"}],"replies":[{"embeddable":true,"href":"http:\/\/blog.meineigenerweg.de\/index.php?rest_route=%2Fwp%2Fv2%2Fcomments&post=3033"}],"version-history":[{"count":15,"href":"http:\/\/blog.meineigenerweg.de\/index.php?rest_route=\/wp\/v2\/pages\/3033\/revisions"}],"predecessor-version":[{"id":3251,"href":"http:\/\/blog.meineigenerweg.de\/index.php?rest_route=\/wp\/v2\/pages\/3033\/revisions\/3251"}],"up":[{"embeddable":true,"href":"http:\/\/blog.meineigenerweg.de\/index.php?rest_route=\/wp\/v2\/pages\/3219"}],"wp:featuredmedia":[{"embeddable":true,"href":"http:\/\/blog.meineigenerweg.de\/index.php?rest_route=\/wp\/v2\/media\/3217"}],"wp:attachment":[{"href":"http:\/\/blog.meineigenerweg.de\/index.php?rest_route=%2Fwp%2Fv2%2Fmedia&parent=3033"}],"curies":[{"name":"wp","href":"https:\/\/api.w.org\/{rel}","templated":true}]}}