{"id":3030,"date":"2014-11-14T22:58:57","date_gmt":"2014-11-14T21:58:57","guid":{"rendered":"http:\/\/blog.meineigenerweg.de\/?page_id=3030"},"modified":"2019-03-28T23:33:30","modified_gmt":"2019-03-28T22:33:30","slug":"141114-bottrop-zeche-haniel","status":"publish","type":"page","link":"http:\/\/blog.meineigenerweg.de\/?page_id=3030","title":{"rendered":"Bottrop &#8211; Zeche Prosper Haniel *****"},"content":{"rendered":"<p>Jetzt habe ich schon so viel \u00fcber Zechen und Halden geschrieben, aber das eigentliche Leben spielt sich in ihnen unter Tage ab.<\/p>\n<p>Das, was f\u00fcr die Bergleute t\u00e4gliche Routine und harte Arbeit ist, war f\u00fcr mich ein au\u00dferordentliches Privileg. Ich durfte auf der Zeche Prosper Haniel eine Grubenfahrt erleben. Ein tolles, unvergessliches\u00a0Erlebnis.<br \/>\nMan geht nicht in Stra\u00dfenkleidung unter Tage. Ich werde komplett neu eingekleidet,\u00a0Socken, Unterw\u00e4sche,\u00a0Arbeitsanzug, dazu\u00a0nat\u00fcrlich noch Sicherheitsschuhe, einen Schutzhelm mit Lampe und einen groben G\u00fcrtel mit den Batterien.<br \/>\n<a href=\"http:\/\/blog.meineigenerweg.de\/wp-content\/uploads\/2014\/11\/N0143.jpg\"><img loading=\"lazy\" decoding=\"async\" class=\"alignnone size-medium wp-image-3079\" src=\"http:\/\/blog.meineigenerweg.de\/wp-content\/uploads\/2014\/11\/N0143-125x300.jpg\" alt=\"N0143\" width=\"125\" height=\"300\" srcset=\"http:\/\/blog.meineigenerweg.de\/wp-content\/uploads\/2014\/11\/N0143-125x300.jpg 125w, http:\/\/blog.meineigenerweg.de\/wp-content\/uploads\/2014\/11\/N0143.jpg 417w\" sizes=\"auto, (max-width: 125px) 100vw, 125px\" \/><\/a><br \/>\nDann wird es ernst, mit Rattern und Rasseln \u00f6ffnet sich die metallene Gitterschiebet\u00fcr des F\u00f6rderkorbs. Fotos gibt es ab hier leider keine, aus Sicherheitsgr\u00fcnden darf ich keine Gegenst\u00e4nde mitnehmen. Kohlestaub und Grubengas k\u00f6nnen durch elektrisch betriebene Ger\u00e4te sehr schnell entz\u00fcndet werden, was zu heftigen Explosionen f\u00fchren kann. Alles wirkt sehr grob und martialisch, aber eigentlich ist der F\u00f6rderkorb nichts anderes als ein Fahrstuhl. Zwanzig Leute passen hinein, es gibt keine Beleuchtung im F\u00f6rderkorb, nur unsere Stirnlampen spenden Licht. Es wird ruhiger, die Scherze und das Lachen\u00a0verstummen. Dann wird die Gittert\u00fcr zugezogen und wenige Sekunden sp\u00e4ter setzt sich der Korb langsam ruckelnd und knirschend in Bewegung. Besser, ich halte mich gut fest, denn nach vorsichtigem und langsamen Anfahren es ruckelt und wackelt Es weitaus mehr, als in einem normalen Fahrstuhl. Dann wird die Fahrt schneller und rasanter, bis wir mit 10 Meter pro Sekunde (!)\u00a0in die Tiefe rasen. Die Fahrt dauert keine 5 Minuten, dann sind wir an unserem Ziel angekommen. Rasselnd \u00f6ffnet die Gitterschiebet\u00fcr. Ich trete aus dem F\u00f6rderkorb und befinde mich in einer kleinen H\u00f6hle in 1200 Meter Tiefe. Nicht sehr gro\u00df, vielleicht 10 mal 10 Meter und 4 Meter hoch. Sie ist schwach von einigen Lampen erleuchtet. Ein mulmiges Gef\u00fchl, soviel Erde \u00fcber mir zu wissen. Vereinzelte G\u00e4nge gehen in unterschiedliche Richtungen ab. Es ist warm. Hier und da stehen Maschinen und Ger\u00e4te herum.<\/p>\n<p>Zu Fu\u00df marschieren wir in einen der G\u00e4nge hinein, wir werden ein paar Hundert Meter laufen m\u00fcssen, um zur Kohle zu kommen. Tief unten in der Erde sind\u00a0die meisten\u00a0Bergwerke \u00fcber viele Kilometer lange Sch\u00e4chte miteinander verbunden. Dann erreichen wir ein F\u00f6rderband, auf dem Kohle transportiert wird. Genug gelaufen, ab jetzt lassen wir uns transportieren. Einer nach dem anderen legen wir uns auf dem R\u00fccken flach auf das F\u00f6rderband. Wiederholt werden wir ermahnt, nicht den Kopf zu heben, da knapp \u00fcber dem F\u00f6rderband Hindernisse vorhanden sind. Dann geht die Fahrt los. Gef\u00fchlt rasend schnell saust das F\u00f6rderband dahin, mal durch gro\u00dfe G\u00e4nge, dann wieder nur ein paar Zentimeter unter der Decke entlang. Nein, ich habe wirklich nicht das Bed\u00fcrfnis den Kopf heben zu m\u00fcssen, um zu sehen wohin die Fahrt f\u00fchrt. Dann sind wir da, vor Ort, langsam, froh es \u00fcberlebt zu haben, \u00a0krabbeln wir wieder vom F\u00f6rderband herunter.<\/p>\n<p>Es ist laut, es ist staubig von der Kohle, es ist hei\u00df, bestimmt weit \u00fcber 30 Grad, unter den F\u00fc\u00dfen sp\u00fcre ich\u00a0ein stetiges Rumoren. Hier wird &#8222;malocht&#8220;, hier wird Kohle abgebaut. Es ist beeindruckend, unter welchen Bedingungen hier gearbeitet wird.<br \/>\nDiese dicken hydraulischen Stempel sorgen daf\u00fcr, dass der Berg nicht einbricht. Sie stemmen mehrere Tonnen schwere Decken in den Stollen.<br \/>\n<a href=\"http:\/\/blog.meineigenerweg.de\/wp-content\/uploads\/2014\/11\/Bottrop_Halde_Haniel_14_11_074.jpg\"><img loading=\"lazy\" decoding=\"async\" class=\"alignnone size-medium wp-image-3086\" src=\"http:\/\/blog.meineigenerweg.de\/wp-content\/uploads\/2014\/11\/Bottrop_Halde_Haniel_14_11_074-300x200.jpg\" alt=\"Bottrop_Halde_Haniel_14_11_074\" width=\"300\" height=\"200\" srcset=\"http:\/\/blog.meineigenerweg.de\/wp-content\/uploads\/2014\/11\/Bottrop_Halde_Haniel_14_11_074-300x200.jpg 300w, http:\/\/blog.meineigenerweg.de\/wp-content\/uploads\/2014\/11\/Bottrop_Halde_Haniel_14_11_074.jpg 1000w\" sizes=\"auto, (max-width: 300px) 100vw, 300px\" \/><\/a><br \/>\nDrei\u00dfig, f\u00fcnfzig St\u00fcck davon stehen im Stollen Stempel an Stempel und direkt davor l\u00e4uft ein mannsgro\u00dfer Bohrer entlang, der die Kohle aus dem Berg kratzt.<br \/>\n<a href=\"http:\/\/blog.meineigenerweg.de\/wp-content\/uploads\/2014\/11\/Bottrop_Halde_Haniel_14_11_053.jpg\"><img loading=\"lazy\" decoding=\"async\" class=\"alignnone size-medium wp-image-3087\" src=\"http:\/\/blog.meineigenerweg.de\/wp-content\/uploads\/2014\/11\/Bottrop_Halde_Haniel_14_11_053-300x200.jpg\" alt=\"Bottrop_Halde_Haniel_14_11_053\" width=\"300\" height=\"200\" srcset=\"http:\/\/blog.meineigenerweg.de\/wp-content\/uploads\/2014\/11\/Bottrop_Halde_Haniel_14_11_053-300x200.jpg 300w, http:\/\/blog.meineigenerweg.de\/wp-content\/uploads\/2014\/11\/Bottrop_Halde_Haniel_14_11_053.jpg 1000w\" sizes=\"auto, (max-width: 300px) 100vw, 300px\" \/><\/a><br \/>\nDie herausgebrochene Kohle f\u00e4llt auf ein Kettenf\u00f6rderband und wird abtransportiert.<br \/>\n<a href=\"http:\/\/blog.meineigenerweg.de\/wp-content\/uploads\/2014\/11\/Bottrop_Halde_Haniel_14_11_083.jpg\"><img loading=\"lazy\" decoding=\"async\" class=\"alignnone size-medium wp-image-3088\" src=\"http:\/\/blog.meineigenerweg.de\/wp-content\/uploads\/2014\/11\/Bottrop_Halde_Haniel_14_11_083-300x200.jpg\" alt=\"Bottrop_Halde_Haniel_14_11_083\" width=\"300\" height=\"200\" srcset=\"http:\/\/blog.meineigenerweg.de\/wp-content\/uploads\/2014\/11\/Bottrop_Halde_Haniel_14_11_083-300x200.jpg 300w, http:\/\/blog.meineigenerweg.de\/wp-content\/uploads\/2014\/11\/Bottrop_Halde_Haniel_14_11_083.jpg 1000w\" sizes=\"auto, (max-width: 300px) 100vw, 300px\" \/><\/a><br \/>\nImmer dann, wenn der Bohrer einmal an der Kohle entlang geschrappt ist und sie herausgebrochen hat, ziehen sich die Stempel hinter mir zusammen, schieben sich ein paar Zentimeter vor und spannen sich erneut. Ihr k\u00f6nnt euch gar nicht vorstellen, wie unheimlich das ist, man h\u00f6rt, wie der Berg hinter den Stempeln herunterbricht und in den entstandenen Hohlraum poltert. Richtig gruselig, da konnte ich nur hoffen, dass sie dem Druck von 1200 Metern Gestein \u00fcber mir gewachsen sind. Sind sie!<\/p>\n<p>Ein super, super spannendes Erlebnis, trotzdem bin ich erleichtert, nach ein paar Stunden wieder frische Luft an der Oberfl\u00e4che atmen zu k\u00f6nnen. Zur Entspannung gibt es &#8211; was auch sonst &#8211; Mettbr\u00f6tchen mit Zwiebeln und Schnaps.<br \/>\n<a href=\"http:\/\/blog.meineigenerweg.de\/wp-content\/uploads\/2014\/11\/N0173.jpg\"><img loading=\"lazy\" decoding=\"async\" class=\"alignnone size-medium wp-image-3090\" src=\"http:\/\/blog.meineigenerweg.de\/wp-content\/uploads\/2014\/11\/N0173-300x225.jpg\" alt=\"N0173\" width=\"300\" height=\"225\" srcset=\"http:\/\/blog.meineigenerweg.de\/wp-content\/uploads\/2014\/11\/N0173-300x225.jpg 300w, http:\/\/blog.meineigenerweg.de\/wp-content\/uploads\/2014\/11\/N0173.jpg 1000w\" sizes=\"auto, (max-width: 300px) 100vw, 300px\" \/><\/a><\/p>\n<p><em>Meine Wertung: <span style=\"color: #ff0000;\">*****<\/span> ein absolutes Muss !!!<br \/>\n<\/em><em>Bottrop<\/em><br \/>\n<em>Fernwaldstra\u00dfe<\/em><br \/>\n<em>Zeche Prosper Haniel <\/em><\/p>\n<p>&nbsp;<\/p>\n","protected":false},"excerpt":{"rendered":"<p>Jetzt habe ich schon so viel \u00fcber Zechen und Halden geschrieben, aber das eigentliche Leben spielt sich in ihnen unter Tage ab. Das, was f\u00fcr die Bergleute t\u00e4gliche Routine und harte Arbeit ist, war f\u00fcr mich ein au\u00dferordentliches Privileg. Ich durfte auf der Zeche Prosper Haniel eine Grubenfahrt erleben. Ein<\/p>\n","protected":false},"author":1,"featured_media":3096,"parent":1809,"menu_order":0,"comment_status":"closed","ping_status":"closed","template":"","meta":{"footnotes":""},"class_list":["post-3030","page","type-page","status-publish","has-post-thumbnail","hentry"],"_links":{"self":[{"href":"http:\/\/blog.meineigenerweg.de\/index.php?rest_route=\/wp\/v2\/pages\/3030","targetHints":{"allow":["GET"]}}],"collection":[{"href":"http:\/\/blog.meineigenerweg.de\/index.php?rest_route=\/wp\/v2\/pages"}],"about":[{"href":"http:\/\/blog.meineigenerweg.de\/index.php?rest_route=\/wp\/v2\/types\/page"}],"author":[{"embeddable":true,"href":"http:\/\/blog.meineigenerweg.de\/index.php?rest_route=\/wp\/v2\/users\/1"}],"replies":[{"embeddable":true,"href":"http:\/\/blog.meineigenerweg.de\/index.php?rest_route=%2Fwp%2Fv2%2Fcomments&post=3030"}],"version-history":[{"count":19,"href":"http:\/\/blog.meineigenerweg.de\/index.php?rest_route=\/wp\/v2\/pages\/3030\/revisions"}],"predecessor-version":[{"id":3121,"href":"http:\/\/blog.meineigenerweg.de\/index.php?rest_route=\/wp\/v2\/pages\/3030\/revisions\/3121"}],"up":[{"embeddable":true,"href":"http:\/\/blog.meineigenerweg.de\/index.php?rest_route=\/wp\/v2\/pages\/1809"}],"wp:featuredmedia":[{"embeddable":true,"href":"http:\/\/blog.meineigenerweg.de\/index.php?rest_route=\/wp\/v2\/media\/3096"}],"wp:attachment":[{"href":"http:\/\/blog.meineigenerweg.de\/index.php?rest_route=%2Fwp%2Fv2%2Fmedia&parent=3030"}],"curies":[{"name":"wp","href":"https:\/\/api.w.org\/{rel}","templated":true}]}}