{"id":3028,"date":"2014-11-21T21:59:42","date_gmt":"2014-11-21T20:59:42","guid":{"rendered":"http:\/\/blog.meineigenerweg.de\/?page_id=3028"},"modified":"2019-03-28T20:51:47","modified_gmt":"2019-03-28T19:51:47","slug":"bottrop-halde-haniel","status":"publish","type":"page","link":"http:\/\/blog.meineigenerweg.de\/?page_id=3028","title":{"rendered":"Bottrop &#8211; Halde Haniel ****"},"content":{"rendered":"<p>14.11.14<\/p>\n<p>Mit 185 mtr ist\u00a0die <span style=\"color: #0000ff;\"><a href=\"http:\/\/www.ruhr-tourismus.de\/staedte-im-ruhrgebiet\/bottrop\/halde-haniel.html\" target=\"_blank\" rel=\"noopener noreferrer\"><span style=\"color: #0000ff;\"><span style=\"text-decoration: underline;\">Halde Haniel<\/span><\/span><\/a><\/span>\u00a0die h\u00f6chste Halde im Ruhrgebiet. Und sie ist eine aktive Halde, denn der n\u00f6rdliche Teil wird immer noch aufgesch\u00fcttet. Die Zeche <span style=\"color: #0000ff;\"><a href=\"http:\/\/www.rag-deutsche-steinkohle.de\/rag-deutsche-steinkohle\/betriebe\/bergwerk-prosper-haniel\/\" target=\"_blank\" rel=\"noopener noreferrer\"><span style=\"color: #0000ff;\"><span style=\"text-decoration: underline;\">Prosper Haniel<\/span><\/span><\/a><\/span> ist eine der letzten aktiven Zechen im Ruhrgebiet. Von weitem schon sieht man, dass sich die gro\u00dfen Laufr\u00e4der, mit denen Menschen und Material in und aus dem Berg bef\u00f6rdert werden, st\u00e4ndig drehen. Ein seltenes Schauspiel, das in meiner Kindheit Normalit\u00e4t war.<br \/>\n<a href=\"http:\/\/blog.meineigenerweg.de\/wp-content\/uploads\/2014\/11\/Bottrop_Halde_Haniel_14_11_143-.jpg\"><img loading=\"lazy\" decoding=\"async\" class=\"alignnone size-medium wp-image-3041\" src=\"http:\/\/blog.meineigenerweg.de\/wp-content\/uploads\/2014\/11\/Bottrop_Halde_Haniel_14_11_143--300x200.jpg\" alt=\"Bottrop_Halde_Haniel_14_11_143\" width=\"300\" height=\"200\" srcset=\"http:\/\/blog.meineigenerweg.de\/wp-content\/uploads\/2014\/11\/Bottrop_Halde_Haniel_14_11_143--300x200.jpg 300w, http:\/\/blog.meineigenerweg.de\/wp-content\/uploads\/2014\/11\/Bottrop_Halde_Haniel_14_11_143-.jpg 1000w\" sizes=\"auto, (max-width: 300px) 100vw, 300px\" \/><\/a><br \/>\nDer Weg auf die Halde<br \/>\n<a href=\"http:\/\/blog.meineigenerweg.de\/wp-content\/uploads\/2014\/11\/Bottrop_Halde_Haniel_14_11_006.jpg\"><img loading=\"lazy\" decoding=\"async\" class=\"alignnone size-medium wp-image-3043\" src=\"http:\/\/blog.meineigenerweg.de\/wp-content\/uploads\/2014\/11\/Bottrop_Halde_Haniel_14_11_006-300x200.jpg\" alt=\"Bottrop_Halde_Haniel_14_11_006\" width=\"300\" height=\"200\" srcset=\"http:\/\/blog.meineigenerweg.de\/wp-content\/uploads\/2014\/11\/Bottrop_Halde_Haniel_14_11_006-300x200.jpg 300w, http:\/\/blog.meineigenerweg.de\/wp-content\/uploads\/2014\/11\/Bottrop_Halde_Haniel_14_11_006.jpg 1000w\" sizes=\"auto, (max-width: 300px) 100vw, 300px\" \/><\/a><br \/>\nf\u00fchrt \u00fcber einen Kreuzweg. Okay, Kirche ist jetzt nicht unbedingt so mein Ding, aber man hat hier versucht, den Leidensweg Christi mit Texten und Ger\u00e4tschaften aus der Arbeitswelt einer Zeche zu verbinden. Es ist gut\u00a0gelungen!<br \/>\n<a href=\"http:\/\/blog.meineigenerweg.de\/wp-content\/uploads\/2014\/11\/Bottrop_Halde_Haniel_14_11_019x.jpg\"><img loading=\"lazy\" decoding=\"async\" class=\"alignnone size-medium wp-image-3047\" src=\"http:\/\/blog.meineigenerweg.de\/wp-content\/uploads\/2014\/11\/Bottrop_Halde_Haniel_14_11_019x-300x200.jpg\" alt=\"Bottrop_Halde_Haniel_14_11_019x\" width=\"300\" height=\"200\" srcset=\"http:\/\/blog.meineigenerweg.de\/wp-content\/uploads\/2014\/11\/Bottrop_Halde_Haniel_14_11_019x-300x200.jpg 300w, http:\/\/blog.meineigenerweg.de\/wp-content\/uploads\/2014\/11\/Bottrop_Halde_Haniel_14_11_019x.jpg 1000w\" sizes=\"auto, (max-width: 300px) 100vw, 300px\" \/><\/a> <a href=\"http:\/\/blog.meineigenerweg.de\/wp-content\/uploads\/2014\/11\/Bottrop_Halde_Haniel_14_11_017-.jpg\"><img loading=\"lazy\" decoding=\"async\" class=\"alignnone size-medium wp-image-3046\" src=\"http:\/\/blog.meineigenerweg.de\/wp-content\/uploads\/2014\/11\/Bottrop_Halde_Haniel_14_11_017--300x217.jpg\" alt=\"Bottrop_Halde_Haniel_14_11_017\" width=\"300\" height=\"217\" srcset=\"http:\/\/blog.meineigenerweg.de\/wp-content\/uploads\/2014\/11\/Bottrop_Halde_Haniel_14_11_017--300x217.jpg 300w, http:\/\/blog.meineigenerweg.de\/wp-content\/uploads\/2014\/11\/Bottrop_Halde_Haniel_14_11_017-.jpg 1000w\" sizes=\"auto, (max-width: 300px) 100vw, 300px\" \/><\/a> <a href=\"http:\/\/blog.meineigenerweg.de\/wp-content\/uploads\/2014\/11\/Bottrop_Halde_Haniel_14_11_016-.jpg\"><img loading=\"lazy\" decoding=\"async\" class=\"alignnone size-medium wp-image-3045\" src=\"http:\/\/blog.meineigenerweg.de\/wp-content\/uploads\/2014\/11\/Bottrop_Halde_Haniel_14_11_016--300x200.jpg\" alt=\"Bottrop_Halde_Haniel_14_11_016\" width=\"300\" height=\"200\" srcset=\"http:\/\/blog.meineigenerweg.de\/wp-content\/uploads\/2014\/11\/Bottrop_Halde_Haniel_14_11_016--300x200.jpg 300w, http:\/\/blog.meineigenerweg.de\/wp-content\/uploads\/2014\/11\/Bottrop_Halde_Haniel_14_11_016-.jpg 1000w\" sizes=\"auto, (max-width: 300px) 100vw, 300px\" \/><\/a><br \/>\n\u00dcber 15 Stationen<br \/>\n<a href=\"http:\/\/blog.meineigenerweg.de\/wp-content\/uploads\/2014\/11\/Bottrop_Halde_Haniel_14_11_052-.jpg\"><img loading=\"lazy\" decoding=\"async\" class=\"alignnone size-medium wp-image-3049\" src=\"http:\/\/blog.meineigenerweg.de\/wp-content\/uploads\/2014\/11\/Bottrop_Halde_Haniel_14_11_052--300x200.jpg\" alt=\"Bottrop_Halde_Haniel_14_11_052\" width=\"300\" height=\"200\" srcset=\"http:\/\/blog.meineigenerweg.de\/wp-content\/uploads\/2014\/11\/Bottrop_Halde_Haniel_14_11_052--300x200.jpg 300w, http:\/\/blog.meineigenerweg.de\/wp-content\/uploads\/2014\/11\/Bottrop_Halde_Haniel_14_11_052-.jpg 1000w\" sizes=\"auto, (max-width: 300px) 100vw, 300px\" \/><\/a><br \/>\nkommst du zum &#8222;Gipfelkreuz&#8220;.<br \/>\n<a href=\"http:\/\/blog.meineigenerweg.de\/wp-content\/uploads\/2014\/11\/Bottrop_Halde_Haniel_14_11_069-.jpg\"><img loading=\"lazy\" decoding=\"async\" class=\"alignnone size-medium wp-image-3051\" src=\"http:\/\/blog.meineigenerweg.de\/wp-content\/uploads\/2014\/11\/Bottrop_Halde_Haniel_14_11_069--300x200.jpg\" alt=\"Bottrop_Halde_Haniel_14_11_069\" width=\"300\" height=\"200\" srcset=\"http:\/\/blog.meineigenerweg.de\/wp-content\/uploads\/2014\/11\/Bottrop_Halde_Haniel_14_11_069--300x200.jpg 300w, http:\/\/blog.meineigenerweg.de\/wp-content\/uploads\/2014\/11\/Bottrop_Halde_Haniel_14_11_069-.jpg 1000w\" sizes=\"auto, (max-width: 300px) 100vw, 300px\" \/><\/a><br \/>\nSchon von hier aus kannst du weit \u00fcber das Ruhrgebiet blicken. Wenn du in n\u00f6rdliche Richtung schaust, siehst du nur noch gr\u00fcne Wiesen und herbstlich bunte W\u00e4lder.<br \/>\n<a href=\"http:\/\/blog.meineigenerweg.de\/wp-content\/uploads\/2014\/11\/Bottrop_Halde_Haniel_14_11_086-.jpg\"><img loading=\"lazy\" decoding=\"async\" class=\"alignnone size-medium wp-image-3053\" src=\"http:\/\/blog.meineigenerweg.de\/wp-content\/uploads\/2014\/11\/Bottrop_Halde_Haniel_14_11_086--300x200.jpg\" alt=\"Bottrop_Halde_Haniel_14_11_086\" width=\"300\" height=\"200\" srcset=\"http:\/\/blog.meineigenerweg.de\/wp-content\/uploads\/2014\/11\/Bottrop_Halde_Haniel_14_11_086--300x200.jpg 300w, http:\/\/blog.meineigenerweg.de\/wp-content\/uploads\/2014\/11\/Bottrop_Halde_Haniel_14_11_086-.jpg 1000w\" sizes=\"auto, (max-width: 300px) 100vw, 300px\" \/><\/a>\u00a0<a href=\"http:\/\/blog.meineigenerweg.de\/wp-content\/uploads\/2014\/11\/Bottrop_Halde_Haniel_14_11_088x.jpg\"><img loading=\"lazy\" decoding=\"async\" class=\"alignnone size-medium wp-image-3055\" src=\"http:\/\/blog.meineigenerweg.de\/wp-content\/uploads\/2014\/11\/Bottrop_Halde_Haniel_14_11_088x-300x200.jpg\" alt=\"Bottrop_Halde_Haniel_14_11_088x\" width=\"300\" height=\"200\" srcset=\"http:\/\/blog.meineigenerweg.de\/wp-content\/uploads\/2014\/11\/Bottrop_Halde_Haniel_14_11_088x-300x200.jpg 300w, http:\/\/blog.meineigenerweg.de\/wp-content\/uploads\/2014\/11\/Bottrop_Halde_Haniel_14_11_088x.jpg 1000w\" sizes=\"auto, (max-width: 300px) 100vw, 300px\" \/><\/a><br \/>\nBis zum Gipfel sind es noch ein paar H\u00f6henmeter. Es erwartet dich eine sehr surreale\u00a0Mondlandschaft, schwarze Erde, Steine, Ger\u00f6ll.<br \/>\n<a href=\"http:\/\/blog.meineigenerweg.de\/wp-content\/uploads\/2014\/11\/Bottrop_Halde_Haniel_14_11_090-.jpg\"><img loading=\"lazy\" decoding=\"async\" class=\"alignnone size-medium wp-image-3058\" src=\"http:\/\/blog.meineigenerweg.de\/wp-content\/uploads\/2014\/11\/Bottrop_Halde_Haniel_14_11_090--300x200.jpg\" alt=\"Bottrop_Halde_Haniel_14_11_090\" width=\"300\" height=\"200\" srcset=\"http:\/\/blog.meineigenerweg.de\/wp-content\/uploads\/2014\/11\/Bottrop_Halde_Haniel_14_11_090--300x200.jpg 300w, http:\/\/blog.meineigenerweg.de\/wp-content\/uploads\/2014\/11\/Bottrop_Halde_Haniel_14_11_090-.jpg 1000w\" sizes=\"auto, (max-width: 300px) 100vw, 300px\" \/><\/a><br \/>\nUnter dem Gipfel gibt es ein sch\u00f6nes Amphitheater; hier finden im Sommer Konzerte statt. Oberen, am Rand der Halde, kannst du schon die\u00a0Stehlen sehen.<br \/>\n<a href=\"http:\/\/blog.meineigenerweg.de\/wp-content\/uploads\/2014\/11\/Bottrop_Halde_Haniel_14_11_091x.jpg\"><img loading=\"lazy\" decoding=\"async\" class=\"alignnone size-medium wp-image-3062\" src=\"http:\/\/blog.meineigenerweg.de\/wp-content\/uploads\/2014\/11\/Bottrop_Halde_Haniel_14_11_091x-300x200.jpg\" alt=\"Bottrop_Halde_Haniel_14_11_091x\" width=\"300\" height=\"200\" srcset=\"http:\/\/blog.meineigenerweg.de\/wp-content\/uploads\/2014\/11\/Bottrop_Halde_Haniel_14_11_091x-300x200.jpg 300w, http:\/\/blog.meineigenerweg.de\/wp-content\/uploads\/2014\/11\/Bottrop_Halde_Haniel_14_11_091x.jpg 1000w\" sizes=\"auto, (max-width: 300px) 100vw, 300px\" \/><br \/>\n<\/a>\u00dcber einhundert bemalte Stehlen strecken sich in den Himmel.<\/p>\n<p><a href=\"http:\/\/blog.meineigenerweg.de\/wp-content\/uploads\/2014\/11\/Bottrop_Halde_Haniel_14_11_096-.jpg\"><img loading=\"lazy\" decoding=\"async\" class=\"alignnone size-medium wp-image-3067\" src=\"http:\/\/blog.meineigenerweg.de\/wp-content\/uploads\/2014\/11\/Bottrop_Halde_Haniel_14_11_100--300x200.jpg\" alt=\"Bottrop_Halde_Haniel_14_11_100\" width=\"300\" height=\"200\" srcset=\"http:\/\/blog.meineigenerweg.de\/wp-content\/uploads\/2014\/11\/Bottrop_Halde_Haniel_14_11_100--300x200.jpg 300w, http:\/\/blog.meineigenerweg.de\/wp-content\/uploads\/2014\/11\/Bottrop_Halde_Haniel_14_11_100-.jpg 1000w\" sizes=\"auto, (max-width: 300px) 100vw, 300px\" \/><br \/>\n<span style=\"color: #000000;\">Augustin Ibarrola, der 2007 dieses Kunstwerk aus Bahnschwellen geschaffen hat, gab ihm den Namen Windkamm. Sehr passend, hier oben ist es windig und kalt.<\/span><br \/>\n<img loading=\"lazy\" decoding=\"async\" class=\"alignnone size-medium wp-image-3066\" src=\"http:\/\/blog.meineigenerweg.de\/wp-content\/uploads\/2014\/11\/Bottrop_Halde_Haniel_14_11_096--300x200.jpg\" alt=\"Bottrop_Halde_Haniel_14_11_096\" width=\"300\" height=\"200\" srcset=\"http:\/\/blog.meineigenerweg.de\/wp-content\/uploads\/2014\/11\/Bottrop_Halde_Haniel_14_11_096--300x200.jpg 300w, http:\/\/blog.meineigenerweg.de\/wp-content\/uploads\/2014\/11\/Bottrop_Halde_Haniel_14_11_096-.jpg 1000w\" sizes=\"auto, (max-width: 300px) 100vw, 300px\" \/><\/a>\u00a0<a href=\"http:\/\/blog.meineigenerweg.de\/wp-content\/uploads\/2014\/11\/Bottrop_Halde_Haniel_14_11_106-.jpg\"><img loading=\"lazy\" decoding=\"async\" class=\"alignnone size-medium wp-image-3069\" src=\"http:\/\/blog.meineigenerweg.de\/wp-content\/uploads\/2014\/11\/Bottrop_Halde_Haniel_14_11_106--300x200.jpg\" alt=\"Bottrop_Halde_Haniel_14_11_106\" width=\"300\" height=\"200\" srcset=\"http:\/\/blog.meineigenerweg.de\/wp-content\/uploads\/2014\/11\/Bottrop_Halde_Haniel_14_11_106--300x200.jpg 300w, http:\/\/blog.meineigenerweg.de\/wp-content\/uploads\/2014\/11\/Bottrop_Halde_Haniel_14_11_106-.jpg 1000w\" sizes=\"auto, (max-width: 300px) 100vw, 300px\" \/><br \/>\n<span style=\"color: #000000;\">Diese Beiden sehen aus, als ob sie im Zwiegespr\u00e4ch miteinander sind.<\/span><br \/>\n<img loading=\"lazy\" decoding=\"async\" class=\"alignnone size-medium wp-image-3068\" src=\"http:\/\/blog.meineigenerweg.de\/wp-content\/uploads\/2014\/11\/Bottrop_Halde_Haniel_14_11_103--300x200.jpg\" alt=\"Bottrop_Halde_Haniel_14_11_103\" width=\"300\" height=\"200\" srcset=\"http:\/\/blog.meineigenerweg.de\/wp-content\/uploads\/2014\/11\/Bottrop_Halde_Haniel_14_11_103--300x200.jpg 300w, http:\/\/blog.meineigenerweg.de\/wp-content\/uploads\/2014\/11\/Bottrop_Halde_Haniel_14_11_103-.jpg 1000w\" sizes=\"auto, (max-width: 300px) 100vw, 300px\" \/><\/a><\/p>\n<p><em>Meine Wertung: <span style=\"color: #ff0000;\">****<\/span>* sehenswert<\/em><br \/>\n<em>Bottrop<\/em><br \/>\n<em>Fernwaldstra\u00dfe<\/em><br \/>\n<em>Zeche Prosper Haniel <\/em><br \/>\n<em>Besucherparkplatz<\/em><\/p>\n","protected":false},"excerpt":{"rendered":"<p>14.11.14 Mit 185 mtr ist\u00a0die Halde Haniel\u00a0die h\u00f6chste Halde im Ruhrgebiet. Und sie ist eine aktive Halde, denn der n\u00f6rdliche Teil wird immer noch aufgesch\u00fcttet. Die Zeche Prosper Haniel ist eine der letzten aktiven Zechen im Ruhrgebiet. Von weitem schon sieht man, dass sich die gro\u00dfen Laufr\u00e4der, mit denen Menschen<\/p>\n","protected":false},"author":1,"featured_media":3065,"parent":1809,"menu_order":0,"comment_status":"closed","ping_status":"closed","template":"","meta":{"footnotes":""},"class_list":["post-3028","page","type-page","status-publish","has-post-thumbnail","hentry"],"_links":{"self":[{"href":"http:\/\/blog.meineigenerweg.de\/index.php?rest_route=\/wp\/v2\/pages\/3028","targetHints":{"allow":["GET"]}}],"collection":[{"href":"http:\/\/blog.meineigenerweg.de\/index.php?rest_route=\/wp\/v2\/pages"}],"about":[{"href":"http:\/\/blog.meineigenerweg.de\/index.php?rest_route=\/wp\/v2\/types\/page"}],"author":[{"embeddable":true,"href":"http:\/\/blog.meineigenerweg.de\/index.php?rest_route=\/wp\/v2\/users\/1"}],"replies":[{"embeddable":true,"href":"http:\/\/blog.meineigenerweg.de\/index.php?rest_route=%2Fwp%2Fv2%2Fcomments&post=3028"}],"version-history":[{"count":19,"href":"http:\/\/blog.meineigenerweg.de\/index.php?rest_route=\/wp\/v2\/pages\/3028\/revisions"}],"predecessor-version":[{"id":5879,"href":"http:\/\/blog.meineigenerweg.de\/index.php?rest_route=\/wp\/v2\/pages\/3028\/revisions\/5879"}],"up":[{"embeddable":true,"href":"http:\/\/blog.meineigenerweg.de\/index.php?rest_route=\/wp\/v2\/pages\/1809"}],"wp:featuredmedia":[{"embeddable":true,"href":"http:\/\/blog.meineigenerweg.de\/index.php?rest_route=\/wp\/v2\/media\/3065"}],"wp:attachment":[{"href":"http:\/\/blog.meineigenerweg.de\/index.php?rest_route=%2Fwp%2Fv2%2Fmedia&parent=3028"}],"curies":[{"name":"wp","href":"https:\/\/api.w.org\/{rel}","templated":true}]}}