{"id":2816,"date":"2014-10-28T15:22:59","date_gmt":"2014-10-28T14:22:59","guid":{"rendered":"http:\/\/blog.meineigenerweg.de\/?page_id=2816"},"modified":"2019-03-28T21:06:09","modified_gmt":"2019-03-28T20:06:09","slug":"gelsenkirchen-halde-rungenberg","status":"publish","type":"page","link":"http:\/\/blog.meineigenerweg.de\/?page_id=2816","title":{"rendered":"Gelsenkirchen &#8211; Halde Rungenberg ****"},"content":{"rendered":"<p>04.10.14<\/p>\n<p>Das Besondere an der <span style=\"color: #0000ff;\"><a href=\"http:\/\/www.halden.ruhr\/halde-rungenberg.html\" target=\"_blank\" rel=\"noopener noreferrer\"><span style=\"color: #0000ff;\"><span style=\"text-decoration: underline;\">Halde Rungenberg<\/span><\/span><\/a><\/span> in Gelsenkirchen sind die zwei H\u00fcgel,\u00a0auf denen jeweils\u00a0ein gewaltig gro\u00dfer Scheinwerfer steht und in den Himmel leuchtet. Bei Tag ist das nicht so spektakul\u00e4r, das muss ich mir bei Nacht im Dunklen anschauen. Es gibt zwei Parkpl\u00e4tze, einen in der N\u00e4he der Autobahn und einen im angrenzendem Wohngebiet.\u00a0Nachts und Wohngebiet h\u00f6rte sich nicht so spannend an, also habe ich mich f\u00fcr den anderen Parkplatz, den an der\u00a0Rungenbergstra\u00dfe, entschieden. Nach\u00a0kurzem suchen habe ich den Weg zur Halde gefunden. Genau so, wie ich es mir vorgestellt und gew\u00fcnscht habe, keine Beleuchtung, kein Wegweiser, nur die Hoffnung, hier richtig zu sein. Mutig gehe ich den Weg bergauf. Stockfinster, gut das ich an eine Taschenlampe gedacht habe. Ich laufe und laufe, es wird immer dunkler, der Weg schl\u00e4ngelt sich durch dichten Wald und wird mit jedem Schritt matschiger. Ein bisschen unheimlich ist mir schon, da ein paar komische Ger\u00e4usche, da huscht etwas durch Unterholz, da knackt es im Geb\u00fcsch. Von einem Gipfel ist\u00a0weit und breit nichts zu erkennen und von den Scheinwerfern schon gar nicht. Mir kommen Zweifel, ob ich hier\u00a0\u00fcberhaupt richtig bin? Habe ich mich verlaufen?\u00a0Nach zwanzig Minuten gebe ich auf\u00a0und kehre um.\u00a0Ich bin froh nach kurzer Zeit\u00a0wieder im Auto zu sitzen. Aber so schnell lasse ich mich nicht entmutigen. Ich fahre um die Halde herum in die Siedlung Sch\u00fcngelberg. Hier gibt es sogar ein Hinweisschild zur Halde, das mich in die\u00a0Siedlung hineinf\u00fchrt. Nach vielen Kurven durch kleinen Stra\u00dfen, vorbei an neuen Einfamilienh\u00e4usern und alten Bergmannsh\u00e4usern,\u00a0sehe ich pl\u00f6tzlich eine Treppe, die nach oben f\u00fchrt. Das muss mein Weg sein, ich parke am Stra\u00dfenrand und mache mich wieder zu Fu\u00df auf die Suche.<\/p>\n<p>Der Vollmond beleuchtet meinen Weg, hier bin ich wohl richtig.<br \/>\n<a href=\"http:\/\/blog.meineigenerweg.de\/wp-content\/uploads\/2014\/10\/DSC_5837x.jpg\"><img loading=\"lazy\" decoding=\"async\" class=\"alignnone size-medium wp-image-2925\" src=\"http:\/\/blog.meineigenerweg.de\/wp-content\/uploads\/2014\/10\/DSC_5837x-300x200.jpg\" alt=\"DSC_5837x\" width=\"300\" height=\"200\" srcset=\"http:\/\/blog.meineigenerweg.de\/wp-content\/uploads\/2014\/10\/DSC_5837x-300x200.jpg 300w, http:\/\/blog.meineigenerweg.de\/wp-content\/uploads\/2014\/10\/DSC_5837x.jpg 1000w\" sizes=\"auto, (max-width: 300px) 100vw, 300px\" \/><\/a><br \/>\nNach ein paar Stufen kann ich die Nachtzeichen, so hei\u00dfen die beiden Scheinwerfer, schon erkennen.<br \/>\n<a href=\"http:\/\/blog.meineigenerweg.de\/wp-content\/uploads\/2014\/10\/DSC_5839x.jpg\"><img loading=\"lazy\" decoding=\"async\" class=\"alignnone size-medium wp-image-2928\" src=\"http:\/\/blog.meineigenerweg.de\/wp-content\/uploads\/2014\/10\/DSC_5839x-300x200.jpg\" alt=\"DSC_5839x\" width=\"300\" height=\"200\" srcset=\"http:\/\/blog.meineigenerweg.de\/wp-content\/uploads\/2014\/10\/DSC_5839x-300x200.jpg 300w, http:\/\/blog.meineigenerweg.de\/wp-content\/uploads\/2014\/10\/DSC_5839x.jpg 1000w\" sizes=\"auto, (max-width: 300px) 100vw, 300px\" \/><\/a><br \/>\nVon der einen Seite erklingt laute Musik und Gel\u00e4chter, ein paar Jugendliche haben viel Freude und feiern lautstark.\u00a0Die will ich nicht st\u00f6ren und w\u00e4hle\u00a0die ruhigere Seite.<br \/>\n<a href=\"http:\/\/blog.meineigenerweg.de\/wp-content\/uploads\/2014\/10\/DSC_5857y.jpg\"><img loading=\"lazy\" decoding=\"async\" class=\"alignnone size-medium wp-image-2930\" src=\"http:\/\/blog.meineigenerweg.de\/wp-content\/uploads\/2014\/10\/DSC_5857y-300x200.jpg\" alt=\"DSC_5857y\" width=\"300\" height=\"200\" srcset=\"http:\/\/blog.meineigenerweg.de\/wp-content\/uploads\/2014\/10\/DSC_5857y-300x200.jpg 300w, http:\/\/blog.meineigenerweg.de\/wp-content\/uploads\/2014\/10\/DSC_5857y.jpg 1000w\" sizes=\"auto, (max-width: 300px) 100vw, 300px\" \/><\/a><br \/>\nDer Aufstieg lohnt sich auf jeden Fall, es ist zwar kalt und windig, aber die Aussicht in alle Richtungen ist einfach atemberaubend.<br \/>\nDen Berger See und das Schlo\u00df Berge\u00a0kann ich nur erahnen, daf\u00fcr leuchtet das\u00a0Lichtermeer der Scholven-Chemie umso mehr.<br \/>\n<a href=\"http:\/\/blog.meineigenerweg.de\/wp-content\/uploads\/2014\/10\/DSC_5856x.jpg\"><img loading=\"lazy\" decoding=\"async\" class=\"alignnone size-medium wp-image-2931\" src=\"http:\/\/blog.meineigenerweg.de\/wp-content\/uploads\/2014\/10\/DSC_5856x-300x200.jpg\" alt=\"DSC_5856x\" width=\"300\" height=\"200\" srcset=\"http:\/\/blog.meineigenerweg.de\/wp-content\/uploads\/2014\/10\/DSC_5856x-300x200.jpg 300w, http:\/\/blog.meineigenerweg.de\/wp-content\/uploads\/2014\/10\/DSC_5856x.jpg 1000w\" sizes=\"auto, (max-width: 300px) 100vw, 300px\" \/><\/a><\/p>\n<p><em>Meine Wertung: <span style=\"color: #ff0000;\">****<\/span>* sehenswert bei Nacht<\/em><br \/>\n<em>Gelsenkirchen<\/em><br \/>\n<em>Holthauser Str. \/ Ecke Zum Rungenberg<\/em><\/p>\n<p>&nbsp;<\/p>\n","protected":false},"excerpt":{"rendered":"<p>04.10.14 Das Besondere an der Halde Rungenberg in Gelsenkirchen sind die zwei H\u00fcgel,\u00a0auf denen jeweils\u00a0ein gewaltig gro\u00dfer Scheinwerfer steht und in den Himmel leuchtet. Bei Tag ist das nicht so spektakul\u00e4r, das muss ich mir bei Nacht im Dunklen anschauen. Es gibt zwei Parkpl\u00e4tze, einen in der N\u00e4he der Autobahn<\/p>\n","protected":false},"author":1,"featured_media":2940,"parent":1809,"menu_order":0,"comment_status":"closed","ping_status":"closed","template":"","meta":{"footnotes":""},"class_list":["post-2816","page","type-page","status-publish","has-post-thumbnail","hentry"],"_links":{"self":[{"href":"http:\/\/blog.meineigenerweg.de\/index.php?rest_route=\/wp\/v2\/pages\/2816","targetHints":{"allow":["GET"]}}],"collection":[{"href":"http:\/\/blog.meineigenerweg.de\/index.php?rest_route=\/wp\/v2\/pages"}],"about":[{"href":"http:\/\/blog.meineigenerweg.de\/index.php?rest_route=\/wp\/v2\/types\/page"}],"author":[{"embeddable":true,"href":"http:\/\/blog.meineigenerweg.de\/index.php?rest_route=\/wp\/v2\/users\/1"}],"replies":[{"embeddable":true,"href":"http:\/\/blog.meineigenerweg.de\/index.php?rest_route=%2Fwp%2Fv2%2Fcomments&post=2816"}],"version-history":[{"count":19,"href":"http:\/\/blog.meineigenerweg.de\/index.php?rest_route=\/wp\/v2\/pages\/2816\/revisions"}],"predecessor-version":[{"id":5886,"href":"http:\/\/blog.meineigenerweg.de\/index.php?rest_route=\/wp\/v2\/pages\/2816\/revisions\/5886"}],"up":[{"embeddable":true,"href":"http:\/\/blog.meineigenerweg.de\/index.php?rest_route=\/wp\/v2\/pages\/1809"}],"wp:featuredmedia":[{"embeddable":true,"href":"http:\/\/blog.meineigenerweg.de\/index.php?rest_route=\/wp\/v2\/media\/2940"}],"wp:attachment":[{"href":"http:\/\/blog.meineigenerweg.de\/index.php?rest_route=%2Fwp%2Fv2%2Fmedia&parent=2816"}],"curies":[{"name":"wp","href":"https:\/\/api.w.org\/{rel}","templated":true}]}}