{"id":2812,"date":"2014-10-16T17:01:05","date_gmt":"2014-10-16T16:01:05","guid":{"rendered":"http:\/\/blog.meineigenerweg.de\/?page_id=2812"},"modified":"2020-01-12T22:06:34","modified_gmt":"2020-01-12T21:06:34","slug":"freiburg-wochenmarkt","status":"publish","type":"page","link":"http:\/\/blog.meineigenerweg.de\/?page_id=2812","title":{"rendered":"Freiburg &#8211; Wochenmarkt *****"},"content":{"rendered":"<p>11.10.14<\/p>\n<p>Es ist meine Lieblingsstadt und zu jeder Jahreszeit sch\u00f6n.<\/p>\n<p>Ich mag den Altweibersommer besonders gerne, wenn sich die B\u00e4ume im Schwarzwald bunt f\u00e4rben, die fr\u00fchen Nebel in den Bergen h\u00e4ngen und sp\u00e4ter die Sonne klar und warm, aber nicht mehr hei\u00df, von einem klaren, blauen Himmel scheint. Dann kann man durch die kleinen Gassen der Altstadt bummeln, hier einen Zwiebelkuchen essen, dort ein Glas neuen Wein probieren.\u00a0Man kann bei einem Glas frischgepressten Apfelsaft und einem St\u00fcck duftendem Flammkuchen am M\u00fcnster sitzen und einfach nur den Tag vergehen lassen.\u00a0Wenn es dunkel wird kann man in einer dicken Jacke einen romantischen Abend\u00a0an einem der vielen B\u00e4chle, die durch die Stadt flie\u00dfen, sitzen und dazu einen Riesling und K\u00fcrbissuppe und K\u00e4sesp\u00e4tzle genie\u00dfen.<br \/>\nViele Gr\u00fc\u00dfe von der Waage, wenn man wieder zu Hause ist.<\/p>\n<p>Also, lasst uns ein bisschen laufen. Wie w\u00e4re es mit dem Bauernmarkt, der jeden Vormittag um das M\u00fcnster herum stattfindet.<br \/>\n<a href=\"http:\/\/blog.meineigenerweg.de\/wp-content\/uploads\/2014\/10\/P1000102.jpg\"><img loading=\"lazy\" decoding=\"async\" class=\"alignnone size-medium wp-image-2831\" src=\"http:\/\/blog.meineigenerweg.de\/wp-content\/uploads\/2014\/10\/P1000102-300x168.jpg\" alt=\"P1000102\" width=\"300\" height=\"168\" srcset=\"http:\/\/blog.meineigenerweg.de\/wp-content\/uploads\/2014\/10\/P1000102-300x168.jpg 300w, http:\/\/blog.meineigenerweg.de\/wp-content\/uploads\/2014\/10\/P1000102.jpg 1000w\" sizes=\"auto, (max-width: 300px) 100vw, 300px\" \/><\/a> <a href=\"http:\/\/blog.meineigenerweg.de\/wp-content\/uploads\/2014\/10\/P1000200.jpg\"><img loading=\"lazy\" decoding=\"async\" class=\"alignnone size-medium wp-image-2832\" src=\"http:\/\/blog.meineigenerweg.de\/wp-content\/uploads\/2014\/10\/P1000200-300x168.jpg\" alt=\"P1000200\" width=\"300\" height=\"168\" srcset=\"http:\/\/blog.meineigenerweg.de\/wp-content\/uploads\/2014\/10\/P1000200-300x168.jpg 300w, http:\/\/blog.meineigenerweg.de\/wp-content\/uploads\/2014\/10\/P1000200.jpg 1000w\" sizes=\"auto, (max-width: 300px) 100vw, 300px\" \/><\/a><\/p>\n<p>Herbstblumen<br \/>\n<a href=\"http:\/\/blog.meineigenerweg.de\/wp-content\/uploads\/2014\/10\/P1000087.jpg\"><img loading=\"lazy\" decoding=\"async\" class=\"alignnone size-medium wp-image-2828\" src=\"http:\/\/blog.meineigenerweg.de\/wp-content\/uploads\/2014\/10\/P1000087-300x168.jpg\" alt=\"P1000087\" width=\"300\" height=\"168\" srcset=\"http:\/\/blog.meineigenerweg.de\/wp-content\/uploads\/2014\/10\/P1000087-300x168.jpg 300w, http:\/\/blog.meineigenerweg.de\/wp-content\/uploads\/2014\/10\/P1000087.jpg 1000w\" sizes=\"auto, (max-width: 300px) 100vw, 300px\" \/><\/a> <a href=\"http:\/\/blog.meineigenerweg.de\/wp-content\/uploads\/2014\/10\/P1000091.jpg\"><img loading=\"lazy\" decoding=\"async\" class=\"alignnone size-medium wp-image-2829\" src=\"http:\/\/blog.meineigenerweg.de\/wp-content\/uploads\/2014\/10\/P1000091-300x168.jpg\" alt=\"P1000091\" width=\"300\" height=\"168\" srcset=\"http:\/\/blog.meineigenerweg.de\/wp-content\/uploads\/2014\/10\/P1000091-300x168.jpg 300w, http:\/\/blog.meineigenerweg.de\/wp-content\/uploads\/2014\/10\/P1000091.jpg 1000w\" sizes=\"auto, (max-width: 300px) 100vw, 300px\" \/><\/a><\/p>\n<p>K\u00fcrbisse und M\u00f6hren<br \/>\n<a href=\"http:\/\/blog.meineigenerweg.de\/wp-content\/uploads\/2014\/10\/P1000203.jpg\"><img loading=\"lazy\" decoding=\"async\" class=\"alignnone size-medium wp-image-2835\" src=\"http:\/\/blog.meineigenerweg.de\/wp-content\/uploads\/2014\/10\/P1000203-300x168.jpg\" alt=\"P1000203\" width=\"300\" height=\"168\" srcset=\"http:\/\/blog.meineigenerweg.de\/wp-content\/uploads\/2014\/10\/P1000203-300x168.jpg 300w, http:\/\/blog.meineigenerweg.de\/wp-content\/uploads\/2014\/10\/P1000203.jpg 1000w\" sizes=\"auto, (max-width: 300px) 100vw, 300px\" \/><\/a> <a href=\"http:\/\/blog.meineigenerweg.de\/wp-content\/uploads\/2014\/10\/P1000201.jpg\"><img loading=\"lazy\" decoding=\"async\" class=\"alignnone size-medium wp-image-2833\" src=\"http:\/\/blog.meineigenerweg.de\/wp-content\/uploads\/2014\/10\/P1000201-300x168.jpg\" alt=\"P1000201\" width=\"300\" height=\"168\" srcset=\"http:\/\/blog.meineigenerweg.de\/wp-content\/uploads\/2014\/10\/P1000201-300x168.jpg 300w, http:\/\/blog.meineigenerweg.de\/wp-content\/uploads\/2014\/10\/P1000201.jpg 1000w\" sizes=\"auto, (max-width: 300px) 100vw, 300px\" \/><\/a><\/p>\n<p>Herbstliche Deko<br \/>\n<a href=\"http:\/\/blog.meineigenerweg.de\/wp-content\/uploads\/2014\/10\/P1000098.jpg\"><img loading=\"lazy\" decoding=\"async\" class=\"alignnone size-medium wp-image-2837\" src=\"http:\/\/blog.meineigenerweg.de\/wp-content\/uploads\/2014\/10\/P1000098-300x168.jpg\" alt=\"P1000098\" width=\"300\" height=\"168\" srcset=\"http:\/\/blog.meineigenerweg.de\/wp-content\/uploads\/2014\/10\/P1000098-300x168.jpg 300w, http:\/\/blog.meineigenerweg.de\/wp-content\/uploads\/2014\/10\/P1000098.jpg 1000w\" sizes=\"auto, (max-width: 300px) 100vw, 300px\" \/><\/a> <a href=\"http:\/\/blog.meineigenerweg.de\/wp-content\/uploads\/2014\/10\/P1000099.jpg\"><img loading=\"lazy\" decoding=\"async\" class=\"alignnone size-medium wp-image-2838\" src=\"http:\/\/blog.meineigenerweg.de\/wp-content\/uploads\/2014\/10\/P1000099-300x168.jpg\" alt=\"P1000099\" width=\"300\" height=\"168\" srcset=\"http:\/\/blog.meineigenerweg.de\/wp-content\/uploads\/2014\/10\/P1000099-300x168.jpg 300w, http:\/\/blog.meineigenerweg.de\/wp-content\/uploads\/2014\/10\/P1000099.jpg 1000w\" sizes=\"auto, (max-width: 300px) 100vw, 300px\" \/><\/a><\/p>\n<p>Weintrauben und neuer Wein<br \/>\n<a href=\"http:\/\/blog.meineigenerweg.de\/wp-content\/uploads\/2014\/10\/P1000079.jpg\"><img loading=\"lazy\" decoding=\"async\" class=\"alignnone size-medium wp-image-2841\" src=\"http:\/\/blog.meineigenerweg.de\/wp-content\/uploads\/2014\/10\/P1000079-300x168.jpg\" alt=\"P1000079\" width=\"300\" height=\"168\" srcset=\"http:\/\/blog.meineigenerweg.de\/wp-content\/uploads\/2014\/10\/P1000079-300x168.jpg 300w, http:\/\/blog.meineigenerweg.de\/wp-content\/uploads\/2014\/10\/P1000079.jpg 1000w\" sizes=\"auto, (max-width: 300px) 100vw, 300px\" \/><\/a>\u00a0<a href=\"http:\/\/blog.meineigenerweg.de\/wp-content\/uploads\/2014\/10\/P1000076.jpg\"><img loading=\"lazy\" decoding=\"async\" class=\"alignnone size-medium wp-image-2840\" src=\"http:\/\/blog.meineigenerweg.de\/wp-content\/uploads\/2014\/10\/P1000076-300x168.jpg\" alt=\"P1000076\" width=\"300\" height=\"168\" srcset=\"http:\/\/blog.meineigenerweg.de\/wp-content\/uploads\/2014\/10\/P1000076-300x168.jpg 300w, http:\/\/blog.meineigenerweg.de\/wp-content\/uploads\/2014\/10\/P1000076.jpg 1000w\" sizes=\"auto, (max-width: 300px) 100vw, 300px\" \/><\/a><\/p>\n<p>Aber aufgepasst, nichts ins B\u00e4chle treten &#8230;<br \/>\n<a href=\"http:\/\/blog.meineigenerweg.de\/wp-content\/uploads\/2014\/10\/Staufen_14_10_013.jpg\"><img loading=\"lazy\" decoding=\"async\" class=\"alignnone size-medium wp-image-2846\" src=\"http:\/\/blog.meineigenerweg.de\/wp-content\/uploads\/2014\/10\/Staufen_14_10_013-300x168.jpg\" alt=\"Staufen_14_10_013\" width=\"300\" height=\"168\" srcset=\"http:\/\/blog.meineigenerweg.de\/wp-content\/uploads\/2014\/10\/Staufen_14_10_013-300x168.jpg 300w, http:\/\/blog.meineigenerweg.de\/wp-content\/uploads\/2014\/10\/Staufen_14_10_013.jpg 1000w\" sizes=\"auto, (max-width: 300px) 100vw, 300px\" \/><\/a><\/p>\n<p>&nbsp;<\/p>\n<p><iframe loading=\"lazy\" src=\"\/\/www.youtube.com\/embed\/S4jPbL8JVLU\" width=\"300\" height=\"225\" frameborder=\"0\" allowfullscreen=\"allowfullscreen\"><\/iframe><\/p>\n<p>Meine Wertung: ***** sehenswert<br \/>\num das M\u00fcnster herum<br \/>\nFreiburg<\/p>\n","protected":false},"excerpt":{"rendered":"<p>11.10.14 Es ist meine Lieblingsstadt und zu jeder Jahreszeit sch\u00f6n. Ich mag den Altweibersommer besonders gerne, wenn sich die B\u00e4ume im Schwarzwald bunt f\u00e4rben, die fr\u00fchen Nebel in den Bergen h\u00e4ngen und sp\u00e4ter die Sonne klar und warm, aber nicht mehr hei\u00df, von einem klaren, blauen Himmel scheint. Dann kann<\/p>\n","protected":false},"author":1,"featured_media":2848,"parent":3419,"menu_order":0,"comment_status":"closed","ping_status":"closed","template":"","meta":{"footnotes":""},"class_list":["post-2812","page","type-page","status-publish","has-post-thumbnail","hentry"],"_links":{"self":[{"href":"http:\/\/blog.meineigenerweg.de\/index.php?rest_route=\/wp\/v2\/pages\/2812","targetHints":{"allow":["GET"]}}],"collection":[{"href":"http:\/\/blog.meineigenerweg.de\/index.php?rest_route=\/wp\/v2\/pages"}],"about":[{"href":"http:\/\/blog.meineigenerweg.de\/index.php?rest_route=\/wp\/v2\/types\/page"}],"author":[{"embeddable":true,"href":"http:\/\/blog.meineigenerweg.de\/index.php?rest_route=\/wp\/v2\/users\/1"}],"replies":[{"embeddable":true,"href":"http:\/\/blog.meineigenerweg.de\/index.php?rest_route=%2Fwp%2Fv2%2Fcomments&post=2812"}],"version-history":[{"count":15,"href":"http:\/\/blog.meineigenerweg.de\/index.php?rest_route=\/wp\/v2\/pages\/2812\/revisions"}],"predecessor-version":[{"id":6844,"href":"http:\/\/blog.meineigenerweg.de\/index.php?rest_route=\/wp\/v2\/pages\/2812\/revisions\/6844"}],"up":[{"embeddable":true,"href":"http:\/\/blog.meineigenerweg.de\/index.php?rest_route=\/wp\/v2\/pages\/3419"}],"wp:featuredmedia":[{"embeddable":true,"href":"http:\/\/blog.meineigenerweg.de\/index.php?rest_route=\/wp\/v2\/media\/2848"}],"wp:attachment":[{"href":"http:\/\/blog.meineigenerweg.de\/index.php?rest_route=%2Fwp%2Fv2%2Fmedia&parent=2812"}],"curies":[{"name":"wp","href":"https:\/\/api.w.org\/{rel}","templated":true}]}}