{"id":2747,"date":"2014-09-28T22:38:01","date_gmt":"2014-09-28T21:38:01","guid":{"rendered":"http:\/\/blog.meineigenerweg.de\/?page_id=2747"},"modified":"2019-03-28T23:23:30","modified_gmt":"2019-03-28T22:23:30","slug":"unna-westfriedhof-lichtkunst","status":"publish","type":"page","link":"http:\/\/blog.meineigenerweg.de\/?page_id=2747","title":{"rendered":"Unna &#8211; Westfriedhof &#8211; Lichtkunst *****"},"content":{"rendered":"<p>25.09.2014<\/p>\n<p>Bist du schon einmal nachts im Dunklen \u00fcber einen Friedhof spaziert?<\/p>\n<p>Unheimlich, die alten verwitterten Grabsteine.<br \/>\n<a href=\"http:\/\/blog.meineigenerweg.de\/wp-content\/uploads\/2014\/09\/DSC_5478.jpg\"><img loading=\"lazy\" decoding=\"async\" class=\"alignnone size-medium wp-image-2752\" src=\"http:\/\/blog.meineigenerweg.de\/wp-content\/uploads\/2014\/09\/DSC_5478-300x200.jpg\" alt=\"DSC_5478\" width=\"300\" height=\"200\" srcset=\"http:\/\/blog.meineigenerweg.de\/wp-content\/uploads\/2014\/09\/DSC_5478-300x200.jpg 300w, http:\/\/blog.meineigenerweg.de\/wp-content\/uploads\/2014\/09\/DSC_5478.jpg 1000w\" sizes=\"auto, (max-width: 300px) 100vw, 300px\" \/><\/a><br \/>\nUm die Grabsteine herum\u00a0wabern wei\u00dfen Nebelschwaden und pl\u00f6tzlich taucht eine Gestalt auf &#8230; huuuubuuuuhhhh &#8230;<br \/>\n<a href=\"http:\/\/blog.meineigenerweg.de\/wp-content\/uploads\/2014\/09\/DSC_5542.jpg\"><img loading=\"lazy\" decoding=\"async\" class=\"alignnone size-medium wp-image-2754\" src=\"http:\/\/blog.meineigenerweg.de\/wp-content\/uploads\/2014\/09\/DSC_5542-300x200.jpg\" alt=\"DSC_5542\" width=\"300\" height=\"200\" srcset=\"http:\/\/blog.meineigenerweg.de\/wp-content\/uploads\/2014\/09\/DSC_5542-300x200.jpg 300w, http:\/\/blog.meineigenerweg.de\/wp-content\/uploads\/2014\/09\/DSC_5542.jpg 1000w\" sizes=\"auto, (max-width: 300px) 100vw, 300px\" \/><\/a><br \/>\nAber keine Bange, der alte <span style=\"color: #0000ff;\"><a href=\"http:\/\/world-of-lights.eu\/veranstaltungen\/58\/Unna\" target=\"_blank\" rel=\"noopener noreferrer\"><span style=\"color: #0000ff;\"><span style=\"text-decoration: underline;\">Westfriedhof in Unna<\/span><\/span><\/a><\/span> verbreitet mit den Lichtobjekten und\u00a0Illuminationen, die dort installiert wurden, eher friedliche und\u00a0besinnliche Stimmung.<\/p>\n<p>Sicher kennst du das &#8222;<span style=\"color: #0000ff;\"><a href=\"http:\/\/www.lichtkunst-unna.de\/\" target=\"_blank\" rel=\"noopener noreferrer\"><span style=\"color: #0000ff;\"><span style=\"text-decoration: underline;\">Lichtmuseum<\/span><\/span><\/a><\/span>&#8220; in der alten Brauerei in Unna. Wenn nicht, solltest du es unbedingt einmal besuchen, es ist sehr sehenswert. In den Kellerr\u00e4umen der alten Brauerei werden Lichtobjekte und Lichtinstallationen gezeigt.<br \/>\nSchon von weitem kannst du den Kamin der Brauerei erkennen, sie liegt\u00a0mitten in der City.\u00a0Sagen dir die\u00a0leuchtenden Zahlen etwas?\u00a0(Es ist\u00a0eine Fibonacci-Folge.\u00a0Die Summe zweier \u00fcbereinander liegenden Zahlen ergibt die unmittelbar\u00a0dar\u00fcber liegende\u00a0Zahl. Ganz unten die Null sieht man nicht, aber es geht auch so: 1+1=2, 1+2=3, 2+3=5, usw).<br \/>\n<a href=\"http:\/\/blog.meineigenerweg.de\/wp-content\/uploads\/2014\/09\/IMG_04211.jpg\"><img loading=\"lazy\" decoding=\"async\" class=\"alignnone size-medium wp-image-2794\" src=\"http:\/\/blog.meineigenerweg.de\/wp-content\/uploads\/2014\/09\/IMG_04211-225x300.jpg\" alt=\"IMG_0421\" width=\"225\" height=\"300\" srcset=\"http:\/\/blog.meineigenerweg.de\/wp-content\/uploads\/2014\/09\/IMG_04211-225x300.jpg 225w, http:\/\/blog.meineigenerweg.de\/wp-content\/uploads\/2014\/09\/IMG_04211.jpg 750w\" sizes=\"auto, (max-width: 225px) 100vw, 225px\" \/><\/a><\/p>\n<p>Der Friedhof und der Eingang liegen direkt daneben.<\/p>\n<p>Zuerst kommst du in den gro\u00dfen Innenhof, der komplett mit einer animierten Lichtshow ausgeleuchtet ist. Setze dich auf einen der St\u00fchle und genie\u00dfe das Spiel der wechselnden bunten Farben und Formen.<br \/>\n<a href=\"http:\/\/blog.meineigenerweg.de\/wp-content\/uploads\/2014\/09\/DSC_5570x.jpg\"><img loading=\"lazy\" decoding=\"async\" class=\"alignnone size-medium wp-image-2755\" src=\"http:\/\/blog.meineigenerweg.de\/wp-content\/uploads\/2014\/09\/DSC_5570x-300x200.jpg\" alt=\"DSC_5570x\" width=\"300\" height=\"200\" srcset=\"http:\/\/blog.meineigenerweg.de\/wp-content\/uploads\/2014\/09\/DSC_5570x-300x200.jpg 300w, http:\/\/blog.meineigenerweg.de\/wp-content\/uploads\/2014\/09\/DSC_5570x.jpg 1000w\" sizes=\"auto, (max-width: 300px) 100vw, 300px\" \/><\/a><br \/>\nDann gehst du leise und and\u00e4chtig auf den Friedhof. Es ist dunkel und nur vereinzelt siehst du zwischen den B\u00e4umen Lichter und Farben. Schlendre zwischen den alten B\u00e4umen und Grabsteinen herum und lasse dich von der Atmosph\u00e4re verzaubern.<br \/>\nAlte Grabsteine in bunten Farben.<br \/>\n<a href=\"http:\/\/blog.meineigenerweg.de\/wp-content\/uploads\/2014\/09\/DSC_0526.jpg\"><img loading=\"lazy\" decoding=\"async\" class=\"alignnone size-medium wp-image-2777\" src=\"http:\/\/blog.meineigenerweg.de\/wp-content\/uploads\/2014\/09\/DSC_0526-300x198.jpg\" alt=\"DSC_0526\" width=\"300\" height=\"198\" srcset=\"http:\/\/blog.meineigenerweg.de\/wp-content\/uploads\/2014\/09\/DSC_0526-300x198.jpg 300w, http:\/\/blog.meineigenerweg.de\/wp-content\/uploads\/2014\/09\/DSC_0526.jpg 1000w\" sizes=\"auto, (max-width: 300px) 100vw, 300px\" \/><\/a><br \/>\nInteressante Lichtobjekte\u00a0\u00fcberraschen\u00a0mit unerwarteten\u00a0Effekten aus Licht und Schatten.<br \/>\n<a href=\"http:\/\/blog.meineigenerweg.de\/wp-content\/uploads\/2014\/09\/DSC_0567.jpg\"><img loading=\"lazy\" decoding=\"async\" class=\"alignnone size-medium wp-image-2780\" src=\"http:\/\/blog.meineigenerweg.de\/wp-content\/uploads\/2014\/09\/DSC_0567-300x198.jpg\" alt=\"DSC_0567\" width=\"300\" height=\"198\" srcset=\"http:\/\/blog.meineigenerweg.de\/wp-content\/uploads\/2014\/09\/DSC_0567-300x198.jpg 300w, http:\/\/blog.meineigenerweg.de\/wp-content\/uploads\/2014\/09\/DSC_0567.jpg 1000w\" sizes=\"auto, (max-width: 300px) 100vw, 300px\" \/><\/a><br \/>\nDie B\u00e4ume sind in buntes Licht getaucht und w\u00e4hrend du blinzelst, haben sich die Farben ver\u00e4ndert und lassen die Umgebung ver\u00e4ndert erscheinen.<br \/>\n<a href=\"http:\/\/blog.meineigenerweg.de\/wp-content\/uploads\/2014\/09\/DSC_5494.jpg\"><img loading=\"lazy\" decoding=\"async\" class=\"alignnone size-medium wp-image-2763\" src=\"http:\/\/blog.meineigenerweg.de\/wp-content\/uploads\/2014\/09\/DSC_5494-300x200.jpg\" alt=\"DSC_5494\" width=\"300\" height=\"200\" srcset=\"http:\/\/blog.meineigenerweg.de\/wp-content\/uploads\/2014\/09\/DSC_5494-300x200.jpg 300w, http:\/\/blog.meineigenerweg.de\/wp-content\/uploads\/2014\/09\/DSC_5494.jpg 1000w\" sizes=\"auto, (max-width: 300px) 100vw, 300px\" \/><\/a><br \/>\nBunte Lichter begleiten dich\u00a0bei deinem Weg zwischen den angestrahlten B\u00e4umen hindurch.<br \/>\n<a href=\"http:\/\/blog.meineigenerweg.de\/wp-content\/uploads\/2014\/09\/DSC_5525.jpg\"><img loading=\"lazy\" decoding=\"async\" class=\"alignnone size-medium wp-image-2764\" src=\"http:\/\/blog.meineigenerweg.de\/wp-content\/uploads\/2014\/09\/DSC_5525-300x200.jpg\" alt=\"DSC_5525\" width=\"300\" height=\"200\" srcset=\"http:\/\/blog.meineigenerweg.de\/wp-content\/uploads\/2014\/09\/DSC_5525-300x200.jpg 300w, http:\/\/blog.meineigenerweg.de\/wp-content\/uploads\/2014\/09\/DSC_5525.jpg 1000w\" sizes=\"auto, (max-width: 300px) 100vw, 300px\" \/><\/a><br \/>\nUnd immer wieder\u00a0gehst du an alten Grabsteinen vorbei die in unterschiedlichen\u00a0Farben zu leuchten scheinen.<br \/>\n<a href=\"http:\/\/blog.meineigenerweg.de\/wp-content\/uploads\/2014\/09\/DSC_0586.jpg\"><img loading=\"lazy\" decoding=\"async\" class=\"alignnone size-medium wp-image-2781\" src=\"http:\/\/blog.meineigenerweg.de\/wp-content\/uploads\/2014\/09\/DSC_0586-300x198.jpg\" alt=\"DSC_0586\" width=\"300\" height=\"198\" srcset=\"http:\/\/blog.meineigenerweg.de\/wp-content\/uploads\/2014\/09\/DSC_0586-300x198.jpg 300w, http:\/\/blog.meineigenerweg.de\/wp-content\/uploads\/2014\/09\/DSC_0586.jpg 1000w\" sizes=\"auto, (max-width: 300px) 100vw, 300px\" \/><\/a><br \/>\nAn einigen Stellen wird das bunte Spiel der Lichter durch exotische Kl\u00e4nge untermalt.<\/p>\n<p><iframe loading=\"lazy\" src=\"\/\/www.youtube.com\/embed\/SpurRBpqlb4\" width=\"300\" height=\"225\" frameborder=\"0\" allowfullscreen=\"allowfullscreen\"><\/iframe><\/p>\n<p><em>Meine Wertung: <span style=\"color: #ff0000;\">*****<\/span> Super! Leider vorbei, aber hier gibt es weitere <span style=\"color: #0000ff;\"><a href=\"http:\/\/world-of-lights.eu\" target=\"_blank\" rel=\"noopener noreferrer\"><span style=\"color: #0000ff;\"><span style=\"text-decoration: underline;\">Termine<\/span><\/span><\/a><\/span>.<\/em><\/p>\n","protected":false},"excerpt":{"rendered":"<p>25.09.2014 Bist du schon einmal nachts im Dunklen \u00fcber einen Friedhof spaziert? Unheimlich, die alten verwitterten Grabsteine. Um die Grabsteine herum\u00a0wabern wei\u00dfen Nebelschwaden und pl\u00f6tzlich taucht eine Gestalt auf &#8230; huuuubuuuuhhhh &#8230; Aber keine Bange, der alte Westfriedhof in Unna verbreitet mit den Lichtobjekten und\u00a0Illuminationen, die dort installiert wurden, eher<\/p>\n","protected":false},"author":1,"featured_media":2783,"parent":1809,"menu_order":0,"comment_status":"closed","ping_status":"closed","template":"","meta":{"footnotes":""},"class_list":["post-2747","page","type-page","status-publish","has-post-thumbnail","hentry"],"_links":{"self":[{"href":"http:\/\/blog.meineigenerweg.de\/index.php?rest_route=\/wp\/v2\/pages\/2747","targetHints":{"allow":["GET"]}}],"collection":[{"href":"http:\/\/blog.meineigenerweg.de\/index.php?rest_route=\/wp\/v2\/pages"}],"about":[{"href":"http:\/\/blog.meineigenerweg.de\/index.php?rest_route=\/wp\/v2\/types\/page"}],"author":[{"embeddable":true,"href":"http:\/\/blog.meineigenerweg.de\/index.php?rest_route=\/wp\/v2\/users\/1"}],"replies":[{"embeddable":true,"href":"http:\/\/blog.meineigenerweg.de\/index.php?rest_route=%2Fwp%2Fv2%2Fcomments&post=2747"}],"version-history":[{"count":26,"href":"http:\/\/blog.meineigenerweg.de\/index.php?rest_route=\/wp\/v2\/pages\/2747\/revisions"}],"predecessor-version":[{"id":5925,"href":"http:\/\/blog.meineigenerweg.de\/index.php?rest_route=\/wp\/v2\/pages\/2747\/revisions\/5925"}],"up":[{"embeddable":true,"href":"http:\/\/blog.meineigenerweg.de\/index.php?rest_route=\/wp\/v2\/pages\/1809"}],"wp:featuredmedia":[{"embeddable":true,"href":"http:\/\/blog.meineigenerweg.de\/index.php?rest_route=\/wp\/v2\/media\/2783"}],"wp:attachment":[{"href":"http:\/\/blog.meineigenerweg.de\/index.php?rest_route=%2Fwp%2Fv2%2Fmedia&parent=2747"}],"curies":[{"name":"wp","href":"https:\/\/api.w.org\/{rel}","templated":true}]}}