{"id":2672,"date":"2014-11-02T19:51:57","date_gmt":"2014-11-02T18:51:57","guid":{"rendered":"http:\/\/blog.meineigenerweg.de\/?page_id=2672"},"modified":"2019-03-28T20:36:26","modified_gmt":"2019-03-28T19:36:26","slug":"london","status":"publish","type":"page","link":"http:\/\/blog.meineigenerweg.de\/?page_id=2672","title":{"rendered":"London *****"},"content":{"rendered":"<p>10.09.2014<\/p>\n<p>Als meine beiden 14j\u00e4hrigen Nichten vor ein paar Wochen Konfirmation hatten, begann die Suche nach einem originellen Geschenk. Geld? Geht auf keinen Fall! Etwas zum Anziehen\u00a0 von einem angesagten Modelabel? Schenken die anderen schon! Aber sie sind noch nie geflogen, wie w\u00e4re es mit einem Rundflug in einem kleinen\u00a0Sportflugzeug \u00fcber das Ruhrgebiet? Gute Idee! Bis eine meiner T\u00f6chter anmerkte: Wie langweilig, f\u00fcr das gleiche Geld kommst du mit einem Billigflieger auch nach London. Wow &#8211; tolle Idee &#8211; da kann ich das Fliegen noch mit einer Sightseeing- und Shopping-Tour durch London toppen.<\/p>\n<p>Aus der fixen Idee wurde ein konkreter Plan. Du kommst tats\u00e4chlich f\u00fcr 19.90 Euro pro Strecke und Person\u00a0mit Ryanair\u00a0von Weeze nach London und f\u00fcr weitere\u00a05 Euro vom Flughafen mit dem Bus\u00a0in die Stadt. Wenn du den ersten Flieger um 07:00 Uhr morgens nimmst, bist du gegen 10:00 Uhr in London-City. Gegen 18:00 Uhr nimmst du den Bus zur\u00fcck zum Flughafen und bis um 22:00 Uhr wieder in Weeze. So bekommst du einen ganzen Tag in London. Ziemlich verr\u00fcckt, aber eine sehr originelles Geschenk und f\u00fcr gerade mal 50 Euro pro Person.<\/p>\n<p>Der Wecker klingelt, es ist 03:30 Uhr und die 7 Gehirnzellen, die gerade aufgeweckt wurden, fragen sich, was das denn soll. Irgendwo geht in meinem Kopf eine Leuchttafel an: &#8222;LONDON\u00a0is calling!&#8220; Ohhh nein, dann wird\u00a0in meinem Kopf der Hauptschalter umgelegt und das volle Programm gestartet. Raus aus dem Bett, Kaffee aufsetzten, duschen, Brote schmieren. Kaum zu glauben, aber eine gute halbe Stunde sp\u00e4ter sitze ich tats\u00e4chlich im Auto, einen gro\u00dfen Becher\u00a0Kaffee und\u00a0zwei Brote &#8222;to go&#8220; neben mir. Anfang September, um kurz nach vier ist es kalt und stockdunkel. Mein Navi f\u00fchrt mich \u00fcber leere Stra\u00dfen und Autobahnen und\u00a0ein paar Minuten\u00a0nach 05:00 Uhr stehe ich am Flughafen Weeze. Kurz darauf werden auch meine beiden Nichten gebracht, aufgekratzt, hibbelig, hypernerv\u00f6s, ein wenig Flugangst, aber sie freuen sich auf dieses Abenteuer.<br \/>\n<a href=\"http:\/\/blog.meineigenerweg.de\/wp-content\/uploads\/2014\/09\/2014-09-10-06.07.14.jpg\"><img loading=\"lazy\" decoding=\"async\" class=\"alignnone size-medium wp-image-2718\" src=\"http:\/\/blog.meineigenerweg.de\/wp-content\/uploads\/2014\/09\/2014-09-10-06.07.14-300x225.jpg\" alt=\"2014-09-10 06.07.14\" width=\"300\" height=\"225\" srcset=\"http:\/\/blog.meineigenerweg.de\/wp-content\/uploads\/2014\/09\/2014-09-10-06.07.14-300x225.jpg 300w, http:\/\/blog.meineigenerweg.de\/wp-content\/uploads\/2014\/09\/2014-09-10-06.07.14.jpg 1000w\" sizes=\"auto, (max-width: 300px) 100vw, 300px\" \/><\/a><br \/>\nAls wir in die kahle unfreundliche Flughafenhalle gehen, bin ich ein wenig entsetzt. So fr\u00fch und schon windet sich eine Schlange von m\u00fcden, wartenden Menschen durch die halbe Abflughalle.\u00a0Die Abwicklung geht z\u00fcgig von statten, Tickets\u00a0und Ausweise pr\u00fcfen, Handgep\u00e4ck durchleuchten, Wasserflaschen wegwerfen\u00a0und nach kurzer Zeit sitzen wir auch schon im Flugzeug.<br \/>\n<a href=\"http:\/\/blog.meineigenerweg.de\/wp-content\/uploads\/2014\/09\/2014-09-10-06.06.24.jpg\"><img loading=\"lazy\" decoding=\"async\" class=\"alignnone size-medium wp-image-2741\" src=\"http:\/\/blog.meineigenerweg.de\/wp-content\/uploads\/2014\/09\/2014-09-10-06.06.24-300x225.jpg\" alt=\"2014-09-10 06.06.24\" width=\"300\" height=\"225\" srcset=\"http:\/\/blog.meineigenerweg.de\/wp-content\/uploads\/2014\/09\/2014-09-10-06.06.24-300x225.jpg 300w, http:\/\/blog.meineigenerweg.de\/wp-content\/uploads\/2014\/09\/2014-09-10-06.06.24.jpg 1000w\" sizes=\"auto, (max-width: 300px) 100vw, 300px\" \/><\/a><br \/>\nWir haben Gl\u00fcck und bekommen Fensterpl\u00e4tze. Ihre M\u00fcdigkeit haben meine Nichten\u00a0l\u00e4ngst vergessen\u00a0und schauen sich immer wieder suchend im Flugzeug um und\u00a0neugierig aus dem Fenster.\u00a0Alle zwei Minuten fragen sie, wann es denn endlich los geht. Dann ist es endlich so weit, wir rollen auf die Startbahn und als das Flugzeug abhebt sind sie\u00a0so nerv\u00f6s, das es ihnen doch noch die Sprache verschlagen hat. Was sich aber nach wenigen Minuten wieder legt.\u00a0Sie dr\u00fccken die Nasen an das Fenster sehen wie die Welt immer kleiner wird, bis die Wolken das Flugzeug einh\u00fcllen es\u00a0nichts mehr zu sehen gibt. Aber kurz darauf ein begeistertes Jubeln, wir haben die Wolken durchbrochen und fliegen nun \u00fcber ihnen weiter. Eine wei\u00dfe Landschaft, wie mit Neuschnee \u00fcberzogen, liegt unter uns. Dann geht am Horizont eine glutrote Sonne auf und macht aus der Wolkenlandschaft ein spektakul\u00e4res Farbenspiel in rot.<br \/>\n<img loading=\"lazy\" decoding=\"async\" class=\"alignnone size-medium wp-image-2720\" src=\"http:\/\/blog.meineigenerweg.de\/wp-content\/uploads\/2014\/09\/2014-09-15-23.42.42-2x-300x208.jpg\" alt=\"2014-09-15 23.42.42-2x\" width=\"300\" height=\"208\" srcset=\"http:\/\/blog.meineigenerweg.de\/wp-content\/uploads\/2014\/09\/2014-09-15-23.42.42-2x-300x208.jpg 300w, http:\/\/blog.meineigenerweg.de\/wp-content\/uploads\/2014\/09\/2014-09-15-23.42.42-2x.jpg 1000w\" sizes=\"auto, (max-width: 300px) 100vw, 300px\" \/><br \/>\nNach etwas mehr als einer Stunde sind wir dann auch schon in London, irgendwo am Ende der Welt. Direkt am Flughafen wechseln wir in den City-Bus, der uns innerhalb einer Stunde bis zum Bahnhof Victoria Station\u00a0bringt, mitten in London.<br \/>\n<a href=\"http:\/\/blog.meineigenerweg.de\/wp-content\/uploads\/2014\/09\/IMG_8588x.jpg\"><img loading=\"lazy\" decoding=\"async\" class=\"alignnone size-medium wp-image-2722\" src=\"http:\/\/blog.meineigenerweg.de\/wp-content\/uploads\/2014\/09\/IMG_8588x-300x225.jpg\" alt=\"IMG_8588x\" width=\"300\" height=\"225\" srcset=\"http:\/\/blog.meineigenerweg.de\/wp-content\/uploads\/2014\/09\/IMG_8588x-300x225.jpg 300w, http:\/\/blog.meineigenerweg.de\/wp-content\/uploads\/2014\/09\/IMG_8588x.jpg 1000w\" sizes=\"auto, (max-width: 300px) 100vw, 300px\" \/><\/a><br \/>\nJetzt kann es los gehen, wir st\u00fcrzen uns auf die Sehensw\u00fcrdigkeiten.<br \/>\nDie Towerbridge ist nat\u00fcrlich unser erstes Ziel.<br \/>\n<a href=\"http:\/\/blog.meineigenerweg.de\/wp-content\/uploads\/2014\/09\/2014-09-26-18.23.29.jpg\"><img loading=\"lazy\" decoding=\"async\" class=\"alignnone size-medium wp-image-2949\" src=\"http:\/\/blog.meineigenerweg.de\/wp-content\/uploads\/2014\/09\/2014-09-26-18.23.29-300x225.jpg\" alt=\"2014-09-26 18.23.29\" width=\"300\" height=\"225\" srcset=\"http:\/\/blog.meineigenerweg.de\/wp-content\/uploads\/2014\/09\/2014-09-26-18.23.29-300x225.jpg 300w, http:\/\/blog.meineigenerweg.de\/wp-content\/uploads\/2014\/09\/2014-09-26-18.23.29.jpg 1000w\" sizes=\"auto, (max-width: 300px) 100vw, 300px\" \/><\/a><br \/>\nWachabl\u00f6sung am Buckingham Palace.<br \/>\n<a href=\"http:\/\/blog.meineigenerweg.de\/wp-content\/uploads\/2014\/09\/IMG_3366x.jpg\"><img loading=\"lazy\" decoding=\"async\" class=\"alignnone size-medium wp-image-2728\" src=\"http:\/\/blog.meineigenerweg.de\/wp-content\/uploads\/2014\/09\/IMG_3366x-300x191.jpg\" alt=\"IMG_3366x\" width=\"300\" height=\"191\" srcset=\"http:\/\/blog.meineigenerweg.de\/wp-content\/uploads\/2014\/09\/IMG_3366x-300x191.jpg 300w, http:\/\/blog.meineigenerweg.de\/wp-content\/uploads\/2014\/09\/IMG_3366x.jpg 1000w\" sizes=\"auto, (max-width: 300px) 100vw, 300px\" \/><\/a><br \/>\nEin Mahnmal f\u00fcr die Gefallenen des ersten Weltkriegs.\u00a0Der Keramikk\u00fcnstler Paul Cummins\u00a0hat 888.246 Keramik-Mohnblumen installiert, eine\u00a0f\u00fcr\u00a0jeden gefallenen Soldaten. Mohnblumen sind im englischsprachigen Raum ein weit verbreitetes Symbol um den Gefallenen in Kriegen zu gedenken.<br \/>\n<a href=\"http:\/\/blog.meineigenerweg.de\/wp-content\/uploads\/2014\/11\/2014-09-26-18.22.49.jpg\"><img loading=\"lazy\" decoding=\"async\" class=\"alignnone size-medium wp-image-2954\" src=\"http:\/\/blog.meineigenerweg.de\/wp-content\/uploads\/2014\/11\/2014-09-26-18.22.49-300x225.jpg\" alt=\"2014-09-26 18.22.49\" width=\"300\" height=\"225\" srcset=\"http:\/\/blog.meineigenerweg.de\/wp-content\/uploads\/2014\/11\/2014-09-26-18.22.49-300x225.jpg 300w, http:\/\/blog.meineigenerweg.de\/wp-content\/uploads\/2014\/11\/2014-09-26-18.22.49.jpg 1000w\" sizes=\"auto, (max-width: 300px) 100vw, 300px\" \/><\/a><br \/>\nAm sp\u00e4ten Mittag haben die M\u00e4dels genug von alten Geb\u00e4uden.<br \/>\nJetzt wollen sie shoppen.<br \/>\nAuf zum Picadelly Circus.<br \/>\n<a href=\"http:\/\/blog.meineigenerweg.de\/wp-content\/uploads\/2014\/11\/2014-09-26-18.22.53.jpg\"><img loading=\"lazy\" decoding=\"async\" class=\"alignnone size-medium wp-image-2955\" src=\"http:\/\/blog.meineigenerweg.de\/wp-content\/uploads\/2014\/11\/2014-09-26-18.22.53-300x225.jpg\" alt=\"2014-09-26 18.22.53\" width=\"300\" height=\"225\" srcset=\"http:\/\/blog.meineigenerweg.de\/wp-content\/uploads\/2014\/11\/2014-09-26-18.22.53-300x225.jpg 300w, http:\/\/blog.meineigenerweg.de\/wp-content\/uploads\/2014\/11\/2014-09-26-18.22.53.jpg 1000w\" sizes=\"auto, (max-width: 300px) 100vw, 300px\" \/><\/a><br \/>\nAlles ist hier viel gr\u00f6\u00dfer und toller als Zuhause.<br \/>\n<a href=\"http:\/\/blog.meineigenerweg.de\/wp-content\/uploads\/2014\/09\/IMG_3382.jpg\"><img loading=\"lazy\" decoding=\"async\" class=\"alignnone size-medium wp-image-2735\" src=\"http:\/\/blog.meineigenerweg.de\/wp-content\/uploads\/2014\/09\/IMG_3382-300x225.jpg\" alt=\"IMG_3382\" width=\"300\" height=\"225\" srcset=\"http:\/\/blog.meineigenerweg.de\/wp-content\/uploads\/2014\/09\/IMG_3382-300x225.jpg 300w, http:\/\/blog.meineigenerweg.de\/wp-content\/uploads\/2014\/09\/IMG_3382.jpg 1000w\" sizes=\"auto, (max-width: 300px) 100vw, 300px\" \/><\/a><br \/>\nAb und zu eine kleine\u00a0Pause\u00a0mit ein bisschen Live-Musik.<br \/>\n<a href=\"http:\/\/blog.meineigenerweg.de\/wp-content\/uploads\/2014\/09\/IMG_3383.jpg\"><img loading=\"lazy\" decoding=\"async\" class=\"alignnone size-medium wp-image-2736\" src=\"http:\/\/blog.meineigenerweg.de\/wp-content\/uploads\/2014\/09\/IMG_3383-300x225.jpg\" alt=\"IMG_3383\" width=\"300\" height=\"225\" srcset=\"http:\/\/blog.meineigenerweg.de\/wp-content\/uploads\/2014\/09\/IMG_3383-300x225.jpg 300w, http:\/\/blog.meineigenerweg.de\/wp-content\/uploads\/2014\/09\/IMG_3383.jpg 1000w\" sizes=\"auto, (max-width: 300px) 100vw, 300px\" \/><\/a><br \/>\nEin paar\u00a0Cupcakes zur St\u00e4rkung.<br \/>\n<a href=\"http:\/\/blog.meineigenerweg.de\/wp-content\/uploads\/2014\/09\/IMG_3385.jpg\"><img loading=\"lazy\" decoding=\"async\" class=\"alignnone size-medium wp-image-2737\" src=\"http:\/\/blog.meineigenerweg.de\/wp-content\/uploads\/2014\/09\/IMG_3385-300x225.jpg\" alt=\"IMG_3385\" width=\"300\" height=\"225\" srcset=\"http:\/\/blog.meineigenerweg.de\/wp-content\/uploads\/2014\/09\/IMG_3385-300x225.jpg 300w, http:\/\/blog.meineigenerweg.de\/wp-content\/uploads\/2014\/09\/IMG_3385.jpg 1000w\" sizes=\"auto, (max-width: 300px) 100vw, 300px\" \/><\/a><br \/>\nUm sechs sind wir wieder an Victoria Station und sind froh uns in den Bus setzten zu k\u00f6nnen. Puhhh sind wir erledigt. Trotz Rushhour und chaotischem Verkehr sind wir p\u00fcnktlich wieder am Flughafen. Vom R\u00fcckflug haben wir wenig mitbekommen, denn wir waren viel zu M\u00fcde und haben nur noch\u00a0vor uns hinged\u00f6st. Dann noch eine Stunde R\u00fcckfahrt mit dem Auto und gegen Mitternacht lag ich dann endlich todm\u00fcde im Bett.<\/p>\n<p>Ein anstrengender aber toller Tag.<\/p>\n<p>Meine Wertung: <span style=\"color: #ff0000;\">*****<\/span> verr\u00fcckt, anstrengend, aber toll<\/p>\n","protected":false},"excerpt":{"rendered":"<p>10.09.2014 Als meine beiden 14j\u00e4hrigen Nichten vor ein paar Wochen Konfirmation hatten, begann die Suche nach einem originellen Geschenk. Geld? Geht auf keinen Fall! Etwas zum Anziehen\u00a0 von einem angesagten Modelabel? Schenken die anderen schon! Aber sie sind noch nie geflogen, wie w\u00e4re es mit einem Rundflug in einem kleinen\u00a0Sportflugzeug<\/p>\n","protected":false},"author":1,"featured_media":2960,"parent":2961,"menu_order":0,"comment_status":"closed","ping_status":"closed","template":"","meta":{"footnotes":""},"class_list":["post-2672","page","type-page","status-publish","has-post-thumbnail","hentry"],"_links":{"self":[{"href":"http:\/\/blog.meineigenerweg.de\/index.php?rest_route=\/wp\/v2\/pages\/2672","targetHints":{"allow":["GET"]}}],"collection":[{"href":"http:\/\/blog.meineigenerweg.de\/index.php?rest_route=\/wp\/v2\/pages"}],"about":[{"href":"http:\/\/blog.meineigenerweg.de\/index.php?rest_route=\/wp\/v2\/types\/page"}],"author":[{"embeddable":true,"href":"http:\/\/blog.meineigenerweg.de\/index.php?rest_route=\/wp\/v2\/users\/1"}],"replies":[{"embeddable":true,"href":"http:\/\/blog.meineigenerweg.de\/index.php?rest_route=%2Fwp%2Fv2%2Fcomments&post=2672"}],"version-history":[{"count":28,"href":"http:\/\/blog.meineigenerweg.de\/index.php?rest_route=\/wp\/v2\/pages\/2672\/revisions"}],"predecessor-version":[{"id":2972,"href":"http:\/\/blog.meineigenerweg.de\/index.php?rest_route=\/wp\/v2\/pages\/2672\/revisions\/2972"}],"up":[{"embeddable":true,"href":"http:\/\/blog.meineigenerweg.de\/index.php?rest_route=\/wp\/v2\/pages\/2961"}],"wp:featuredmedia":[{"embeddable":true,"href":"http:\/\/blog.meineigenerweg.de\/index.php?rest_route=\/wp\/v2\/media\/2960"}],"wp:attachment":[{"href":"http:\/\/blog.meineigenerweg.de\/index.php?rest_route=%2Fwp%2Fv2%2Fmedia&parent=2672"}],"curies":[{"name":"wp","href":"https:\/\/api.w.org\/{rel}","templated":true}]}}