{"id":2576,"date":"2014-09-10T19:23:25","date_gmt":"2014-09-10T18:23:25","guid":{"rendered":"http:\/\/blog.meineigenerweg.de\/?page_id=2576"},"modified":"2019-03-28T22:28:09","modified_gmt":"2019-03-28T21:28:09","slug":"bochum-kuerbissuppe","status":"publish","type":"page","link":"http:\/\/blog.meineigenerweg.de\/?page_id=2576","title":{"rendered":"Bochum &#8211; K\u00fcrbissuppe"},"content":{"rendered":"<p>Es wird Herbst und da gibt es fast nichts Sch\u00f6neres als eine leckere K\u00fcrbissuppe. Es gibt viele M\u00f6glichkeiten sie zuzubereiten, hier ist mein Variante.<\/p>\n<p>Du brauchst dazu<\/p>\n<p>1 Hokkaido-K\u00fcrbis<br \/>\n1 Zwiebel<br \/>\n1 Knoblauchzehe<br \/>\n1 rote Chili<br \/>\n1 St\u00fcck Ingwer (2-3 cm)<br \/>\n2 St\u00e4ngel Zitronengras<br \/>\n1 Dose Kokosmilch<br \/>\n1 ltr. Gem\u00fcsebr\u00fche<br \/>\n1 Baguette zum\u00a0Aufbacken<br \/>\nOliven\u00f6l, Salz, Pfeffer<\/p>\n<p>Es geht ganz einfach<\/p>\n<p>Zwiebel, Knoblauch, Chili und Ingwer klein hacken. Die unteren dicken Enden des Zitronengras bis zur H\u00e4lfte aufschneiden.<br \/>\n<a href=\"http:\/\/blog.meineigenerweg.de\/wp-content\/uploads\/2014\/09\/b1.jpg\"><img loading=\"lazy\" decoding=\"async\" class=\"alignnone size-medium wp-image-2578\" src=\"http:\/\/blog.meineigenerweg.de\/wp-content\/uploads\/2014\/09\/b1-300x202.jpg\" alt=\"b1\" width=\"300\" height=\"202\" srcset=\"http:\/\/blog.meineigenerweg.de\/wp-content\/uploads\/2014\/09\/b1-300x202.jpg 300w, http:\/\/blog.meineigenerweg.de\/wp-content\/uploads\/2014\/09\/b1.jpg 1000w\" sizes=\"auto, (max-width: 300px) 100vw, 300px\" \/><\/a><br \/>\nDen K\u00fcrbis gut waschen, denn\u00a0er braucht nicht\u00a0gesch\u00e4lt zu werden.<br \/>\n<a href=\"http:\/\/blog.meineigenerweg.de\/wp-content\/uploads\/2014\/09\/b2.jpg\"><img loading=\"lazy\" decoding=\"async\" class=\"alignnone size-medium wp-image-2579\" src=\"http:\/\/blog.meineigenerweg.de\/wp-content\/uploads\/2014\/09\/b2-300x215.jpg\" alt=\"b2\" width=\"300\" height=\"215\" srcset=\"http:\/\/blog.meineigenerweg.de\/wp-content\/uploads\/2014\/09\/b2-300x215.jpg 300w, http:\/\/blog.meineigenerweg.de\/wp-content\/uploads\/2014\/09\/b2.jpg 1000w\" sizes=\"auto, (max-width: 300px) 100vw, 300px\" \/><\/a><br \/>\nHalbieren und mit einem gro\u00dfen L\u00f6ffel die Kerne entfernen.<br \/>\n<a href=\"http:\/\/blog.meineigenerweg.de\/wp-content\/uploads\/2014\/09\/b3.jpg\"><img loading=\"lazy\" decoding=\"async\" class=\"alignnone size-medium wp-image-2580\" src=\"http:\/\/blog.meineigenerweg.de\/wp-content\/uploads\/2014\/09\/b3-300x227.jpg\" alt=\"b3\" width=\"300\" height=\"227\" srcset=\"http:\/\/blog.meineigenerweg.de\/wp-content\/uploads\/2014\/09\/b3-300x227.jpg 300w, http:\/\/blog.meineigenerweg.de\/wp-content\/uploads\/2014\/09\/b3.jpg 1000w\" sizes=\"auto, (max-width: 300px) 100vw, 300px\" \/><\/a><br \/>\nDie K\u00fcrbish\u00e4lften in\u00a0Spalten\u00a0und dann in W\u00fcrfel schneiden.<br \/>\n<a href=\"http:\/\/blog.meineigenerweg.de\/wp-content\/uploads\/2014\/09\/b4.jpg\"><img loading=\"lazy\" decoding=\"async\" class=\"alignnone size-medium wp-image-2581\" src=\"http:\/\/blog.meineigenerweg.de\/wp-content\/uploads\/2014\/09\/b4-300x205.jpg\" alt=\"b4\" width=\"300\" height=\"205\" srcset=\"http:\/\/blog.meineigenerweg.de\/wp-content\/uploads\/2014\/09\/b4-300x205.jpg 300w, http:\/\/blog.meineigenerweg.de\/wp-content\/uploads\/2014\/09\/b4.jpg 1000w\" sizes=\"auto, (max-width: 300px) 100vw, 300px\" \/><\/a><br \/>\nZuerst gebe ich\u00a02-3 L\u00f6ffel Oliven\u00f6l in einen gro\u00dfen Topf und brate Zwiebeln, Knoblauch, Chili und Ingwer kurz darin an. Dann kommen die K\u00fcrbisw\u00fcrfel dazu und werden auch f\u00fcr ein paar Minuten angebraten.<br \/>\n<a href=\"http:\/\/blog.meineigenerweg.de\/wp-content\/uploads\/2014\/09\/b5.jpg\"><img loading=\"lazy\" decoding=\"async\" class=\"alignnone size-medium wp-image-2582\" src=\"http:\/\/blog.meineigenerweg.de\/wp-content\/uploads\/2014\/09\/b5-300x225.jpg\" alt=\"b5\" width=\"300\" height=\"225\" srcset=\"http:\/\/blog.meineigenerweg.de\/wp-content\/uploads\/2014\/09\/b5-300x225.jpg 300w, http:\/\/blog.meineigenerweg.de\/wp-content\/uploads\/2014\/09\/b5.jpg 1000w\" sizes=\"auto, (max-width: 300px) 100vw, 300px\" \/><\/a><br \/>\nMit der Br\u00fche aufsch\u00fctten, die beiden St\u00e4ngel Zitronengras und die Kokosmilch\u00a0hineingeben. Auf kleiner Flamme k\u00f6cheln lassen,\u00a0bis der K\u00fcrbis weich ist. Das Zitronengras wieder herausnehmen und mit einem P\u00fcrierstab die Suppe fein\u00a0p\u00fcrieren. Mit Salz und Pfeffer abschmecken.<br \/>\n<a href=\"http:\/\/blog.meineigenerweg.de\/wp-content\/uploads\/2014\/09\/b6.jpg\"><img loading=\"lazy\" decoding=\"async\" class=\"alignnone size-medium wp-image-2583\" src=\"http:\/\/blog.meineigenerweg.de\/wp-content\/uploads\/2014\/09\/b6-300x225.jpg\" alt=\"b6\" width=\"300\" height=\"225\" srcset=\"http:\/\/blog.meineigenerweg.de\/wp-content\/uploads\/2014\/09\/b6-300x225.jpg 300w, http:\/\/blog.meineigenerweg.de\/wp-content\/uploads\/2014\/09\/b6.jpg 1000w\" sizes=\"auto, (max-width: 300px) 100vw, 300px\" \/><\/a><br \/>\nDazu esse ich gerne frisch aufgebackenes Baguette.<\/p>\n<p>Wer mag, kann die Suppe noch verfeinern und ein paar Krabben oder Garnelen in der fertigen Suppe mit erw\u00e4rmen.<\/p>\n","protected":false},"excerpt":{"rendered":"<p>Es wird Herbst und da gibt es fast nichts Sch\u00f6neres als eine leckere K\u00fcrbissuppe. Es gibt viele M\u00f6glichkeiten sie zuzubereiten, hier ist mein Variante. Du brauchst dazu 1 Hokkaido-K\u00fcrbis 1 Zwiebel 1 Knoblauchzehe 1 rote Chili 1 St\u00fcck Ingwer (2-3 cm) 2 St\u00e4ngel Zitronengras 1 Dose Kokosmilch 1 ltr. Gem\u00fcsebr\u00fche<\/p>\n","protected":false},"author":1,"featured_media":2585,"parent":230,"menu_order":0,"comment_status":"closed","ping_status":"closed","template":"","meta":{"footnotes":""},"class_list":["post-2576","page","type-page","status-publish","has-post-thumbnail","hentry"],"_links":{"self":[{"href":"http:\/\/blog.meineigenerweg.de\/index.php?rest_route=\/wp\/v2\/pages\/2576","targetHints":{"allow":["GET"]}}],"collection":[{"href":"http:\/\/blog.meineigenerweg.de\/index.php?rest_route=\/wp\/v2\/pages"}],"about":[{"href":"http:\/\/blog.meineigenerweg.de\/index.php?rest_route=\/wp\/v2\/types\/page"}],"author":[{"embeddable":true,"href":"http:\/\/blog.meineigenerweg.de\/index.php?rest_route=\/wp\/v2\/users\/1"}],"replies":[{"embeddable":true,"href":"http:\/\/blog.meineigenerweg.de\/index.php?rest_route=%2Fwp%2Fv2%2Fcomments&post=2576"}],"version-history":[{"count":7,"href":"http:\/\/blog.meineigenerweg.de\/index.php?rest_route=\/wp\/v2\/pages\/2576\/revisions"}],"predecessor-version":[{"id":2599,"href":"http:\/\/blog.meineigenerweg.de\/index.php?rest_route=\/wp\/v2\/pages\/2576\/revisions\/2599"}],"up":[{"embeddable":true,"href":"http:\/\/blog.meineigenerweg.de\/index.php?rest_route=\/wp\/v2\/pages\/230"}],"wp:featuredmedia":[{"embeddable":true,"href":"http:\/\/blog.meineigenerweg.de\/index.php?rest_route=\/wp\/v2\/media\/2585"}],"wp:attachment":[{"href":"http:\/\/blog.meineigenerweg.de\/index.php?rest_route=%2Fwp%2Fv2%2Fmedia&parent=2576"}],"curies":[{"name":"wp","href":"https:\/\/api.w.org\/{rel}","templated":true}]}}