{"id":2499,"date":"2014-09-02T20:02:11","date_gmt":"2014-09-02T19:02:11","guid":{"rendered":"http:\/\/blog.meineigenerweg.de\/?page_id=2499"},"modified":"2019-03-28T20:36:04","modified_gmt":"2019-03-28T19:36:04","slug":"bootsfahrt-im-buergerpark","status":"publish","type":"page","link":"http:\/\/blog.meineigenerweg.de\/?page_id=2499","title":{"rendered":"Bootsfahrt im B\u00fcrgerpark *****"},"content":{"rendered":"<p>29.08.2014<\/p>\n<p>Du brauchst einen sonnigen Tag, mindestens zwei Stunden Zeit, einen kleine Flasche Prosecco,\u00a0etwas frisches Baguette, ein St\u00fcck\u00a0cremig zarten Weichk\u00e4se und eine sehr nette Begleitung.<\/p>\n<p>Dann f\u00e4hrst du in den <span style=\"color: #0000ff;\"><a href=\"http:\/\/www.buergerpark.de\/\" target=\"_blank\" rel=\"noopener noreferrer\"><span style=\"color: #0000ff;\"><span style=\"text-decoration: underline;\">B\u00fcrgerpark<\/span><\/span><\/a><\/span>, mietest dir ein Ruderboot und schon kann die romantische Fahrt durch den Park beginnen.<br \/>\n<a href=\"http:\/\/blog.meineigenerweg.de\/wp-content\/uploads\/2014\/09\/DSC_5213.jpg\"><img loading=\"lazy\" decoding=\"async\" class=\"alignnone size-medium wp-image-2501\" src=\"http:\/\/blog.meineigenerweg.de\/wp-content\/uploads\/2014\/09\/DSC_5213-300x200.jpg\" alt=\"DSC_5213\" width=\"300\" height=\"200\" srcset=\"http:\/\/blog.meineigenerweg.de\/wp-content\/uploads\/2014\/09\/DSC_5213-300x200.jpg 300w, http:\/\/blog.meineigenerweg.de\/wp-content\/uploads\/2014\/09\/DSC_5213.jpg 1000w\" sizes=\"auto, (max-width: 300px) 100vw, 300px\" \/><\/a><br \/>\nEs geht an gr\u00fcnen Wiesen vorbei, am Ufer bl\u00fchen blaue Blumen und im Wasser gelbe und wei\u00dfe Seerosen.<br \/>\n<a href=\"http:\/\/blog.meineigenerweg.de\/wp-content\/uploads\/2014\/09\/DSC_5226.jpg\"><img loading=\"lazy\" decoding=\"async\" class=\"alignnone size-medium wp-image-2503\" src=\"http:\/\/blog.meineigenerweg.de\/wp-content\/uploads\/2014\/09\/DSC_5226-300x200.jpg\" alt=\"DSC_5226\" width=\"300\" height=\"200\" srcset=\"http:\/\/blog.meineigenerweg.de\/wp-content\/uploads\/2014\/09\/DSC_5226-300x200.jpg 300w, http:\/\/blog.meineigenerweg.de\/wp-content\/uploads\/2014\/09\/DSC_5226.jpg 1000w\" sizes=\"auto, (max-width: 300px) 100vw, 300px\" \/><\/a><br \/>\nDer Fluss m\u00e4andert durch den Park, mal fallen helle Sonnenstrahlen durch die hohen B\u00e4ume,<br \/>\n<a href=\"http:\/\/blog.meineigenerweg.de\/wp-content\/uploads\/2014\/09\/DSC_5234.jpg\"><img loading=\"lazy\" decoding=\"async\" class=\"alignnone size-medium wp-image-2504\" src=\"http:\/\/blog.meineigenerweg.de\/wp-content\/uploads\/2014\/09\/DSC_5234-300x200.jpg\" alt=\"DSC_5234\" width=\"300\" height=\"200\" srcset=\"http:\/\/blog.meineigenerweg.de\/wp-content\/uploads\/2014\/09\/DSC_5234-300x200.jpg 300w, http:\/\/blog.meineigenerweg.de\/wp-content\/uploads\/2014\/09\/DSC_5234.jpg 1000w\" sizes=\"auto, (max-width: 300px) 100vw, 300px\" \/><\/a><br \/>\nmal geht es dicht unter weit \u00fcberh\u00e4ngenden B\u00e4umen hindurch.<br \/>\n<a href=\"http:\/\/blog.meineigenerweg.de\/wp-content\/uploads\/2014\/09\/DSC_5247.jpg\"><img loading=\"lazy\" decoding=\"async\" class=\"alignnone size-medium wp-image-2505\" src=\"http:\/\/blog.meineigenerweg.de\/wp-content\/uploads\/2014\/09\/DSC_5247-300x200.jpg\" alt=\"DSC_5247\" width=\"300\" height=\"200\" srcset=\"http:\/\/blog.meineigenerweg.de\/wp-content\/uploads\/2014\/09\/DSC_5247-300x200.jpg 300w, http:\/\/blog.meineigenerweg.de\/wp-content\/uploads\/2014\/09\/DSC_5247.jpg 1000w\" sizes=\"auto, (max-width: 300px) 100vw, 300px\" \/><\/a><br \/>\nDann wieder gleitet das Boot sanft in einen See und d\u00fcmpelt leise vor sich hin. Ein gute Zeit f\u00fcr ein Picknick. Schnell sind die Enten zur Stelle und hoffen auf ein paar Brotkrumen.<br \/>\n<a href=\"http:\/\/blog.meineigenerweg.de\/wp-content\/uploads\/2014\/09\/DSC_5266.jpg\"><img loading=\"lazy\" decoding=\"async\" class=\"alignnone size-medium wp-image-2507\" src=\"http:\/\/blog.meineigenerweg.de\/wp-content\/uploads\/2014\/09\/DSC_5266-300x200.jpg\" alt=\"DSC_5266\" width=\"300\" height=\"200\" srcset=\"http:\/\/blog.meineigenerweg.de\/wp-content\/uploads\/2014\/09\/DSC_5266-300x200.jpg 300w, http:\/\/blog.meineigenerweg.de\/wp-content\/uploads\/2014\/09\/DSC_5266.jpg 1000w\" sizes=\"auto, (max-width: 300px) 100vw, 300px\" \/><\/a><br \/>\nDie Fahrt geht weiter unter einer der Br\u00fccken hindurch, vorbei an einem der wenigen H\u00e4user, die sich im Park befinden.<br \/>\n<a href=\"http:\/\/blog.meineigenerweg.de\/wp-content\/uploads\/2014\/09\/DSC_5291.jpg\"><img loading=\"lazy\" decoding=\"async\" class=\"alignnone size-medium wp-image-2508\" src=\"http:\/\/blog.meineigenerweg.de\/wp-content\/uploads\/2014\/09\/DSC_5291-300x200.jpg\" alt=\"DSC_5291\" width=\"300\" height=\"200\" srcset=\"http:\/\/blog.meineigenerweg.de\/wp-content\/uploads\/2014\/09\/DSC_5291-300x200.jpg 300w, http:\/\/blog.meineigenerweg.de\/wp-content\/uploads\/2014\/09\/DSC_5291.jpg 1000w\" sizes=\"auto, (max-width: 300px) 100vw, 300px\" \/><\/a><br \/>\nUnd wer es verpasst hat, den Picknickkorb mitzunehmen,\u00a0kann sich\u00a0nach der Bootsfahrt\u00a0an der Waldb\u00fchne st\u00e4rken.<br \/>\n<a href=\"http:\/\/blog.meineigenerweg.de\/wp-content\/uploads\/2014\/09\/DSC_5295.jpg\"><img loading=\"lazy\" decoding=\"async\" class=\"alignnone size-medium wp-image-2509\" src=\"http:\/\/blog.meineigenerweg.de\/wp-content\/uploads\/2014\/09\/DSC_5295-300x200.jpg\" alt=\"DSC_5295\" width=\"300\" height=\"200\" srcset=\"http:\/\/blog.meineigenerweg.de\/wp-content\/uploads\/2014\/09\/DSC_5295-300x200.jpg 300w, http:\/\/blog.meineigenerweg.de\/wp-content\/uploads\/2014\/09\/DSC_5295.jpg 1000w\" sizes=\"auto, (max-width: 300px) 100vw, 300px\" \/><\/a><\/p>\n<p><em>Meine Wertung: <span style=\"color: #ff0000;\">*****<\/span> unbedingt ausprobieren<\/em><br \/>\n<em>Bremen<\/em><br \/>\n<em>B\u00fcrgerpark<\/em><\/p>\n","protected":false},"excerpt":{"rendered":"<p>29.08.2014 Du brauchst einen sonnigen Tag, mindestens zwei Stunden Zeit, einen kleine Flasche Prosecco,\u00a0etwas frisches Baguette, ein St\u00fcck\u00a0cremig zarten Weichk\u00e4se und eine sehr nette Begleitung. Dann f\u00e4hrst du in den B\u00fcrgerpark, mietest dir ein Ruderboot und schon kann die romantische Fahrt durch den Park beginnen. Es geht an gr\u00fcnen Wiesen<\/p>\n","protected":false},"author":1,"featured_media":2514,"parent":108,"menu_order":0,"comment_status":"closed","ping_status":"closed","template":"","meta":{"footnotes":""},"class_list":["post-2499","page","type-page","status-publish","has-post-thumbnail","hentry"],"_links":{"self":[{"href":"http:\/\/blog.meineigenerweg.de\/index.php?rest_route=\/wp\/v2\/pages\/2499","targetHints":{"allow":["GET"]}}],"collection":[{"href":"http:\/\/blog.meineigenerweg.de\/index.php?rest_route=\/wp\/v2\/pages"}],"about":[{"href":"http:\/\/blog.meineigenerweg.de\/index.php?rest_route=\/wp\/v2\/types\/page"}],"author":[{"embeddable":true,"href":"http:\/\/blog.meineigenerweg.de\/index.php?rest_route=\/wp\/v2\/users\/1"}],"replies":[{"embeddable":true,"href":"http:\/\/blog.meineigenerweg.de\/index.php?rest_route=%2Fwp%2Fv2%2Fcomments&post=2499"}],"version-history":[{"count":10,"href":"http:\/\/blog.meineigenerweg.de\/index.php?rest_route=\/wp\/v2\/pages\/2499\/revisions"}],"predecessor-version":[{"id":5872,"href":"http:\/\/blog.meineigenerweg.de\/index.php?rest_route=\/wp\/v2\/pages\/2499\/revisions\/5872"}],"up":[{"embeddable":true,"href":"http:\/\/blog.meineigenerweg.de\/index.php?rest_route=\/wp\/v2\/pages\/108"}],"wp:featuredmedia":[{"embeddable":true,"href":"http:\/\/blog.meineigenerweg.de\/index.php?rest_route=\/wp\/v2\/media\/2514"}],"wp:attachment":[{"href":"http:\/\/blog.meineigenerweg.de\/index.php?rest_route=%2Fwp%2Fv2%2Fmedia&parent=2499"}],"curies":[{"name":"wp","href":"https:\/\/api.w.org\/{rel}","templated":true}]}}