{"id":2462,"date":"2014-08-28T10:50:28","date_gmt":"2014-08-28T09:50:28","guid":{"rendered":"http:\/\/blog.meineigenerweg.de\/?page_id=2462"},"modified":"2019-03-28T21:05:08","modified_gmt":"2019-03-28T20:05:08","slug":"ice-bucket-challenge","status":"publish","type":"page","link":"http:\/\/blog.meineigenerweg.de\/?page_id=2462","title":{"rendered":"Ice Bucket Challenge"},"content":{"rendered":"<p>28.08.2014<\/p>\n<p>\ud83d\ude42 ich wollte es gerne vermeiden, aber auf meine liebe Verwandtschaft ist doch echt Verlass. Ich liebe euch alle.<\/p>\n<p>\u00dcber all den Spa\u00df sollten wir jedoch den traurigen Hintergrund dieser Aktion nicht vergessen. ALS ist eine f\u00fcrchterliche Krankheit, die leider noch sehr unerforscht ist.<\/p>\n<p>Bei der <a class=\"pt-click\" href=\"http:\/\/www.dgm.org\/muskelerkrankungen\/amyotrophe-lateralsklerose-als\" target=\"_self\" rel=\"noopener noreferrer\"><span style=\"text-decoration: underline;\"><span style=\"color: #0066cc;\">&#8222;Deutschen Gesellschaft f\u00fcr Muskelkranke e.V.&#8220;<\/span><\/span><\/a> und bei der <a class=\"pt-click\" href=\"http:\/\/www.als-hilfe.org\/spenden.html\" target=\"_self\" rel=\"noopener noreferrer\"><span style=\"text-decoration: underline;\"><span style=\"color: #0066cc;\">&#8222;Hilfe f\u00fcr ALS-kranke Menschen&#8220; <\/span><\/span><\/a>sind eure\u00a0Spenden gut aufgehoben.<\/p>\n<p>Ich nominiere<\/p>\n<p>Friedhelm Beyer &#8211; weil er\u00a0Wasser gerne unter sich hat und es jetzt mal \u00fcber sich haben soll.<\/p>\n<p>Dagmar Schmeisser\u00a0&#8211; weil ich mich immer wieder \u00fcber deine guten Bilder freue und neugierig bin, was du jetzt daraus machst.<\/p>\n<p>Ren\u00e9 Kr\u00f6ger &#8211; in Erinnerung an viele Jahre toller Zusammenarbeit, viel Spa\u00df und Freude. Stellvertretend f\u00fcr alle &#8222;Sutteraner&#8220;. Und weil bei seiner Hochzeit jemand in den Teich gefallen war.<\/p>\n<p>&nbsp;<\/p>\n<p><iframe loading=\"lazy\" src=\"\/\/www.youtube.com\/embed\/IRYBEjlLELQ\" width=\"300\" height=\"225\" frameborder=\"0\" allowfullscreen=\"allowfullscreen\"><\/iframe><\/p>\n","protected":false},"excerpt":{"rendered":"<p>28.08.2014 \ud83d\ude42 ich wollte es gerne vermeiden, aber auf meine liebe Verwandtschaft ist doch echt Verlass. Ich liebe euch alle. \u00dcber all den Spa\u00df sollten wir jedoch den traurigen Hintergrund dieser Aktion nicht vergessen. ALS ist eine f\u00fcrchterliche Krankheit, die leider noch sehr unerforscht ist. Bei der &#8222;Deutschen Gesellschaft f\u00fcr<\/p>\n","protected":false},"author":1,"featured_media":2469,"parent":108,"menu_order":0,"comment_status":"closed","ping_status":"closed","template":"","meta":{"footnotes":""},"class_list":["post-2462","page","type-page","status-publish","has-post-thumbnail","hentry"],"_links":{"self":[{"href":"http:\/\/blog.meineigenerweg.de\/index.php?rest_route=\/wp\/v2\/pages\/2462","targetHints":{"allow":["GET"]}}],"collection":[{"href":"http:\/\/blog.meineigenerweg.de\/index.php?rest_route=\/wp\/v2\/pages"}],"about":[{"href":"http:\/\/blog.meineigenerweg.de\/index.php?rest_route=\/wp\/v2\/types\/page"}],"author":[{"embeddable":true,"href":"http:\/\/blog.meineigenerweg.de\/index.php?rest_route=\/wp\/v2\/users\/1"}],"replies":[{"embeddable":true,"href":"http:\/\/blog.meineigenerweg.de\/index.php?rest_route=%2Fwp%2Fv2%2Fcomments&post=2462"}],"version-history":[{"count":9,"href":"http:\/\/blog.meineigenerweg.de\/index.php?rest_route=\/wp\/v2\/pages\/2462\/revisions"}],"predecessor-version":[{"id":5885,"href":"http:\/\/blog.meineigenerweg.de\/index.php?rest_route=\/wp\/v2\/pages\/2462\/revisions\/5885"}],"up":[{"embeddable":true,"href":"http:\/\/blog.meineigenerweg.de\/index.php?rest_route=\/wp\/v2\/pages\/108"}],"wp:featuredmedia":[{"embeddable":true,"href":"http:\/\/blog.meineigenerweg.de\/index.php?rest_route=\/wp\/v2\/media\/2469"}],"wp:attachment":[{"href":"http:\/\/blog.meineigenerweg.de\/index.php?rest_route=%2Fwp%2Fv2%2Fmedia&parent=2462"}],"curies":[{"name":"wp","href":"https:\/\/api.w.org\/{rel}","templated":true}]}}