{"id":2334,"date":"2014-08-25T21:25:07","date_gmt":"2014-08-25T20:25:07","guid":{"rendered":"http:\/\/blog.meineigenerweg.de\/?page_id=2334"},"modified":"2019-03-28T18:55:04","modified_gmt":"2019-03-28T17:55:04","slug":"ueberseemuseum","status":"publish","type":"page","link":"http:\/\/blog.meineigenerweg.de\/?page_id=2334","title":{"rendered":"\u00dcberseemuseum *"},"content":{"rendered":"<p>15.08.2014<\/p>\n<p><span style=\"color: #0000ff;\"><a href=\"http:\/\/www.uebersee-museum.de\/\" target=\"_blank\" rel=\"noopener noreferrer\"><span style=\"color: #0000ff;\"><span style=\"text-decoration: underline;\">\u00dcberseemuseum<\/span><\/span><\/a><\/span>, das klingt f\u00fcr mich nach fernen Welten, nach\u00a0Abenteuern, nach Forschern mit Tropenhelmen, nach S\u00fcdsee und tropischen Inseln voller\u00a0Palmen.<\/p>\n<p>Das Museum liegt direkt am Bahnhof in einem imposanten Geb\u00e4ude.<br \/>\n<a href=\"http:\/\/blog.meineigenerweg.de\/wp-content\/uploads\/2014\/08\/Ueberseemuseumx.jpg\"><img loading=\"lazy\" decoding=\"async\" class=\"alignnone size-medium wp-image-2405\" src=\"http:\/\/blog.meineigenerweg.de\/wp-content\/uploads\/2014\/08\/Ueberseemuseumx-300x186.jpg\" alt=\"Ueberseemuseumx\" width=\"300\" height=\"186\" srcset=\"http:\/\/blog.meineigenerweg.de\/wp-content\/uploads\/2014\/08\/Ueberseemuseumx-300x186.jpg 300w, http:\/\/blog.meineigenerweg.de\/wp-content\/uploads\/2014\/08\/Ueberseemuseumx.jpg 1000w\" sizes=\"auto, (max-width: 300px) 100vw, 300px\" \/><\/a><br \/>\nIch komme in einen hellen, lichten Innenraum und f\u00fchle alle meine Erwartungen erf\u00fcllt.<br \/>\n<a href=\"http:\/\/blog.meineigenerweg.de\/wp-content\/uploads\/2014\/08\/museum-innenx.jpg\"><img loading=\"lazy\" decoding=\"async\" class=\"alignnone size-medium wp-image-2407\" src=\"http:\/\/blog.meineigenerweg.de\/wp-content\/uploads\/2014\/08\/museum-innenx-300x216.jpg\" alt=\"museum innenx\" width=\"300\" height=\"216\" srcset=\"http:\/\/blog.meineigenerweg.de\/wp-content\/uploads\/2014\/08\/museum-innenx-300x216.jpg 300w, http:\/\/blog.meineigenerweg.de\/wp-content\/uploads\/2014\/08\/museum-innenx.jpg 1000w\" sizes=\"auto, (max-width: 300px) 100vw, 300px\" \/><\/a><br \/>\nEine gro\u00dfe Karte zeigt mir, wo Mikronesien und Polynesien und Melanesien liegen, zeigt die Inseln Vanuatu, Hawaii, Tonga, Papua Neuguinea und viele mehr. Allein die Namen lassen das Fernweh in mir lichterloh brennen.<\/p>\n<p>Aber meine Begeisterung k\u00fchlt schnell wieder ab, denn nach kurzer Zeit habe ich das Gef\u00fchl, in einer Sammlung von Mitbringseln aus den vergangenen Jahrhunderten zu stehen.<\/p>\n<p>Der n\u00e4chste Saal bringt mich nach Asien, aber auch hier finde ich es ein wenig wirr. Neben einem Tempel aus Guam wehen Drachen aus Bali vor einem Wohnhaus aus Japan.<br \/>\n<a href=\"http:\/\/blog.meineigenerweg.de\/wp-content\/uploads\/2014\/08\/DSC_4975.jpg\"><img loading=\"lazy\" decoding=\"async\" class=\"alignnone size-medium wp-image-2409\" src=\"http:\/\/blog.meineigenerweg.de\/wp-content\/uploads\/2014\/08\/DSC_4975-300x200.jpg\" alt=\"DSC_4975\" width=\"300\" height=\"200\" srcset=\"http:\/\/blog.meineigenerweg.de\/wp-content\/uploads\/2014\/08\/DSC_4975-300x200.jpg 300w, http:\/\/blog.meineigenerweg.de\/wp-content\/uploads\/2014\/08\/DSC_4975.jpg 1000w\" sizes=\"auto, (max-width: 300px) 100vw, 300px\" \/><\/a><br \/>\nAfrika schlie\u00dflich zeigt mit ausgestopfte Tiere.<br \/>\n<a href=\"http:\/\/blog.meineigenerweg.de\/wp-content\/uploads\/2014\/08\/DSC_4983.jpg\"><img loading=\"lazy\" decoding=\"async\" class=\"alignnone size-medium wp-image-2410\" src=\"http:\/\/blog.meineigenerweg.de\/wp-content\/uploads\/2014\/08\/DSC_4983-300x225.jpg\" alt=\"DSC_4983\" width=\"300\" height=\"225\" srcset=\"http:\/\/blog.meineigenerweg.de\/wp-content\/uploads\/2014\/08\/DSC_4983-300x225.jpg 300w, http:\/\/blog.meineigenerweg.de\/wp-content\/uploads\/2014\/08\/DSC_4983.jpg 1000w\" sizes=\"auto, (max-width: 300px) 100vw, 300px\" \/><\/a><br \/>\nDann breche ich meinen Rundgang ab, dies ist nicht mein Museum. Es ist mit seiner Darbietung in der Mitte des vergangenen Jahrhunderts stehen geblieben. Dazu kommt sehr st\u00f6rend hinzu, dass an vielen Stellen die Beleuchtung\u00a0von R\u00e4umen und Vitrinen\u00a0defekt und die Beschriftung der Exponate schlecht\u00a0zu lesen ist.<\/p>\n<p>Meine Wertung: <span style=\"color: #ff0000;\">*<\/span>**** lohnt nicht<br \/>\n<span class=\"_pK\">Bahnhofsplatz 13<br \/>\n<\/span><span class=\"_pK\">28195 Bremen<\/span><\/p>\n<p>&nbsp;<\/p>\n<p>http:\/\/www.uebersee-museum.de\/<\/p>\n","protected":false},"excerpt":{"rendered":"<p>15.08.2014 \u00dcberseemuseum, das klingt f\u00fcr mich nach fernen Welten, nach\u00a0Abenteuern, nach Forschern mit Tropenhelmen, nach S\u00fcdsee und tropischen Inseln voller\u00a0Palmen. Das Museum liegt direkt am Bahnhof in einem imposanten Geb\u00e4ude. Ich komme in einen hellen, lichten Innenraum und f\u00fchle alle meine Erwartungen erf\u00fcllt. Eine gro\u00dfe Karte zeigt mir, wo Mikronesien<\/p>\n","protected":false},"author":1,"featured_media":2420,"parent":108,"menu_order":0,"comment_status":"closed","ping_status":"closed","template":"","meta":{"footnotes":""},"class_list":["post-2334","page","type-page","status-publish","has-post-thumbnail","hentry"],"_links":{"self":[{"href":"http:\/\/blog.meineigenerweg.de\/index.php?rest_route=\/wp\/v2\/pages\/2334","targetHints":{"allow":["GET"]}}],"collection":[{"href":"http:\/\/blog.meineigenerweg.de\/index.php?rest_route=\/wp\/v2\/pages"}],"about":[{"href":"http:\/\/blog.meineigenerweg.de\/index.php?rest_route=\/wp\/v2\/types\/page"}],"author":[{"embeddable":true,"href":"http:\/\/blog.meineigenerweg.de\/index.php?rest_route=\/wp\/v2\/users\/1"}],"replies":[{"embeddable":true,"href":"http:\/\/blog.meineigenerweg.de\/index.php?rest_route=%2Fwp%2Fv2%2Fcomments&post=2334"}],"version-history":[{"count":14,"href":"http:\/\/blog.meineigenerweg.de\/index.php?rest_route=\/wp\/v2\/pages\/2334\/revisions"}],"predecessor-version":[{"id":5861,"href":"http:\/\/blog.meineigenerweg.de\/index.php?rest_route=\/wp\/v2\/pages\/2334\/revisions\/5861"}],"up":[{"embeddable":true,"href":"http:\/\/blog.meineigenerweg.de\/index.php?rest_route=\/wp\/v2\/pages\/108"}],"wp:featuredmedia":[{"embeddable":true,"href":"http:\/\/blog.meineigenerweg.de\/index.php?rest_route=\/wp\/v2\/media\/2420"}],"wp:attachment":[{"href":"http:\/\/blog.meineigenerweg.de\/index.php?rest_route=%2Fwp%2Fv2%2Fmedia&parent=2334"}],"curies":[{"name":"wp","href":"https:\/\/api.w.org\/{rel}","templated":true}]}}