{"id":2330,"date":"2014-08-30T20:48:04","date_gmt":"2014-08-30T19:48:04","guid":{"rendered":"http:\/\/blog.meineigenerweg.de\/?page_id=2330"},"modified":"2021-05-24T12:09:18","modified_gmt":"2021-05-24T11:09:18","slug":"140816-buergerpark","status":"publish","type":"page","link":"http:\/\/blog.meineigenerweg.de\/?page_id=2330","title":{"rendered":"B\u00fcrgerpark *****"},"content":{"rendered":"<p>07.05.2021<\/p>\n<p>Nach langer Zeit waren wir mal wieder in Bremen und konnten den Fr\u00fchling im B\u00fcrgerpark genie\u00dfen.<\/p>\n<p><a href=\"http:\/\/blog.meineigenerweg.de\/wp-content\/uploads\/2021\/05\/IMG_9854.jpg\"><img loading=\"lazy\" decoding=\"async\" class=\"alignnone size-medium wp-image-7502\" src=\"http:\/\/blog.meineigenerweg.de\/wp-content\/uploads\/2021\/05\/IMG_9854-300x200.jpg\" alt=\"\" width=\"300\" height=\"200\" srcset=\"http:\/\/blog.meineigenerweg.de\/wp-content\/uploads\/2021\/05\/IMG_9854-300x200.jpg 300w, http:\/\/blog.meineigenerweg.de\/wp-content\/uploads\/2021\/05\/IMG_9854-768x512.jpg 768w, http:\/\/blog.meineigenerweg.de\/wp-content\/uploads\/2021\/05\/IMG_9854.jpg 1000w\" sizes=\"auto, (max-width: 300px) 100vw, 300px\" \/><\/a> <a href=\"http:\/\/blog.meineigenerweg.de\/wp-content\/uploads\/2021\/05\/IMG_9845.jpg\"><img loading=\"lazy\" decoding=\"async\" class=\"alignnone size-medium wp-image-7501\" src=\"http:\/\/blog.meineigenerweg.de\/wp-content\/uploads\/2021\/05\/IMG_9845-300x200.jpg\" alt=\"\" width=\"300\" height=\"200\" srcset=\"http:\/\/blog.meineigenerweg.de\/wp-content\/uploads\/2021\/05\/IMG_9845-300x200.jpg 300w, http:\/\/blog.meineigenerweg.de\/wp-content\/uploads\/2021\/05\/IMG_9845-768x512.jpg 768w, http:\/\/blog.meineigenerweg.de\/wp-content\/uploads\/2021\/05\/IMG_9845.jpg 1000w\" sizes=\"auto, (max-width: 300px) 100vw, 300px\" \/><\/a> <a href=\"http:\/\/blog.meineigenerweg.de\/wp-content\/uploads\/2021\/05\/IMG_9839.jpg\"><img loading=\"lazy\" decoding=\"async\" class=\"alignnone size-medium wp-image-7500\" src=\"http:\/\/blog.meineigenerweg.de\/wp-content\/uploads\/2021\/05\/IMG_9839-300x200.jpg\" alt=\"\" width=\"300\" height=\"200\" srcset=\"http:\/\/blog.meineigenerweg.de\/wp-content\/uploads\/2021\/05\/IMG_9839-300x200.jpg 300w, http:\/\/blog.meineigenerweg.de\/wp-content\/uploads\/2021\/05\/IMG_9839-768x512.jpg 768w, http:\/\/blog.meineigenerweg.de\/wp-content\/uploads\/2021\/05\/IMG_9839.jpg 1000w\" sizes=\"auto, (max-width: 300px) 100vw, 300px\" \/><\/a> <a href=\"http:\/\/blog.meineigenerweg.de\/wp-content\/uploads\/2021\/05\/IMG_9718.jpg\"><img loading=\"lazy\" decoding=\"async\" class=\"alignnone size-medium wp-image-7499\" src=\"http:\/\/blog.meineigenerweg.de\/wp-content\/uploads\/2021\/05\/IMG_9718-300x200.jpg\" alt=\"\" width=\"300\" height=\"200\" srcset=\"http:\/\/blog.meineigenerweg.de\/wp-content\/uploads\/2021\/05\/IMG_9718-300x200.jpg 300w, http:\/\/blog.meineigenerweg.de\/wp-content\/uploads\/2021\/05\/IMG_9718-768x512.jpg 768w, http:\/\/blog.meineigenerweg.de\/wp-content\/uploads\/2021\/05\/IMG_9718.jpg 1000w\" sizes=\"auto, (max-width: 300px) 100vw, 300px\" \/><\/a> <a href=\"http:\/\/blog.meineigenerweg.de\/wp-content\/uploads\/2021\/05\/IMG_9716.jpg\"><img loading=\"lazy\" decoding=\"async\" class=\"alignnone size-medium wp-image-7498\" src=\"http:\/\/blog.meineigenerweg.de\/wp-content\/uploads\/2021\/05\/IMG_9716-300x200.jpg\" alt=\"\" width=\"300\" height=\"200\" srcset=\"http:\/\/blog.meineigenerweg.de\/wp-content\/uploads\/2021\/05\/IMG_9716-300x200.jpg 300w, http:\/\/blog.meineigenerweg.de\/wp-content\/uploads\/2021\/05\/IMG_9716-768x512.jpg 768w, http:\/\/blog.meineigenerweg.de\/wp-content\/uploads\/2021\/05\/IMG_9716.jpg 1000w\" sizes=\"auto, (max-width: 300px) 100vw, 300px\" \/><\/a> <a href=\"http:\/\/blog.meineigenerweg.de\/wp-content\/uploads\/2021\/05\/IMG_9707.jpg\"><img loading=\"lazy\" decoding=\"async\" class=\"alignnone size-medium wp-image-7497\" src=\"http:\/\/blog.meineigenerweg.de\/wp-content\/uploads\/2021\/05\/IMG_9707-300x200.jpg\" alt=\"\" width=\"300\" height=\"200\" srcset=\"http:\/\/blog.meineigenerweg.de\/wp-content\/uploads\/2021\/05\/IMG_9707-300x200.jpg 300w, http:\/\/blog.meineigenerweg.de\/wp-content\/uploads\/2021\/05\/IMG_9707-768x512.jpg 768w, http:\/\/blog.meineigenerweg.de\/wp-content\/uploads\/2021\/05\/IMG_9707.jpg 1000w\" sizes=\"auto, (max-width: 300px) 100vw, 300px\" \/><\/a><\/p>\n<p>&nbsp;<\/p>\n<p>16.08.2014<\/p>\n<p>Mitten in der Stadt liegt eines der beliebtesten Ausflugsziele der Bremer, der <span style=\"color: #0000ff;\"><a href=\"http:\/\/www.buergerpark.de\/\" target=\"_blank\" rel=\"noopener noreferrer\"><span style=\"color: #0000ff;\"><span style=\"text-decoration: underline;\">B\u00fcrgerpark<\/span><\/span><\/a><\/span>.\u00a0Ein\u00a0wundersch\u00f6ner Park mit\u00a0alten B\u00e4umen,\u00a0W\u00e4ldern und gro\u00dfen Wiesen.<\/p>\n<p>Bereits 1159 wurde den Bremer B\u00fcrgern\u00a0durch Erzbischof Hartwig eine B\u00fcrgerweide zugesprochen. Dort durften die\u00a0Einwohner Bremens\u00a0ihr Vieh weiden lassen. Als im 19. Jahrhundert die Nutzung der Weidefl\u00e4che immer geringer\u00a0wurde, wurde 1865\u00a0auf Begehren der Bremer B\u00fcrgerschaft auf diesem baumlosen Areal ein Volksgarten als\u00a0Erholungsgebiet angelegt.<br \/>\n<a href=\"http:\/\/blog.meineigenerweg.de\/wp-content\/uploads\/2014\/08\/DSC_5023.jpg\"><img loading=\"lazy\" decoding=\"async\" class=\"alignnone size-medium wp-image-2475\" src=\"http:\/\/blog.meineigenerweg.de\/wp-content\/uploads\/2014\/08\/DSC_5023-300x200.jpg\" alt=\"DSC_5023\" width=\"300\" height=\"200\" srcset=\"http:\/\/blog.meineigenerweg.de\/wp-content\/uploads\/2014\/08\/DSC_5023-300x200.jpg 300w, http:\/\/blog.meineigenerweg.de\/wp-content\/uploads\/2014\/08\/DSC_5023.jpg 1000w\" sizes=\"auto, (max-width: 300px) 100vw, 300px\" \/><\/a><br \/>\nDer Park ist von vielen kleinen Seen und Wasserl\u00e4ufen durchzogen<br \/>\n<a href=\"http:\/\/blog.meineigenerweg.de\/wp-content\/uploads\/2014\/08\/Bremen_07_148.jpg\"><img loading=\"lazy\" decoding=\"async\" class=\"alignnone size-medium wp-image-2476\" src=\"http:\/\/blog.meineigenerweg.de\/wp-content\/uploads\/2014\/08\/Bremen_07_148-300x200.jpg\" alt=\"Bremen_07_148\" width=\"300\" height=\"200\" srcset=\"http:\/\/blog.meineigenerweg.de\/wp-content\/uploads\/2014\/08\/Bremen_07_148-300x200.jpg 300w, http:\/\/blog.meineigenerweg.de\/wp-content\/uploads\/2014\/08\/Bremen_07_148.jpg 1000w\" sizes=\"auto, (max-width: 300px) 100vw, 300px\" \/><\/a><br \/>\nBesucher sonnen sich auf Wiesen, gehen spazieren oder fahren mit dem Rad \u00fcber die breiten Wege. Es herrscht eine ausgelassene, entspannte Stimmung. Es gibt einen kleinen Zoo, man kann Ruderboote mieten oder in einem Biergarten essen und trinken.<br \/>\n<a href=\"http:\/\/blog.meineigenerweg.de\/wp-content\/uploads\/2014\/08\/DSC_5295.jpg\"><img loading=\"lazy\" decoding=\"async\" class=\"alignnone size-medium wp-image-2477\" src=\"http:\/\/blog.meineigenerweg.de\/wp-content\/uploads\/2014\/08\/DSC_5295-300x200.jpg\" alt=\"DSC_5295\" width=\"300\" height=\"200\" srcset=\"http:\/\/blog.meineigenerweg.de\/wp-content\/uploads\/2014\/08\/DSC_5295-300x200.jpg 300w, http:\/\/blog.meineigenerweg.de\/wp-content\/uploads\/2014\/08\/DSC_5295.jpg 1000w\" sizes=\"auto, (max-width: 300px) 100vw, 300px\" \/><\/a><\/p>\n<p>Meine Wertung: <span style=\"color: #ff0000;\">*****<\/span> unbedingt spazieren gehen<\/p>\n<p>&nbsp;<\/p>\n<p>&nbsp;<\/p>\n","protected":false},"excerpt":{"rendered":"<p>07.05.2021 Nach langer Zeit waren wir mal wieder in Bremen und konnten den Fr\u00fchling im B\u00fcrgerpark genie\u00dfen. &nbsp; 16.08.2014 Mitten in der Stadt liegt eines der beliebtesten Ausflugsziele der Bremer, der B\u00fcrgerpark.\u00a0Ein\u00a0wundersch\u00f6ner Park mit\u00a0alten B\u00e4umen,\u00a0W\u00e4ldern und gro\u00dfen Wiesen. Bereits 1159 wurde den Bremer B\u00fcrgern\u00a0durch Erzbischof Hartwig eine B\u00fcrgerweide zugesprochen. Dort<\/p>\n","protected":false},"author":1,"featured_media":2483,"parent":108,"menu_order":0,"comment_status":"closed","ping_status":"closed","template":"","meta":{"footnotes":""},"class_list":["post-2330","page","type-page","status-publish","has-post-thumbnail","hentry"],"_links":{"self":[{"href":"http:\/\/blog.meineigenerweg.de\/index.php?rest_route=\/wp\/v2\/pages\/2330","targetHints":{"allow":["GET"]}}],"collection":[{"href":"http:\/\/blog.meineigenerweg.de\/index.php?rest_route=\/wp\/v2\/pages"}],"about":[{"href":"http:\/\/blog.meineigenerweg.de\/index.php?rest_route=\/wp\/v2\/types\/page"}],"author":[{"embeddable":true,"href":"http:\/\/blog.meineigenerweg.de\/index.php?rest_route=\/wp\/v2\/users\/1"}],"replies":[{"embeddable":true,"href":"http:\/\/blog.meineigenerweg.de\/index.php?rest_route=%2Fwp%2Fv2%2Fcomments&post=2330"}],"version-history":[{"count":14,"href":"http:\/\/blog.meineigenerweg.de\/index.php?rest_route=\/wp\/v2\/pages\/2330\/revisions"}],"predecessor-version":[{"id":7505,"href":"http:\/\/blog.meineigenerweg.de\/index.php?rest_route=\/wp\/v2\/pages\/2330\/revisions\/7505"}],"up":[{"embeddable":true,"href":"http:\/\/blog.meineigenerweg.de\/index.php?rest_route=\/wp\/v2\/pages\/108"}],"wp:featuredmedia":[{"embeddable":true,"href":"http:\/\/blog.meineigenerweg.de\/index.php?rest_route=\/wp\/v2\/media\/2483"}],"wp:attachment":[{"href":"http:\/\/blog.meineigenerweg.de\/index.php?rest_route=%2Fwp%2Fv2%2Fmedia&parent=2330"}],"curies":[{"name":"wp","href":"https:\/\/api.w.org\/{rel}","templated":true}]}}