{"id":2327,"date":"2014-08-21T21:12:06","date_gmt":"2014-08-21T20:12:06","guid":{"rendered":"http:\/\/blog.meineigenerweg.de\/?page_id=2327"},"modified":"2019-03-28T20:36:40","modified_gmt":"2019-03-28T19:36:40","slug":"140817-stadtwaldsee","status":"publish","type":"page","link":"http:\/\/blog.meineigenerweg.de\/?page_id=2327","title":{"rendered":"Stadtwaldsee *****"},"content":{"rendered":"<p>17.08.2014<\/p>\n<p>Mit dem Fahrrad sind es keine zwanzig Minuten, zum B\u00fcrgerpark, am B\u00fcrgerpark entlang und schon bin ich am <span style=\"color: #0000ff;\"><a href=\"http:\/\/de.wikipedia.org\/wiki\/Stadtwaldsee\" target=\"_blank\" rel=\"noopener noreferrer\"><span style=\"color: #0000ff;\"><span style=\"text-decoration: underline;\">Stadtwaldsee<\/span><\/span><\/a><\/span>.<br \/>\n<a href=\"http:\/\/blog.meineigenerweg.de\/wp-content\/uploads\/2014\/08\/DSC_5026x.jpg\"><img loading=\"lazy\" decoding=\"async\" class=\"alignnone size-medium wp-image-2442\" src=\"http:\/\/blog.meineigenerweg.de\/wp-content\/uploads\/2014\/08\/DSC_5026x-300x200.jpg\" alt=\"DSC_5026x\" width=\"300\" height=\"200\" srcset=\"http:\/\/blog.meineigenerweg.de\/wp-content\/uploads\/2014\/08\/DSC_5026x-300x200.jpg 300w, http:\/\/blog.meineigenerweg.de\/wp-content\/uploads\/2014\/08\/DSC_5026x.jpg 1000w\" sizes=\"auto, (max-width: 300px) 100vw, 300px\" \/><\/a><br \/>\nAm Fahrradst\u00e4nder reihen sich die Fahrr\u00e4der aneinander, typisch Bremen, einen Autoparkplatz gibt es nicht.\u00a0Vom Imbisswagen weht der Duft von Currywurst und Pommes her\u00fcber und macht Appetit.\u00a0Kinder stehen Schlange, um ein Eis zu bekommen. Da johlen\u00a0Kinder beim Fu\u00dfball spielen, dort erklingt lustiges Geschrei von tobenden Kindern aus dem Wasser.\u00a0Im\u00a0Vor\u00fcbergehen wehen\u00a0Gespr\u00e4chsfetzen in unterschiedlichen Sprachen zu mir her\u00fcber. Die Menschen liegen auf Decken und T\u00fcchern oder haben sich Campingst\u00fchle mitgebracht.\u00a0Vor sich Wasserflaschen, Butterbrote und\u00a0Chipst\u00fcten. \u00dcberall herrscht ausgelassene Stimmung und fr\u00f6hliches Lachen. Einfach sch\u00f6n. Dann muss ich lachen,\u00a0zwei spielende\u00a0Jungen im Wasser, von denen einer ruft: &#8222;ehj Digger, da sind ja echt Fische drin&#8220;.<br \/>\n<a href=\"http:\/\/blog.meineigenerweg.de\/wp-content\/uploads\/2014\/08\/DSC_4571x.jpg\"><img loading=\"lazy\" decoding=\"async\" class=\"alignnone size-medium wp-image-2443\" src=\"http:\/\/blog.meineigenerweg.de\/wp-content\/uploads\/2014\/08\/DSC_4571x-300x200.jpg\" alt=\"DSC_4571x\" width=\"300\" height=\"200\" srcset=\"http:\/\/blog.meineigenerweg.de\/wp-content\/uploads\/2014\/08\/DSC_4571x-300x200.jpg 300w, http:\/\/blog.meineigenerweg.de\/wp-content\/uploads\/2014\/08\/DSC_4571x.jpg 1000w\" sizes=\"auto, (max-width: 300px) 100vw, 300px\" \/><\/a><br \/>\nIch suche mir ein freies Pl\u00e4tzchen und lasse mich von der Stimmung\u00a0mittragen und genie\u00dfe einen\u00a0wunderbar faulen Nachmittag in der Sonne.<\/p>\n<p>Als der Hunger zu gro\u00df wird,\u00a0setzte ich mich wieder auf mein Rad und fahre\u00a0ein St\u00fcck um den See herum. Vorbei an dem abgetrennten, textilfreien Bereich bis zum &#8222;Il Lago&#8220;, einem h\u00fcbschen Ausflugslokal\u00a0mit einer sehr sch\u00f6nen Terasse, die direkt in den See hineinragt.<\/p>\n<p><em>Meine Wertung: <span style=\"color: #ff0000;\">*****<\/span> unbedingt mal baden gehen<\/em><br \/>\n<em>zwischen Hochschulring und Wetterungsweg<\/em><br \/>\n<em>Bremen<\/em><\/p>\n","protected":false},"excerpt":{"rendered":"<p>17.08.2014 Mit dem Fahrrad sind es keine zwanzig Minuten, zum B\u00fcrgerpark, am B\u00fcrgerpark entlang und schon bin ich am Stadtwaldsee. Am Fahrradst\u00e4nder reihen sich die Fahrr\u00e4der aneinander, typisch Bremen, einen Autoparkplatz gibt es nicht.\u00a0Vom Imbisswagen weht der Duft von Currywurst und Pommes her\u00fcber und macht Appetit.\u00a0Kinder stehen Schlange, um ein<\/p>\n","protected":false},"author":1,"featured_media":2454,"parent":108,"menu_order":0,"comment_status":"closed","ping_status":"closed","template":"","meta":{"footnotes":""},"class_list":["post-2327","page","type-page","status-publish","has-post-thumbnail","hentry"],"_links":{"self":[{"href":"http:\/\/blog.meineigenerweg.de\/index.php?rest_route=\/wp\/v2\/pages\/2327","targetHints":{"allow":["GET"]}}],"collection":[{"href":"http:\/\/blog.meineigenerweg.de\/index.php?rest_route=\/wp\/v2\/pages"}],"about":[{"href":"http:\/\/blog.meineigenerweg.de\/index.php?rest_route=\/wp\/v2\/types\/page"}],"author":[{"embeddable":true,"href":"http:\/\/blog.meineigenerweg.de\/index.php?rest_route=\/wp\/v2\/users\/1"}],"replies":[{"embeddable":true,"href":"http:\/\/blog.meineigenerweg.de\/index.php?rest_route=%2Fwp%2Fv2%2Fcomments&post=2327"}],"version-history":[{"count":19,"href":"http:\/\/blog.meineigenerweg.de\/index.php?rest_route=\/wp\/v2\/pages\/2327\/revisions"}],"predecessor-version":[{"id":5873,"href":"http:\/\/blog.meineigenerweg.de\/index.php?rest_route=\/wp\/v2\/pages\/2327\/revisions\/5873"}],"up":[{"embeddable":true,"href":"http:\/\/blog.meineigenerweg.de\/index.php?rest_route=\/wp\/v2\/pages\/108"}],"wp:featuredmedia":[{"embeddable":true,"href":"http:\/\/blog.meineigenerweg.de\/index.php?rest_route=\/wp\/v2\/media\/2454"}],"wp:attachment":[{"href":"http:\/\/blog.meineigenerweg.de\/index.php?rest_route=%2Fwp%2Fv2%2Fmedia&parent=2327"}],"curies":[{"name":"wp","href":"https:\/\/api.w.org\/{rel}","templated":true}]}}