{"id":2318,"date":"2014-09-11T19:48:06","date_gmt":"2014-09-11T18:48:06","guid":{"rendered":"http:\/\/blog.meineigenerweg.de\/?page_id=2318"},"modified":"2019-03-28T20:37:17","modified_gmt":"2019-03-28T19:37:17","slug":"schnoor","status":"publish","type":"page","link":"http:\/\/blog.meineigenerweg.de\/?page_id=2318","title":{"rendered":"Schnoor *****"},"content":{"rendered":"<p>20.08.2014<\/p>\n<p>Der Schnoor ist der \u00e4lteste Stadtteil Bremens, fr\u00fcher haben hier haupts\u00e4chlich Fischer und Seeleute gewohnt. Heute ist es eine bunte Mischung\u00a0aus\u00a0kleinen Theatern, Galerien und Museen,\u00a0viele Kunsthandwerksbetriebe, Antiquit\u00e4tengesch\u00e4fte und L\u00e4den mit Dingen, die nur Touristen brauchen.<\/p>\n<p>Im\u00a0Schnoor verlangsame ich automatisch meine Schritte, hier ist die Zeit scheinbar stehen geblieben. Ich setze mich in den n\u00e4chsten Gasthof, schaue den vor\u00fcbergehenden Menschen zu und lasse mich langsam in die Vergangenheit gleiten.<br \/>\n<a href=\"http:\/\/blog.meineigenerweg.de\/wp-content\/uploads\/2014\/09\/DSC_4823.jpg\"><img loading=\"lazy\" decoding=\"async\" class=\"alignnone size-medium wp-image-2562\" src=\"http:\/\/blog.meineigenerweg.de\/wp-content\/uploads\/2014\/09\/DSC_4823-300x200.jpg\" alt=\"DSC_4823\" width=\"300\" height=\"200\" srcset=\"http:\/\/blog.meineigenerweg.de\/wp-content\/uploads\/2014\/09\/DSC_4823-300x200.jpg 300w, http:\/\/blog.meineigenerweg.de\/wp-content\/uploads\/2014\/09\/DSC_4823.jpg 1000w\" sizes=\"auto, (max-width: 300px) 100vw, 300px\" \/><\/a><br \/>\nIch gehe gedanklich auf eine Reise in die Vergangenheit und stelle mir vor, wie es vor ein-, zweihundert Jahren wohl war.\u00a0Dort eine Hutmacherin und daneben ein Gesch\u00e4ft f\u00fcr Schiffszubeh\u00f6r. An den W\u00e4nden h\u00e4ngen Taue und Seekarten\u00a0und es riecht nach Teer und Tabak.\u00a0Da vielleicht\u00a0eine Apotheke mit Regalen voller\u00a0Flaschen und Tiegel mit geheimnisvollen Inhalten.<br \/>\n<a href=\"http:\/\/blog.meineigenerweg.de\/wp-content\/uploads\/2014\/09\/DSC_4825.jpg\"><img loading=\"lazy\" decoding=\"async\" class=\"alignnone size-medium wp-image-2563\" src=\"http:\/\/blog.meineigenerweg.de\/wp-content\/uploads\/2014\/09\/DSC_4825-300x200.jpg\" alt=\"DSC_4825\" width=\"300\" height=\"200\" srcset=\"http:\/\/blog.meineigenerweg.de\/wp-content\/uploads\/2014\/09\/DSC_4825-300x200.jpg 300w, http:\/\/blog.meineigenerweg.de\/wp-content\/uploads\/2014\/09\/DSC_4825.jpg 1000w\" sizes=\"auto, (max-width: 300px) 100vw, 300px\" \/><\/a><br \/>\nHier k\u00f6nnte einmal eine kleine Schankstube gewesen sein,\u00a0aus deren offener T\u00fcr\u00a0der Geruch von Schweinbraten und Bier wehte und Stimmen durcheinander redeten und lachten.<br \/>\n<a href=\"http:\/\/blog.meineigenerweg.de\/wp-content\/uploads\/2014\/09\/DSC_4860.jpg\"><img loading=\"lazy\" decoding=\"async\" class=\"alignnone size-medium wp-image-2564\" src=\"http:\/\/blog.meineigenerweg.de\/wp-content\/uploads\/2014\/09\/DSC_4860-300x200.jpg\" alt=\"DSC_4860\" width=\"300\" height=\"200\" srcset=\"http:\/\/blog.meineigenerweg.de\/wp-content\/uploads\/2014\/09\/DSC_4860-300x200.jpg 300w, http:\/\/blog.meineigenerweg.de\/wp-content\/uploads\/2014\/09\/DSC_4860.jpg 1000w\" sizes=\"auto, (max-width: 300px) 100vw, 300px\" \/><\/a><br \/>\nDurch die engen Gassen gehen\u00a0Seeleute, die mit\u00a0ihren Holzschuhen \u00fcber das Pflaster schlurfen.<br \/>\n<a href=\"http:\/\/blog.meineigenerweg.de\/wp-content\/uploads\/2014\/09\/DSC_4839.jpg\"><img loading=\"lazy\" decoding=\"async\" class=\"alignnone size-medium wp-image-2566\" src=\"http:\/\/blog.meineigenerweg.de\/wp-content\/uploads\/2014\/09\/DSC_4839-300x200.jpg\" alt=\"DSC_4839\" width=\"300\" height=\"200\" srcset=\"http:\/\/blog.meineigenerweg.de\/wp-content\/uploads\/2014\/09\/DSC_4839-300x200.jpg 300w, http:\/\/blog.meineigenerweg.de\/wp-content\/uploads\/2014\/09\/DSC_4839.jpg 1000w\" sizes=\"auto, (max-width: 300px) 100vw, 300px\" \/><\/a><br \/>\nDann tauche ich wieder in der Realit\u00e4t auf und bin von Touristen umgeben.<br \/>\n<a href=\"http:\/\/blog.meineigenerweg.de\/wp-content\/uploads\/2014\/09\/DSC_4836.jpg\"><img loading=\"lazy\" decoding=\"async\" class=\"alignnone size-medium wp-image-2569\" src=\"http:\/\/blog.meineigenerweg.de\/wp-content\/uploads\/2014\/09\/DSC_4836-200x300.jpg\" alt=\"DSC_4836\" width=\"200\" height=\"300\" srcset=\"http:\/\/blog.meineigenerweg.de\/wp-content\/uploads\/2014\/09\/DSC_4836-200x300.jpg 200w, http:\/\/blog.meineigenerweg.de\/wp-content\/uploads\/2014\/09\/DSC_4836.jpg 669w\" sizes=\"auto, (max-width: 200px) 100vw, 200px\" \/><\/a><br \/>\nIn einem der winzigen Restaurants esse ich Bratkartoffeln mit frischem Matjes\u00a0oder doch lieber mit Bremer\u00a0Knipp (so etwas wie Gr\u00fctzwurst).<br \/>\n<a href=\"http:\/\/blog.meineigenerweg.de\/wp-content\/uploads\/2014\/09\/DSC_48351.jpg\"><img loading=\"lazy\" decoding=\"async\" class=\"alignnone size-medium wp-image-2570\" src=\"http:\/\/blog.meineigenerweg.de\/wp-content\/uploads\/2014\/09\/DSC_48351-200x300.jpg\" alt=\"DSC_4835\" width=\"200\" height=\"300\" srcset=\"http:\/\/blog.meineigenerweg.de\/wp-content\/uploads\/2014\/09\/DSC_48351-200x300.jpg 200w, http:\/\/blog.meineigenerweg.de\/wp-content\/uploads\/2014\/09\/DSC_48351.jpg 669w\" sizes=\"auto, (max-width: 200px) 100vw, 200px\" \/><\/a><br \/>\nUnd zum Nachtisch eine Tasse Tee und Pflaumenkuchen mit Sahne. In der ersten Etage ist es gem\u00fctlich eng und voll und die Teller mit Kuchen werden von Tisch zu Tisch weitergereicht.<br \/>\n<a href=\"http:\/\/blog.meineigenerweg.de\/wp-content\/uploads\/2014\/09\/DSC_4834.jpg\"><img loading=\"lazy\" decoding=\"async\" class=\"alignnone size-medium wp-image-2567\" src=\"http:\/\/blog.meineigenerweg.de\/wp-content\/uploads\/2014\/09\/DSC_4834-200x300.jpg\" alt=\"DSC_4834\" width=\"200\" height=\"300\" srcset=\"http:\/\/blog.meineigenerweg.de\/wp-content\/uploads\/2014\/09\/DSC_4834-200x300.jpg 200w, http:\/\/blog.meineigenerweg.de\/wp-content\/uploads\/2014\/09\/DSC_4834.jpg 669w\" sizes=\"auto, (max-width: 200px) 100vw, 200px\" \/><\/a><\/p>\n<p><em>Meine Wertung: <span style=\"color: #ff0000;\">*****<\/span> unbedingt ausprobieren<\/em><br \/>\n<em>Schnoor (so hei\u00dft die Stra\u00dfe)<\/em><br \/>\n<em>Bremen<\/em><\/p>\n","protected":false},"excerpt":{"rendered":"<p>20.08.2014 Der Schnoor ist der \u00e4lteste Stadtteil Bremens, fr\u00fcher haben hier haupts\u00e4chlich Fischer und Seeleute gewohnt. Heute ist es eine bunte Mischung\u00a0aus\u00a0kleinen Theatern, Galerien und Museen,\u00a0viele Kunsthandwerksbetriebe, Antiquit\u00e4tengesch\u00e4fte und L\u00e4den mit Dingen, die nur Touristen brauchen. Im\u00a0Schnoor verlangsame ich automatisch meine Schritte, hier ist die Zeit scheinbar stehen geblieben. Ich<\/p>\n","protected":false},"author":1,"featured_media":2574,"parent":108,"menu_order":0,"comment_status":"closed","ping_status":"closed","template":"","meta":{"footnotes":""},"class_list":["post-2318","page","type-page","status-publish","has-post-thumbnail","hentry"],"_links":{"self":[{"href":"http:\/\/blog.meineigenerweg.de\/index.php?rest_route=\/wp\/v2\/pages\/2318","targetHints":{"allow":["GET"]}}],"collection":[{"href":"http:\/\/blog.meineigenerweg.de\/index.php?rest_route=\/wp\/v2\/pages"}],"about":[{"href":"http:\/\/blog.meineigenerweg.de\/index.php?rest_route=\/wp\/v2\/types\/page"}],"author":[{"embeddable":true,"href":"http:\/\/blog.meineigenerweg.de\/index.php?rest_route=\/wp\/v2\/users\/1"}],"replies":[{"embeddable":true,"href":"http:\/\/blog.meineigenerweg.de\/index.php?rest_route=%2Fwp%2Fv2%2Fcomments&post=2318"}],"version-history":[{"count":15,"href":"http:\/\/blog.meineigenerweg.de\/index.php?rest_route=\/wp\/v2\/pages\/2318\/revisions"}],"predecessor-version":[{"id":2600,"href":"http:\/\/blog.meineigenerweg.de\/index.php?rest_route=\/wp\/v2\/pages\/2318\/revisions\/2600"}],"up":[{"embeddable":true,"href":"http:\/\/blog.meineigenerweg.de\/index.php?rest_route=\/wp\/v2\/pages\/108"}],"wp:featuredmedia":[{"embeddable":true,"href":"http:\/\/blog.meineigenerweg.de\/index.php?rest_route=\/wp\/v2\/media\/2574"}],"wp:attachment":[{"href":"http:\/\/blog.meineigenerweg.de\/index.php?rest_route=%2Fwp%2Fv2%2Fmedia&parent=2318"}],"curies":[{"name":"wp","href":"https:\/\/api.w.org\/{rel}","templated":true}]}}