{"id":2218,"date":"2014-08-11T15:12:09","date_gmt":"2014-08-11T14:12:09","guid":{"rendered":"http:\/\/blog.meineigenerweg.de\/?page_id=2218"},"modified":"2019-03-28T22:20:08","modified_gmt":"2019-03-28T21:20:08","slug":"das-viertel","status":"publish","type":"page","link":"http:\/\/blog.meineigenerweg.de\/?page_id=2218","title":{"rendered":"Das Viertel *****"},"content":{"rendered":"<h6>19.01.2015<\/h6>\n<p>Ich habe euch verziehen (wegen der &#8218;alten Leute&#8216; &#8211; siehe weiter unten), eure Hamburger sind einfach zu gut!<br \/>\n<a href=\"http:\/\/blog.meineigenerweg.de\/wp-content\/uploads\/2014\/08\/IMG_9464.jpg\"><img loading=\"lazy\" decoding=\"async\" class=\"alignnone size-medium wp-image-3258\" src=\"http:\/\/blog.meineigenerweg.de\/wp-content\/uploads\/2014\/08\/IMG_9464-300x225.jpg\" alt=\"IMG_9464\" width=\"300\" height=\"225\" srcset=\"http:\/\/blog.meineigenerweg.de\/wp-content\/uploads\/2014\/08\/IMG_9464-300x225.jpg 300w, http:\/\/blog.meineigenerweg.de\/wp-content\/uploads\/2014\/08\/IMG_9464.jpg 1000w\" sizes=\"auto, (max-width: 300px) 100vw, 300px\" \/><\/a><\/p>\n<p>&nbsp;<\/p>\n<h6>18.01.2015<\/h6>\n<p>Es ist kalt, es regnet &#8211; trotzdem ist es im Viertel sch\u00f6n. Die Stra\u00dfen sind nass und fast menschenleer, aber umso voller, ausgelassener und fr\u00f6hlicher ist die Stimmung in den vielen Kneipen und Lokalen.<br \/>\n<a href=\"http:\/\/blog.meineigenerweg.de\/wp-content\/uploads\/2014\/08\/DSC_0049.jpg\"><img loading=\"lazy\" decoding=\"async\" class=\"alignnone size-medium wp-image-3252\" src=\"http:\/\/blog.meineigenerweg.de\/wp-content\/uploads\/2014\/08\/DSC_0049-300x200.jpg\" alt=\"DSC_0049\" width=\"300\" height=\"200\" srcset=\"http:\/\/blog.meineigenerweg.de\/wp-content\/uploads\/2014\/08\/DSC_0049-300x200.jpg 300w, http:\/\/blog.meineigenerweg.de\/wp-content\/uploads\/2014\/08\/DSC_0049.jpg 1000w\" sizes=\"auto, (max-width: 300px) 100vw, 300px\" \/><\/a> <a href=\"http:\/\/blog.meineigenerweg.de\/wp-content\/uploads\/2014\/08\/DSC_0055.jpg\"><img loading=\"lazy\" decoding=\"async\" class=\"alignnone size-medium wp-image-3253\" src=\"http:\/\/blog.meineigenerweg.de\/wp-content\/uploads\/2014\/08\/DSC_0055-300x200.jpg\" alt=\"DSC_0055\" width=\"300\" height=\"200\" srcset=\"http:\/\/blog.meineigenerweg.de\/wp-content\/uploads\/2014\/08\/DSC_0055-300x200.jpg 300w, http:\/\/blog.meineigenerweg.de\/wp-content\/uploads\/2014\/08\/DSC_0055.jpg 1000w\" sizes=\"auto, (max-width: 300px) 100vw, 300px\" \/><\/a><br \/>\nIch bin im Wohnzimmer h\u00e4ngen geblieben. Klingt gem\u00fctlich, ist es auch. Klein und kuschelig, vollgestellt mit Sofas und Sesseln die aus meiner Kindheit stammen k\u00f6nnten, Schummerlicht aus nostalgischen Lampen mit Plisseschirmen, gute Musik\u00a0und der Rotwein ist auch nicht \u00fcbel.<br \/>\n<a href=\"http:\/\/blog.meineigenerweg.de\/wp-content\/uploads\/2014\/08\/DSC_0056.jpg\"><img loading=\"lazy\" decoding=\"async\" class=\"alignnone size-medium wp-image-3254\" src=\"http:\/\/blog.meineigenerweg.de\/wp-content\/uploads\/2014\/08\/DSC_0056-300x200.jpg\" alt=\"DSC_0056\" width=\"300\" height=\"200\" srcset=\"http:\/\/blog.meineigenerweg.de\/wp-content\/uploads\/2014\/08\/DSC_0056-300x200.jpg 300w, http:\/\/blog.meineigenerweg.de\/wp-content\/uploads\/2014\/08\/DSC_0056.jpg 1000w\" sizes=\"auto, (max-width: 300px) 100vw, 300px\" \/><\/a><\/p>\n<h6><\/h6>\n<h6>16.08.2014<\/h6>\n<p><a href=\"http:\/\/blog.meineigenerweg.de\/wp-content\/uploads\/2014\/08\/IMGP1833.jpg\"><img loading=\"lazy\" decoding=\"async\" class=\"alignnone size-medium wp-image-2254\" src=\"http:\/\/blog.meineigenerweg.de\/wp-content\/uploads\/2014\/08\/IMGP1833-300x245.jpg\" alt=\"IMGP1833\" width=\"300\" height=\"245\" srcset=\"http:\/\/blog.meineigenerweg.de\/wp-content\/uploads\/2014\/08\/IMGP1833-300x245.jpg 300w, http:\/\/blog.meineigenerweg.de\/wp-content\/uploads\/2014\/08\/IMGP1833.jpg 1000w\" sizes=\"auto, (max-width: 300px) 100vw, 300px\" \/><\/a><br \/>\nHeute hatten wir mal wieder Lust auf Pizza. An der Ecke gibt es eine kleine Pizzeria, mit Stra\u00dfenverkauf und Lieferservice und vier Tischen vor den gro\u00dfen Scheiben, nicht besonders\u00a0chic, aber wir m\u00f6gen es.<\/p>\n<p>Als wir letztens dort waren, es war schon sehr sp\u00e4t und nichts mehr los, hat sich der Koch zu uns gesetzt.\u00a0Wir haben lange und sehr lebhaft \u00fcber die italienische K\u00fcche diskutiert, Wein getrunken\u00a0und Lieblingsrezepte ausgetauscht.<\/p>\n<p>Diesmal bestellten wir uns\u00a0eine Pizza und Nudel und dazu wollten wir ein Glas Rotwein trinken. Zu unserer \u00dcberraschung brachte uns die Bedienung\u00a0eine kleine Weinkarte. Wir bestellten eine gro\u00dfe Flasche Wasser und eine Flasche Wein. Kurz darauf kam die Bedienung zur\u00fcck, stellte die Flasche Wasser und ein Glas vor meine Frau und die Flasche Wein mit einem Weinglas vor mich. Dann schaut sie mich\u00a0mit einer bewundernswerten Leichtigkeit an: &#8222;reicht ein Weinglas&#8220;, wendet sich meiner Frau zu, &#8222;oder brauchen Sie auch eins?&#8220;<\/p>\n<p>Hallo! Sehe ich so aus,\u00a0als ob\u00a0zur Pizza mal eben eine Flasche Wein trinke?<\/p>\n<p>Ich liebe es im Viertel zu sein.<\/p>\n<h6>01.08.2014<\/h6>\n<p>Habe ich schon erz\u00e4hlt, dass\u00a0eine meiner T\u00f6chter in Bremen lebt? Nein, eigentlich nicht in Bremen, sondern im &#8222;Viertel&#8220;. Das liegt\u00a0um die Stra\u00dfen\u00a0Ostertorsteinweg und Vor dem Steintor herum.\u00a0Seitdem liebe ich Bremen. Das &#8222;Viertel&#8220; ist einfach toll, es hat sch\u00f6ne alte Stadth\u00e4user, es ist multikulti, man h\u00f6rt alle m\u00f6glichen Sprachen auf der Stra\u00dfe und sieht Menschen aus aller Welt.\u00a0Es ist auch oll und schmutzig, aber gleichzeitig hipp und kultig. Es gibt viele kleine Restaurants mit ein paar Tischen oder Bierb\u00e4nken vor der T\u00fcr und in den Seitenstra\u00dfen Eckkneipen mit Klappst\u00fchlen auf der Stra\u00dfe. Hier kann man schlemmen und anschlie\u00dfend mit den Nachbarn\u00a0beim Bier bis zum Morgengrauen \u00fcber Gott und die Welt diskutieren.<\/p>\n<p>Und habe ich auch schon erz\u00e4hlt, dass meine Tochter eine Kater hat? Und immer wenn sie in Urlaub f\u00e4hrt, und sie f\u00e4hrt immer lange in Urlaub,\u00a0darf ich mich\u00a0um\u00a0ihn\u00a0k\u00fcmmern. Das mache ich gerne, denn, wie schon\u00a0gesagt, ich liebe es, in Bremen zu sein.<\/p>\n<p>Es sind mal wieder Sommerferien und ich freue mich auf\u00a0vier Wochen\u00a0Bremen. Autofahrt, Wohnung in Besitz nehmen, Kater begr\u00fc\u00dfen und versorgen und dann meldete sich auch schon der Hunger. Bis zum Ostertorsteinweg sind es nur 50 mtr und wir, meine Frau und ich, bummeln erst einmal an den vielen kleinen bunten L\u00e4den und Kneipen vorbei, bis wir uns entscheiden, den besten Hamburger im Viertel im Burgerhaus\u00a0zu essen.<\/p>\n<p><a href=\"http:\/\/blog.meineigenerweg.de\/wp-content\/uploads\/2014\/08\/DSC_4588.jpg\"><img loading=\"lazy\" decoding=\"async\" class=\"alignnone size-medium wp-image-2228\" src=\"http:\/\/blog.meineigenerweg.de\/wp-content\/uploads\/2014\/08\/DSC_4588-300x200.jpg\" alt=\"DSC_4588\" width=\"300\" height=\"200\" srcset=\"http:\/\/blog.meineigenerweg.de\/wp-content\/uploads\/2014\/08\/DSC_4588-300x200.jpg 300w, http:\/\/blog.meineigenerweg.de\/wp-content\/uploads\/2014\/08\/DSC_4588.jpg 1000w\" sizes=\"auto, (max-width: 300px) 100vw, 300px\" \/><\/a><\/p>\n<p>Wir bestellen Chiliburger mit Pommes im vollen kleinen Innenraum, der mehr wie eine Garage als ein Restaurant aussieht.\u00a0Drau\u00dfen auf den Holzb\u00e4nken ist noch Platz und wir setzten uns zu den Leuten, die schon kauend und lachend und erz\u00e4hlend ihre Burger genie\u00dfen. Dann kommen unsere Burger, gro\u00df und dick und die Chiliso\u00dfe quillt an der Seite \u00fcber die Tomaten heraus. Aber leider ohne Pommes. Kein Problem, meint die an beiden armen t\u00e4towierte Bedienung, bringe ich euch gleich. Die Burger sind super und wir lassen es uns schon schmecken. Da ert\u00f6nt aus der offenen T\u00fcr heraus die Frage: f\u00fcr wen sind die Pommes? Und spontan kommt die Antwort: f\u00fcr die beiden alten Leute. Heeee!!!! Die meinen doch nicht uns!!!!\u00a0Sind wir jetzt\u00a0ALTE LEUTE? Ich glaube ich mag Bremen nicht mehr und Burger gehe ich nie wieder essen!<\/p>\n<p><em>Meine Wertung: <span style=\"color: #ff0000;\">*****<\/span> unbedingt mal mit offenen Augen durchbummeln<\/em><br \/>\n<em>Ostertorsteinweg &#8211; Vor dem Steintor &#8211; Seitenstra\u00dfen<\/em><br \/>\n<em>Bremen<\/em><\/p>\n","protected":false},"excerpt":{"rendered":"<p>19.01.2015 Ich habe euch verziehen (wegen der &#8218;alten Leute&#8216; &#8211; siehe weiter unten), eure Hamburger sind einfach zu gut! &nbsp; 18.01.2015 Es ist kalt, es regnet &#8211; trotzdem ist es im Viertel sch\u00f6n. Die Stra\u00dfen sind nass und fast menschenleer, aber umso voller, ausgelassener und fr\u00f6hlicher ist die Stimmung in<\/p>\n","protected":false},"author":1,"featured_media":2225,"parent":108,"menu_order":0,"comment_status":"closed","ping_status":"closed","template":"","meta":{"footnotes":""},"class_list":["post-2218","page","type-page","status-publish","has-post-thumbnail","hentry"],"_links":{"self":[{"href":"http:\/\/blog.meineigenerweg.de\/index.php?rest_route=\/wp\/v2\/pages\/2218","targetHints":{"allow":["GET"]}}],"collection":[{"href":"http:\/\/blog.meineigenerweg.de\/index.php?rest_route=\/wp\/v2\/pages"}],"about":[{"href":"http:\/\/blog.meineigenerweg.de\/index.php?rest_route=\/wp\/v2\/types\/page"}],"author":[{"embeddable":true,"href":"http:\/\/blog.meineigenerweg.de\/index.php?rest_route=\/wp\/v2\/users\/1"}],"replies":[{"embeddable":true,"href":"http:\/\/blog.meineigenerweg.de\/index.php?rest_route=%2Fwp%2Fv2%2Fcomments&post=2218"}],"version-history":[{"count":18,"href":"http:\/\/blog.meineigenerweg.de\/index.php?rest_route=\/wp\/v2\/pages\/2218\/revisions"}],"predecessor-version":[{"id":3262,"href":"http:\/\/blog.meineigenerweg.de\/index.php?rest_route=\/wp\/v2\/pages\/2218\/revisions\/3262"}],"up":[{"embeddable":true,"href":"http:\/\/blog.meineigenerweg.de\/index.php?rest_route=\/wp\/v2\/pages\/108"}],"wp:featuredmedia":[{"embeddable":true,"href":"http:\/\/blog.meineigenerweg.de\/index.php?rest_route=\/wp\/v2\/media\/2225"}],"wp:attachment":[{"href":"http:\/\/blog.meineigenerweg.de\/index.php?rest_route=%2Fwp%2Fv2%2Fmedia&parent=2218"}],"curies":[{"name":"wp","href":"https:\/\/api.w.org\/{rel}","templated":true}]}}