{"id":1755,"date":"2014-06-10T22:03:35","date_gmt":"2014-06-10T21:03:35","guid":{"rendered":"http:\/\/blog.meineigenerweg.de\/?page_id=1755"},"modified":"2019-03-28T20:36:50","modified_gmt":"2019-03-28T19:36:50","slug":"bochum-uemminger-see","status":"publish","type":"page","link":"http:\/\/blog.meineigenerweg.de\/?page_id=1755","title":{"rendered":"Bochum &#8211; \u00dcmminger See ***"},"content":{"rendered":"<p>03.06.2014<\/p>\n<p>Von Autobahnen (A40, A42, A43) umgeben, liegt ein kleines Naherholungsgebiet. Auch mit viel Fantasie kann ich\u00a0das permanente\u00a0Rauschen der Autos auf den Autobahnen nicht als Meeresrauschen empfinden. Ich laufe um den See, er ist nicht sehr gro\u00df, der Weg ist gerade einmal 2 km lang.<br \/>\n<a href=\"http:\/\/blog.meineigenerweg.de\/wp-content\/uploads\/2014\/06\/Bochum_Uemminger_See_14_06_006.jpg\"><img loading=\"lazy\" decoding=\"async\" class=\"alignnone size-medium wp-image-1789\" src=\"http:\/\/blog.meineigenerweg.de\/wp-content\/uploads\/2014\/06\/Bochum_Uemminger_See_14_06_006-300x200.jpg\" alt=\"Bochum_Uemminger_See_14_06_006\" width=\"300\" height=\"200\" srcset=\"http:\/\/blog.meineigenerweg.de\/wp-content\/uploads\/2014\/06\/Bochum_Uemminger_See_14_06_006-300x200.jpg 300w, http:\/\/blog.meineigenerweg.de\/wp-content\/uploads\/2014\/06\/Bochum_Uemminger_See_14_06_006.jpg 1000w\" sizes=\"auto, (max-width: 300px) 100vw, 300px\" \/><\/a><br \/>\nIch laufe vorbei am Spielplatz und dem Biergarten, der morgens um zehn noch geschlossen hat. Gem\u00fctliche Liegewiesen laden zum abh\u00e4ngen und chillen ein &#8211; leider habe ich keine Decke dabei. Die B\u00e4nke, die um den See herum verteilt sind, sind um diese Tageszeit von Menschen mit silbergrauen Haaren belegt. Eigentlich k\u00f6nnte ich mich zu ihnen setzten ;-).<br \/>\n<a href=\"http:\/\/blog.meineigenerweg.de\/wp-content\/uploads\/2014\/06\/Bochum_Uemminger_See_14_06_002x.jpg\"><img loading=\"lazy\" decoding=\"async\" class=\"alignnone size-medium wp-image-1790\" src=\"http:\/\/blog.meineigenerweg.de\/wp-content\/uploads\/2014\/06\/Bochum_Uemminger_See_14_06_002x-300x200.jpg\" alt=\"Bochum_Uemminger_See_14_06_002x\" width=\"300\" height=\"200\" srcset=\"http:\/\/blog.meineigenerweg.de\/wp-content\/uploads\/2014\/06\/Bochum_Uemminger_See_14_06_002x-300x200.jpg 300w, http:\/\/blog.meineigenerweg.de\/wp-content\/uploads\/2014\/06\/Bochum_Uemminger_See_14_06_002x.jpg 1000w\" sizes=\"auto, (max-width: 300px) 100vw, 300px\" \/><\/a><br \/>\nDas s\u00fcdlichen Ende des Sees ist naturbelassen und ich konnte einige Wasserv\u00f6gel entdecken.<br \/>\n<a href=\"http:\/\/blog.meineigenerweg.de\/wp-content\/uploads\/2014\/06\/Bochum_Uemminger_See_14_06_034.jpg\"><img loading=\"lazy\" decoding=\"async\" class=\"alignnone size-medium wp-image-1791\" src=\"http:\/\/blog.meineigenerweg.de\/wp-content\/uploads\/2014\/06\/Bochum_Uemminger_See_14_06_034-300x200.jpg\" alt=\"Bochum_Uemminger_See_14_06_034\" width=\"300\" height=\"200\" srcset=\"http:\/\/blog.meineigenerweg.de\/wp-content\/uploads\/2014\/06\/Bochum_Uemminger_See_14_06_034-300x200.jpg 300w, http:\/\/blog.meineigenerweg.de\/wp-content\/uploads\/2014\/06\/Bochum_Uemminger_See_14_06_034.jpg 1000w\" sizes=\"auto, (max-width: 300px) 100vw, 300px\" \/><\/a><br \/>\nKonnte man hier fr\u00fcher Boote leihen oder schwimmen gehen? Einsam vor sich hin verrottende Bootsanlegestege lassen es vermuten.<br \/>\n<a href=\"http:\/\/blog.meineigenerweg.de\/wp-content\/uploads\/2014\/06\/Bochum_Uemminger_See_14_06_011.jpg\"><img loading=\"lazy\" decoding=\"async\" class=\"alignnone size-medium wp-image-1792\" src=\"http:\/\/blog.meineigenerweg.de\/wp-content\/uploads\/2014\/06\/Bochum_Uemminger_See_14_06_011-300x200.jpg\" alt=\"Bochum_Uemminger_See_14_06_011\" width=\"300\" height=\"200\" srcset=\"http:\/\/blog.meineigenerweg.de\/wp-content\/uploads\/2014\/06\/Bochum_Uemminger_See_14_06_011-300x200.jpg 300w, http:\/\/blog.meineigenerweg.de\/wp-content\/uploads\/2014\/06\/Bochum_Uemminger_See_14_06_011.jpg 1000w\" sizes=\"auto, (max-width: 300px) 100vw, 300px\" \/><br \/>\n<span style=\"color: #000000;\">D<\/span><\/a><span style=\"color: #000000;\">e<\/span>r Lokal Suntums Hof ist \u00fcbrigens geschlossen und mit Brettern vernagelt.<\/p>\n<p><em>Meine Wertung: <span style=\"color: #ff0000;\">***<\/span>** gut\u00a0<\/em><br \/>\n<em>\u00dcmminger See (so hei\u00dft auch die Stra\u00dfe, an der es Parkpl\u00e4tze gibt)<\/em><br \/>\n<em>Bochum<\/em><\/p>\n<p>&nbsp;<\/p>\n","protected":false},"excerpt":{"rendered":"<p>03.06.2014 Von Autobahnen (A40, A42, A43) umgeben, liegt ein kleines Naherholungsgebiet. Auch mit viel Fantasie kann ich\u00a0das permanente\u00a0Rauschen der Autos auf den Autobahnen nicht als Meeresrauschen empfinden. Ich laufe um den See, er ist nicht sehr gro\u00df, der Weg ist gerade einmal 2 km lang. Ich laufe vorbei am Spielplatz<\/p>\n","protected":false},"author":1,"featured_media":1800,"parent":1809,"menu_order":0,"comment_status":"closed","ping_status":"closed","template":"","meta":{"footnotes":""},"class_list":["post-1755","page","type-page","status-publish","has-post-thumbnail","hentry"],"_links":{"self":[{"href":"http:\/\/blog.meineigenerweg.de\/index.php?rest_route=\/wp\/v2\/pages\/1755","targetHints":{"allow":["GET"]}}],"collection":[{"href":"http:\/\/blog.meineigenerweg.de\/index.php?rest_route=\/wp\/v2\/pages"}],"about":[{"href":"http:\/\/blog.meineigenerweg.de\/index.php?rest_route=\/wp\/v2\/types\/page"}],"author":[{"embeddable":true,"href":"http:\/\/blog.meineigenerweg.de\/index.php?rest_route=\/wp\/v2\/users\/1"}],"replies":[{"embeddable":true,"href":"http:\/\/blog.meineigenerweg.de\/index.php?rest_route=%2Fwp%2Fv2%2Fcomments&post=1755"}],"version-history":[{"count":9,"href":"http:\/\/blog.meineigenerweg.de\/index.php?rest_route=\/wp\/v2\/pages\/1755\/revisions"}],"predecessor-version":[{"id":1798,"href":"http:\/\/blog.meineigenerweg.de\/index.php?rest_route=\/wp\/v2\/pages\/1755\/revisions\/1798"}],"up":[{"embeddable":true,"href":"http:\/\/blog.meineigenerweg.de\/index.php?rest_route=\/wp\/v2\/pages\/1809"}],"wp:featuredmedia":[{"embeddable":true,"href":"http:\/\/blog.meineigenerweg.de\/index.php?rest_route=\/wp\/v2\/media\/1800"}],"wp:attachment":[{"href":"http:\/\/blog.meineigenerweg.de\/index.php?rest_route=%2Fwp%2Fv2%2Fmedia&parent=1755"}],"curies":[{"name":"wp","href":"https:\/\/api.w.org\/{rel}","templated":true}]}}