{"id":1588,"date":"2014-05-24T18:48:40","date_gmt":"2014-05-24T17:48:40","guid":{"rendered":"http:\/\/blog.meineigenerweg.de\/?page_id=1588"},"modified":"2019-03-28T21:01:02","modified_gmt":"2019-03-28T20:01:02","slug":"gelsenkirchen-bochumer-strasse","status":"publish","type":"page","link":"http:\/\/blog.meineigenerweg.de\/?page_id=1588","title":{"rendered":"Gelsenkirchen &#8211; Bochumer Stra\u00dfe ****"},"content":{"rendered":"<p>24.05.2014<\/p>\n<p>Die Bochumer Stra\u00dfe, zwischen Wissenschaftspark und Virchowstra\u00dfe,\u00a0ist nicht Gelsenkirchens Prachtstra\u00dfe.<br \/>\n<a href=\"http:\/\/blog.meineigenerweg.de\/wp-content\/uploads\/2014\/05\/Gelsenkirchen_Bochumer_Strasse_14_05_030.jpg\"><img loading=\"lazy\" decoding=\"async\" class=\"alignnone size-medium wp-image-1589\" src=\"http:\/\/blog.meineigenerweg.de\/wp-content\/uploads\/2014\/05\/Gelsenkirchen_Bochumer_Strasse_14_05_030-300x200.jpg\" alt=\"Gelsenkirchen_Bochumer_Strasse_14_05_030\" width=\"300\" height=\"200\" srcset=\"http:\/\/blog.meineigenerweg.de\/wp-content\/uploads\/2014\/05\/Gelsenkirchen_Bochumer_Strasse_14_05_030-300x200.jpg 300w, http:\/\/blog.meineigenerweg.de\/wp-content\/uploads\/2014\/05\/Gelsenkirchen_Bochumer_Strasse_14_05_030.jpg 1000w\" sizes=\"auto, (max-width: 300px) 100vw, 300px\" \/><\/a> <a href=\"http:\/\/blog.meineigenerweg.de\/wp-content\/uploads\/2014\/05\/Gelsenkirchen_Bochumer_Strasse_14_05_058.jpg\"><img loading=\"lazy\" decoding=\"async\" class=\"alignnone size-medium wp-image-1590\" src=\"http:\/\/blog.meineigenerweg.de\/wp-content\/uploads\/2014\/05\/Gelsenkirchen_Bochumer_Strasse_14_05_058-300x200.jpg\" alt=\"Gelsenkirchen_Bochumer_Strasse_14_05_058\" width=\"300\" height=\"200\" srcset=\"http:\/\/blog.meineigenerweg.de\/wp-content\/uploads\/2014\/05\/Gelsenkirchen_Bochumer_Strasse_14_05_058-300x200.jpg 300w, http:\/\/blog.meineigenerweg.de\/wp-content\/uploads\/2014\/05\/Gelsenkirchen_Bochumer_Strasse_14_05_058.jpg 1000w\" sizes=\"auto, (max-width: 300px) 100vw, 300px\" \/><\/a><br \/>\nZu diesem Stra\u00dfenabschnitt fallen mir nur negative Attribute ein: eng, laut, schmuddelig, heruntergekommen. B\u00e4ume gibt es keine. Im positiven Sinne ist das ehemalige Bergarbeiter-Viertel zu einem multikulturellen Schmelztopf geworden. In fast jedem der alter H\u00e4user aus der Gr\u00fcnderzeit befindet sich im Erdgescho\u00df ein kleiner Laden. Neben dem alteingesessenen deutschen Metzger ist das internationale Internetcaf\u00e9, neben dem t\u00fcrkischen B\u00e4cker ein chinesisches Restaurant, ein griechischer Imbiss neben dem t\u00fcrkischen Abendmodegesch\u00e4ft, gegen\u00fcber der russische Supermarkt. Aber mindestens die H\u00e4lfte der ehemaligen Gesch\u00e4ftslokale stehen mittlerweile leer und verfallen.<\/p>\n<p>Kann man hier Kunst machen?<\/p>\n<p>Scheinbar ja!<\/p>\n<p>Die Stadt Gelsenkirchen hat in Verbindung mit der Rietveld Academie f\u00fcr bildende K\u00fcnste in\u00a0Amsterdam ein <span style=\"color: #0000ff;\"><a href=\"http:\/\/www.gelsenkirchen.de\/de\/Kultur\/rietveldacademie-ge.asp\" target=\"_blank\" rel=\"noopener noreferrer\"><span style=\"color: #0000ff;\"><span style=\"text-decoration: underline;\">Kunstprojekt<\/span><\/span><\/a><\/span> gestartet, das auf der Bochumer Stra\u00dfe stattfindet. 53 Studenten\u00a0verwandeln die Bochumer Stra\u00dfe f\u00fcr zwei Wochen in eine Kunstmeile. Nat\u00fcrlich sind auch die Studenten multikulturell, sie kommen aus 17 verschiedenen L\u00e4ndern. Ihnen wurden Hinterh\u00f6fe, Toreinfahrten und\u00a0leerstehende Ladenlokale zur Verf\u00fcgung gestellt, in denen sie Kunst erstellen und darstellen k\u00f6nnen.<\/p>\n<p>Im Museum der geborgten Dinge sind Kuriosit\u00e4ten und Normalit\u00e4ten ausgestellt, die die K\u00fcnstlerin sich in der Nachbarschaft f\u00fcr die Dauer der Ausstellung ausgeliehen hat.<br \/>\n<a href=\"http:\/\/blog.meineigenerweg.de\/wp-content\/uploads\/2014\/05\/Gelsenkirchen_Bochumer_Strasse_14_05_009x.jpg\"><img loading=\"lazy\" decoding=\"async\" class=\"alignnone size-medium wp-image-1598\" src=\"http:\/\/blog.meineigenerweg.de\/wp-content\/uploads\/2014\/05\/Gelsenkirchen_Bochumer_Strasse_14_05_009x-300x200.jpg\" alt=\"Gelsenkirchen_Bochumer_Strasse_14_05_009x\" width=\"300\" height=\"200\" srcset=\"http:\/\/blog.meineigenerweg.de\/wp-content\/uploads\/2014\/05\/Gelsenkirchen_Bochumer_Strasse_14_05_009x-300x200.jpg 300w, http:\/\/blog.meineigenerweg.de\/wp-content\/uploads\/2014\/05\/Gelsenkirchen_Bochumer_Strasse_14_05_009x.jpg 1000w\" sizes=\"auto, (max-width: 300px) 100vw, 300px\" \/><\/a><br \/>\n<a href=\"http:\/\/blog.meineigenerweg.de\/wp-content\/uploads\/2014\/05\/Gelsenkirchen_Bochumer_Strasse_14_05_025.jpg\"><img loading=\"lazy\" decoding=\"async\" class=\"alignnone size-medium wp-image-1599\" src=\"http:\/\/blog.meineigenerweg.de\/wp-content\/uploads\/2014\/05\/Gelsenkirchen_Bochumer_Strasse_14_05_025-200x300.jpg\" alt=\"Gelsenkirchen_Bochumer_Strasse_14_05_025\" width=\"200\" height=\"300\" srcset=\"http:\/\/blog.meineigenerweg.de\/wp-content\/uploads\/2014\/05\/Gelsenkirchen_Bochumer_Strasse_14_05_025-200x300.jpg 200w, http:\/\/blog.meineigenerweg.de\/wp-content\/uploads\/2014\/05\/Gelsenkirchen_Bochumer_Strasse_14_05_025.jpg 669w\" sizes=\"auto, (max-width: 200px) 100vw, 200px\" \/><\/a><a href=\"http:\/\/blog.meineigenerweg.de\/wp-content\/uploads\/2014\/05\/Gelsenkirchen_Bochumer_Strasse_14_05_008.jpg\"><img loading=\"lazy\" decoding=\"async\" class=\"alignnone size-medium wp-image-1600\" src=\"http:\/\/blog.meineigenerweg.de\/wp-content\/uploads\/2014\/05\/Gelsenkirchen_Bochumer_Strasse_14_05_008-209x300.jpg\" alt=\"Gelsenkirchen_Bochumer_Strasse_14_05_008\" width=\"209\" height=\"300\" srcset=\"http:\/\/blog.meineigenerweg.de\/wp-content\/uploads\/2014\/05\/Gelsenkirchen_Bochumer_Strasse_14_05_008-209x300.jpg 209w, http:\/\/blog.meineigenerweg.de\/wp-content\/uploads\/2014\/05\/Gelsenkirchen_Bochumer_Strasse_14_05_008.jpg 699w\" sizes=\"auto, (max-width: 209px) 100vw, 209px\" \/><\/a><\/p>\n<p>Dieser junge K\u00fcnstler hat die Struktur des rissigen und br\u00f6ckelnden Putzes herausgearbeitet<br \/>\n<a href=\"http:\/\/blog.meineigenerweg.de\/wp-content\/uploads\/2014\/05\/Gelsenkirchen_Bochumer_Strasse_14_05_010y.jpg\"><img loading=\"lazy\" decoding=\"async\" class=\"alignnone size-medium wp-image-1607\" src=\"http:\/\/blog.meineigenerweg.de\/wp-content\/uploads\/2014\/05\/Gelsenkirchen_Bochumer_Strasse_14_05_010y-300x200.jpg\" alt=\"Gelsenkirchen_Bochumer_Strasse_14_05_010y\" width=\"300\" height=\"200\" srcset=\"http:\/\/blog.meineigenerweg.de\/wp-content\/uploads\/2014\/05\/Gelsenkirchen_Bochumer_Strasse_14_05_010y-300x200.jpg 300w, http:\/\/blog.meineigenerweg.de\/wp-content\/uploads\/2014\/05\/Gelsenkirchen_Bochumer_Strasse_14_05_010y.jpg 1000w\" sizes=\"auto, (max-width: 300px) 100vw, 300px\" \/><\/a><\/p>\n<p>Dieses Kunstwerk erinnert mich eher an einen Kohlenkeller aus den 50iger Jahren<br \/>\n<a href=\"http:\/\/blog.meineigenerweg.de\/wp-content\/uploads\/2014\/05\/Gelsenkirchen_Bochumer_Strasse_14_05_013.jpg\"><img loading=\"lazy\" decoding=\"async\" class=\"alignnone size-medium wp-image-1608\" src=\"http:\/\/blog.meineigenerweg.de\/wp-content\/uploads\/2014\/05\/Gelsenkirchen_Bochumer_Strasse_14_05_013-300x200.jpg\" alt=\"Gelsenkirchen_Bochumer_Strasse_14_05_013\" width=\"300\" height=\"200\" srcset=\"http:\/\/blog.meineigenerweg.de\/wp-content\/uploads\/2014\/05\/Gelsenkirchen_Bochumer_Strasse_14_05_013-300x200.jpg 300w, http:\/\/blog.meineigenerweg.de\/wp-content\/uploads\/2014\/05\/Gelsenkirchen_Bochumer_Strasse_14_05_013.jpg 1000w\" sizes=\"auto, (max-width: 300px) 100vw, 300px\" \/><\/a><\/p>\n<p>Ein Spiel mit Licht und Schatten<br \/>\n<a href=\"http:\/\/blog.meineigenerweg.de\/wp-content\/uploads\/2014\/05\/Gelsenkirchen_Bochumer_Strasse_14_05_016.jpg\"><img loading=\"lazy\" decoding=\"async\" class=\"alignnone size-medium wp-image-1609\" src=\"http:\/\/blog.meineigenerweg.de\/wp-content\/uploads\/2014\/05\/Gelsenkirchen_Bochumer_Strasse_14_05_016-300x200.jpg\" alt=\"Gelsenkirchen_Bochumer_Strasse_14_05_016\" width=\"300\" height=\"200\" srcset=\"http:\/\/blog.meineigenerweg.de\/wp-content\/uploads\/2014\/05\/Gelsenkirchen_Bochumer_Strasse_14_05_016-300x200.jpg 300w, http:\/\/blog.meineigenerweg.de\/wp-content\/uploads\/2014\/05\/Gelsenkirchen_Bochumer_Strasse_14_05_016.jpg 1000w\" sizes=\"auto, (max-width: 300px) 100vw, 300px\" \/><\/a><\/p>\n<p>Auch K\u00fcnstler kommunizieren<br \/>\n<a href=\"http:\/\/blog.meineigenerweg.de\/wp-content\/uploads\/2014\/05\/Gelsenkirchen_Bochumer_Strasse_14_05_026.jpg\"><img loading=\"lazy\" decoding=\"async\" class=\"alignnone size-medium wp-image-1610\" src=\"http:\/\/blog.meineigenerweg.de\/wp-content\/uploads\/2014\/05\/Gelsenkirchen_Bochumer_Strasse_14_05_026-300x200.jpg\" alt=\"Gelsenkirchen_Bochumer_Strasse_14_05_026\" width=\"300\" height=\"200\" srcset=\"http:\/\/blog.meineigenerweg.de\/wp-content\/uploads\/2014\/05\/Gelsenkirchen_Bochumer_Strasse_14_05_026-300x200.jpg 300w, http:\/\/blog.meineigenerweg.de\/wp-content\/uploads\/2014\/05\/Gelsenkirchen_Bochumer_Strasse_14_05_026.jpg 1000w\" sizes=\"auto, (max-width: 300px) 100vw, 300px\" \/><\/a><br \/>\nund r\u00e4umen ihr gebrauchtes Geschirr nicht weg &#8211; ups &#8211; das ist auch Kunst<br \/>\n<a href=\"http:\/\/blog.meineigenerweg.de\/wp-content\/uploads\/2014\/05\/Gelsenkirchen_Bochumer_Strasse_14_05_020.jpg\"><img loading=\"lazy\" decoding=\"async\" class=\"alignnone size-medium wp-image-1611\" src=\"http:\/\/blog.meineigenerweg.de\/wp-content\/uploads\/2014\/05\/Gelsenkirchen_Bochumer_Strasse_14_05_020-300x200.jpg\" alt=\"Gelsenkirchen_Bochumer_Strasse_14_05_020\" width=\"300\" height=\"200\" srcset=\"http:\/\/blog.meineigenerweg.de\/wp-content\/uploads\/2014\/05\/Gelsenkirchen_Bochumer_Strasse_14_05_020-300x200.jpg 300w, http:\/\/blog.meineigenerweg.de\/wp-content\/uploads\/2014\/05\/Gelsenkirchen_Bochumer_Strasse_14_05_020.jpg 1000w\" sizes=\"auto, (max-width: 300px) 100vw, 300px\" \/><\/a><br \/>\nebenso wie das ausgelaufene Wasserbett<br \/>\n<a href=\"http:\/\/blog.meineigenerweg.de\/wp-content\/uploads\/2014\/05\/Gelsenkirchen_Bochumer_Strasse_14_05_023.jpg\"><img loading=\"lazy\" decoding=\"async\" class=\"alignnone size-medium wp-image-1612\" src=\"http:\/\/blog.meineigenerweg.de\/wp-content\/uploads\/2014\/05\/Gelsenkirchen_Bochumer_Strasse_14_05_023-300x200.jpg\" alt=\"Gelsenkirchen_Bochumer_Strasse_14_05_023\" width=\"300\" height=\"200\" srcset=\"http:\/\/blog.meineigenerweg.de\/wp-content\/uploads\/2014\/05\/Gelsenkirchen_Bochumer_Strasse_14_05_023-300x200.jpg 300w, http:\/\/blog.meineigenerweg.de\/wp-content\/uploads\/2014\/05\/Gelsenkirchen_Bochumer_Strasse_14_05_023.jpg 1000w\" sizes=\"auto, (max-width: 300px) 100vw, 300px\" \/><\/a><\/p>\n<p>Diese junge K\u00fcnstlerin hat sich von dem gro\u00dfen Bild inspirieren lassen, das sie durch ihr Fenster an der Giebelwand des Nachbarhauses\u00a0sehen kann<br \/>\n<a href=\"http:\/\/blog.meineigenerweg.de\/wp-content\/uploads\/2014\/05\/Gelsenkirchen_Bochumer_Strasse_14_05_065.jpg\"><img loading=\"lazy\" decoding=\"async\" class=\"alignnone size-medium wp-image-1615\" src=\"http:\/\/blog.meineigenerweg.de\/wp-content\/uploads\/2014\/05\/Gelsenkirchen_Bochumer_Strasse_14_05_065-300x200.jpg\" alt=\"Gelsenkirchen_Bochumer_Strasse_14_05_065\" width=\"300\" height=\"200\" srcset=\"http:\/\/blog.meineigenerweg.de\/wp-content\/uploads\/2014\/05\/Gelsenkirchen_Bochumer_Strasse_14_05_065-300x200.jpg 300w, http:\/\/blog.meineigenerweg.de\/wp-content\/uploads\/2014\/05\/Gelsenkirchen_Bochumer_Strasse_14_05_065.jpg 1000w\" sizes=\"auto, (max-width: 300px) 100vw, 300px\" \/><\/a><\/p>\n<p>Hier hat die K\u00fcnstlerin einen Einrichtung aufgebaut,\u00a0mit der sie aus Gegenst\u00e4nden und Kleidungsst\u00fccken, die ihr die Nachbarn zur Verf\u00fcgung gestellt haben, Ger\u00fcche\u00a0destilliert und in kleinen Fl\u00e4schchen abf\u00fcllt &#8211; o.k. die getragenen Socken des Nachbarn wollte ich nicht riechen<br \/>\n<a href=\"http:\/\/blog.meineigenerweg.de\/wp-content\/uploads\/2014\/05\/Gelsenkirchen_Bochumer_Strasse_14_05_064x.jpg\"><img loading=\"lazy\" decoding=\"async\" class=\"alignnone size-medium wp-image-1618\" src=\"http:\/\/blog.meineigenerweg.de\/wp-content\/uploads\/2014\/05\/Gelsenkirchen_Bochumer_Strasse_14_05_064x-300x200.jpg\" alt=\"Gelsenkirchen_Bochumer_Strasse_14_05_064x\" width=\"300\" height=\"200\" srcset=\"http:\/\/blog.meineigenerweg.de\/wp-content\/uploads\/2014\/05\/Gelsenkirchen_Bochumer_Strasse_14_05_064x-300x200.jpg 300w, http:\/\/blog.meineigenerweg.de\/wp-content\/uploads\/2014\/05\/Gelsenkirchen_Bochumer_Strasse_14_05_064x.jpg 1000w\" sizes=\"auto, (max-width: 300px) 100vw, 300px\" \/><\/a><\/p>\n<p>Eine Performance, auf einem selbstgebauten Musikinstrument, aus Fundst\u00fccken\u00a0aus der Nachbarschaft<br \/>\n<a href=\"http:\/\/blog.meineigenerweg.de\/wp-content\/uploads\/2014\/05\/Gelsenkirchen_Bochumer_Strasse_14_05_073.jpg\"><img loading=\"lazy\" decoding=\"async\" class=\"alignnone size-medium wp-image-1621\" src=\"http:\/\/blog.meineigenerweg.de\/wp-content\/uploads\/2014\/05\/Gelsenkirchen_Bochumer_Strasse_14_05_073-300x200.jpg\" alt=\"Gelsenkirchen_Bochumer_Strasse_14_05_073\" width=\"300\" height=\"200\" srcset=\"http:\/\/blog.meineigenerweg.de\/wp-content\/uploads\/2014\/05\/Gelsenkirchen_Bochumer_Strasse_14_05_073-300x200.jpg 300w, http:\/\/blog.meineigenerweg.de\/wp-content\/uploads\/2014\/05\/Gelsenkirchen_Bochumer_Strasse_14_05_073.jpg 1000w\" sizes=\"auto, (max-width: 300px) 100vw, 300px\" \/><\/a><\/p>\n<p>Eine Baustelle in einer Hofeinfahrt<br \/>\n<a href=\"http:\/\/blog.meineigenerweg.de\/wp-content\/uploads\/2014\/05\/Gelsenkirchen_Bochumer_Strasse_14_05_068.jpg\"><img loading=\"lazy\" decoding=\"async\" class=\"alignnone size-medium wp-image-1622\" src=\"http:\/\/blog.meineigenerweg.de\/wp-content\/uploads\/2014\/05\/Gelsenkirchen_Bochumer_Strasse_14_05_068-300x200.jpg\" alt=\"Gelsenkirchen_Bochumer_Strasse_14_05_068\" width=\"300\" height=\"200\" srcset=\"http:\/\/blog.meineigenerweg.de\/wp-content\/uploads\/2014\/05\/Gelsenkirchen_Bochumer_Strasse_14_05_068-300x200.jpg 300w, http:\/\/blog.meineigenerweg.de\/wp-content\/uploads\/2014\/05\/Gelsenkirchen_Bochumer_Strasse_14_05_068.jpg 1000w\" sizes=\"auto, (max-width: 300px) 100vw, 300px\" \/><\/a><\/p>\n<p>Ob dieser wundersch\u00f6ne Hinterhof Kunst oder\u00a0wirkliches Leben ist, konnte ich nicht herausbekommen<br \/>\n<a href=\"http:\/\/blog.meineigenerweg.de\/wp-content\/uploads\/2014\/05\/Gelsenkirchen_Bochumer_Strasse_14_05_002.jpg\"><img loading=\"lazy\" decoding=\"async\" class=\"alignnone size-medium wp-image-1627\" src=\"http:\/\/blog.meineigenerweg.de\/wp-content\/uploads\/2014\/05\/Gelsenkirchen_Bochumer_Strasse_14_05_002-300x200.jpg\" alt=\"Gelsenkirchen_Bochumer_Strasse_14_05_002\" width=\"300\" height=\"200\" srcset=\"http:\/\/blog.meineigenerweg.de\/wp-content\/uploads\/2014\/05\/Gelsenkirchen_Bochumer_Strasse_14_05_002-300x200.jpg 300w, http:\/\/blog.meineigenerweg.de\/wp-content\/uploads\/2014\/05\/Gelsenkirchen_Bochumer_Strasse_14_05_002.jpg 1000w\" sizes=\"auto, (max-width: 300px) 100vw, 300px\" \/><\/a><\/p>\n<p><em>Meine Wertung: <span style=\"color: #ff0000;\">****<\/span>* sehenswert (leider nicht mehr m\u00f6glich, da\u00a0das Projekt am 24.05.14 beendet wurde &#8211; ach, wie verg\u00e4nglich ist doch die Sch\u00f6nheit &#8230;.)<\/em><br \/>\n<em> Bochumer Stra\u00dfe<\/em><br \/>\n<em> Gelsenkirchen<\/em><\/p>\n","protected":false},"excerpt":{"rendered":"<p>24.05.2014 Die Bochumer Stra\u00dfe, zwischen Wissenschaftspark und Virchowstra\u00dfe,\u00a0ist nicht Gelsenkirchens Prachtstra\u00dfe. Zu diesem Stra\u00dfenabschnitt fallen mir nur negative Attribute ein: eng, laut, schmuddelig, heruntergekommen. B\u00e4ume gibt es keine. Im positiven Sinne ist das ehemalige Bergarbeiter-Viertel zu einem multikulturellen Schmelztopf geworden. In fast jedem der alter H\u00e4user aus der Gr\u00fcnderzeit befindet<\/p>\n","protected":false},"author":1,"featured_media":1626,"parent":1809,"menu_order":0,"comment_status":"closed","ping_status":"closed","template":"","meta":{"footnotes":""},"class_list":["post-1588","page","type-page","status-publish","has-post-thumbnail","hentry"],"_links":{"self":[{"href":"http:\/\/blog.meineigenerweg.de\/index.php?rest_route=\/wp\/v2\/pages\/1588","targetHints":{"allow":["GET"]}}],"collection":[{"href":"http:\/\/blog.meineigenerweg.de\/index.php?rest_route=\/wp\/v2\/pages"}],"about":[{"href":"http:\/\/blog.meineigenerweg.de\/index.php?rest_route=\/wp\/v2\/types\/page"}],"author":[{"embeddable":true,"href":"http:\/\/blog.meineigenerweg.de\/index.php?rest_route=\/wp\/v2\/users\/1"}],"replies":[{"embeddable":true,"href":"http:\/\/blog.meineigenerweg.de\/index.php?rest_route=%2Fwp%2Fv2%2Fcomments&post=1588"}],"version-history":[{"count":27,"href":"http:\/\/blog.meineigenerweg.de\/index.php?rest_route=\/wp\/v2\/pages\/1588\/revisions"}],"predecessor-version":[{"id":5884,"href":"http:\/\/blog.meineigenerweg.de\/index.php?rest_route=\/wp\/v2\/pages\/1588\/revisions\/5884"}],"up":[{"embeddable":true,"href":"http:\/\/blog.meineigenerweg.de\/index.php?rest_route=\/wp\/v2\/pages\/1809"}],"wp:featuredmedia":[{"embeddable":true,"href":"http:\/\/blog.meineigenerweg.de\/index.php?rest_route=\/wp\/v2\/media\/1626"}],"wp:attachment":[{"href":"http:\/\/blog.meineigenerweg.de\/index.php?rest_route=%2Fwp%2Fv2%2Fmedia&parent=1588"}],"curies":[{"name":"wp","href":"https:\/\/api.w.org\/{rel}","templated":true}]}}