{"id":1557,"date":"2014-05-26T22:48:43","date_gmt":"2014-05-26T21:48:43","guid":{"rendered":"http:\/\/blog.meineigenerweg.de\/?page_id=1557"},"modified":"2019-03-28T20:39:00","modified_gmt":"2019-03-28T19:39:00","slug":"oberhausen-kletterwald","status":"publish","type":"page","link":"http:\/\/blog.meineigenerweg.de\/?page_id=1557","title":{"rendered":"Oberhausen &#8211; Kletterwald ****"},"content":{"rendered":"<p>19.05.2014<\/p>\n<p>Erinnerst du dich, wann du das letzte Mal auf einen Baum geklettert bist? Als Kind konnte ich gar nicht genug vom Klettern bekommen und da, wo ich gewohnt habe, gab es viele wilde G\u00e4rten mit gro\u00dfen B\u00e4umen. Mein Lieblingsbaum war der\u00a0riesige Birnbaum in Nachbars Garten.\u00a0Je \u00e4lter ich wurde, desto niedriger wurden die B\u00e4ume, auf die ich unbedingt klettern wollte, wahrscheinlich wurde mir immer mehr das Risiko bewusst. Umso gr\u00f6\u00dfer war meine Vorfreude auf den <span style=\"color: #0000ff;\"><a href=\"http:\/\/www.tree2tree.de\/de\/hochseilgarten-oberhausen.html\" target=\"_blank\" rel=\"noopener noreferrer\"><span style=\"color: #0000ff;\"><span style=\"text-decoration: underline;\">Kletterwald<\/span><\/span><\/a><\/span>, ich freute mich mal wieder, hoch hinauf in die Baumwipfel zu klettern.<\/p>\n<p>Der Kletterwald liegt direkt neben dem Gasometer. Nach ein paar Schritten in den sonnendurchfluteten Wald, konnte ich auf einigen B\u00e4umen schon die\u00a0Plattformen erkennen, die in unterschiedlicher H\u00f6he angebracht waren. Zwischen den B\u00e4umen hingen\u00a0Bretter und\u00a0dicke Astst\u00fccke\u00a0und sehr wackelige anmutende Konstruktionen, die mit Seilen zwischen den B\u00e4umen gespannt waren. Einige wenige\u00a0Kletterer bewegten sich in luftiger H\u00f6he zwischen den B\u00e4umen.\u00a0Ab und zu wurde die Stille des Waldes durch\u00a0Lachen und Jauchzen durchbrochen.<\/p>\n<p>Ich stellte mich ganz nah\u00a0an einen Baum und schaute hinauf zu der Plattform &#8211; ganz sch\u00f6n hoch!<br \/>\n<a href=\"http:\/\/blog.meineigenerweg.de\/wp-content\/uploads\/2014\/05\/Oberhausen_Klettergarten_14_05_009.jpg\"><img loading=\"lazy\" decoding=\"async\" class=\"alignnone size-medium wp-image-1678\" src=\"http:\/\/blog.meineigenerweg.de\/wp-content\/uploads\/2014\/05\/Oberhausen_Klettergarten_14_05_009-300x225.jpg\" alt=\"Oberhausen_Klettergarten_14_05_009\" width=\"300\" height=\"225\" srcset=\"http:\/\/blog.meineigenerweg.de\/wp-content\/uploads\/2014\/05\/Oberhausen_Klettergarten_14_05_009-300x225.jpg 300w, http:\/\/blog.meineigenerweg.de\/wp-content\/uploads\/2014\/05\/Oberhausen_Klettergarten_14_05_009.jpg 1000w\" sizes=\"auto, (max-width: 300px) 100vw, 300px\" \/><\/a><br \/>\nAn dem kleinen, unscheinbarer Kiosk habe ich mir\u00a0ein Eintrittskarte gekauft (puh, 25 Euro ist nicht gerade wenig).\u00a0Dann\u00a0ging ich zur\u00a0&#8222;Kleiderkammer&#8220;, wo mir ein Klettergurt angepasst wurde.<br \/>\n<a href=\"http:\/\/blog.meineigenerweg.de\/wp-content\/uploads\/2014\/05\/Oberhausen_Klettergarten_14_05_001.jpg\"><img loading=\"lazy\" decoding=\"async\" class=\"alignnone size-medium wp-image-1677\" src=\"http:\/\/blog.meineigenerweg.de\/wp-content\/uploads\/2014\/05\/Oberhausen_Klettergarten_14_05_001-300x224.jpg\" alt=\"Oberhausen_Klettergarten_14_05_001\" width=\"300\" height=\"224\" srcset=\"http:\/\/blog.meineigenerweg.de\/wp-content\/uploads\/2014\/05\/Oberhausen_Klettergarten_14_05_001-300x224.jpg 300w, http:\/\/blog.meineigenerweg.de\/wp-content\/uploads\/2014\/05\/Oberhausen_Klettergarten_14_05_001-1024x766.jpg 1024w, http:\/\/blog.meineigenerweg.de\/wp-content\/uploads\/2014\/05\/Oberhausen_Klettergarten_14_05_001.jpg 1819w\" sizes=\"auto, (max-width: 300px) 100vw, 300px\" \/><\/a><br \/>\nIch bekam einen &#8222;Ganzk\u00f6rperklettergurt&#8220;, mit zwei Karabinern f\u00fcr die doppelte Sicherung,\u00a0einer Laufrolle zum Abseilen\u00a0und ein paar derbe Arbeitshandschuhe, damit ich auf den Stahlseilrutschen beim Abseilen auch bremsen konnte.<br \/>\n<img loading=\"lazy\" decoding=\"async\" class=\"alignnone size-medium wp-image-1682\" src=\"http:\/\/blog.meineigenerweg.de\/wp-content\/uploads\/2014\/05\/Oberhausen_Klettergarten_14_05_004-225x300.jpg\" alt=\"Oberhausen_Klettergarten_14_05_004\" width=\"225\" height=\"300\" srcset=\"http:\/\/blog.meineigenerweg.de\/wp-content\/uploads\/2014\/05\/Oberhausen_Klettergarten_14_05_004-225x300.jpg 225w, http:\/\/blog.meineigenerweg.de\/wp-content\/uploads\/2014\/05\/Oberhausen_Klettergarten_14_05_004.jpg 750w\" sizes=\"auto, (max-width: 225px) 100vw, 225px\" \/><br \/>\nIch wurde sehr ausf\u00fchrlich in die Handhabung eingewiesen und bin unter Anleitung eines Guides ein St\u00fcck probegeklettert.\u00a0Erst dann durfte ich allein in den Kletterwald.<\/p>\n<p>Die 15 verschiedene Kletterrouten\u00a0waren unterteilt in\u00a0leichte, mittlere und schwere Routen.<\/p>\n<p>F\u00fcr den ersten Versuch hatte ich mir eine der leichteren Routen ausgesucht, die mich nicht h\u00f6her als 3 bis 4 Meter brachte. Von unten nach oben geschaut, sieht das gar nicht so hoch aus, aber als ich dann auf der ersten Plattform stand, wirkte es doch sehr hoch. Vor mir ein 10 cm breites Brett, das an Seilen baumelt. Sicherung eingehakt, rechts und links die Handseile angefasst und vorsichtig den ersten Schritt auf das Brett gewagt.\u00a0Es f\u00fchlte sich\u00a0ziemlich\u00a0wackelig an, aber es war\u00a0nicht schwer dar\u00fcber\u00a0zu balancieren und es\u00a0hat vor allem Spa\u00df gemacht. Fast eine ganz Stunde habe ich f\u00fcr diese erste Route mit 15 verschiedenen Elementen gebraucht.<\/p>\n<p>&nbsp;<\/p>\n<p><a href=\"http:\/\/blog.meineigenerweg.de\/wp-content\/uploads\/2014\/05\/Oberhausen_Klettergarten_14_05_010.jpg\"><img loading=\"lazy\" decoding=\"async\" class=\"alignnone size-medium wp-image-1679\" src=\"http:\/\/blog.meineigenerweg.de\/wp-content\/uploads\/2014\/05\/Oberhausen_Klettergarten_14_05_010-300x225.jpg\" alt=\"Oberhausen_Klettergarten_14_05_010\" width=\"300\" height=\"225\" srcset=\"http:\/\/blog.meineigenerweg.de\/wp-content\/uploads\/2014\/05\/Oberhausen_Klettergarten_14_05_010-300x225.jpg 300w, http:\/\/blog.meineigenerweg.de\/wp-content\/uploads\/2014\/05\/Oberhausen_Klettergarten_14_05_010.jpg 1000w\" sizes=\"auto, (max-width: 300px) 100vw, 300px\" \/><\/a> <a href=\"http:\/\/blog.meineigenerweg.de\/wp-content\/uploads\/2014\/05\/Oberhausen_Klettergarten_14_05_012.jpg\"><img loading=\"lazy\" decoding=\"async\" class=\"alignnone size-medium wp-image-1681\" src=\"http:\/\/blog.meineigenerweg.de\/wp-content\/uploads\/2014\/05\/Oberhausen_Klettergarten_14_05_012-300x225.jpg\" alt=\"Oberhausen_Klettergarten_14_05_012\" width=\"300\" height=\"225\" srcset=\"http:\/\/blog.meineigenerweg.de\/wp-content\/uploads\/2014\/05\/Oberhausen_Klettergarten_14_05_012-300x225.jpg 300w, http:\/\/blog.meineigenerweg.de\/wp-content\/uploads\/2014\/05\/Oberhausen_Klettergarten_14_05_012.jpg 1000w\" sizes=\"auto, (max-width: 300px) 100vw, 300px\" \/><\/a><br \/>\nNach einer kleinen Verschnaufpause habe ich mich an eine zweite Route gewagt, nat\u00fcrlich schwieriger und auch h\u00f6her, so dass ich in 7 oder 8 mtr H\u00f6he balancierte.<\/p>\n<p>Beim n\u00e4chste Mal werde ich eine von den ganz schwereren Routen, die bis zu 20 mtr hoch sind, ausprobieren.<\/p>\n<p><em>Meine Wertung: <span style=\"color: #ff0000;\">****<\/span>* sehenswert (ausprobierenswert &#8211; besonders das gemischte Alter der Kletterer hat mir gut gefallen, ich war nicht der \u00c4lteste )<\/em><br \/>\n<em>A42 Ausfahrt 10 (Oberhausen-Zentrum) der Beschilderung &#8222;Gasometer&#8220; folgen<\/em><br \/>\n<em>Oberhausen<\/em><\/p>\n","protected":false},"excerpt":{"rendered":"<p>19.05.2014 Erinnerst du dich, wann du das letzte Mal auf einen Baum geklettert bist? Als Kind konnte ich gar nicht genug vom Klettern bekommen und da, wo ich gewohnt habe, gab es viele wilde G\u00e4rten mit gro\u00dfen B\u00e4umen. Mein Lieblingsbaum war der\u00a0riesige Birnbaum in Nachbars Garten.\u00a0Je \u00e4lter ich wurde, desto<\/p>\n","protected":false},"author":1,"featured_media":1735,"parent":1809,"menu_order":0,"comment_status":"closed","ping_status":"closed","template":"","meta":{"footnotes":""},"class_list":["post-1557","page","type-page","status-publish","has-post-thumbnail","hentry"],"_links":{"self":[{"href":"http:\/\/blog.meineigenerweg.de\/index.php?rest_route=\/wp\/v2\/pages\/1557","targetHints":{"allow":["GET"]}}],"collection":[{"href":"http:\/\/blog.meineigenerweg.de\/index.php?rest_route=\/wp\/v2\/pages"}],"about":[{"href":"http:\/\/blog.meineigenerweg.de\/index.php?rest_route=\/wp\/v2\/types\/page"}],"author":[{"embeddable":true,"href":"http:\/\/blog.meineigenerweg.de\/index.php?rest_route=\/wp\/v2\/users\/1"}],"replies":[{"embeddable":true,"href":"http:\/\/blog.meineigenerweg.de\/index.php?rest_route=%2Fwp%2Fv2%2Fcomments&post=1557"}],"version-history":[{"count":41,"href":"http:\/\/blog.meineigenerweg.de\/index.php?rest_route=\/wp\/v2\/pages\/1557\/revisions"}],"predecessor-version":[{"id":5876,"href":"http:\/\/blog.meineigenerweg.de\/index.php?rest_route=\/wp\/v2\/pages\/1557\/revisions\/5876"}],"up":[{"embeddable":true,"href":"http:\/\/blog.meineigenerweg.de\/index.php?rest_route=\/wp\/v2\/pages\/1809"}],"wp:featuredmedia":[{"embeddable":true,"href":"http:\/\/blog.meineigenerweg.de\/index.php?rest_route=\/wp\/v2\/media\/1735"}],"wp:attachment":[{"href":"http:\/\/blog.meineigenerweg.de\/index.php?rest_route=%2Fwp%2Fv2%2Fmedia&parent=1557"}],"curies":[{"name":"wp","href":"https:\/\/api.w.org\/{rel}","templated":true}]}}