{"id":1555,"date":"2014-06-13T22:05:47","date_gmt":"2014-06-13T21:05:47","guid":{"rendered":"http:\/\/blog.meineigenerweg.de\/?page_id=1555"},"modified":"2019-03-28T23:17:39","modified_gmt":"2019-03-28T22:17:39","slug":"140519-gelsenkirchen-zoom","status":"publish","type":"page","link":"http:\/\/blog.meineigenerweg.de\/?page_id=1555","title":{"rendered":"Gelsenkirchen &#8211; Zoom *****"},"content":{"rendered":"<p>19.05.2014<\/p>\n<p>Ich glaube, es ist ein Karnevalslied von den Bl\u00e4ck F\u00f6\u00f6ss in k\u00f6lner Mundart: &#8222;ne Besuch im Zoo, ne wat is dat sch\u00f6n, &#8230;&#8220;<\/p>\n<p>Ich stehe zwar nicht auf Karnevalslieder, aber recht haben die\u00a0Bl\u00e4ck F\u00f6\u00f6ss, ein Besuch im Zoo =\u00a0<span style=\"color: #0000ff;\"><a href=\"http:\/\/www.zoom-erlebniswelt.de\/\" target=\"_blank\" rel=\"noopener noreferrer\"><span style=\"color: #0000ff;\"><span style=\"text-decoration: underline;\">ZOOM<\/span><\/span><\/a><\/span> lohnt sich auf jeden Fall.<\/p>\n<p>Der Begriff Zoom wird in der\u00a0Fotografie verwendet und bedeutet n\u00e4her heranbringen (kennt Ihr, Zoom-Objektiv). Man bezeichnet\u00a0mit Zoom aber auch in der Biologie, den tierischen Bestand eines Bioms (Lebensgemeinschaft von Tieren und Pflanzen).<\/p>\n<p>Du\u00a0brauchst \u00fcbrigens kein &#8222;Alibi-Kind&#8220;, um wieder einmal\u00a0in den Zoo zu gehen, es macht wirklich sehr viel Spa\u00df.<\/p>\n<p>Mir gef\u00e4llt besonders, da\u00df die Tiere in Gehegen leben, die ihrem nat\u00fcrlichen Umfeld nachempfunden sind.\u00a0Dadurch kannst du\u00a0manche Tiere aber auch nur aus einer gewissen Distanz\u00a0sehen.\u00a0Nimm dir einen ganzen Tag Zeit, dann kannst du eine\u00a0kleine Weltreise machen, von Afrika \u00fcber Alaska nach Asien.<\/p>\n<h6>Afrika<\/h6>\n<p>Die &#8222;big five&#8220;, mit dem die meisten Afrika-Rundreisen werben, wirst du\u00a0hier nicht erleben, es gibt keine Elefanten. Aber daf\u00fcr\u00a0kannst du\u00a0in einer\u00a0weitl\u00e4ufigen Steppen Zebras und Antilopen beobachten.<br \/>\nWenn du\u00a0in das\u00a0Dorf kommst, umgibt dich eine\u00a0tr\u00fcgerisch Ruhe,<br \/>\n<a href=\"http:\/\/blog.meineigenerweg.de\/wp-content\/uploads\/2014\/06\/Gelsenkirchen_Zoom_14_05_001.jpg\"><img loading=\"lazy\" decoding=\"async\" class=\"alignnone size-medium wp-image-1945\" src=\"http:\/\/blog.meineigenerweg.de\/wp-content\/uploads\/2014\/06\/Gelsenkirchen_Zoom_14_05_001-300x200.jpg\" alt=\"Gelsenkirchen_Zoom_14_05_001\" width=\"300\" height=\"200\" srcset=\"http:\/\/blog.meineigenerweg.de\/wp-content\/uploads\/2014\/06\/Gelsenkirchen_Zoom_14_05_001-300x200.jpg 300w, http:\/\/blog.meineigenerweg.de\/wp-content\/uploads\/2014\/06\/Gelsenkirchen_Zoom_14_05_001.jpg 1000w\" sizes=\"auto, (max-width: 300px) 100vw, 300px\" \/><\/a>\u00a0<a href=\"http:\/\/blog.meineigenerweg.de\/wp-content\/uploads\/2014\/06\/Gelsenkirchen_Zoom_14_05_003x.jpg\"><img loading=\"lazy\" decoding=\"async\" class=\"alignnone size-medium wp-image-1947\" src=\"http:\/\/blog.meineigenerweg.de\/wp-content\/uploads\/2014\/06\/Gelsenkirchen_Zoom_14_05_003x-300x200.jpg\" alt=\"Gelsenkirchen_Zoom_14_05_003x\" width=\"300\" height=\"200\" srcset=\"http:\/\/blog.meineigenerweg.de\/wp-content\/uploads\/2014\/06\/Gelsenkirchen_Zoom_14_05_003x-300x200.jpg 300w, http:\/\/blog.meineigenerweg.de\/wp-content\/uploads\/2014\/06\/Gelsenkirchen_Zoom_14_05_003x.jpg 1000w\" sizes=\"auto, (max-width: 300px) 100vw, 300px\" \/><\/a><br \/>\ndenn er h\u00e4lt schon Ausschau nach dem Abendessen.<br \/>\n<a href=\"http:\/\/blog.meineigenerweg.de\/wp-content\/uploads\/2014\/06\/Gelsenkirchen_Zoom_14_05_005.jpg\"><img loading=\"lazy\" decoding=\"async\" class=\"alignnone size-medium wp-image-1948\" src=\"http:\/\/blog.meineigenerweg.de\/wp-content\/uploads\/2014\/06\/Gelsenkirchen_Zoom_14_05_005-300x200.jpg\" alt=\"Gelsenkirchen_Zoom_14_05_005\" width=\"300\" height=\"200\" srcset=\"http:\/\/blog.meineigenerweg.de\/wp-content\/uploads\/2014\/06\/Gelsenkirchen_Zoom_14_05_005-300x200.jpg 300w, http:\/\/blog.meineigenerweg.de\/wp-content\/uploads\/2014\/06\/Gelsenkirchen_Zoom_14_05_005.jpg 1000w\" sizes=\"auto, (max-width: 300px) 100vw, 300px\" \/><\/a><br \/>\nIhr ist das egal, sie hat von oben\u00a0einen guten \u00dcberblick und l\u00e4sst sich nicht \u00fcberraschen,<br \/>\n<a href=\"http:\/\/blog.meineigenerweg.de\/wp-content\/uploads\/2014\/06\/Gelsenkirchen_Zoom_14_05_011x.jpg\"><img loading=\"lazy\" decoding=\"async\" class=\"alignnone size-medium wp-image-1950\" src=\"http:\/\/blog.meineigenerweg.de\/wp-content\/uploads\/2014\/06\/Gelsenkirchen_Zoom_14_05_011x-300x212.jpg\" alt=\"Gelsenkirchen_Zoom_14_05_011x\" width=\"300\" height=\"212\" srcset=\"http:\/\/blog.meineigenerweg.de\/wp-content\/uploads\/2014\/06\/Gelsenkirchen_Zoom_14_05_011x-300x212.jpg 300w, http:\/\/blog.meineigenerweg.de\/wp-content\/uploads\/2014\/06\/Gelsenkirchen_Zoom_14_05_011x.jpg 1000w\" sizes=\"auto, (max-width: 300px) 100vw, 300px\" \/><\/a><br \/>\nund die beiden tauchen einfach ab.<br \/>\n<a href=\"http:\/\/blog.meineigenerweg.de\/wp-content\/uploads\/2014\/06\/Gelsenkirchen_Zoom_14_05_029.jpg\"><img loading=\"lazy\" decoding=\"async\" class=\"alignnone size-medium wp-image-1951\" src=\"http:\/\/blog.meineigenerweg.de\/wp-content\/uploads\/2014\/06\/Gelsenkirchen_Zoom_14_05_029-300x200.jpg\" alt=\"Gelsenkirchen_Zoom_14_05_029\" width=\"300\" height=\"200\" srcset=\"http:\/\/blog.meineigenerweg.de\/wp-content\/uploads\/2014\/06\/Gelsenkirchen_Zoom_14_05_029-300x200.jpg 300w, http:\/\/blog.meineigenerweg.de\/wp-content\/uploads\/2014\/06\/Gelsenkirchen_Zoom_14_05_029.jpg 1000w\" sizes=\"auto, (max-width: 300px) 100vw, 300px\" \/><\/a><br \/>\nEr steht\u00a0einfach nur rum und wartet erst einmal ab, ob \u00fcberhaupt etwas passiert.<br \/>\n<a href=\"http:\/\/blog.meineigenerweg.de\/wp-content\/uploads\/2014\/06\/Gelsenkirchen_Zoom_14_05_042x.jpg\"><img loading=\"lazy\" decoding=\"async\" class=\"alignnone size-medium wp-image-1953\" src=\"http:\/\/blog.meineigenerweg.de\/wp-content\/uploads\/2014\/06\/Gelsenkirchen_Zoom_14_05_042x-300x200.jpg\" alt=\"Gelsenkirchen_Zoom_14_05_042x\" width=\"300\" height=\"200\" srcset=\"http:\/\/blog.meineigenerweg.de\/wp-content\/uploads\/2014\/06\/Gelsenkirchen_Zoom_14_05_042x-300x200.jpg 300w, http:\/\/blog.meineigenerweg.de\/wp-content\/uploads\/2014\/06\/Gelsenkirchen_Zoom_14_05_042x.jpg 1000w\" sizes=\"auto, (max-width: 300px) 100vw, 300px\" \/><\/a><br \/>\nWenn du dir Zeit nimmst, dich auf eine der vielen B\u00e4nke setzt, nur\u00a0in eine Richtung schaust und\u00a0dir die anderen Zoobesucher einfach wegdenkst, bekommt du das Gef\u00fchl von Weite und unber\u00fchrter Natur.<br \/>\n<a href=\"http:\/\/blog.meineigenerweg.de\/wp-content\/uploads\/2014\/06\/Gelsenkirchen_Zoom_14_05_031y.jpg\"><img loading=\"lazy\" decoding=\"async\" class=\"alignnone size-medium wp-image-1954\" src=\"http:\/\/blog.meineigenerweg.de\/wp-content\/uploads\/2014\/06\/Gelsenkirchen_Zoom_14_05_031y-300x182.jpg\" alt=\"Gelsenkirchen_Zoom_14_05_031y\" width=\"300\" height=\"182\" srcset=\"http:\/\/blog.meineigenerweg.de\/wp-content\/uploads\/2014\/06\/Gelsenkirchen_Zoom_14_05_031y-300x182.jpg 300w, http:\/\/blog.meineigenerweg.de\/wp-content\/uploads\/2014\/06\/Gelsenkirchen_Zoom_14_05_031y.jpg 1000w\" sizes=\"auto, (max-width: 300px) 100vw, 300px\" \/><\/a><\/p>\n<h6>Alaska<\/h6>\n<p>Wenn du vom Kr\u00fcger-Nationalpark in S\u00fcdafrika nach Fairbanks in Alaska fliegen wolltest, w\u00e4rst du\u00a0einen ganzen Tag unterwegs, es sind mehr als 15.000 km. Im Zoom biegst du einfach um die Ecke und bist da.<br \/>\n<a href=\"http:\/\/blog.meineigenerweg.de\/wp-content\/uploads\/2014\/06\/Gelsenkirchen_Zoom_14_05_055.jpg\"><img loading=\"lazy\" decoding=\"async\" class=\"alignnone size-medium wp-image-1957\" src=\"http:\/\/blog.meineigenerweg.de\/wp-content\/uploads\/2014\/06\/Gelsenkirchen_Zoom_14_05_055-300x200.jpg\" alt=\"Gelsenkirchen_Zoom_14_05_055\" width=\"300\" height=\"200\" srcset=\"http:\/\/blog.meineigenerweg.de\/wp-content\/uploads\/2014\/06\/Gelsenkirchen_Zoom_14_05_055-300x200.jpg 300w, http:\/\/blog.meineigenerweg.de\/wp-content\/uploads\/2014\/06\/Gelsenkirchen_Zoom_14_05_055.jpg 1000w\" sizes=\"auto, (max-width: 300px) 100vw, 300px\" \/><\/a><br \/>\nDa, ein junges Rentier, das neugierig\u00a0durchs Unterholz streunt.<br \/>\n<a href=\"http:\/\/blog.meineigenerweg.de\/wp-content\/uploads\/2014\/06\/Gelsenkirchen_Zoom_14_05_078.jpg\"><img loading=\"lazy\" decoding=\"async\" class=\"alignnone size-medium wp-image-1963\" src=\"http:\/\/blog.meineigenerweg.de\/wp-content\/uploads\/2014\/06\/Gelsenkirchen_Zoom_14_05_078-300x200.jpg\" alt=\"Gelsenkirchen_Zoom_14_05_078\" width=\"300\" height=\"200\" srcset=\"http:\/\/blog.meineigenerweg.de\/wp-content\/uploads\/2014\/06\/Gelsenkirchen_Zoom_14_05_078-300x200.jpg 300w, http:\/\/blog.meineigenerweg.de\/wp-content\/uploads\/2014\/06\/Gelsenkirchen_Zoom_14_05_078.jpg 1000w\" sizes=\"auto, (max-width: 300px) 100vw, 300px\" \/><\/a><br \/>\nGehe \u00fcber die\u00a0wackelige H\u00e4ngebr\u00fccke<br \/>\n<a href=\"http:\/\/blog.meineigenerweg.de\/wp-content\/uploads\/2014\/06\/Gelsenkirchen_Zoom_14_05_058.jpg\"><img loading=\"lazy\" decoding=\"async\" class=\"alignnone size-medium wp-image-1959\" src=\"http:\/\/blog.meineigenerweg.de\/wp-content\/uploads\/2014\/06\/Gelsenkirchen_Zoom_14_05_058-300x200.jpg\" alt=\"Gelsenkirchen_Zoom_14_05_058\" width=\"300\" height=\"200\" srcset=\"http:\/\/blog.meineigenerweg.de\/wp-content\/uploads\/2014\/06\/Gelsenkirchen_Zoom_14_05_058-300x200.jpg 300w, http:\/\/blog.meineigenerweg.de\/wp-content\/uploads\/2014\/06\/Gelsenkirchen_Zoom_14_05_058.jpg 1000w\" sizes=\"auto, (max-width: 300px) 100vw, 300px\" \/><\/a><br \/>\nund du kommst in das Tal der wilden B\u00e4ren.<br \/>\n<a href=\"http:\/\/blog.meineigenerweg.de\/wp-content\/uploads\/2014\/06\/Gelsenkirchen_Zoom_14_05_057.jpg\"><img loading=\"lazy\" decoding=\"async\" class=\"alignnone size-medium wp-image-1960\" src=\"http:\/\/blog.meineigenerweg.de\/wp-content\/uploads\/2014\/06\/Gelsenkirchen_Zoom_14_05_057-300x200.jpg\" alt=\"Gelsenkirchen_Zoom_14_05_057\" width=\"300\" height=\"200\" srcset=\"http:\/\/blog.meineigenerweg.de\/wp-content\/uploads\/2014\/06\/Gelsenkirchen_Zoom_14_05_057-300x200.jpg 300w, http:\/\/blog.meineigenerweg.de\/wp-content\/uploads\/2014\/06\/Gelsenkirchen_Zoom_14_05_057.jpg 1000w\" sizes=\"auto, (max-width: 300px) 100vw, 300px\" \/><\/a><br \/>\nGl\u00fcck gehabt, sie machen gerade ihren Mittagsschlaf. Ich schleiche mich\u00a0vorsichtig an ihnen vorbei.<br \/>\n<a href=\"http:\/\/blog.meineigenerweg.de\/wp-content\/uploads\/2014\/06\/Gelsenkirchen_Zoom_14_05_056x.jpg\"><img loading=\"lazy\" decoding=\"async\" class=\"alignnone size-medium wp-image-1961\" src=\"http:\/\/blog.meineigenerweg.de\/wp-content\/uploads\/2014\/06\/Gelsenkirchen_Zoom_14_05_056x-300x217.jpg\" alt=\"Gelsenkirchen_Zoom_14_05_056x\" width=\"300\" height=\"217\" srcset=\"http:\/\/blog.meineigenerweg.de\/wp-content\/uploads\/2014\/06\/Gelsenkirchen_Zoom_14_05_056x-300x217.jpg 300w, http:\/\/blog.meineigenerweg.de\/wp-content\/uploads\/2014\/06\/Gelsenkirchen_Zoom_14_05_056x.jpg 1000w\" sizes=\"auto, (max-width: 300px) 100vw, 300px\" \/><\/a><br \/>\nKurz darauf erreiche ich auch schon die K\u00fcste, an der sich die Robben sorglos in der warmen Sonne r\u00e4keln.<br \/>\n<a href=\"http:\/\/blog.meineigenerweg.de\/wp-content\/uploads\/2014\/06\/Gelsenkirchen_Zoom_14_05_065x.jpg\"><img loading=\"lazy\" decoding=\"async\" class=\"alignnone size-medium wp-image-1966\" src=\"http:\/\/blog.meineigenerweg.de\/wp-content\/uploads\/2014\/06\/Gelsenkirchen_Zoom_14_05_065x-300x200.jpg\" alt=\"Gelsenkirchen_Zoom_14_05_065x\" width=\"300\" height=\"200\" srcset=\"http:\/\/blog.meineigenerweg.de\/wp-content\/uploads\/2014\/06\/Gelsenkirchen_Zoom_14_05_065x-300x200.jpg 300w, http:\/\/blog.meineigenerweg.de\/wp-content\/uploads\/2014\/06\/Gelsenkirchen_Zoom_14_05_065x.jpg 1000w\" sizes=\"auto, (max-width: 300px) 100vw, 300px\" \/><\/a><br \/>\nSie ahnen nicht, das sie bereits auf der Speisenkarte stehen.<br \/>\n<a href=\"http:\/\/blog.meineigenerweg.de\/wp-content\/uploads\/2014\/06\/Gelsenkirchen_Zoom_14_05_072x.jpg\"><img loading=\"lazy\" decoding=\"async\" class=\"alignnone size-medium wp-image-1967\" src=\"http:\/\/blog.meineigenerweg.de\/wp-content\/uploads\/2014\/06\/Gelsenkirchen_Zoom_14_05_072x-300x200.jpg\" alt=\"Gelsenkirchen_Zoom_14_05_072x\" width=\"300\" height=\"200\" srcset=\"http:\/\/blog.meineigenerweg.de\/wp-content\/uploads\/2014\/06\/Gelsenkirchen_Zoom_14_05_072x-300x200.jpg 300w, http:\/\/blog.meineigenerweg.de\/wp-content\/uploads\/2014\/06\/Gelsenkirchen_Zoom_14_05_072x.jpg 1000w\" sizes=\"auto, (max-width: 300px) 100vw, 300px\" \/><\/a><\/p>\n<h6>Asien<\/h6>\n<p>Ich steige noch einmal in den Flieger, dieses Mal sind es nur 10.000 km.\u00a0Schon bin ich in Asien in Thailand, Indonesien, Borneo. Tropisch schw\u00fcle Luft, 30 Grad im Schatten empf\u00e4ngt mich, als ich aus dem Flieger steige. Gut, das ich meine dicke Winterjacke im -20 Grad kalten Alaska gelassen haben.<br \/>\nIn Wirklichkeit sind es nat\u00fcrlich wieder nur\u00a0ein paar Schritte um die Ecke.<br \/>\n<a href=\"http:\/\/blog.meineigenerweg.de\/wp-content\/uploads\/2014\/06\/Gelsenkirchen_Zoom_14_05_098.jpg\"><img loading=\"lazy\" decoding=\"async\" class=\"alignnone size-medium wp-image-1969\" src=\"http:\/\/blog.meineigenerweg.de\/wp-content\/uploads\/2014\/06\/Gelsenkirchen_Zoom_14_05_098-300x200.jpg\" alt=\"Gelsenkirchen_Zoom_14_05_098\" width=\"300\" height=\"200\" srcset=\"http:\/\/blog.meineigenerweg.de\/wp-content\/uploads\/2014\/06\/Gelsenkirchen_Zoom_14_05_098-300x200.jpg 300w, http:\/\/blog.meineigenerweg.de\/wp-content\/uploads\/2014\/06\/Gelsenkirchen_Zoom_14_05_098.jpg 1000w\" sizes=\"auto, (max-width: 300px) 100vw, 300px\" \/><\/a><br \/>\nWenn du durch das gro\u00dfe Tropenhaus l\u00e4ufst<br \/>\n<a href=\"http:\/\/blog.meineigenerweg.de\/wp-content\/uploads\/2014\/06\/Gelsenkirchen_Zoom_14_05_093.jpg\"><img loading=\"lazy\" decoding=\"async\" class=\"alignnone size-medium wp-image-1970\" src=\"http:\/\/blog.meineigenerweg.de\/wp-content\/uploads\/2014\/06\/Gelsenkirchen_Zoom_14_05_093-300x200.jpg\" alt=\"Gelsenkirchen_Zoom_14_05_093\" width=\"300\" height=\"200\" srcset=\"http:\/\/blog.meineigenerweg.de\/wp-content\/uploads\/2014\/06\/Gelsenkirchen_Zoom_14_05_093-300x200.jpg 300w, http:\/\/blog.meineigenerweg.de\/wp-content\/uploads\/2014\/06\/Gelsenkirchen_Zoom_14_05_093.jpg 1000w\" sizes=\"auto, (max-width: 300px) 100vw, 300px\" \/><\/a><br \/>\nkommst du zu den Orang-Utans.<br \/>\n<a href=\"http:\/\/blog.meineigenerweg.de\/wp-content\/uploads\/2014\/06\/Gelsenkirchen_Zoom_14_05_091.jpg\"><img loading=\"lazy\" decoding=\"async\" class=\"alignnone size-medium wp-image-1971\" src=\"http:\/\/blog.meineigenerweg.de\/wp-content\/uploads\/2014\/06\/Gelsenkirchen_Zoom_14_05_091-300x200.jpg\" alt=\"Gelsenkirchen_Zoom_14_05_091\" width=\"300\" height=\"200\" srcset=\"http:\/\/blog.meineigenerweg.de\/wp-content\/uploads\/2014\/06\/Gelsenkirchen_Zoom_14_05_091-300x200.jpg 300w, http:\/\/blog.meineigenerweg.de\/wp-content\/uploads\/2014\/06\/Gelsenkirchen_Zoom_14_05_091.jpg 1000w\" sizes=\"auto, (max-width: 300px) 100vw, 300px\" \/><\/a><br \/>\nDer hat es gut, er kann den ganzen Tag abh\u00e4ngen.<br \/>\nLeider geht im Tropenhaus das Gef\u00fchl von Weite und Freiheit verloren,\u00a0Enge und\u00a0K\u00e4fige sind sehr offensichtlich.<br \/>\nIm Tropenhaus fliegen viele exotische V\u00f6gel umher und wenn du nach oben schaust, wirst du unter der Glaskuppel etliche Flughunde entdecken.<\/p>\n<p>Mein pers\u00f6nlicher Geheimtipp f\u00fcr einen au\u00dfergew\u00f6hnlichen Abend ist das Restaurant <span style=\"color: #0000ff;\"><a href=\"http:\/\/www.ryokan.de\/Willkommen\/default.asp\" target=\"_blank\" rel=\"noopener noreferrer\"><span style=\"color: #0000ff;\"><span style=\"text-decoration: underline;\">Ryokan<\/span><\/span><\/a><\/span> im Tropenhaus. Es \u00f6ffnet erst um 18:00 Uhr, wenn der Zoo bereits geschlossen hat. Ich f\u00fchle mich wie in einer Lodge mitten im Tropenwald. In der d\u00e4mmerigen Atmosph\u00e4re\u00a0h\u00f6rst du die Ger\u00e4usche des Dschungels, das Zwitschern der V\u00f6gel, die Schreie der\u00a0Affen und die schrillen Pfiffe der Flughunde. Besonders wenn du an einem der \u00e4u\u00dferen Tische sitzt, hast du das Gef\u00fchl, mitten mit Dschungel zu sein und kannst in der\u00a0D\u00e4mmerung die nachtaktiven\u00a0Flughunde beobachten.<br \/>\nIch mag es sehr.<\/p>\n<p><em>Meine Wertung: <span style=\"color: #ff0000;\">*****<\/span> unbedingt ausprobieren<\/em><br \/>\n<em><span class=\"normal\">Bleckstra\u00dfe 64<br \/>\n45889 Gelsenkirchen<\/span><\/em><\/p>\n","protected":false},"excerpt":{"rendered":"<p>19.05.2014 Ich glaube, es ist ein Karnevalslied von den Bl\u00e4ck F\u00f6\u00f6ss in k\u00f6lner Mundart: &#8222;ne Besuch im Zoo, ne wat is dat sch\u00f6n, &#8230;&#8220; Ich stehe zwar nicht auf Karnevalslieder, aber recht haben die\u00a0Bl\u00e4ck F\u00f6\u00f6ss, ein Besuch im Zoo =\u00a0ZOOM lohnt sich auf jeden Fall. Der Begriff Zoom wird in<\/p>\n","protected":false},"author":1,"featured_media":1982,"parent":1809,"menu_order":0,"comment_status":"closed","ping_status":"closed","template":"","meta":{"footnotes":""},"class_list":["post-1555","page","type-page","status-publish","has-post-thumbnail","hentry"],"_links":{"self":[{"href":"http:\/\/blog.meineigenerweg.de\/index.php?rest_route=\/wp\/v2\/pages\/1555","targetHints":{"allow":["GET"]}}],"collection":[{"href":"http:\/\/blog.meineigenerweg.de\/index.php?rest_route=\/wp\/v2\/pages"}],"about":[{"href":"http:\/\/blog.meineigenerweg.de\/index.php?rest_route=\/wp\/v2\/types\/page"}],"author":[{"embeddable":true,"href":"http:\/\/blog.meineigenerweg.de\/index.php?rest_route=\/wp\/v2\/users\/1"}],"replies":[{"embeddable":true,"href":"http:\/\/blog.meineigenerweg.de\/index.php?rest_route=%2Fwp%2Fv2%2Fcomments&post=1555"}],"version-history":[{"count":29,"href":"http:\/\/blog.meineigenerweg.de\/index.php?rest_route=\/wp\/v2\/pages\/1555\/revisions"}],"predecessor-version":[{"id":5922,"href":"http:\/\/blog.meineigenerweg.de\/index.php?rest_route=\/wp\/v2\/pages\/1555\/revisions\/5922"}],"up":[{"embeddable":true,"href":"http:\/\/blog.meineigenerweg.de\/index.php?rest_route=\/wp\/v2\/pages\/1809"}],"wp:featuredmedia":[{"embeddable":true,"href":"http:\/\/blog.meineigenerweg.de\/index.php?rest_route=\/wp\/v2\/media\/1982"}],"wp:attachment":[{"href":"http:\/\/blog.meineigenerweg.de\/index.php?rest_route=%2Fwp%2Fv2%2Fmedia&parent=1555"}],"curies":[{"name":"wp","href":"https:\/\/api.w.org\/{rel}","templated":true}]}}