{"id":1520,"date":"2014-05-16T22:58:09","date_gmt":"2014-05-16T21:58:09","guid":{"rendered":"http:\/\/blog.meineigenerweg.de\/?page_id=1520"},"modified":"2019-03-28T21:24:12","modified_gmt":"2019-03-28T20:24:12","slug":"oberhausen-gasometer-der-schoene-schein","status":"publish","type":"page","link":"http:\/\/blog.meineigenerweg.de\/?page_id=1520","title":{"rendered":"Oberhausen &#8211; Gasometer &#8211; Der sch\u00f6ne Schein ****"},"content":{"rendered":"<p>15.05.2014<\/p>\n<p>Im <span style=\"color: #0000ff;\"><a href=\"http:\/\/de.wikipedia.org\/wiki\/Gasometer_Oberhausen\" target=\"_blank\" rel=\"noopener noreferrer\"><span style=\"color: #0000ff;\"><span style=\"text-decoration: underline;\">Gasometer<\/span><\/span><\/a><\/span> in Oberhausen gibt es\u00a0eine neue Ausstellung: <span style=\"color: #0000ff;\"><a href=\"http:\/\/www.gasometer.de\/de\/\" target=\"_blank\" rel=\"noopener noreferrer\"><span style=\"color: #0000ff;\"><span style=\"text-decoration: underline;\">&#8218;Der sch\u00f6ne Schein&#8216;<\/span><\/span><\/a><\/span>. Mich hat sie nicht besonders beeindruckt. Ich habe den roten Faden, der mich emotional durch die Ausstellung leitet, nicht gefunden. Obwohl ich mich der besonderen Stimmung des Ortes nicht entziehen konnte, es ist ein beinahe mystisches Gef\u00fchl sich im Innenraum des Gasbeh\u00e4lters zu bewegen.\u00a0Die Ausstellung zeigt\u00a0Skulpturen und eine gro\u00dfe Anzahl Fotos von ber\u00fchmten Kunstwerken. Die Fotos sind auf mehrere Quadratmeter gro\u00dfe\u00a0Platten gedruckt. Ich mag gro\u00dfe Bilder, aber Kunstwerke aus dem 17. Jahrhundert, die im Original 20 x 30 cm gro\u00df sind auf zwei Quadratmetern darzustellen, macht aus einem Bild ein Foto. Die Qualit\u00e4t der Fotos ist exzellent, aber f\u00fcr mich verliert das Kunstwerk an Emotionalit\u00e4t. Auch gefiel mir nicht gut, das die Fotos leicht gl\u00e4nzten und sich die Scheinwerfer teilweise in ihnen spiegelten. Trotz allem ist die Ausstellung sehenswert, weil es ein Erlebnis ist, sie im Gasometer zu sehen.<\/p>\n<p>Urspr\u00fcnglich wurde in diesem Beh\u00e4lter Gichtgas aus der Gutehoffnungsh\u00fctte gespeichert.<br \/>\n<a href=\"http:\/\/blog.meineigenerweg.de\/wp-content\/uploads\/2014\/05\/IMG_7512x.jpg\"><img loading=\"lazy\" decoding=\"async\" class=\"alignnone wp-image-1528 size-medium\" src=\"http:\/\/blog.meineigenerweg.de\/wp-content\/uploads\/2014\/05\/IMG_7512x-168x300.jpg\" alt=\"IMG_7512x\" width=\"168\" height=\"300\" srcset=\"http:\/\/blog.meineigenerweg.de\/wp-content\/uploads\/2014\/05\/IMG_7512x-168x300.jpg 168w, http:\/\/blog.meineigenerweg.de\/wp-content\/uploads\/2014\/05\/IMG_7512x-576x1024.jpg 576w, http:\/\/blog.meineigenerweg.de\/wp-content\/uploads\/2014\/05\/IMG_7512x.jpg 1000w\" sizes=\"auto, (max-width: 168px) 100vw, 168px\" \/><\/a><br \/>\nHeute ist es ein faszinierender Ausstellungsraum.<br \/>\n<a href=\"http:\/\/blog.meineigenerweg.de\/wp-content\/uploads\/2014\/05\/IMG_7514.jpg\"><img loading=\"lazy\" decoding=\"async\" class=\"alignnone wp-image-1529 size-large\" src=\"http:\/\/blog.meineigenerweg.de\/wp-content\/uploads\/2014\/05\/IMG_7514-1024x253.jpg\" alt=\"IMG_7514\" width=\"1024\" height=\"253\" srcset=\"http:\/\/blog.meineigenerweg.de\/wp-content\/uploads\/2014\/05\/IMG_7514-1024x253.jpg 1024w, http:\/\/blog.meineigenerweg.de\/wp-content\/uploads\/2014\/05\/IMG_7514-300x74.jpg 300w, http:\/\/blog.meineigenerweg.de\/wp-content\/uploads\/2014\/05\/IMG_7514.jpg 1920w\" sizes=\"auto, (max-width: 1024px) 100vw, 1024px\" \/><\/a><\/p>\n<p>Macht einen kleinen Rundgang mit mir. Ich habe eine paar Eindr\u00fccke festgehalten.<br \/>\n<a href=\"http:\/\/blog.meineigenerweg.de\/wp-content\/uploads\/2014\/05\/IMGP1662.jpg\"><img loading=\"lazy\" decoding=\"async\" class=\"alignnone size-medium wp-image-1531\" src=\"http:\/\/blog.meineigenerweg.de\/wp-content\/uploads\/2014\/05\/IMGP1662-300x283.jpg\" alt=\"IMGP1662\" width=\"300\" height=\"283\" srcset=\"http:\/\/blog.meineigenerweg.de\/wp-content\/uploads\/2014\/05\/IMGP1662-300x283.jpg 300w, http:\/\/blog.meineigenerweg.de\/wp-content\/uploads\/2014\/05\/IMGP1662.jpg 1000w\" sizes=\"auto, (max-width: 300px) 100vw, 300px\" \/><\/a><\/p>\n<p><a href=\"http:\/\/blog.meineigenerweg.de\/wp-content\/uploads\/2014\/05\/IMGP1667.jpg\"><img loading=\"lazy\" decoding=\"async\" class=\"alignnone size-medium wp-image-1532\" src=\"http:\/\/blog.meineigenerweg.de\/wp-content\/uploads\/2014\/05\/IMGP1667-300x256.jpg\" alt=\"IMGP1667\" width=\"300\" height=\"256\" srcset=\"http:\/\/blog.meineigenerweg.de\/wp-content\/uploads\/2014\/05\/IMGP1667-300x256.jpg 300w, http:\/\/blog.meineigenerweg.de\/wp-content\/uploads\/2014\/05\/IMGP1667.jpg 1000w\" sizes=\"auto, (max-width: 300px) 100vw, 300px\" \/><\/a><\/p>\n<p><a href=\"http:\/\/blog.meineigenerweg.de\/wp-content\/uploads\/2014\/05\/IMGP1664.jpg\"><img loading=\"lazy\" decoding=\"async\" class=\"alignnone size-medium wp-image-1533\" src=\"http:\/\/blog.meineigenerweg.de\/wp-content\/uploads\/2014\/05\/IMGP1664-300x281.jpg\" alt=\"IMGP1664\" width=\"300\" height=\"281\" srcset=\"http:\/\/blog.meineigenerweg.de\/wp-content\/uploads\/2014\/05\/IMGP1664-300x281.jpg 300w, http:\/\/blog.meineigenerweg.de\/wp-content\/uploads\/2014\/05\/IMGP1664.jpg 1000w\" sizes=\"auto, (max-width: 300px) 100vw, 300px\" \/><\/a><\/p>\n<p><a href=\"http:\/\/blog.meineigenerweg.de\/wp-content\/uploads\/2014\/05\/IMGP1668.jpg\"><img loading=\"lazy\" decoding=\"async\" class=\"alignnone size-medium wp-image-1534\" src=\"http:\/\/blog.meineigenerweg.de\/wp-content\/uploads\/2014\/05\/IMGP1668-300x275.jpg\" alt=\"IMGP1668\" width=\"300\" height=\"275\" srcset=\"http:\/\/blog.meineigenerweg.de\/wp-content\/uploads\/2014\/05\/IMGP1668-300x275.jpg 300w, http:\/\/blog.meineigenerweg.de\/wp-content\/uploads\/2014\/05\/IMGP1668.jpg 1000w\" sizes=\"auto, (max-width: 300px) 100vw, 300px\" \/><\/a><\/p>\n<p><a href=\"http:\/\/blog.meineigenerweg.de\/wp-content\/uploads\/2014\/05\/IMG_7487.jpg\"><img loading=\"lazy\" decoding=\"async\" class=\"alignnone size-medium wp-image-1536\" src=\"http:\/\/blog.meineigenerweg.de\/wp-content\/uploads\/2014\/05\/IMG_7487-300x284.jpg\" alt=\"IMG_7487\" width=\"300\" height=\"284\" srcset=\"http:\/\/blog.meineigenerweg.de\/wp-content\/uploads\/2014\/05\/IMG_7487-300x284.jpg 300w, http:\/\/blog.meineigenerweg.de\/wp-content\/uploads\/2014\/05\/IMG_7487.jpg 1000w\" sizes=\"auto, (max-width: 300px) 100vw, 300px\" \/><\/a><\/p>\n<p><a href=\"http:\/\/blog.meineigenerweg.de\/wp-content\/uploads\/2014\/05\/IMG_7493.jpg\"><img loading=\"lazy\" decoding=\"async\" class=\"alignnone size-medium wp-image-1537\" src=\"http:\/\/blog.meineigenerweg.de\/wp-content\/uploads\/2014\/05\/IMG_7493-300x257.jpg\" alt=\"IMG_7493\" width=\"300\" height=\"257\" srcset=\"http:\/\/blog.meineigenerweg.de\/wp-content\/uploads\/2014\/05\/IMG_7493-300x257.jpg 300w, http:\/\/blog.meineigenerweg.de\/wp-content\/uploads\/2014\/05\/IMG_7493.jpg 1000w\" sizes=\"auto, (max-width: 300px) 100vw, 300px\" \/><\/a><\/p>\n<p><a href=\"http:\/\/blog.meineigenerweg.de\/wp-content\/uploads\/2014\/05\/IMG_7497.jpg\"><img loading=\"lazy\" decoding=\"async\" class=\"alignnone size-medium wp-image-1539\" src=\"http:\/\/blog.meineigenerweg.de\/wp-content\/uploads\/2014\/05\/IMG_7497-300x273.jpg\" alt=\"IMG_7497\" width=\"300\" height=\"273\" srcset=\"http:\/\/blog.meineigenerweg.de\/wp-content\/uploads\/2014\/05\/IMG_7497-300x273.jpg 300w, http:\/\/blog.meineigenerweg.de\/wp-content\/uploads\/2014\/05\/IMG_7497.jpg 1000w\" sizes=\"auto, (max-width: 300px) 100vw, 300px\" \/><\/a><\/p>\n<p><a href=\"http:\/\/blog.meineigenerweg.de\/wp-content\/uploads\/2014\/05\/IMG_7499.jpg\"><img loading=\"lazy\" decoding=\"async\" class=\"alignnone size-medium wp-image-1540\" src=\"http:\/\/blog.meineigenerweg.de\/wp-content\/uploads\/2014\/05\/IMG_7499-300x276.jpg\" alt=\"IMG_7499\" width=\"300\" height=\"276\" srcset=\"http:\/\/blog.meineigenerweg.de\/wp-content\/uploads\/2014\/05\/IMG_7499-300x276.jpg 300w, http:\/\/blog.meineigenerweg.de\/wp-content\/uploads\/2014\/05\/IMG_7499.jpg 1000w\" sizes=\"auto, (max-width: 300px) 100vw, 300px\" \/><\/a><\/p>\n<p>In der Mitte der Ausstellung ist ein Bild unter die Decke montiert und auf dem Boden ein riesiger, blitzblank polierter Spiegel. So kann ich mir das Deckengem\u00e4lde anschauen, ohne einen steifen Nacken zu bekommen. Originell und\u00a0sehr beeindruckend.<br \/>\n<a href=\"http:\/\/blog.meineigenerweg.de\/wp-content\/uploads\/2014\/05\/IMG_7478.jpg\"><img loading=\"lazy\" decoding=\"async\" class=\"alignnone wp-image-1541 \" src=\"http:\/\/blog.meineigenerweg.de\/wp-content\/uploads\/2014\/05\/IMG_7478-98x300.jpg\" alt=\"IMG_7478\" width=\"144\" height=\"441\" \/><\/a><\/p>\n<p>Ab der dritten Etage bis zur Decke des Innenraums ist eine Lichtinstallation mit wechselnden Lichteffekten zu sehen.<br \/>\n<a href=\"http:\/\/blog.meineigenerweg.de\/wp-content\/uploads\/2014\/05\/IMGP1682x.jpg\"><img loading=\"lazy\" decoding=\"async\" class=\"alignnone size-medium wp-image-1545\" src=\"http:\/\/blog.meineigenerweg.de\/wp-content\/uploads\/2014\/05\/IMGP1682x-300x225.jpg\" alt=\"IMGP1682x\" width=\"300\" height=\"225\" srcset=\"http:\/\/blog.meineigenerweg.de\/wp-content\/uploads\/2014\/05\/IMGP1682x-300x225.jpg 300w, http:\/\/blog.meineigenerweg.de\/wp-content\/uploads\/2014\/05\/IMGP1682x.jpg 1000w\" sizes=\"auto, (max-width: 300px) 100vw, 300px\" \/><\/a><\/p>\n<p><em>Meine Wertung: <span style=\"color: #ff0000;\">****<\/span>* sehenswert (wegen des Gasometers)<\/em><br \/>\n<em><span class=\"kno-fv _Sy\">Arenastra\u00dfe 11<br \/>\n46047 Oberhausen<\/span><\/em><\/p>\n","protected":false},"excerpt":{"rendered":"<p>15.05.2014 Im Gasometer in Oberhausen gibt es\u00a0eine neue Ausstellung: &#8218;Der sch\u00f6ne Schein&#8216;. Mich hat sie nicht besonders beeindruckt. Ich habe den roten Faden, der mich emotional durch die Ausstellung leitet, nicht gefunden. Obwohl ich mich der besonderen Stimmung des Ortes nicht entziehen konnte, es ist ein beinahe mystisches Gef\u00fchl sich<\/p>\n","protected":false},"author":1,"featured_media":1554,"parent":1809,"menu_order":0,"comment_status":"closed","ping_status":"closed","template":"","meta":{"footnotes":""},"class_list":["post-1520","page","type-page","status-publish","has-post-thumbnail","hentry"],"_links":{"self":[{"href":"http:\/\/blog.meineigenerweg.de\/index.php?rest_route=\/wp\/v2\/pages\/1520","targetHints":{"allow":["GET"]}}],"collection":[{"href":"http:\/\/blog.meineigenerweg.de\/index.php?rest_route=\/wp\/v2\/pages"}],"about":[{"href":"http:\/\/blog.meineigenerweg.de\/index.php?rest_route=\/wp\/v2\/types\/page"}],"author":[{"embeddable":true,"href":"http:\/\/blog.meineigenerweg.de\/index.php?rest_route=\/wp\/v2\/users\/1"}],"replies":[{"embeddable":true,"href":"http:\/\/blog.meineigenerweg.de\/index.php?rest_route=%2Fwp%2Fv2%2Fcomments&post=1520"}],"version-history":[{"count":19,"href":"http:\/\/blog.meineigenerweg.de\/index.php?rest_route=\/wp\/v2\/pages\/1520\/revisions"}],"predecessor-version":[{"id":5904,"href":"http:\/\/blog.meineigenerweg.de\/index.php?rest_route=\/wp\/v2\/pages\/1520\/revisions\/5904"}],"up":[{"embeddable":true,"href":"http:\/\/blog.meineigenerweg.de\/index.php?rest_route=\/wp\/v2\/pages\/1809"}],"wp:featuredmedia":[{"embeddable":true,"href":"http:\/\/blog.meineigenerweg.de\/index.php?rest_route=\/wp\/v2\/media\/1554"}],"wp:attachment":[{"href":"http:\/\/blog.meineigenerweg.de\/index.php?rest_route=%2Fwp%2Fv2%2Fmedia&parent=1520"}],"curies":[{"name":"wp","href":"https:\/\/api.w.org\/{rel}","templated":true}]}}