{"id":148,"date":"2014-01-14T22:43:28","date_gmt":"2014-01-14T21:43:28","guid":{"rendered":"http:\/\/blog.meineigenerweg.de\/?page_id=148"},"modified":"2019-03-28T20:54:24","modified_gmt":"2019-03-28T19:54:24","slug":"weissmies-4000","status":"publish","type":"page","link":"http:\/\/blog.meineigenerweg.de\/?page_id=148","title":{"rendered":"Weissmies 4023 mtr"},"content":{"rendered":"<p>Einer der &#8222;leichtesten&#8220; Viertausender in Europa ist der Weissmies in den Wallieser Alpen in der Schweiz, in der N\u00e4he von Saas-Grund.<\/p>\n<p>Wir habe daraus eine 4-Tages-Tour im Juli gemacht, mit meinem Sohn, meinem Schwager und seinem Sohn:<br \/>\n&#8211; Anreise nach Saas-Grund mit dem Auto, \u00dcbernachtung im Hotel<br \/>\n&#8211; Seilbahn\/Aufstieg auf 3142 mtr, \u00dcbernachtung in der Hohsaas-H\u00fctte<br \/>\n&#8211; Gipfelbesteigung 4023 mtr, Abstieg, Seilbahn ins Tal, \u00dcbernachtung im Hotel<br \/>\n&#8211; R\u00fcckfahrt mit dem Auto<\/p>\n<p>Hotel und H\u00fctte und besonders den Bergf\u00fchrer haben wir im Voraus \u00fcber das Internet gebucht. Obwohl wir alle recht sportlich sind (die &#8222;Jungs&#8220; sowieso, mein Schwager klettert viel und ich laufe meistens 2 mal 10 km in der Woche), war es f\u00fcr uns keine leichte Tour. Die Luft in 4000 mtr H\u00f6he ist schon merklich d\u00fcnner und die sonst gef\u00fchlte Kondition l\u00e4sst sp\u00fcrbar nach.<\/p>\n<p>Die Anreise mit dem Auto war problemlos, wir sind unter der Woche gefahren, da gab es auch keine Staus. Direkt nachdem wir die Schweizer Grenze passiert habe, sagte ich zu meinem Schwager, der gerade hinter dem Lenkrad sa\u00df: &#8222;Pass auf, die Schweizer blitzen immer und \u00fcberall und es wird echt teuer&#8220;. *BLITZ* &#8230; erlaubt waren 80, gefahren sind wir 81, bezahlen mussten wir 40 Euro. Also Vorsicht, nach dem Grenz\u00fcbergang bei Basel sind die Tunnel voller Blitzer.<\/p>\n<p>Wir haben in Saas-Grund \u00fcbernachtet und sind am n\u00e4chsten Morgen mit der Hohsaas-Bergbahn, die bis auf 3142 mtr hinauf f\u00fchrt, bis zur Mittelstation auf 2000 mtr gefahren.<\/p>\n<p><a href=\"http:\/\/blog.meineigenerweg.de\/wp-content\/uploads\/2014\/01\/Saas-Grund.jpg\"><img loading=\"lazy\" decoding=\"async\" class=\"alignnone size-medium wp-image-304\" src=\"http:\/\/blog.meineigenerweg.de\/wp-content\/uploads\/2014\/01\/Saas-Grund-300x200.jpg\" alt=\"Saas-Grund\" width=\"300\" height=\"200\" srcset=\"http:\/\/blog.meineigenerweg.de\/wp-content\/uploads\/2014\/01\/Saas-Grund-300x200.jpg 300w, http:\/\/blog.meineigenerweg.de\/wp-content\/uploads\/2014\/01\/Saas-Grund.jpg 1000w\" sizes=\"auto, (max-width: 300px) 100vw, 300px\" \/><\/a><\/p>\n<p>An der Mittelstation sind wir ausgestiegen, um die letzten 1000 H\u00f6henmeter zu Fu\u00df zu laufen. Zur Eingew\u00f6hnung ans Laufen und zur Akklimatisierung an die H\u00f6he. Unsere Rucks\u00e4cke konnten wir in der Seilbahn lassen, die wurden netterweise an der Bergstation herausgenommen und wir konnten sie uns dort wieder abholen, so war der Aufstieg ein wenig einfacher. 1000 H\u00f6henmeter Aufstieg bei gutem Wetter und Sonnenschein erschienen uns nicht wirklich viel. So die Theorie &#8230; leider bekamen wir auf 2500 mtr H\u00f6he jede Menge Wolken und die Sicht wurde immer schlechter.<\/p>\n<p><a href=\"http:\/\/blog.meineigenerweg.de\/wp-content\/uploads\/2014\/01\/Weissmies_Huette.jpg\"><img loading=\"lazy\" decoding=\"async\" class=\"alignnone size-medium wp-image-377\" src=\"http:\/\/blog.meineigenerweg.de\/wp-content\/uploads\/2014\/01\/Weissmies_Huette-300x225.jpg\" alt=\"D:DCIM100DICAMDSCI0010.JPG\" width=\"300\" height=\"225\" srcset=\"http:\/\/blog.meineigenerweg.de\/wp-content\/uploads\/2014\/01\/Weissmies_Huette-300x225.jpg 300w, http:\/\/blog.meineigenerweg.de\/wp-content\/uploads\/2014\/01\/Weissmies_Huette.jpg 1000w\" sizes=\"auto, (max-width: 300px) 100vw, 300px\" \/><\/a><\/p>\n<p>Auf 2726 mtr H\u00f6he konnten wir die Weissmies-H\u00fctte noch in der Ferne sehen. Dann begannen die gro\u00dfen Schneefelder und von der rot-wei\u00dfen Wegemarkierung war nichts mehr zu sehen. Ein Wandernavi w\u00e4re gut gewesen.<\/p>\n<p><a href=\"http:\/\/blog.meineigenerweg.de\/wp-content\/uploads\/2014\/01\/Weissmies-02.jpg\"><img loading=\"lazy\" decoding=\"async\" class=\"alignnone size-medium wp-image-310\" src=\"http:\/\/blog.meineigenerweg.de\/wp-content\/uploads\/2014\/01\/Weissmies-02-300x225.jpg\" alt=\"D:DCIM100DICAMDSCI0018.JPG\" width=\"300\" height=\"225\" srcset=\"http:\/\/blog.meineigenerweg.de\/wp-content\/uploads\/2014\/01\/Weissmies-02-300x225.jpg 300w, http:\/\/blog.meineigenerweg.de\/wp-content\/uploads\/2014\/01\/Weissmies-02.jpg 1000w\" sizes=\"auto, (max-width: 300px) 100vw, 300px\" \/><\/a><\/p>\n<p>Zu guter Letzt haben wir uns an den Ger\u00e4uschen der Seilbahn orientiert, sind quer \u00fcber Schneefelder gelaufen und haben die Hohsaas-H\u00fctte gefunden.<\/p>\n<p><a href=\"http:\/\/blog.meineigenerweg.de\/wp-content\/uploads\/2014\/01\/Weissmies-03.jpg\"><img loading=\"lazy\" decoding=\"async\" class=\"alignnone size-medium wp-image-313\" src=\"http:\/\/blog.meineigenerweg.de\/wp-content\/uploads\/2014\/01\/Weissmies-03-300x200.jpg\" alt=\"Weissmies 03\" width=\"300\" height=\"200\" srcset=\"http:\/\/blog.meineigenerweg.de\/wp-content\/uploads\/2014\/01\/Weissmies-03-300x200.jpg 300w, http:\/\/blog.meineigenerweg.de\/wp-content\/uploads\/2014\/01\/Weissmies-03.jpg 1000w\" sizes=\"auto, (max-width: 300px) 100vw, 300px\" \/><\/a><\/p>\n<p>Es ist nun wirklich keine romantische Bergh\u00fctte, ehr ein modernen Kantinenbetrieb. Unser Bergf\u00fchrer wartete schon auf uns. Wir haben zusammen gegessen und dann den Abend mit Geschichten erz\u00e4hlen und Karten spielen verbracht. Um neun Uhr sind wir schon ins Bett gegangen, wir waren m\u00fcde und auf der H\u00fctte kehrte bereits Ruhe ein. Ich habe unruhig geschlafen und mich mit leichten Kopfschmerzen im Bett herumgew\u00e4lzt, ob das an der d\u00fcnnen Luft gelegen hat? Um f\u00fcnf Uhr ging es los, ein schnelles Fr\u00fchst\u00fcck und dann ab in den grauen, diesigen Morgen.<\/p>\n<p><a href=\"http:\/\/blog.meineigenerweg.de\/wp-content\/uploads\/2014\/01\/Weissmies-04.jpg\"><img loading=\"lazy\" decoding=\"async\" class=\"alignnone size-medium wp-image-316\" src=\"http:\/\/blog.meineigenerweg.de\/wp-content\/uploads\/2014\/01\/Weissmies-04-300x200.jpg\" alt=\"Weissmies 04\" width=\"300\" height=\"200\" srcset=\"http:\/\/blog.meineigenerweg.de\/wp-content\/uploads\/2014\/01\/Weissmies-04-300x200.jpg 300w, http:\/\/blog.meineigenerweg.de\/wp-content\/uploads\/2014\/01\/Weissmies-04.jpg 1000w\" sizes=\"auto, (max-width: 300px) 100vw, 300px\" \/><\/a><\/p>\n<p>Zuerst zeigte uns unser Bergf\u00fchrer wie wir die Steigeisen an unseren Schuhen befestigen und wie wir sicher damit laufen. Dann banden wir uns in eine Seilschaft ein. Wenn einer abst\u00fcrzt halten ihn die anderen oder alle st\u00fcrzen ab. Spannend! Aber wir sind alle optimistisch.<\/p>\n<p><a href=\"http:\/\/blog.meineigenerweg.de\/wp-content\/uploads\/2014\/01\/Weissmies-05.jpg\"><img loading=\"lazy\" decoding=\"async\" class=\"alignnone size-medium wp-image-317\" src=\"http:\/\/blog.meineigenerweg.de\/wp-content\/uploads\/2014\/01\/Weissmies-05-300x200.jpg\" alt=\"Weissmies 05\" width=\"300\" height=\"200\" srcset=\"http:\/\/blog.meineigenerweg.de\/wp-content\/uploads\/2014\/01\/Weissmies-05-300x200.jpg 300w, http:\/\/blog.meineigenerweg.de\/wp-content\/uploads\/2014\/01\/Weissmies-05.jpg 1000w\" sizes=\"auto, (max-width: 300px) 100vw, 300px\" \/><\/a><\/p>\n<p>Eine Brotzeit an einer Stelle, an der es 500 mtr bergab geht hat einen gewissen Reiz. Ups, blo\u00df das Brot nicht verlieren.<br \/>\nUnd auf jeden Fall jede Menge zu Trinken mitnehmen, zwei Liter pro Person sind schnell aufgebraucht.<\/p>\n<p><a href=\"http:\/\/blog.meineigenerweg.de\/wp-content\/uploads\/2014\/01\/Weissmies-06.jpg\"><img loading=\"lazy\" decoding=\"async\" class=\"alignnone size-medium wp-image-318\" src=\"http:\/\/blog.meineigenerweg.de\/wp-content\/uploads\/2014\/01\/Weissmies-06-300x200.jpg\" alt=\"Weissmies 06\" width=\"300\" height=\"200\" srcset=\"http:\/\/blog.meineigenerweg.de\/wp-content\/uploads\/2014\/01\/Weissmies-06-300x200.jpg 300w, http:\/\/blog.meineigenerweg.de\/wp-content\/uploads\/2014\/01\/Weissmies-06.jpg 1000w\" sizes=\"auto, (max-width: 300px) 100vw, 300px\" \/><\/a><\/p>\n<p>Unser Weg war ges\u00e4umt von gef\u00e4hrlichen Gletscherspalten.<\/p>\n<p><a href=\"http:\/\/blog.meineigenerweg.de\/wp-content\/uploads\/2014\/01\/Weissmies-07.jpg\"><img loading=\"lazy\" decoding=\"async\" class=\"alignnone size-medium wp-image-319\" src=\"http:\/\/blog.meineigenerweg.de\/wp-content\/uploads\/2014\/01\/Weissmies-07-300x200.jpg\" alt=\"Weissmies 07\" width=\"300\" height=\"200\" srcset=\"http:\/\/blog.meineigenerweg.de\/wp-content\/uploads\/2014\/01\/Weissmies-07-300x200.jpg 300w, http:\/\/blog.meineigenerweg.de\/wp-content\/uploads\/2014\/01\/Weissmies-07.jpg 1000w\" sizes=\"auto, (max-width: 300px) 100vw, 300px\" \/><\/a><\/p>\n<p>Von oben sah der Weg, den wir heraufgekommen sind, sehr spannend aus.<\/p>\n<p><a href=\"http:\/\/blog.meineigenerweg.de\/wp-content\/uploads\/2014\/01\/Weissmies-08.jpg\"><img loading=\"lazy\" decoding=\"async\" class=\"alignnone size-medium wp-image-320\" src=\"http:\/\/blog.meineigenerweg.de\/wp-content\/uploads\/2014\/01\/Weissmies-08-300x200.jpg\" alt=\"Weissmies 08\" width=\"300\" height=\"200\" srcset=\"http:\/\/blog.meineigenerweg.de\/wp-content\/uploads\/2014\/01\/Weissmies-08-300x200.jpg 300w, http:\/\/blog.meineigenerweg.de\/wp-content\/uploads\/2014\/01\/Weissmies-08.jpg 1000w\" sizes=\"auto, (max-width: 300px) 100vw, 300px\" \/><\/a><\/p>\n<p>Da waren es nur noch ein paar Meter bis zum\u00a0Gipfel.<\/p>\n<p><a href=\"http:\/\/blog.meineigenerweg.de\/wp-content\/uploads\/2014\/01\/Weissmies-10.jpg\"><img loading=\"lazy\" decoding=\"async\" class=\"alignnone size-medium wp-image-324\" src=\"http:\/\/blog.meineigenerweg.de\/wp-content\/uploads\/2014\/01\/Weissmies-10-300x200.jpg\" alt=\"Weissmies 10\" width=\"300\" height=\"200\" srcset=\"http:\/\/blog.meineigenerweg.de\/wp-content\/uploads\/2014\/01\/Weissmies-10-300x200.jpg 300w, http:\/\/blog.meineigenerweg.de\/wp-content\/uploads\/2014\/01\/Weissmies-10.jpg 1000w\" sizes=\"auto, (max-width: 300px) 100vw, 300px\" \/><\/a><\/p>\n<p>on the top<\/p>\n<p><a href=\"http:\/\/blog.meineigenerweg.de\/wp-content\/uploads\/2014\/01\/11-Weissmies.jpg\"><img loading=\"lazy\" decoding=\"async\" class=\"alignnone size-medium wp-image-354\" src=\"http:\/\/blog.meineigenerweg.de\/wp-content\/uploads\/2014\/01\/11-Weissmies-300x225.jpg\" alt=\"D:DCIM100DICAMDSCI0027.JPG\" width=\"300\" height=\"225\" srcset=\"http:\/\/blog.meineigenerweg.de\/wp-content\/uploads\/2014\/01\/11-Weissmies-300x225.jpg 300w, http:\/\/blog.meineigenerweg.de\/wp-content\/uploads\/2014\/01\/11-Weissmies.jpg 1000w\" sizes=\"auto, (max-width: 300px) 100vw, 300px\" \/><\/a><\/p>\n<p>Der Abstieg war schlimmer als der Aufstieg, die Kr\u00e4fte haben uns verlassen. Bei jedem Schritt sackten wir bis zu den Knien im matschigen Schnee ein.\u00a0Sowie man ein Bein zum n\u00e4chsten Schritt hob, drohte man zur anderen Seite\u00a0umzukippen. Erst am sp\u00e4ten Nachmittag erreichten wir wieder die H\u00fctte und fuhren dann mit der Seilbahn\u00a0wieder ins Tal nach Saas-Grund.<br \/>\nDer\u00a0Tag endete in einer wilden Siegesfeier bei einem Italiener mit Pizza und Rotwein. Aber um neun lagen wir alle ersch\u00f6pft im Bett.<\/p>\n","protected":false},"excerpt":{"rendered":"<p>Einer der &#8222;leichtesten&#8220; Viertausender in Europa ist der Weissmies in den Wallieser Alpen in der Schweiz, in der N\u00e4he von Saas-Grund. Wir habe daraus eine 4-Tages-Tour im Juli gemacht, mit meinem Sohn, meinem Schwager und seinem Sohn: &#8211; Anreise nach Saas-Grund mit dem Auto, \u00dcbernachtung im Hotel &#8211; Seilbahn\/Aufstieg auf<\/p>\n","protected":false},"author":1,"featured_media":374,"parent":146,"menu_order":0,"comment_status":"closed","ping_status":"closed","template":"","meta":{"footnotes":""},"class_list":["post-148","page","type-page","status-publish","has-post-thumbnail","hentry"],"_links":{"self":[{"href":"http:\/\/blog.meineigenerweg.de\/index.php?rest_route=\/wp\/v2\/pages\/148","targetHints":{"allow":["GET"]}}],"collection":[{"href":"http:\/\/blog.meineigenerweg.de\/index.php?rest_route=\/wp\/v2\/pages"}],"about":[{"href":"http:\/\/blog.meineigenerweg.de\/index.php?rest_route=\/wp\/v2\/types\/page"}],"author":[{"embeddable":true,"href":"http:\/\/blog.meineigenerweg.de\/index.php?rest_route=\/wp\/v2\/users\/1"}],"replies":[{"embeddable":true,"href":"http:\/\/blog.meineigenerweg.de\/index.php?rest_route=%2Fwp%2Fv2%2Fcomments&post=148"}],"version-history":[{"count":59,"href":"http:\/\/blog.meineigenerweg.de\/index.php?rest_route=\/wp\/v2\/pages\/148\/revisions"}],"predecessor-version":[{"id":2973,"href":"http:\/\/blog.meineigenerweg.de\/index.php?rest_route=\/wp\/v2\/pages\/148\/revisions\/2973"}],"up":[{"embeddable":true,"href":"http:\/\/blog.meineigenerweg.de\/index.php?rest_route=\/wp\/v2\/pages\/146"}],"wp:featuredmedia":[{"embeddable":true,"href":"http:\/\/blog.meineigenerweg.de\/index.php?rest_route=\/wp\/v2\/media\/374"}],"wp:attachment":[{"href":"http:\/\/blog.meineigenerweg.de\/index.php?rest_route=%2Fwp%2Fv2%2Fmedia&parent=148"}],"curies":[{"name":"wp","href":"https:\/\/api.w.org\/{rel}","templated":true}]}}