{"id":1455,"date":"2014-05-06T16:38:47","date_gmt":"2014-05-06T15:38:47","guid":{"rendered":"http:\/\/blog.meineigenerweg.de\/?page_id=1455"},"modified":"2019-03-28T20:39:43","modified_gmt":"2019-03-28T19:39:43","slug":"bottrop-tetraeder","status":"publish","type":"page","link":"http:\/\/blog.meineigenerweg.de\/?page_id=1455","title":{"rendered":"Bottrop &#8211; Tetraeder ****"},"content":{"rendered":"<p>06.05.2014<\/p>\n<p>CH4 sagt doch jedem etwas &#8211; oder?<br \/>\n<a href=\"http:\/\/blog.meineigenerweg.de\/wp-content\/uploads\/2014\/05\/ch41.jpg\"><img loading=\"lazy\" decoding=\"async\" class=\"alignnone wp-image-1636\" src=\"http:\/\/blog.meineigenerweg.de\/wp-content\/uploads\/2014\/05\/ch41.jpg\" alt=\"ch4\" width=\"72\" height=\"84\" \/><\/a><br \/>\nO.k. in der Schule nicht aufgepasst, es ist das chemische Zeichen f\u00fcr Methan. Der Bergmann unter Tage hat es schlicht Grubengas genannt und es nicht sehr gemocht, weil es sehr leicht explodiert.\u00a0Was liegt da n\u00e4her, als in Bottrop auf einer Halde die Landmarke &#8222;Emscherblick&#8220;\u00a0in Form von CH4 zu errichten?<\/p>\n<p>Nach\u00a0zwanzig Minuten bin ich \u00fcber einen Waldweg, der sich vom Parkplatz aus mit viele\u00a0Serpentinen\u00a0die Halde hinaufschl\u00e4ngelt, am Tetraeder angekommen.<br \/>\nEigentlich keine Frage, welche Bank ich zu einer Brotzeit bevorzugen w\u00fcrde (wer denkt sich so etwas H\u00e4ssliches aus, das am Po dann auch noch kalt ist).<br \/>\n<a href=\"http:\/\/blog.meineigenerweg.de\/wp-content\/uploads\/2014\/05\/Bottrop_Tetraeder_14_05_006.jpg\"><img loading=\"lazy\" decoding=\"async\" class=\"alignnone size-medium wp-image-1638\" src=\"http:\/\/blog.meineigenerweg.de\/wp-content\/uploads\/2014\/05\/Bottrop_Tetraeder_14_05_006-300x200.jpg\" alt=\"Bottrop_Tetraeder_14_05_006\" width=\"300\" height=\"200\" srcset=\"http:\/\/blog.meineigenerweg.de\/wp-content\/uploads\/2014\/05\/Bottrop_Tetraeder_14_05_006-300x200.jpg 300w, http:\/\/blog.meineigenerweg.de\/wp-content\/uploads\/2014\/05\/Bottrop_Tetraeder_14_05_006.jpg 1000w\" sizes=\"auto, (max-width: 300px) 100vw, 300px\" \/><\/a>\u00a0<a href=\"http:\/\/blog.meineigenerweg.de\/wp-content\/uploads\/2014\/05\/Bottrop_Tetraeder_14_05_007x.jpg\"><img loading=\"lazy\" decoding=\"async\" class=\"alignnone size-medium wp-image-1640\" src=\"http:\/\/blog.meineigenerweg.de\/wp-content\/uploads\/2014\/05\/Bottrop_Tetraeder_14_05_007x-300x200.jpg\" alt=\"Bottrop_Tetraeder_14_05_007x\" width=\"300\" height=\"200\" srcset=\"http:\/\/blog.meineigenerweg.de\/wp-content\/uploads\/2014\/05\/Bottrop_Tetraeder_14_05_007x-300x200.jpg 300w, http:\/\/blog.meineigenerweg.de\/wp-content\/uploads\/2014\/05\/Bottrop_Tetraeder_14_05_007x.jpg 1000w\" sizes=\"auto, (max-width: 300px) 100vw, 300px\" \/><\/a><\/p>\n<p>Der Weg lohnt sich, das Tetraeder sieht beeindruckend aus.<br \/>\n<a href=\"http:\/\/blog.meineigenerweg.de\/wp-content\/uploads\/2014\/05\/Bottrop_Tetraeder_14_05_129x.jpg\"><img loading=\"lazy\" decoding=\"async\" class=\"alignnone size-medium wp-image-1661\" src=\"http:\/\/blog.meineigenerweg.de\/wp-content\/uploads\/2014\/05\/Bottrop_Tetraeder_14_05_129x-300x200.jpg\" alt=\"Bottrop_Tetraeder_14_05_129x\" width=\"300\" height=\"200\" srcset=\"http:\/\/blog.meineigenerweg.de\/wp-content\/uploads\/2014\/05\/Bottrop_Tetraeder_14_05_129x-300x200.jpg 300w, http:\/\/blog.meineigenerweg.de\/wp-content\/uploads\/2014\/05\/Bottrop_Tetraeder_14_05_129x.jpg 999w\" sizes=\"auto, (max-width: 300px) 100vw, 300px\" \/><\/a><br \/>\nWenn du von unten hoch schaust, siehst du, das die B\u00f6den der Plattformen aus Metallgittern\u00a0bestehen und du hindurchschauen kannst.<br \/>\n<a href=\"http:\/\/blog.meineigenerweg.de\/wp-content\/uploads\/2014\/05\/Bottrop_Tetraeder_14_05_117x.jpg\"><img loading=\"lazy\" decoding=\"async\" class=\"alignnone size-medium wp-image-1649\" src=\"http:\/\/blog.meineigenerweg.de\/wp-content\/uploads\/2014\/05\/Bottrop_Tetraeder_14_05_117x-300x201.jpg\" alt=\"Bottrop_Tetraeder_14_05_117x\" width=\"300\" height=\"201\" srcset=\"http:\/\/blog.meineigenerweg.de\/wp-content\/uploads\/2014\/05\/Bottrop_Tetraeder_14_05_117x-300x201.jpg 300w, http:\/\/blog.meineigenerweg.de\/wp-content\/uploads\/2014\/05\/Bottrop_Tetraeder_14_05_117x.jpg 1000w\" sizes=\"auto, (max-width: 300px) 100vw, 300px\" \/><\/a><br \/>\nDu musst also schwindelfrei sein, wenn du\u00a0die Treppen hochsteigst.<br \/>\n<a href=\"http:\/\/blog.meineigenerweg.de\/wp-content\/uploads\/2014\/05\/Bottrop_Tetraeder_14_05_097x.jpg\"><img loading=\"lazy\" decoding=\"async\" class=\"alignnone size-medium wp-image-1650\" src=\"http:\/\/blog.meineigenerweg.de\/wp-content\/uploads\/2014\/05\/Bottrop_Tetraeder_14_05_097x-300x201.jpg\" alt=\"Bottrop_Tetraeder_14_05_097x\" width=\"300\" height=\"201\" srcset=\"http:\/\/blog.meineigenerweg.de\/wp-content\/uploads\/2014\/05\/Bottrop_Tetraeder_14_05_097x-300x201.jpg 300w, http:\/\/blog.meineigenerweg.de\/wp-content\/uploads\/2014\/05\/Bottrop_Tetraeder_14_05_097x.jpg 1000w\" sizes=\"auto, (max-width: 300px) 100vw, 300px\" \/><\/a><br \/>\nDer Blick \u00fcber die Schulter hat mich begeistert.<br \/>\n<a href=\"http:\/\/blog.meineigenerweg.de\/wp-content\/uploads\/2014\/05\/Bottrop_Tetraeder_14_05_079.jpg\"><img loading=\"lazy\" decoding=\"async\" class=\"alignnone size-medium wp-image-1645\" src=\"http:\/\/blog.meineigenerweg.de\/wp-content\/uploads\/2014\/05\/Bottrop_Tetraeder_14_05_079-300x201.jpg\" alt=\"Bottrop_Tetraeder_14_05_079\" width=\"300\" height=\"201\" srcset=\"http:\/\/blog.meineigenerweg.de\/wp-content\/uploads\/2014\/05\/Bottrop_Tetraeder_14_05_079-300x201.jpg 300w, http:\/\/blog.meineigenerweg.de\/wp-content\/uploads\/2014\/05\/Bottrop_Tetraeder_14_05_079.jpg 1000w\" sizes=\"auto, (max-width: 300px) 100vw, 300px\" \/><\/a><br \/>\nDie letzten Meter zur oberen Plattform f\u00fchren \u00fcber eine frei h\u00e4ngende Wendeltreppe.<br \/>\n<a href=\"http:\/\/blog.meineigenerweg.de\/wp-content\/uploads\/2014\/05\/Bottrop_Tetraeder_14_05_027.jpg\"><img loading=\"lazy\" decoding=\"async\" class=\"alignnone size-medium wp-image-1654\" src=\"http:\/\/blog.meineigenerweg.de\/wp-content\/uploads\/2014\/05\/Bottrop_Tetraeder_14_05_027-300x201.jpg\" alt=\"Bottrop_Tetraeder_14_05_027\" width=\"300\" height=\"201\" srcset=\"http:\/\/blog.meineigenerweg.de\/wp-content\/uploads\/2014\/05\/Bottrop_Tetraeder_14_05_027-300x201.jpg 300w, http:\/\/blog.meineigenerweg.de\/wp-content\/uploads\/2014\/05\/Bottrop_Tetraeder_14_05_027.jpg 1000w\" sizes=\"auto, (max-width: 300px) 100vw, 300px\" \/><\/a><br \/>\nDurch die Gitterplatten kannst du 38 Meter in die Tiefe schauen.<br \/>\n<a href=\"http:\/\/blog.meineigenerweg.de\/wp-content\/uploads\/2014\/05\/Bottrop_Tetraeder_14_05_055.jpg\"><img loading=\"lazy\" decoding=\"async\" class=\"alignnone size-medium wp-image-1652\" src=\"http:\/\/blog.meineigenerweg.de\/wp-content\/uploads\/2014\/05\/Bottrop_Tetraeder_14_05_055-300x201.jpg\" alt=\"Bottrop_Tetraeder_14_05_055\" width=\"300\" height=\"201\" srcset=\"http:\/\/blog.meineigenerweg.de\/wp-content\/uploads\/2014\/05\/Bottrop_Tetraeder_14_05_055-300x201.jpg 300w, http:\/\/blog.meineigenerweg.de\/wp-content\/uploads\/2014\/05\/Bottrop_Tetraeder_14_05_055.jpg 1000w\" sizes=\"auto, (max-width: 300px) 100vw, 300px\" \/><\/a><br \/>\nDie Aussicht ist atemberaubend, sowohl auf das d\u00f6rfliche, gr\u00fcne Ruhrgebiet,<br \/>\n<a href=\"http:\/\/blog.meineigenerweg.de\/wp-content\/uploads\/2014\/05\/Bottrop_Tetraeder_14_05_043.jpg\"><img loading=\"lazy\" decoding=\"async\" class=\"alignnone size-medium wp-image-1657\" src=\"http:\/\/blog.meineigenerweg.de\/wp-content\/uploads\/2014\/05\/Bottrop_Tetraeder_14_05_043-300x201.jpg\" alt=\"Bottrop_Tetraeder_14_05_043\" width=\"300\" height=\"201\" srcset=\"http:\/\/blog.meineigenerweg.de\/wp-content\/uploads\/2014\/05\/Bottrop_Tetraeder_14_05_043-300x201.jpg 300w, http:\/\/blog.meineigenerweg.de\/wp-content\/uploads\/2014\/05\/Bottrop_Tetraeder_14_05_043.jpg 1000w\" sizes=\"auto, (max-width: 300px) 100vw, 300px\" \/><\/a><br \/>\nals auch auf das industrielle.<br \/>\n<a href=\"http:\/\/blog.meineigenerweg.de\/wp-content\/uploads\/2014\/05\/Bottrop_Tetraeder_14_05_044.jpg\"><img loading=\"lazy\" decoding=\"async\" class=\"alignnone size-medium wp-image-1658\" src=\"http:\/\/blog.meineigenerweg.de\/wp-content\/uploads\/2014\/05\/Bottrop_Tetraeder_14_05_044-300x201.jpg\" alt=\"Bottrop_Tetraeder_14_05_044\" width=\"300\" height=\"201\" srcset=\"http:\/\/blog.meineigenerweg.de\/wp-content\/uploads\/2014\/05\/Bottrop_Tetraeder_14_05_044-300x201.jpg 300w, http:\/\/blog.meineigenerweg.de\/wp-content\/uploads\/2014\/05\/Bottrop_Tetraeder_14_05_044.jpg 1000w\" sizes=\"auto, (max-width: 300px) 100vw, 300px\" \/><\/a><\/p>\n<p><em>Meine Wertung: <span style=\"color: #ff0000;\">****<\/span>* sehenswert<\/em><br \/>\n<em> Parkplatz Beckstra\u00dfe<\/em><br \/>\n<em> Bottrop<\/em><\/p>\n","protected":false},"excerpt":{"rendered":"<p>06.05.2014 CH4 sagt doch jedem etwas &#8211; oder? O.k. in der Schule nicht aufgepasst, es ist das chemische Zeichen f\u00fcr Methan. Der Bergmann unter Tage hat es schlicht Grubengas genannt und es nicht sehr gemocht, weil es sehr leicht explodiert.\u00a0Was liegt da n\u00e4her, als in Bottrop auf einer Halde die<\/p>\n","protected":false},"author":1,"featured_media":1667,"parent":1809,"menu_order":0,"comment_status":"closed","ping_status":"closed","template":"","meta":{"footnotes":""},"class_list":["post-1455","page","type-page","status-publish","has-post-thumbnail","hentry"],"_links":{"self":[{"href":"http:\/\/blog.meineigenerweg.de\/index.php?rest_route=\/wp\/v2\/pages\/1455","targetHints":{"allow":["GET"]}}],"collection":[{"href":"http:\/\/blog.meineigenerweg.de\/index.php?rest_route=\/wp\/v2\/pages"}],"about":[{"href":"http:\/\/blog.meineigenerweg.de\/index.php?rest_route=\/wp\/v2\/types\/page"}],"author":[{"embeddable":true,"href":"http:\/\/blog.meineigenerweg.de\/index.php?rest_route=\/wp\/v2\/users\/1"}],"replies":[{"embeddable":true,"href":"http:\/\/blog.meineigenerweg.de\/index.php?rest_route=%2Fwp%2Fv2%2Fcomments&post=1455"}],"version-history":[{"count":15,"href":"http:\/\/blog.meineigenerweg.de\/index.php?rest_route=\/wp\/v2\/pages\/1455\/revisions"}],"predecessor-version":[{"id":1666,"href":"http:\/\/blog.meineigenerweg.de\/index.php?rest_route=\/wp\/v2\/pages\/1455\/revisions\/1666"}],"up":[{"embeddable":true,"href":"http:\/\/blog.meineigenerweg.de\/index.php?rest_route=\/wp\/v2\/pages\/1809"}],"wp:featuredmedia":[{"embeddable":true,"href":"http:\/\/blog.meineigenerweg.de\/index.php?rest_route=\/wp\/v2\/media\/1667"}],"wp:attachment":[{"href":"http:\/\/blog.meineigenerweg.de\/index.php?rest_route=%2Fwp%2Fv2%2Fmedia&parent=1455"}],"curies":[{"name":"wp","href":"https:\/\/api.w.org\/{rel}","templated":true}]}}