{"id":1362,"date":"2014-04-24T08:31:12","date_gmt":"2014-04-24T07:31:12","guid":{"rendered":"http:\/\/blog.meineigenerweg.de\/?page_id=1362"},"modified":"2019-03-28T21:14:40","modified_gmt":"2019-03-28T20:14:40","slug":"herten-halde-hoheward","status":"publish","type":"page","link":"http:\/\/blog.meineigenerweg.de\/?page_id=1362","title":{"rendered":"Herten &#8211; Halde Hoheward ****"},"content":{"rendered":"<p>14.04.2014<\/p>\n<p>Ihr k\u00f6nnt sie gut von der Autobahn sehen, im Kreuz der A2 mit der A43, die zwei gro\u00dfen B\u00f6gen auf einem H\u00fcgel. Nat\u00fcrlich ist der H\u00fcgel die Abraumhalde einer Zeche, der ehemaligen Zeche Ewald. Eine sehenswerte Industriekultur-Ruine (die werde ich ein anderes Mal beschreiben). Dort ist \u00fcbrigens Stratmanns <span style=\"color: #0000ff;\"><a href=\"http:\/\/www.revuepalast-ruhr.com\/rpr\/projects\/revuepalast\/index.php\" target=\"_blank\" rel=\"noopener noreferrer\"><span style=\"color: #0000ff;\">Revuepalast<\/span><\/a><\/span> untergebraucht. Eine sehenswerter Veransaltungsort, wenngleich man\u00a0\u00fcber die Darbietungen\u00a0unterschiedlicher Meinung sein kann.<\/p>\n<p>Auf dem Gel\u00e4nder der ehemaligen <span style=\"color: #0000ff;\"><a href=\"http:\/\/www.ruhr-tourismus.de\/staedte-im-ruhrgebiet\/herten\/zeche-ewald.html\" target=\"_blank\" rel=\"noopener noreferrer\"><span style=\"color: #0000ff;\">Zeche Ewald<\/span><\/a><\/span><br \/>\n<a href=\"http:\/\/blog.meineigenerweg.de\/wp-content\/uploads\/2014\/04\/Herten-Halde-Hoheward_14_04_006.jpg\"><img loading=\"lazy\" decoding=\"async\" class=\"alignnone size-medium wp-image-1486\" src=\"http:\/\/blog.meineigenerweg.de\/wp-content\/uploads\/2014\/04\/Herten-Halde-Hoheward_14_04_006-300x200.jpg\" alt=\"Herten - Halde Hoheward_14_04_006\" width=\"300\" height=\"200\" srcset=\"http:\/\/blog.meineigenerweg.de\/wp-content\/uploads\/2014\/04\/Herten-Halde-Hoheward_14_04_006-300x200.jpg 300w, http:\/\/blog.meineigenerweg.de\/wp-content\/uploads\/2014\/04\/Herten-Halde-Hoheward_14_04_006.jpg 1000w\" sizes=\"auto, (max-width: 300px) 100vw, 300px\" \/><\/a><br \/>\nist eine Landmarke entstanden, die <span style=\"color: #0000ff;\"><a href=\"http:\/\/www.ruhr-tourismus.de\/staedte-im-ruhrgebiet\/herten\/halde-hoheward.html\" target=\"_blank\" rel=\"noopener noreferrer\"><span style=\"color: #0000ff;\">Halde Hoheward<\/span><\/a><\/span>. Wenn ihr auf dem Gel\u00e4nde der Zeche Ewald parkt, habt ihr einen sch\u00f6nen Spaziergang zum\u00a0Horizontobservatorium, so hei\u00dfen die beiden B\u00f6gen, die jeweils 45 mtr Durchmesser haben.<\/p>\n<p>Der Weg f\u00fchrt eine steile\u00a0Treppen hinauf zu einer Aussichtsplattform, dem Balkon. Von hier aus habe ich bereits einen\u00a0sch\u00f6nen Blick \u00fcber das ehemalige Zechengel\u00e4nde.<br \/>\n<a href=\"http:\/\/blog.meineigenerweg.de\/wp-content\/uploads\/2014\/04\/Herten-Halde-Hoheward_14_04_029.jpg\"><img loading=\"lazy\" decoding=\"async\" class=\"alignnone size-medium wp-image-1487\" src=\"http:\/\/blog.meineigenerweg.de\/wp-content\/uploads\/2014\/04\/Herten-Halde-Hoheward_14_04_029-300x200.jpg\" alt=\"Herten - Halde Hoheward_14_04_029\" width=\"300\" height=\"200\" srcset=\"http:\/\/blog.meineigenerweg.de\/wp-content\/uploads\/2014\/04\/Herten-Halde-Hoheward_14_04_029-300x200.jpg 300w, http:\/\/blog.meineigenerweg.de\/wp-content\/uploads\/2014\/04\/Herten-Halde-Hoheward_14_04_029.jpg 1000w\" sizes=\"auto, (max-width: 300px) 100vw, 300px\" \/><\/a><br \/>\nAnschlie\u00dfend geht es weiter bergauf, denn &#8222;oben auf dem Berge, da steht ein Ger\u00fcst &#8230;&#8220; ach nee, das hatten wir schon einmal. Also eine weiter Aussichtsplattform<br \/>\n<a href=\"http:\/\/blog.meineigenerweg.de\/wp-content\/uploads\/2014\/04\/Herten-Halde-Hoheward_14_04_043.jpg\"><img loading=\"lazy\" decoding=\"async\" class=\"alignnone size-medium wp-image-1488\" src=\"http:\/\/blog.meineigenerweg.de\/wp-content\/uploads\/2014\/04\/Herten-Halde-Hoheward_14_04_043-300x200.jpg\" alt=\"Herten - Halde Hoheward_14_04_043\" width=\"300\" height=\"200\" srcset=\"http:\/\/blog.meineigenerweg.de\/wp-content\/uploads\/2014\/04\/Herten-Halde-Hoheward_14_04_043-300x200.jpg 300w, http:\/\/blog.meineigenerweg.de\/wp-content\/uploads\/2014\/04\/Herten-Halde-Hoheward_14_04_043.jpg 1000w\" sizes=\"auto, (max-width: 300px) 100vw, 300px\" \/><\/a><br \/>\nund eine tolle Aussicht.<br \/>\n<a href=\"http:\/\/blog.meineigenerweg.de\/wp-content\/uploads\/2014\/04\/Herten-Halde-Hoheward_14_04_041.jpg\"><img loading=\"lazy\" decoding=\"async\" class=\"alignnone size-medium wp-image-1489\" src=\"http:\/\/blog.meineigenerweg.de\/wp-content\/uploads\/2014\/04\/Herten-Halde-Hoheward_14_04_041-300x200.jpg\" alt=\"Herten - Halde Hoheward_14_04_041\" width=\"300\" height=\"200\" srcset=\"http:\/\/blog.meineigenerweg.de\/wp-content\/uploads\/2014\/04\/Herten-Halde-Hoheward_14_04_041-300x200.jpg 300w, http:\/\/blog.meineigenerweg.de\/wp-content\/uploads\/2014\/04\/Herten-Halde-Hoheward_14_04_041.jpg 1000w\" sizes=\"auto, (max-width: 300px) 100vw, 300px\" \/><\/a><br \/>\nDer Weg f\u00fchrt weiter, vorbei an einer\u00a0fast surrealistischen Mondlandschaft.<br \/>\n<a href=\"http:\/\/blog.meineigenerweg.de\/wp-content\/uploads\/2014\/04\/Herten-Halde-Hoheward_14_04_052x.jpg\"><img loading=\"lazy\" decoding=\"async\" class=\"alignnone size-medium wp-image-1490\" src=\"http:\/\/blog.meineigenerweg.de\/wp-content\/uploads\/2014\/04\/Herten-Halde-Hoheward_14_04_052x-300x200.jpg\" alt=\"Herten - Halde Hoheward_14_04_052x\" width=\"300\" height=\"200\" srcset=\"http:\/\/blog.meineigenerweg.de\/wp-content\/uploads\/2014\/04\/Herten-Halde-Hoheward_14_04_052x-300x200.jpg 300w, http:\/\/blog.meineigenerweg.de\/wp-content\/uploads\/2014\/04\/Herten-Halde-Hoheward_14_04_052x.jpg 1000w\" sizes=\"auto, (max-width: 300px) 100vw, 300px\" \/><\/a><br \/>\nIrgendwann seht ihr es, das moderne Stonehenge.<br \/>\n<a href=\"http:\/\/blog.meineigenerweg.de\/wp-content\/uploads\/2014\/04\/Herten-Halde-Hoheward_14_04_064b.jpg\"><img loading=\"lazy\" decoding=\"async\" class=\"alignnone size-medium wp-image-1515\" src=\"http:\/\/blog.meineigenerweg.de\/wp-content\/uploads\/2014\/04\/Herten-Halde-Hoheward_14_04_064b-300x200.jpg\" alt=\"Herten - Halde Hoheward_14_04_064b\" width=\"300\" height=\"200\" srcset=\"http:\/\/blog.meineigenerweg.de\/wp-content\/uploads\/2014\/04\/Herten-Halde-Hoheward_14_04_064b-300x200.jpg 300w, http:\/\/blog.meineigenerweg.de\/wp-content\/uploads\/2014\/04\/Herten-Halde-Hoheward_14_04_064b.jpg 1000w\" sizes=\"auto, (max-width: 300px) 100vw, 300px\" \/><\/a><br \/>\nEs ist wirklich ein Himmelsobservatorium, das unter anderem auch die Winter- und\u00a0 Sommersonnenwende anzeigt. Es gibt Marken, an denen man Mondwenden und Pr\u00e4zissionsbewegungen der Erdachse erkennen kann. Leider war zu dem Zeitpunkt, als ich es besuchte, ein gro\u00dfer Bauzaun um das Observatorium herum aufgestellt, da es Einsturz gef\u00e4hrdet ist.<br \/>\nNat\u00fcrlich bin ich durch eine L\u00fccke im Zaun geschl\u00fcpft<br \/>\n<a href=\"http:\/\/blog.meineigenerweg.de\/wp-content\/uploads\/2014\/04\/Herten-Halde-Hoheward_14_04_078y.jpg\"><img loading=\"lazy\" decoding=\"async\" class=\"alignnone size-medium wp-image-1493\" src=\"http:\/\/blog.meineigenerweg.de\/wp-content\/uploads\/2014\/04\/Herten-Halde-Hoheward_14_04_078y-300x200.jpg\" alt=\"Herten - Halde Hoheward_14_04_078y\" width=\"300\" height=\"200\" srcset=\"http:\/\/blog.meineigenerweg.de\/wp-content\/uploads\/2014\/04\/Herten-Halde-Hoheward_14_04_078y-300x200.jpg 300w, http:\/\/blog.meineigenerweg.de\/wp-content\/uploads\/2014\/04\/Herten-Halde-Hoheward_14_04_078y.jpg 1000w\" sizes=\"auto, (max-width: 300px) 100vw, 300px\" \/><\/a><br \/>\nund als die Sonne unterging, habe ich eine tolle Aussicht geboten bekommen.<br \/>\n<a href=\"http:\/\/blog.meineigenerweg.de\/wp-content\/uploads\/2014\/04\/Herten-Halde-Hoheward_14_04_081.jpg\"><img loading=\"lazy\" decoding=\"async\" class=\"alignnone size-medium wp-image-1495\" src=\"http:\/\/blog.meineigenerweg.de\/wp-content\/uploads\/2014\/04\/Herten-Halde-Hoheward_14_04_081-300x200.jpg\" alt=\"Herten - Halde Hoheward_14_04_081\" width=\"300\" height=\"200\" srcset=\"http:\/\/blog.meineigenerweg.de\/wp-content\/uploads\/2014\/04\/Herten-Halde-Hoheward_14_04_081-300x200.jpg 300w, http:\/\/blog.meineigenerweg.de\/wp-content\/uploads\/2014\/04\/Herten-Halde-Hoheward_14_04_081.jpg 1000w\" sizes=\"auto, (max-width: 300px) 100vw, 300px\" \/><\/a><br \/>\nBeim Abstieg gab es dann noch einen besonders sch\u00f6nen Blick auf den F\u00f6rderturm der Zeche Ewald.<br \/>\n<a href=\"http:\/\/blog.meineigenerweg.de\/wp-content\/uploads\/2014\/04\/Herten-Halde-Hoheward_14_04_109.jpg\"><img loading=\"lazy\" decoding=\"async\" class=\"alignnone size-medium wp-image-1496\" src=\"http:\/\/blog.meineigenerweg.de\/wp-content\/uploads\/2014\/04\/Herten-Halde-Hoheward_14_04_109-300x200.jpg\" alt=\"Herten - Halde Hoheward_14_04_109\" width=\"300\" height=\"200\" srcset=\"http:\/\/blog.meineigenerweg.de\/wp-content\/uploads\/2014\/04\/Herten-Halde-Hoheward_14_04_109-300x200.jpg 300w, http:\/\/blog.meineigenerweg.de\/wp-content\/uploads\/2014\/04\/Herten-Halde-Hoheward_14_04_109.jpg 1000w\" sizes=\"auto, (max-width: 300px) 100vw, 300px\" \/><\/a><\/p>\n<p><em>Meine Wertung: <span style=\"color: #ff0000;\">****<\/span>* sehenswert<\/em><br \/>\n<em>Werner-Heisenberg-Str. 2-4<\/em><br \/>\n<em> 45699 Herten<\/em><\/p>\n","protected":false},"excerpt":{"rendered":"<p>14.04.2014 Ihr k\u00f6nnt sie gut von der Autobahn sehen, im Kreuz der A2 mit der A43, die zwei gro\u00dfen B\u00f6gen auf einem H\u00fcgel. Nat\u00fcrlich ist der H\u00fcgel die Abraumhalde einer Zeche, der ehemaligen Zeche Ewald. Eine sehenswerte Industriekultur-Ruine (die werde ich ein anderes Mal beschreiben). Dort ist \u00fcbrigens Stratmanns Revuepalast<\/p>\n","protected":false},"author":1,"featured_media":1519,"parent":1809,"menu_order":0,"comment_status":"closed","ping_status":"closed","template":"","meta":{"footnotes":""},"class_list":["post-1362","page","type-page","status-publish","has-post-thumbnail","hentry"],"_links":{"self":[{"href":"http:\/\/blog.meineigenerweg.de\/index.php?rest_route=\/wp\/v2\/pages\/1362","targetHints":{"allow":["GET"]}}],"collection":[{"href":"http:\/\/blog.meineigenerweg.de\/index.php?rest_route=\/wp\/v2\/pages"}],"about":[{"href":"http:\/\/blog.meineigenerweg.de\/index.php?rest_route=\/wp\/v2\/types\/page"}],"author":[{"embeddable":true,"href":"http:\/\/blog.meineigenerweg.de\/index.php?rest_route=\/wp\/v2\/users\/1"}],"replies":[{"embeddable":true,"href":"http:\/\/blog.meineigenerweg.de\/index.php?rest_route=%2Fwp%2Fv2%2Fcomments&post=1362"}],"version-history":[{"count":22,"href":"http:\/\/blog.meineigenerweg.de\/index.php?rest_route=\/wp\/v2\/pages\/1362\/revisions"}],"predecessor-version":[{"id":5895,"href":"http:\/\/blog.meineigenerweg.de\/index.php?rest_route=\/wp\/v2\/pages\/1362\/revisions\/5895"}],"up":[{"embeddable":true,"href":"http:\/\/blog.meineigenerweg.de\/index.php?rest_route=\/wp\/v2\/pages\/1809"}],"wp:featuredmedia":[{"embeddable":true,"href":"http:\/\/blog.meineigenerweg.de\/index.php?rest_route=\/wp\/v2\/media\/1519"}],"wp:attachment":[{"href":"http:\/\/blog.meineigenerweg.de\/index.php?rest_route=%2Fwp%2Fv2%2Fmedia&parent=1362"}],"curies":[{"name":"wp","href":"https:\/\/api.w.org\/{rel}","templated":true}]}}