{"id":1312,"date":"2014-04-13T21:34:51","date_gmt":"2014-04-13T20:34:51","guid":{"rendered":"http:\/\/blog.meineigenerweg.de\/?page_id=1312"},"modified":"2019-03-28T20:37:53","modified_gmt":"2019-03-28T19:37:53","slug":"aprath-ehemalige-lungenheilklinik","status":"publish","type":"page","link":"http:\/\/blog.meineigenerweg.de\/?page_id=1312","title":{"rendered":"Aprath &#8211; ehemalige Lungenheilklinik *****"},"content":{"rendered":"<p>13.04.14<\/p>\n<p>Seit ihr schon einmal durch eine L\u00fccke im Bauzaun geschl\u00fcpft und dann in einer Ruine herumgestromert? Na klar, als Kinder haben wir das alle gemacht, aber mit 60? Es ist\u00a0abenteuerlich, mystisch und unheimlich und ihr solltet es unbedingt einmal ausprobieren.<\/p>\n<p>Als ich vor ein paar Tagen in W\u00fclfrath war, erz\u00e4hlte mir B\u00e4rbel, das sie vor vielen Jahren, als kleines Kind, in Aprath in einer Kinderklinik war. Sie hatte keine sch\u00f6nen Erinnerungen, dachte an gro\u00dfe Schlafs\u00e4le, strenge Schwestern, beim\u00a0Mittagsschlaf auf der Terrasse im Bett mit einem Lederg\u00fcrtel fixiert werden,\u00a0\u00a0aufessen bis der Teller leer war, egal was es gab. &#8222;Lass uns doch einmal nachschauen, ob es die noch gibt.&#8220;<\/p>\n<p>Es gibt das Geb\u00e4ude noch, aber seit 3 Jahren ist es ein Geisterhaus, f\u00fcr das es keine weitere Verwendung mehr gibt.<br \/>\n<a href=\"http:\/\/blog.meineigenerweg.de\/wp-content\/uploads\/2014\/04\/Aprath_Lungenklinik_14_04_001x.jpg\"><img loading=\"lazy\" decoding=\"async\" class=\"alignnone size-medium wp-image-1370\" src=\"http:\/\/blog.meineigenerweg.de\/wp-content\/uploads\/2014\/04\/Aprath_Lungenklinik_14_04_001x-300x200.jpg\" alt=\"Aprath_Lungenklinik_14_04_001x\" width=\"300\" height=\"200\" srcset=\"http:\/\/blog.meineigenerweg.de\/wp-content\/uploads\/2014\/04\/Aprath_Lungenklinik_14_04_001x-300x200.jpg 300w, http:\/\/blog.meineigenerweg.de\/wp-content\/uploads\/2014\/04\/Aprath_Lungenklinik_14_04_001x.jpg 1000w\" sizes=\"auto, (max-width: 300px) 100vw, 300px\" \/><\/a><br \/>\nUm das Geb\u00e4ude herum ist ein hoher Bauzaun aufgestellt. Aber Bauz\u00e4une haben L\u00fccken, die es zu finden gilt und durch die ich nat\u00fcrlich geschl\u00fcpft bin. Ich habe mich ins Haus geschlichen, in ein leeres, heruntergekommenes Haus, voller Glassplitter,\u00a0zerschlagener Fensterscheiben, beschmierter W\u00e4nden,\u00a0verrotteter M\u00f6belst\u00fccken, zerfetzter B\u00fcchern und\u00a0vielen kleinen kaputten Dingen.<\/p>\n<p>Kommt mit und lasst die Fotos\u00a0einfach auf euch wirken.\u00a0Und wenn ihr mal die Gelegenheit zu so einem Abenteuer habt, tut es!<\/p>\n<p>Der Leitspruch des Kinderheims &#8230;<br \/>\n<a href=\"http:\/\/blog.meineigenerweg.de\/wp-content\/uploads\/2014\/04\/Aprath_Lungenklinik_14_04_016y.jpg\"><img loading=\"lazy\" decoding=\"async\" class=\"alignnone size-medium wp-image-1375\" src=\"http:\/\/blog.meineigenerweg.de\/wp-content\/uploads\/2014\/04\/Aprath_Lungenklinik_14_04_016y-300x200.jpg\" alt=\"Aprath_Lungenklinik_14_04_016y\" width=\"300\" height=\"200\" srcset=\"http:\/\/blog.meineigenerweg.de\/wp-content\/uploads\/2014\/04\/Aprath_Lungenklinik_14_04_016y-300x200.jpg 300w, http:\/\/blog.meineigenerweg.de\/wp-content\/uploads\/2014\/04\/Aprath_Lungenklinik_14_04_016y.jpg 1000w\" sizes=\"auto, (max-width: 300px) 100vw, 300px\" \/><\/a><br \/>\n<a href=\"http:\/\/blog.meineigenerweg.de\/wp-content\/uploads\/2014\/04\/Aprath_Lungenklinik_14_04_019y.jpg\"><img loading=\"lazy\" decoding=\"async\" class=\"alignnone size-medium wp-image-1378\" src=\"http:\/\/blog.meineigenerweg.de\/wp-content\/uploads\/2014\/04\/Aprath_Lungenklinik_14_04_019y-300x200.jpg\" alt=\"Aprath_Lungenklinik_14_04_019y\" width=\"300\" height=\"200\" srcset=\"http:\/\/blog.meineigenerweg.de\/wp-content\/uploads\/2014\/04\/Aprath_Lungenklinik_14_04_019y-300x200.jpg 300w, http:\/\/blog.meineigenerweg.de\/wp-content\/uploads\/2014\/04\/Aprath_Lungenklinik_14_04_019y.jpg 1000w\" sizes=\"auto, (max-width: 300px) 100vw, 300px\" \/><\/a><br \/>\n<a href=\"http:\/\/blog.meineigenerweg.de\/wp-content\/uploads\/2014\/04\/Aprath_Lungenklinik_14_04_020y.jpg\"><img loading=\"lazy\" decoding=\"async\" class=\"alignnone size-medium wp-image-1379\" src=\"http:\/\/blog.meineigenerweg.de\/wp-content\/uploads\/2014\/04\/Aprath_Lungenklinik_14_04_020y-300x200.jpg\" alt=\"Aprath_Lungenklinik_14_04_020y\" width=\"300\" height=\"200\" srcset=\"http:\/\/blog.meineigenerweg.de\/wp-content\/uploads\/2014\/04\/Aprath_Lungenklinik_14_04_020y-300x200.jpg 300w, http:\/\/blog.meineigenerweg.de\/wp-content\/uploads\/2014\/04\/Aprath_Lungenklinik_14_04_020y.jpg 1000w\" sizes=\"auto, (max-width: 300px) 100vw, 300px\" \/><\/a><br \/>\n<a href=\"http:\/\/blog.meineigenerweg.de\/wp-content\/uploads\/2014\/04\/Aprath_Lungenklinik_14_04_024x.jpg\"><img loading=\"lazy\" decoding=\"async\" class=\"alignnone size-medium wp-image-1380\" src=\"http:\/\/blog.meineigenerweg.de\/wp-content\/uploads\/2014\/04\/Aprath_Lungenklinik_14_04_024x-300x200.jpg\" alt=\"Aprath_Lungenklinik_14_04_024x\" width=\"300\" height=\"200\" srcset=\"http:\/\/blog.meineigenerweg.de\/wp-content\/uploads\/2014\/04\/Aprath_Lungenklinik_14_04_024x-300x200.jpg 300w, http:\/\/blog.meineigenerweg.de\/wp-content\/uploads\/2014\/04\/Aprath_Lungenklinik_14_04_024x.jpg 1000w\" sizes=\"auto, (max-width: 300px) 100vw, 300px\" \/><\/a><\/p>\n<p>Hier haben mal Menschen gesessen &#8230;<br \/>\n<a href=\"http:\/\/blog.meineigenerweg.de\/wp-content\/uploads\/2014\/04\/Aprath_Lungenklinik_14_04_029y.jpg\"><img loading=\"lazy\" decoding=\"async\" class=\"alignnone size-medium wp-image-1382\" src=\"http:\/\/blog.meineigenerweg.de\/wp-content\/uploads\/2014\/04\/Aprath_Lungenklinik_14_04_029y-300x200.jpg\" alt=\"Aprath_Lungenklinik_14_04_029y\" width=\"300\" height=\"200\" srcset=\"http:\/\/blog.meineigenerweg.de\/wp-content\/uploads\/2014\/04\/Aprath_Lungenklinik_14_04_029y-300x200.jpg 300w, http:\/\/blog.meineigenerweg.de\/wp-content\/uploads\/2014\/04\/Aprath_Lungenklinik_14_04_029y.jpg 1000w\" sizes=\"auto, (max-width: 300px) 100vw, 300px\" \/><\/a><br \/>\n<a href=\"http:\/\/blog.meineigenerweg.de\/wp-content\/uploads\/2014\/04\/Aprath_Lungenklinik_14_04_055y.jpg\"><img loading=\"lazy\" decoding=\"async\" class=\"alignnone size-medium wp-image-1384\" src=\"http:\/\/blog.meineigenerweg.de\/wp-content\/uploads\/2014\/04\/Aprath_Lungenklinik_14_04_055y-300x200.jpg\" alt=\"Aprath_Lungenklinik_14_04_055y\" width=\"300\" height=\"200\" srcset=\"http:\/\/blog.meineigenerweg.de\/wp-content\/uploads\/2014\/04\/Aprath_Lungenklinik_14_04_055y-300x200.jpg 300w, http:\/\/blog.meineigenerweg.de\/wp-content\/uploads\/2014\/04\/Aprath_Lungenklinik_14_04_055y.jpg 1000w\" sizes=\"auto, (max-width: 300px) 100vw, 300px\" \/><\/a><\/p>\n<p>Es bleibt nur wenig, ein St\u00fcck von einem Rollstuhl, ein einzelner Schuh, eine verblassende Sehnsucht\u00a0&#8230;<br \/>\n<a href=\"http:\/\/blog.meineigenerweg.de\/wp-content\/uploads\/2014\/04\/Aprath_Lungenklinik_14_04_068y.jpg\"><img loading=\"lazy\" decoding=\"async\" class=\"alignnone size-medium wp-image-1385\" src=\"http:\/\/blog.meineigenerweg.de\/wp-content\/uploads\/2014\/04\/Aprath_Lungenklinik_14_04_068y-300x200.jpg\" alt=\"Aprath_Lungenklinik_14_04_068y\" width=\"300\" height=\"200\" srcset=\"http:\/\/blog.meineigenerweg.de\/wp-content\/uploads\/2014\/04\/Aprath_Lungenklinik_14_04_068y-300x200.jpg 300w, http:\/\/blog.meineigenerweg.de\/wp-content\/uploads\/2014\/04\/Aprath_Lungenklinik_14_04_068y.jpg 1000w\" sizes=\"auto, (max-width: 300px) 100vw, 300px\" \/><\/a><br \/>\n<a href=\"http:\/\/blog.meineigenerweg.de\/wp-content\/uploads\/2014\/04\/Aprath_Lungenklinik_14_04_012y.jpg\"><img loading=\"lazy\" decoding=\"async\" class=\"alignnone size-medium wp-image-1387\" src=\"http:\/\/blog.meineigenerweg.de\/wp-content\/uploads\/2014\/04\/Aprath_Lungenklinik_14_04_012y-300x200.jpg\" alt=\"Aprath_Lungenklinik_14_04_012y\" width=\"300\" height=\"200\" srcset=\"http:\/\/blog.meineigenerweg.de\/wp-content\/uploads\/2014\/04\/Aprath_Lungenklinik_14_04_012y-300x200.jpg 300w, http:\/\/blog.meineigenerweg.de\/wp-content\/uploads\/2014\/04\/Aprath_Lungenklinik_14_04_012y.jpg 1000w\" sizes=\"auto, (max-width: 300px) 100vw, 300px\" \/><\/a><br \/>\n<a href=\"http:\/\/blog.meineigenerweg.de\/wp-content\/uploads\/2014\/04\/Aprath_Lungenklinik_14_04_025y.jpg\"><img loading=\"lazy\" decoding=\"async\" class=\"alignnone size-medium wp-image-1388\" src=\"http:\/\/blog.meineigenerweg.de\/wp-content\/uploads\/2014\/04\/Aprath_Lungenklinik_14_04_025y-300x200.jpg\" alt=\"Aprath_Lungenklinik_14_04_025y\" width=\"300\" height=\"200\" srcset=\"http:\/\/blog.meineigenerweg.de\/wp-content\/uploads\/2014\/04\/Aprath_Lungenklinik_14_04_025y-300x200.jpg 300w, http:\/\/blog.meineigenerweg.de\/wp-content\/uploads\/2014\/04\/Aprath_Lungenklinik_14_04_025y.jpg 1000w\" sizes=\"auto, (max-width: 300px) 100vw, 300px\" \/><\/a><\/p>\n<p><em>Meine Wertung: <span style=\"color: #ff0000;\">*****<\/span> verboten, aber unbedingt ausprobieren<\/em><br \/>\n<em>Heilst\u00e4tte 5<\/em><br \/>\n<em>42489 W\u00fclfrath\u00a0(Aprath)<\/em><\/p>\n","protected":false},"excerpt":{"rendered":"<p>13.04.14 Seit ihr schon einmal durch eine L\u00fccke im Bauzaun geschl\u00fcpft und dann in einer Ruine herumgestromert? Na klar, als Kinder haben wir das alle gemacht, aber mit 60? Es ist\u00a0abenteuerlich, mystisch und unheimlich und ihr solltet es unbedingt einmal ausprobieren. Als ich vor ein paar Tagen in W\u00fclfrath war,<\/p>\n","protected":false},"author":1,"featured_media":1398,"parent":1809,"menu_order":0,"comment_status":"closed","ping_status":"closed","template":"","meta":{"footnotes":""},"class_list":["post-1312","page","type-page","status-publish","has-post-thumbnail","hentry"],"_links":{"self":[{"href":"http:\/\/blog.meineigenerweg.de\/index.php?rest_route=\/wp\/v2\/pages\/1312","targetHints":{"allow":["GET"]}}],"collection":[{"href":"http:\/\/blog.meineigenerweg.de\/index.php?rest_route=\/wp\/v2\/pages"}],"about":[{"href":"http:\/\/blog.meineigenerweg.de\/index.php?rest_route=\/wp\/v2\/types\/page"}],"author":[{"embeddable":true,"href":"http:\/\/blog.meineigenerweg.de\/index.php?rest_route=\/wp\/v2\/users\/1"}],"replies":[{"embeddable":true,"href":"http:\/\/blog.meineigenerweg.de\/index.php?rest_route=%2Fwp%2Fv2%2Fcomments&post=1312"}],"version-history":[{"count":14,"href":"http:\/\/blog.meineigenerweg.de\/index.php?rest_route=\/wp\/v2\/pages\/1312\/revisions"}],"predecessor-version":[{"id":1397,"href":"http:\/\/blog.meineigenerweg.de\/index.php?rest_route=\/wp\/v2\/pages\/1312\/revisions\/1397"}],"up":[{"embeddable":true,"href":"http:\/\/blog.meineigenerweg.de\/index.php?rest_route=\/wp\/v2\/pages\/1809"}],"wp:featuredmedia":[{"embeddable":true,"href":"http:\/\/blog.meineigenerweg.de\/index.php?rest_route=\/wp\/v2\/media\/1398"}],"wp:attachment":[{"href":"http:\/\/blog.meineigenerweg.de\/index.php?rest_route=%2Fwp%2Fv2%2Fmedia&parent=1312"}],"curies":[{"name":"wp","href":"https:\/\/api.w.org\/{rel}","templated":true}]}}