{"id":1281,"date":"2014-04-12T15:53:02","date_gmt":"2014-04-12T14:53:02","guid":{"rendered":"http:\/\/blog.meineigenerweg.de\/?page_id=1281"},"modified":"2019-03-28T21:26:08","modified_gmt":"2019-03-28T20:26:08","slug":"las-vegas-caesar-salad","status":"publish","type":"page","link":"http:\/\/blog.meineigenerweg.de\/?page_id=1281","title":{"rendered":"Las Vegas &#8211; Caesar Salad"},"content":{"rendered":"<p>Zum ersten mal habe ich ihn in Las Vegas im Ceasars Palace Hotel\u00a0gegessen und ihn spontan zu meinem Lieblingssalat erkl\u00e4rt.<\/p>\n<p>Naiver Weise habe ich damals geglaubt, dass der Caesar Salad so hei\u00dft, weil ich ihn im Caesars Palace gegessen habe. Stimmt aber nicht! Erfunden hat ihn angeblich Cesare Cardini in seinem Restaurant im mexikanischen Tijuana w\u00e4hrend der Prohibition in den USA. Da der Alkoholausschank in Mexiko nicht verboten war, war sein Restaurant am amerikanischen Unabh\u00e4ngigkeitstag 1924\u00a0\u00fcberf\u00fcllt. Als\u00a0die Zutaten knapp wurden,\u00a0hat er kurzerhand aus den vorhandenen Resten einen neuen Salat kreiert.<\/p>\n<p>Statt einer Salatso\u00dfe machst du eine Mayonnaise.\u00a0F\u00fcrchte dich\u00a0nicht vor diesen kleinen,\u00a0komischen Sardellenfilets.<\/p>\n<p>F\u00fcr 4 Personen brauchst du<br \/>\n<a href=\"http:\/\/blog.meineigenerweg.de\/wp-content\/uploads\/2014\/04\/Ceasar-Salad-02x.jpg\"><img loading=\"lazy\" decoding=\"async\" class=\"alignnone size-medium wp-image-1402\" src=\"http:\/\/blog.meineigenerweg.de\/wp-content\/uploads\/2014\/04\/Ceasar-Salad-02x-300x225.jpg\" alt=\"Ceasar Salad 02x\" width=\"300\" height=\"225\" srcset=\"http:\/\/blog.meineigenerweg.de\/wp-content\/uploads\/2014\/04\/Ceasar-Salad-02x-300x225.jpg 300w, http:\/\/blog.meineigenerweg.de\/wp-content\/uploads\/2014\/04\/Ceasar-Salad-02x.jpg 1000w\" sizes=\"auto, (max-width: 300px) 100vw, 300px\" \/><\/a><br \/>\n&#8211; einen gro\u00dfen Romana-Salat (ersatzweise kannst du auch Romana-Salat-Herzen nehmen)<br \/>\n&#8211; 1 TL mittelscharfen Senf<br \/>\n&#8211; 2 Sardellen-Filet aus dem Glas in Salzlake<br \/>\n&#8211; 1 EL Worcester Sauce<br \/>\n&#8211; 2 Eigelb von\u00a0sehr frischen Eiern (lol &#8211; <span style=\"color: #0000ff;\"><a href=\"http:\/\/www.youtube.com\/watch?v=Cl_YhG6ZgNg\" target=\"_blank\" rel=\"noopener noreferrer\"><span style=\"color: #0000ff;\"><span style=\"text-decoration: underline;\">kleiner Tipp<\/span><\/span><\/a><\/span>)<br \/>\n&#8211;\u00a02 EL\u00a0Limettensaft (ersatzweise Zitronensaft)<br \/>\n&#8211; 50 g Parmesan<br \/>\n&#8211; 1 Knoblauchzehe<br \/>\n&#8211; 2 Scheiben Toastbrot<br \/>\n&#8211; 100 ml Oliven\u00f6l<\/p>\n<p><a href=\"http:\/\/blog.meineigenerweg.de\/wp-content\/uploads\/2014\/04\/Ceasar-Salad-20.jpg\"><img loading=\"lazy\" decoding=\"async\" class=\"alignnone size-medium wp-image-1448\" src=\"http:\/\/blog.meineigenerweg.de\/wp-content\/uploads\/2014\/04\/Ceasar-Salad-20-300x225.jpg\" alt=\"Ceasar Salad 20\" width=\"300\" height=\"225\" srcset=\"http:\/\/blog.meineigenerweg.de\/wp-content\/uploads\/2014\/04\/Ceasar-Salad-20-300x225.jpg 300w, http:\/\/blog.meineigenerweg.de\/wp-content\/uploads\/2014\/04\/Ceasar-Salad-20.jpg 1000w\" sizes=\"auto, (max-width: 300px) 100vw, 300px\" \/><\/a><br \/>\n&#8211; Ich hacke den Knoblauch lieber als ihn durch die Presse zu dr\u00fccken.<br \/>\n&#8211; Zwei Sardellenfilets zerdr\u00fccke ich mit einer Gabel zu einer feinen Paste.<\/p>\n<p><a href=\"http:\/\/blog.meineigenerweg.de\/wp-content\/uploads\/2014\/04\/Ceasar-Salad-09.jpg\"><img loading=\"lazy\" decoding=\"async\" class=\"alignnone size-medium wp-image-1405\" src=\"http:\/\/blog.meineigenerweg.de\/wp-content\/uploads\/2014\/04\/Ceasar-Salad-09-300x225.jpg\" alt=\"Ceasar Salad 09\" width=\"300\" height=\"225\" srcset=\"http:\/\/blog.meineigenerweg.de\/wp-content\/uploads\/2014\/04\/Ceasar-Salad-09-300x225.jpg 300w, http:\/\/blog.meineigenerweg.de\/wp-content\/uploads\/2014\/04\/Ceasar-Salad-09.jpg 1000w\" sizes=\"auto, (max-width: 300px) 100vw, 300px\" \/><\/a><br \/>\n&#8211; Den Parmesan hobele ich mit einem Sparsch\u00e4ler in feine Streifen.<\/p>\n<p><a href=\"http:\/\/blog.meineigenerweg.de\/wp-content\/uploads\/2014\/04\/Ceasar-Salad-14.jpg\"><img loading=\"lazy\" decoding=\"async\" class=\"alignnone size-medium wp-image-1407\" src=\"http:\/\/blog.meineigenerweg.de\/wp-content\/uploads\/2014\/04\/Ceasar-Salad-14-300x225.jpg\" alt=\"Ceasar Salad 14\" width=\"300\" height=\"225\" srcset=\"http:\/\/blog.meineigenerweg.de\/wp-content\/uploads\/2014\/04\/Ceasar-Salad-14-300x225.jpg 300w, http:\/\/blog.meineigenerweg.de\/wp-content\/uploads\/2014\/04\/Ceasar-Salad-14.jpg 1000w\" sizes=\"auto, (max-width: 300px) 100vw, 300px\" \/><\/a><br \/>\n&#8211; Das Toastbrot schneide ich in kleine W\u00fcrfel und r\u00f6ste sie mit reichlich Oliven\u00f6l in einer Pfanne.<\/p>\n<p><a href=\"http:\/\/blog.meineigenerweg.de\/wp-content\/uploads\/2014\/04\/Ceasar-Salad-16.jpg\"><img loading=\"lazy\" decoding=\"async\" class=\"alignnone size-medium wp-image-1408\" src=\"http:\/\/blog.meineigenerweg.de\/wp-content\/uploads\/2014\/04\/Ceasar-Salad-16-300x225.jpg\" alt=\"Ceasar Salad 16\" width=\"300\" height=\"225\" srcset=\"http:\/\/blog.meineigenerweg.de\/wp-content\/uploads\/2014\/04\/Ceasar-Salad-16-300x225.jpg 300w, http:\/\/blog.meineigenerweg.de\/wp-content\/uploads\/2014\/04\/Ceasar-Salad-16.jpg 1000w\" sizes=\"auto, (max-width: 300px) 100vw, 300px\" \/><\/a><br \/>\n&#8211; Den Salat halbiere ich, schneide ihn dann in grobe Streifen und wasche ihn.<\/p>\n<p><a href=\"http:\/\/blog.meineigenerweg.de\/wp-content\/uploads\/2014\/04\/Ceasar-Salad-06.jpg\"><img loading=\"lazy\" decoding=\"async\" class=\"alignnone size-medium wp-image-1409\" src=\"http:\/\/blog.meineigenerweg.de\/wp-content\/uploads\/2014\/04\/Ceasar-Salad-06-300x225.jpg\" alt=\"Ceasar Salad 06\" width=\"300\" height=\"225\" srcset=\"http:\/\/blog.meineigenerweg.de\/wp-content\/uploads\/2014\/04\/Ceasar-Salad-06-300x225.jpg 300w, http:\/\/blog.meineigenerweg.de\/wp-content\/uploads\/2014\/04\/Ceasar-Salad-06.jpg 1000w\" sizes=\"auto, (max-width: 300px) 100vw, 300px\" \/><\/a><br \/>\nJetzt geht es los. Ich nehme mir eine gro\u00dfe Sch\u00fcssel, einen Schneebesen und vermische den gehackten Knoblauch, die zerdr\u00fcckten Sardellen, einen TL Senf, einen EL Worcester Sauce, zwei EL Limettensaft und zwei Eigelb miteinander.<\/p>\n<p><a href=\"http:\/\/blog.meineigenerweg.de\/wp-content\/uploads\/2014\/04\/Ceasar-Salad-07.jpg\"><img loading=\"lazy\" decoding=\"async\" class=\"alignnone size-medium wp-image-1411\" src=\"http:\/\/blog.meineigenerweg.de\/wp-content\/uploads\/2014\/04\/Ceasar-Salad-07-300x225.jpg\" alt=\"Ceasar Salad 07\" width=\"300\" height=\"225\" srcset=\"http:\/\/blog.meineigenerweg.de\/wp-content\/uploads\/2014\/04\/Ceasar-Salad-07-300x225.jpg 300w, http:\/\/blog.meineigenerweg.de\/wp-content\/uploads\/2014\/04\/Ceasar-Salad-07.jpg 1000w\" sizes=\"auto, (max-width: 300px) 100vw, 300px\" \/><\/a><br \/>\nJetzt lasse ich langsam, in einem d\u00fcnnen Strahl, das Oliven\u00f6l in die Mischung laufen und schlage sie gleichzeitig\u00a0mit dem Schneebesen auf. So bekomme ich\u00a0eine leicht dickfl\u00fcssige Mayonnaise, die ich mit\u00a0reichlich frischem Pfeffer aus der M\u00fchle abschmecke. Fertig.<\/p>\n<p>Den Salat mische ich gr\u00fcndlich mit der Mayonnaise und hebe dann die ger\u00f6steten Toastbrotw\u00fcrfel und den gehobelten Parmesan unter.<br \/>\n<a href=\"http:\/\/blog.meineigenerweg.de\/wp-content\/uploads\/2014\/04\/Ceasar-Salad-18x.jpg\"><img loading=\"lazy\" decoding=\"async\" class=\"alignnone size-medium wp-image-1451\" src=\"http:\/\/blog.meineigenerweg.de\/wp-content\/uploads\/2014\/04\/Ceasar-Salad-18x-300x202.jpg\" alt=\"Ceasar Salad 18x\" width=\"300\" height=\"202\" srcset=\"http:\/\/blog.meineigenerweg.de\/wp-content\/uploads\/2014\/04\/Ceasar-Salad-18x-300x202.jpg 300w, http:\/\/blog.meineigenerweg.de\/wp-content\/uploads\/2014\/04\/Ceasar-Salad-18x.jpg 1000w\" sizes=\"auto, (max-width: 300px) 100vw, 300px\" \/><\/a><br \/>\nSehr lecker &#8230;<\/p>\n","protected":false},"excerpt":{"rendered":"<p>Zum ersten mal habe ich ihn in Las Vegas im Ceasars Palace Hotel\u00a0gegessen und ihn spontan zu meinem Lieblingssalat erkl\u00e4rt. Naiver Weise habe ich damals geglaubt, dass der Caesar Salad so hei\u00dft, weil ich ihn im Caesars Palace gegessen habe. Stimmt aber nicht! Erfunden hat ihn angeblich Cesare Cardini in<\/p>\n","protected":false},"author":1,"featured_media":1416,"parent":230,"menu_order":0,"comment_status":"closed","ping_status":"closed","template":"","meta":{"footnotes":""},"class_list":["post-1281","page","type-page","status-publish","has-post-thumbnail","hentry"],"_links":{"self":[{"href":"http:\/\/blog.meineigenerweg.de\/index.php?rest_route=\/wp\/v2\/pages\/1281","targetHints":{"allow":["GET"]}}],"collection":[{"href":"http:\/\/blog.meineigenerweg.de\/index.php?rest_route=\/wp\/v2\/pages"}],"about":[{"href":"http:\/\/blog.meineigenerweg.de\/index.php?rest_route=\/wp\/v2\/types\/page"}],"author":[{"embeddable":true,"href":"http:\/\/blog.meineigenerweg.de\/index.php?rest_route=\/wp\/v2\/users\/1"}],"replies":[{"embeddable":true,"href":"http:\/\/blog.meineigenerweg.de\/index.php?rest_route=%2Fwp%2Fv2%2Fcomments&post=1281"}],"version-history":[{"count":17,"href":"http:\/\/blog.meineigenerweg.de\/index.php?rest_route=\/wp\/v2\/pages\/1281\/revisions"}],"predecessor-version":[{"id":5905,"href":"http:\/\/blog.meineigenerweg.de\/index.php?rest_route=\/wp\/v2\/pages\/1281\/revisions\/5905"}],"up":[{"embeddable":true,"href":"http:\/\/blog.meineigenerweg.de\/index.php?rest_route=\/wp\/v2\/pages\/230"}],"wp:featuredmedia":[{"embeddable":true,"href":"http:\/\/blog.meineigenerweg.de\/index.php?rest_route=\/wp\/v2\/media\/1416"}],"wp:attachment":[{"href":"http:\/\/blog.meineigenerweg.de\/index.php?rest_route=%2Fwp%2Fv2%2Fmedia&parent=1281"}],"curies":[{"name":"wp","href":"https:\/\/api.w.org\/{rel}","templated":true}]}}