{"id":1226,"date":"2014-04-03T20:01:38","date_gmt":"2014-04-03T19:01:38","guid":{"rendered":"http:\/\/blog.meineigenerweg.de\/?page_id=1226"},"modified":"2019-03-28T21:09:15","modified_gmt":"2019-03-28T20:09:15","slug":"gelsenkirchen-floez-dickebank","status":"publish","type":"page","link":"http:\/\/blog.meineigenerweg.de\/?page_id=1226","title":{"rendered":"Gelsenkirchen &#8211; Fl\u00f6z Dickebank ***"},"content":{"rendered":"<p>03.04.2014<\/p>\n<p>Heute machen Udo und ich uns bei strahlendem Sonnenschein mit den R\u00e4dern auf den Weg nach Gelsenkirchen. Ein bisschen Sentimental Journey, denn fr\u00fcher, in den 50ziger und 60ziger Jahren, haben wir\u00a0hier gewohnt. Ich in \u00dcckendorf und Udo in Wattenscheid-G\u00fcnnigfeld. Fr\u00fcher, als es noch die Zechen Rheinelbe und\u00a0Alma gab und das Gussstahlwerk, als hier noch Kohle gef\u00f6rdert und Stahl gekocht wurde. Fr\u00fcher, als sich der Himmel leuchtend rot f\u00e4rbte, wenn im Stahlwerk ein Abstich gemacht wurde und die W\u00e4sche schnell eingeholt wurde, bevor sich ein feiner Silberstaub auf alles legte. Unser Ziel ist die alte Bergbausiedlung <span style=\"color: #0000ff; text-decoration: underline;\"><a href=\"http:\/\/www.floez-dickebank-gelsenkirchen.de\" target=\"_blank\" rel=\"noopener noreferrer\"><span style=\"color: #0000ff;\"><span style=\"text-decoration: underline;\">Fl\u00f6z<\/span> <span style=\"text-decoration: underline;\">Dickebank<\/span><\/span><\/a><\/span>.<\/p>\n<p>Seit 1861 wurde auf den Zechen Kohle gef\u00f6rdert und bereits 1870 wurde die Siedlung Fl\u00f6z Dickebank gebaut um den vielen Arbeitern, die die Zechen brauchten, Wohnraum zu schaffen.<br \/>\n<a href=\"http:\/\/blog.meineigenerweg.de\/wp-content\/uploads\/2014\/04\/Gelsenkirchen_Fl\u00f6z_Dickebank_14_04_055.jpg\"><img loading=\"lazy\" decoding=\"async\" class=\"alignnone size-medium wp-image-1245\" src=\"http:\/\/blog.meineigenerweg.de\/wp-content\/uploads\/2014\/04\/Gelsenkirchen_Fl\u00f6z_Dickebank_14_04_055-300x200.jpg\" alt=\"Gelsenkirchen_Fl\u00f6z_Dickebank_14_04_055\" width=\"300\" height=\"200\" srcset=\"http:\/\/blog.meineigenerweg.de\/wp-content\/uploads\/2014\/04\/Gelsenkirchen_Fl\u00f6z_Dickebank_14_04_055-300x200.jpg 300w, http:\/\/blog.meineigenerweg.de\/wp-content\/uploads\/2014\/04\/Gelsenkirchen_Fl\u00f6z_Dickebank_14_04_055.jpg 1000w\" sizes=\"auto, (max-width: 300px) 100vw, 300px\" \/><\/a><br \/>\nDoppel- und Vierfamilienh\u00e4user mit gro\u00dfen G\u00e4rten,<br \/>\n<a href=\"http:\/\/blog.meineigenerweg.de\/wp-content\/uploads\/2014\/04\/Gelsenkirchen_Fl\u00f6z_Dickebank_14_04_030.jpg\"><img loading=\"lazy\" decoding=\"async\" class=\"alignnone size-medium wp-image-1247\" src=\"http:\/\/blog.meineigenerweg.de\/wp-content\/uploads\/2014\/04\/Gelsenkirchen_Fl\u00f6z_Dickebank_14_04_030-300x200.jpg\" alt=\"Gelsenkirchen_Fl\u00f6z_Dickebank_14_04_030\" width=\"300\" height=\"200\" srcset=\"http:\/\/blog.meineigenerweg.de\/wp-content\/uploads\/2014\/04\/Gelsenkirchen_Fl\u00f6z_Dickebank_14_04_030-300x200.jpg 300w, http:\/\/blog.meineigenerweg.de\/wp-content\/uploads\/2014\/04\/Gelsenkirchen_Fl\u00f6z_Dickebank_14_04_030.jpg 1000w\" sizes=\"auto, (max-width: 300px) 100vw, 300px\" \/><\/a><br \/>\n<a href=\"http:\/\/blog.meineigenerweg.de\/wp-content\/uploads\/2014\/04\/Gelsenkirchen_Fl\u00f6z_Dickebank_14_04_036.jpg\"><img loading=\"lazy\" decoding=\"async\" class=\"alignnone size-medium wp-image-1250\" src=\"http:\/\/blog.meineigenerweg.de\/wp-content\/uploads\/2014\/04\/Gelsenkirchen_Fl\u00f6z_Dickebank_14_04_036-300x200.jpg\" alt=\"Gelsenkirchen_Fl\u00f6z_Dickebank_14_04_036\" width=\"300\" height=\"200\" srcset=\"http:\/\/blog.meineigenerweg.de\/wp-content\/uploads\/2014\/04\/Gelsenkirchen_Fl\u00f6z_Dickebank_14_04_036-300x200.jpg 300w, http:\/\/blog.meineigenerweg.de\/wp-content\/uploads\/2014\/04\/Gelsenkirchen_Fl\u00f6z_Dickebank_14_04_036.jpg 1000w\" sizes=\"auto, (max-width: 300px) 100vw, 300px\" \/><\/a><br \/>\nmit Klappen durch die die Kohle f\u00fcr die \u00d6fen in die Keller gesch\u00fcttet wurden,<br \/>\n<a href=\"http:\/\/blog.meineigenerweg.de\/wp-content\/uploads\/2014\/04\/Gelsenkirchen_Fl\u00f6z_Dickebank_14_04_052.jpg\"><img loading=\"lazy\" decoding=\"async\" class=\"alignnone size-medium wp-image-1248\" src=\"http:\/\/blog.meineigenerweg.de\/wp-content\/uploads\/2014\/04\/Gelsenkirchen_Fl\u00f6z_Dickebank_14_04_052-300x200.jpg\" alt=\"Gelsenkirchen_Fl\u00f6z_Dickebank_14_04_052\" width=\"300\" height=\"200\" srcset=\"http:\/\/blog.meineigenerweg.de\/wp-content\/uploads\/2014\/04\/Gelsenkirchen_Fl\u00f6z_Dickebank_14_04_052-300x200.jpg 300w, http:\/\/blog.meineigenerweg.de\/wp-content\/uploads\/2014\/04\/Gelsenkirchen_Fl\u00f6z_Dickebank_14_04_052.jpg 1000w\" sizes=\"auto, (max-width: 300px) 100vw, 300px\" \/><\/a><br \/>\nund Schuppen f\u00fcr die Kaninchen f\u00fcr den Feiertagsbraten.<br \/>\n<a href=\"http:\/\/blog.meineigenerweg.de\/wp-content\/uploads\/2014\/04\/Gelsenkirchen_Fl\u00f6z_Dickebank_14_04_077.jpg\"><img loading=\"lazy\" decoding=\"async\" class=\"alignnone size-medium wp-image-1249\" src=\"http:\/\/blog.meineigenerweg.de\/wp-content\/uploads\/2014\/04\/Gelsenkirchen_Fl\u00f6z_Dickebank_14_04_077-300x200.jpg\" alt=\"Gelsenkirchen_Fl\u00f6z_Dickebank_14_04_077\" width=\"300\" height=\"200\" srcset=\"http:\/\/blog.meineigenerweg.de\/wp-content\/uploads\/2014\/04\/Gelsenkirchen_Fl\u00f6z_Dickebank_14_04_077-300x200.jpg 300w, http:\/\/blog.meineigenerweg.de\/wp-content\/uploads\/2014\/04\/Gelsenkirchen_Fl\u00f6z_Dickebank_14_04_077.jpg 1000w\" sizes=\"auto, (max-width: 300px) 100vw, 300px\" \/><\/a><\/p>\n<p>\u00dcber allem liegt eine sonnt\u00e4gliche Ruhe, ab und zu kommt uns eine Frau mit Einkaufstaschen entgegen, hier und da werkelt jemand in seinem Garten.\u00a0Doch die Idylle tr\u00fcgt, denn\u00a01972 hat der Rat der Stadt Gelsenkirchen beschlossen, die Siedlung abzurei\u00dfen und stattdessen 12-geschossige Hochh\u00e4user zu errichten.<\/p>\n<p>Dramatisch, aber 40 Jahre her und die alten H\u00e4user stehen ja noch. Da waren die B\u00fcrgerinitiativen wohl erfolgreich.<\/p>\n<p>Dachte ich, bis uns eine \u00e4ltere Dame, die vor ihrem Haus in der Sonne stand, ansprach. Freundlich und neugierig fragte sie uns,\u00a0was wir denn hier tun und\u00a0warum wir fotografieren. Diese Frage war die Einleitung f\u00fcr ein bewegendes Gespr\u00e4ch mit ihr. Sie erz\u00e4hlte uns mit einer tiefen Betroffenheit von dem Auf und Ab ihres gemeinsamen Kampfes um den Erhalt der kleinen Bergarbeitersiedlung. Von der \u00dcberheblichkeit des Wohnungsunternehmens, den Seilschaften der &#8222;grauen Alten&#8220; in der Stadt, ihrem sozialpolitischen Erwachen als Mitglieder der B\u00fcrgerinitiative und von dem bereichernden, t\u00e4glichen Lernprozess im Baurecht, in Verhandlungsf\u00fchrung, Kongressorganisation, im ministeriellen Arbeitskreis und nicht zu Letzt als Ziel von Intrigen.<\/p>\n<p>Sie erlebte jahrelang die Anfeindungen vom eigenen Arbeitgeber, der mit dem Wohnungsbauunternehmen verbunden war. Sie war tief entt\u00e4uscht, dass die Siedlung nicht durch die eigens daf\u00fcr gegr\u00fcndete Mietergenossenschaft gekauft werden konnte. &#8222;Wir haben uns \u00fcber viele Jahre\u00a0f\u00fcr unsere Siedlung\u00a0engagiert, waren mehr auf der Stra\u00dfe als zu Hause. Vieler der\u00a0&#8218;alten K\u00e4mpfer&#8216; leben nicht mehr und den neuen Mietern ist es egal. So nach und nach verf\u00e4llt hier alles. Wir haben f\u00fcr unsere Siedlung gek\u00e4mpft\u00a0und\u00a0es hat uns\u00a0sehr viel gekostet.&#8220;<\/p>\n<p>Was 1972 als ein Fanal f\u00fcr eine emanzipatorische Bewegung von Mietern im Ruhrgebiet begann, findet m\u00f6glicherweise jetzt sein unr\u00fchmliches und trauriges Ende.\u00a0Als einer der\u00a0wichtigen Orte unserer Heimat steht die Bergarbeitersiedlung Fl\u00f6z Dickebank seit 2008\u00a0unter <span style=\"color: #0000ff;\"><a href=\"http:\/\/www.dropbox.com\/s\/q11mwz5v64mxcum\/Gestaltungsfibel_Dickebank.pdf\" target=\"_blank\" rel=\"noopener noreferrer\"><span style=\"color: #0000ff;\"><span style=\"text-decoration: underline;\">Denkmalschutz<\/span><\/span><\/a><\/span>.\u00a0Als letzten, entt\u00e4uschenden Schritt verkauft die Deutsche Annington die ganze Siedlung am 1. September 2012\u00a0an die H\u00e4usser-Bau GmbH, die die H\u00e4user Zug um Zug absto\u00dfen will. Aber heute will scheinbar niemand mehr eine Haus hier kaufen, denn an einigen H\u00e4usern sahen wir Verkaufsangebote, die von innen an die Fensterscheiben geklebt waren. Dahinter leere R\u00e4ume, das Datum auf den Angeboten war schon \u00fcber ein Jahr alt.<\/p>\n<p><em>Meine Wertung: <span style=\"color: #ff0000;\">***<\/span>** gut<\/em><br \/>\n<em>Fl\u00f6z Dickebank<\/em><br \/>\n<em>Gelsenkirchen<\/em><br \/>\n<em>Text von <span style=\"color: #0000ff;\"><a href=\"http:\/\/www.gutaufgestellt.de\" target=\"_blank\" rel=\"noopener noreferrer\"><span style=\"color: #0000ff;\"><span style=\"text-decoration: underline;\">Udo<\/span><\/span><\/a><\/span> und mir<\/em><\/p>\n","protected":false},"excerpt":{"rendered":"<p>03.04.2014 Heute machen Udo und ich uns bei strahlendem Sonnenschein mit den R\u00e4dern auf den Weg nach Gelsenkirchen. Ein bisschen Sentimental Journey, denn fr\u00fcher, in den 50ziger und 60ziger Jahren, haben wir\u00a0hier gewohnt. Ich in \u00dcckendorf und Udo in Wattenscheid-G\u00fcnnigfeld. Fr\u00fcher, als es noch die Zechen Rheinelbe und\u00a0Alma gab und<\/p>\n","protected":false},"author":1,"featured_media":1278,"parent":1809,"menu_order":0,"comment_status":"closed","ping_status":"closed","template":"","meta":{"footnotes":""},"class_list":["post-1226","page","type-page","status-publish","has-post-thumbnail","hentry"],"_links":{"self":[{"href":"http:\/\/blog.meineigenerweg.de\/index.php?rest_route=\/wp\/v2\/pages\/1226","targetHints":{"allow":["GET"]}}],"collection":[{"href":"http:\/\/blog.meineigenerweg.de\/index.php?rest_route=\/wp\/v2\/pages"}],"about":[{"href":"http:\/\/blog.meineigenerweg.de\/index.php?rest_route=\/wp\/v2\/types\/page"}],"author":[{"embeddable":true,"href":"http:\/\/blog.meineigenerweg.de\/index.php?rest_route=\/wp\/v2\/users\/1"}],"replies":[{"embeddable":true,"href":"http:\/\/blog.meineigenerweg.de\/index.php?rest_route=%2Fwp%2Fv2%2Fcomments&post=1226"}],"version-history":[{"count":24,"href":"http:\/\/blog.meineigenerweg.de\/index.php?rest_route=\/wp\/v2\/pages\/1226\/revisions"}],"predecessor-version":[{"id":5888,"href":"http:\/\/blog.meineigenerweg.de\/index.php?rest_route=\/wp\/v2\/pages\/1226\/revisions\/5888"}],"up":[{"embeddable":true,"href":"http:\/\/blog.meineigenerweg.de\/index.php?rest_route=\/wp\/v2\/pages\/1809"}],"wp:featuredmedia":[{"embeddable":true,"href":"http:\/\/blog.meineigenerweg.de\/index.php?rest_route=\/wp\/v2\/media\/1278"}],"wp:attachment":[{"href":"http:\/\/blog.meineigenerweg.de\/index.php?rest_route=%2Fwp%2Fv2%2Fmedia&parent=1226"}],"curies":[{"name":"wp","href":"https:\/\/api.w.org\/{rel}","templated":true}]}}