{"id":1151,"date":"2014-03-26T22:22:21","date_gmt":"2014-03-26T21:22:21","guid":{"rendered":"http:\/\/blog.meineigenerweg.de\/?page_id=1151"},"modified":"2019-03-28T22:19:43","modified_gmt":"2019-03-28T21:19:43","slug":"gelsenkirchen-zeche-consol","status":"publish","type":"page","link":"http:\/\/blog.meineigenerweg.de\/?page_id=1151","title":{"rendered":"Gelsenkirchen &#8211; Zeche Consol ***"},"content":{"rendered":"<p>26.03.2014<\/p>\n<p>Zeche <span style=\"color: #0000ff;\"><a href=\"http:\/\/www.ruhrgebiet-industriekultur.de\/zeche-consol.html\" target=\"_blank\" rel=\"noopener noreferrer\"><span style=\"color: #0000ff;\"><span style=\"text-decoration: underline;\">Consolidation<\/span><\/span><\/a><\/span> Schacht 3 \/ 4 \/ 9\u00a0&#8211; Gelsenkirchen-Bismarck. Offiziell hei\u00dft sie Consolidation, aber die Menschen, die hier leben und arbeiteten, nennen sie einfach nur Consol.<\/p>\n<p>Die\u00a0Vorgeschichte des Steinkohleabbau an dieser Stelle l\u00e4sst sich\u00a0bis 1848 zur\u00fcckverfolgen. Bereits 1871 wurde hier Schacht 3 in Betrieb genommen, 1895\u00a0Schacht 4 und 1922 Schacht 9.<\/p>\n<p>Zur Bl\u00fctezeit des Bergbaus\u00a0arbeiteten hier\u00a05800 Mitarbeitern im 4-Schicht-Betrieb. J\u00e4hrlich wurden bis zu\u00a03.400.000 Tonnen Kohle gef\u00f6rdert. Der tiefste Schacht reichte bis auf 1200 mtr unter Tage.<\/p>\n<p>1993 wurde die F\u00f6rderung auf Consolidation 3 \/ 4 \/ 9 eingestellt.<\/p>\n<p>Von der einstigen Betriebsamkeit, den vielen Menschen, dem L\u00e4rm der Loren, den sich drehenden R\u00e4dern auf den F\u00f6rdert\u00fcrmen ist nichts mehr zu sp\u00fcren. Der Geruch der Maschinen, von Diesel und Schmier\u00f6l ist verflogen. Der allgegenw\u00e4rtige Kohlestaub ist l\u00e4ngst verweht. Die Bedeutungslosigkeit\u00a0ist offensichtlich, das gesch\u00e4ftige Treiben hat sich auf die gegen\u00fcberliegende Shopping-Mall verlagert.\u00a0Um die verbleibende kleine Anlage herum ist auf\u00a0ehemals riesigen Werksgel\u00e4nde ein Park entstanden, wenige Menschen finden die Mu\u00dfe ihn zu nutzen.<br \/>\n<a href=\"http:\/\/blog.meineigenerweg.de\/wp-content\/uploads\/2014\/03\/Gelsenkirchen_Zeche_Consol_14_03_053.jpg\"><img loading=\"lazy\" decoding=\"async\" class=\"alignnone size-medium wp-image-1170\" src=\"http:\/\/blog.meineigenerweg.de\/wp-content\/uploads\/2014\/03\/Gelsenkirchen_Zeche_Consol_14_03_053-300x200.jpg\" alt=\"Gelsenkirchen_Zeche_Consol_14_03_053\" width=\"300\" height=\"200\" srcset=\"http:\/\/blog.meineigenerweg.de\/wp-content\/uploads\/2014\/03\/Gelsenkirchen_Zeche_Consol_14_03_053-300x200.jpg 300w, http:\/\/blog.meineigenerweg.de\/wp-content\/uploads\/2014\/03\/Gelsenkirchen_Zeche_Consol_14_03_053.jpg 1000w\" sizes=\"auto, (max-width: 300px) 100vw, 300px\" \/><\/a><br \/>\nDie eigentliche Zeche auf wenige Geb\u00e4ude geschrumpft. Der\u00a0F\u00f6rderturm von Schacht drei ist verschwunden. Wie ein Mahnmal ragt\u00a0der kalte und abweisende Beton-F\u00f6rderturm von Schacht 4 in den Himmel.<br \/>\n<a href=\"http:\/\/blog.meineigenerweg.de\/wp-content\/uploads\/2014\/03\/Gelsenkirchen_Zeche_Consol_14_03_001.jpg\"><img loading=\"lazy\" decoding=\"async\" class=\"alignnone size-medium wp-image-1174\" src=\"http:\/\/blog.meineigenerweg.de\/wp-content\/uploads\/2014\/03\/Gelsenkirchen_Zeche_Consol_14_03_001-300x200.jpg\" alt=\"Gelsenkirchen_Zeche_Consol_14_03_001\" width=\"300\" height=\"200\" srcset=\"http:\/\/blog.meineigenerweg.de\/wp-content\/uploads\/2014\/03\/Gelsenkirchen_Zeche_Consol_14_03_001-300x200.jpg 300w, http:\/\/blog.meineigenerweg.de\/wp-content\/uploads\/2014\/03\/Gelsenkirchen_Zeche_Consol_14_03_001.jpg 1000w\" sizes=\"auto, (max-width: 300px) 100vw, 300px\" \/><\/a><br \/>\nIn den Geb\u00e4uden um Schacht 4\u00a0ist auch das <span style=\"color: #0000ff;\"><a href=\"http:\/\/www.consoltheater.de\/\" target=\"_blank\" rel=\"noopener noreferrer\"><span style=\"color: #0000ff;\"><span style=\"text-decoration: underline;\">Consol-Theater<\/span><\/span><\/a><\/span>, ein Kinder- und Jugendtheater, untergebracht.<br \/>\n<a href=\"http:\/\/blog.meineigenerweg.de\/wp-content\/uploads\/2014\/03\/Gelsenkirchen_Zeche_Consol_14_03_013.jpg\"><img loading=\"lazy\" decoding=\"async\" class=\"alignnone size-medium wp-image-1178\" src=\"http:\/\/blog.meineigenerweg.de\/wp-content\/uploads\/2014\/03\/Gelsenkirchen_Zeche_Consol_14_03_013-300x198.jpg\" alt=\"Gelsenkirchen_Zeche_Consol_14_03_013\" width=\"300\" height=\"198\" srcset=\"http:\/\/blog.meineigenerweg.de\/wp-content\/uploads\/2014\/03\/Gelsenkirchen_Zeche_Consol_14_03_013-300x198.jpg 300w, http:\/\/blog.meineigenerweg.de\/wp-content\/uploads\/2014\/03\/Gelsenkirchen_Zeche_Consol_14_03_013.jpg 1000w\" sizes=\"auto, (max-width: 300px) 100vw, 300px\" \/><\/a><br \/>\nDer st\u00e4hlerne F\u00f6rderturm Schacht 9 aber weckt Erinnerungen ein sich drehende R\u00e4der und\u00a0F\u00f6rderk\u00f6rbe.<br \/>\n<a href=\"http:\/\/blog.meineigenerweg.de\/wp-content\/uploads\/2014\/03\/Gelsenkirchen_Zeche_Consol_14_03_004.jpg\"><img loading=\"lazy\" decoding=\"async\" class=\"alignnone size-medium wp-image-1176\" src=\"http:\/\/blog.meineigenerweg.de\/wp-content\/uploads\/2014\/03\/Gelsenkirchen_Zeche_Consol_14_03_004-300x200.jpg\" alt=\"Gelsenkirchen_Zeche_Consol_14_03_004\" width=\"300\" height=\"200\" srcset=\"http:\/\/blog.meineigenerweg.de\/wp-content\/uploads\/2014\/03\/Gelsenkirchen_Zeche_Consol_14_03_004-300x200.jpg 300w, http:\/\/blog.meineigenerweg.de\/wp-content\/uploads\/2014\/03\/Gelsenkirchen_Zeche_Consol_14_03_004.jpg 1000w\" sizes=\"auto, (max-width: 300px) 100vw, 300px\" \/><\/a><\/p>\n<p>Aber je n\u00e4her ich zu dem Geb\u00e4ude von Schacht 9 gekommen bin, desto ern\u00fcchternder war der Anblick, denn der Verfall ist allgegenw\u00e4rtig und es macht sich in mir eine gewissen Beklommenheit breit.<br \/>\n<a href=\"http:\/\/blog.meineigenerweg.de\/wp-content\/uploads\/2014\/03\/Gelsenkirchen_Zeche_Consol_14_03_026.jpg\"><img loading=\"lazy\" decoding=\"async\" class=\"alignnone size-medium wp-image-1185\" src=\"http:\/\/blog.meineigenerweg.de\/wp-content\/uploads\/2014\/03\/Gelsenkirchen_Zeche_Consol_14_03_026-300x200.jpg\" alt=\"Gelsenkirchen_Zeche_Consol_14_03_026\" width=\"300\" height=\"200\" srcset=\"http:\/\/blog.meineigenerweg.de\/wp-content\/uploads\/2014\/03\/Gelsenkirchen_Zeche_Consol_14_03_026-300x200.jpg 300w, http:\/\/blog.meineigenerweg.de\/wp-content\/uploads\/2014\/03\/Gelsenkirchen_Zeche_Consol_14_03_026.jpg 1000w\" sizes=\"auto, (max-width: 300px) 100vw, 300px\" \/><\/a><br \/>\nDer Imposante F\u00f6rderturm\u00a0steht \u00fcber einer Halle die vom Verfall gekennzeichnet ist.<br \/>\n<a href=\"http:\/\/blog.meineigenerweg.de\/wp-content\/uploads\/2014\/03\/Gelsenkirchen_Zeche_Consol_14_03_024.jpg\"><img loading=\"lazy\" decoding=\"async\" class=\"alignnone wp-image-1184\" src=\"http:\/\/blog.meineigenerweg.de\/wp-content\/uploads\/2014\/03\/Gelsenkirchen_Zeche_Consol_14_03_024-300x200.jpg\" alt=\"Gelsenkirchen_Zeche_Consol_14_03_024\" width=\"300\" height=\"200\" srcset=\"http:\/\/blog.meineigenerweg.de\/wp-content\/uploads\/2014\/03\/Gelsenkirchen_Zeche_Consol_14_03_024-300x200.jpg 300w, http:\/\/blog.meineigenerweg.de\/wp-content\/uploads\/2014\/03\/Gelsenkirchen_Zeche_Consol_14_03_024.jpg 1000w\" sizes=\"auto, (max-width: 300px) 100vw, 300px\" \/><\/a><br \/>\n<a href=\"http:\/\/blog.meineigenerweg.de\/wp-content\/uploads\/2014\/03\/Gelsenkirchen_Zeche_Consol_14_03_044.jpg\"><img loading=\"lazy\" decoding=\"async\" class=\"alignnone size-medium wp-image-1186\" src=\"http:\/\/blog.meineigenerweg.de\/wp-content\/uploads\/2014\/03\/Gelsenkirchen_Zeche_Consol_14_03_044-300x200.jpg\" alt=\"Gelsenkirchen_Zeche_Consol_14_03_044\" width=\"300\" height=\"200\" srcset=\"http:\/\/blog.meineigenerweg.de\/wp-content\/uploads\/2014\/03\/Gelsenkirchen_Zeche_Consol_14_03_044-300x200.jpg 300w, http:\/\/blog.meineigenerweg.de\/wp-content\/uploads\/2014\/03\/Gelsenkirchen_Zeche_Consol_14_03_044.jpg 1000w\" sizes=\"auto, (max-width: 300px) 100vw, 300px\" \/><\/a><br \/>\nAls ich hier mit meinem Fotoapparat stand, sprach mich ein \u00e4lterer Mann an und fragte, ob ich denn wisse, was ich da fotografiere. Ohne meine Antwort abzuwarten, erz\u00e4hlte er mir, das in dieser Halle<br \/>\n<a href=\"http:\/\/blog.meineigenerweg.de\/wp-content\/uploads\/2014\/03\/Gelsenkirchen_Zeche_Consol_14_03_050.jpg\"><img loading=\"lazy\" decoding=\"async\" class=\"alignnone size-medium wp-image-1188\" src=\"http:\/\/blog.meineigenerweg.de\/wp-content\/uploads\/2014\/03\/Gelsenkirchen_Zeche_Consol_14_03_050-300x200.jpg\" alt=\"Gelsenkirchen_Zeche_Consol_14_03_050\" width=\"300\" height=\"200\" srcset=\"http:\/\/blog.meineigenerweg.de\/wp-content\/uploads\/2014\/03\/Gelsenkirchen_Zeche_Consol_14_03_050-300x200.jpg 300w, http:\/\/blog.meineigenerweg.de\/wp-content\/uploads\/2014\/03\/Gelsenkirchen_Zeche_Consol_14_03_050.jpg 1000w\" sizes=\"auto, (max-width: 300px) 100vw, 300px\" \/><\/a><br \/>\nfr\u00fcher die vollen\u00a0Loren mit der Kohle hochgef\u00f6rdert wurden und innerhalb der Halle auf einem Schienenkranz gefahren und entladen wurden und\u00a0die leeren Loren\u00a0wieder unter Tage transportiert wurden. Er erz\u00e4hlte von Z\u00fcgen und Lastern mit denen die Kohle abtransportiert wurde, von der Kohlenw\u00e4sche in der Gestein von der Kohle getrennt wurde, von der Sortierung der\u00a0Kohleklumpen, die kleinen\u00a0f\u00fcr den Hausbrand und gro\u00dfen f\u00fcr die Befeuerung in Eisenbahnen und Schiffen. Er erinnerte sich an Schichtbeginn und Schichtende, wenn \u00fcber 1000 Kumpel gleichzeitig am Pf\u00f6rtnerhaus ihre kleinen Blechmarken mit der Personalnummer\u00a0registriert lie\u00dfen und die Waschkauen bev\u00f6lkerten. Ich habe ihm gerne zugeh\u00f6rt, er hatte sehr viel Erfahrung und war ein am\u00fcsanter Erz\u00e4hler. Auch wenn manche Geschichten in der Erinnerung sch\u00f6ner sind als das wahre Leben. Er war bereits 1954 als Lehrling &#8222;auf Consol&#8220; und seine ersten Monate verbrachte er damit an einem F\u00f6rderband zu stehen, Gesteinsklumpen aus der vor ihm vorbeilaufenden Kohle herauszugreifen und hinter sich zu schmei\u00dfen. Er lachte \u00fcber diese Arbeit, aber sie war bestimmt eint\u00f6nig und schwer f\u00fcr einen 14j\u00e4hrigen Jungen.<br \/>\nDa geht er hin mit seiner Einkaufst\u00fcte und seinem gro\u00dfen Rucksack\u00a0voll Erinnerungen.<br \/>\n<a href=\"http:\/\/blog.meineigenerweg.de\/wp-content\/uploads\/2014\/03\/Gelsenkirchen_Zeche_Consol_14_03_052.jpg\"><img loading=\"lazy\" decoding=\"async\" class=\"alignnone size-medium wp-image-1189\" src=\"http:\/\/blog.meineigenerweg.de\/wp-content\/uploads\/2014\/03\/Gelsenkirchen_Zeche_Consol_14_03_052-300x200.jpg\" alt=\"Gelsenkirchen_Zeche_Consol_14_03_052\" width=\"300\" height=\"200\" srcset=\"http:\/\/blog.meineigenerweg.de\/wp-content\/uploads\/2014\/03\/Gelsenkirchen_Zeche_Consol_14_03_052-300x200.jpg 300w, http:\/\/blog.meineigenerweg.de\/wp-content\/uploads\/2014\/03\/Gelsenkirchen_Zeche_Consol_14_03_052.jpg 1000w\" sizes=\"auto, (max-width: 300px) 100vw, 300px\" \/><\/a><\/p>\n<p><em>Meine Wertung: <span style=\"color: #ff0000;\">***<\/span>** gut<\/em><br \/>\n<em>Bismarkstra\u00dfe<\/em><br \/>\n<em>Gelsenkirchen<\/em><\/p>\n","protected":false},"excerpt":{"rendered":"<p>26.03.2014 Zeche Consolidation Schacht 3 \/ 4 \/ 9\u00a0&#8211; Gelsenkirchen-Bismarck. Offiziell hei\u00dft sie Consolidation, aber die Menschen, die hier leben und arbeiteten, nennen sie einfach nur Consol. Die\u00a0Vorgeschichte des Steinkohleabbau an dieser Stelle l\u00e4sst sich\u00a0bis 1848 zur\u00fcckverfolgen. Bereits 1871 wurde hier Schacht 3 in Betrieb genommen, 1895\u00a0Schacht 4 und 1922<\/p>\n","protected":false},"author":1,"featured_media":1171,"parent":1809,"menu_order":0,"comment_status":"closed","ping_status":"closed","template":"","meta":{"footnotes":""},"class_list":["post-1151","page","type-page","status-publish","has-post-thumbnail","hentry"],"_links":{"self":[{"href":"http:\/\/blog.meineigenerweg.de\/index.php?rest_route=\/wp\/v2\/pages\/1151","targetHints":{"allow":["GET"]}}],"collection":[{"href":"http:\/\/blog.meineigenerweg.de\/index.php?rest_route=\/wp\/v2\/pages"}],"about":[{"href":"http:\/\/blog.meineigenerweg.de\/index.php?rest_route=\/wp\/v2\/types\/page"}],"author":[{"embeddable":true,"href":"http:\/\/blog.meineigenerweg.de\/index.php?rest_route=\/wp\/v2\/users\/1"}],"replies":[{"embeddable":true,"href":"http:\/\/blog.meineigenerweg.de\/index.php?rest_route=%2Fwp%2Fv2%2Fcomments&post=1151"}],"version-history":[{"count":23,"href":"http:\/\/blog.meineigenerweg.de\/index.php?rest_route=\/wp\/v2\/pages\/1151\/revisions"}],"predecessor-version":[{"id":5912,"href":"http:\/\/blog.meineigenerweg.de\/index.php?rest_route=\/wp\/v2\/pages\/1151\/revisions\/5912"}],"up":[{"embeddable":true,"href":"http:\/\/blog.meineigenerweg.de\/index.php?rest_route=\/wp\/v2\/pages\/1809"}],"wp:featuredmedia":[{"embeddable":true,"href":"http:\/\/blog.meineigenerweg.de\/index.php?rest_route=\/wp\/v2\/media\/1171"}],"wp:attachment":[{"href":"http:\/\/blog.meineigenerweg.de\/index.php?rest_route=%2Fwp%2Fv2%2Fmedia&parent=1151"}],"curies":[{"name":"wp","href":"https:\/\/api.w.org\/{rel}","templated":true}]}}