{"id":10875,"date":"2026-03-28T12:24:26","date_gmt":"2026-03-28T11:24:26","guid":{"rendered":"http:\/\/blog.meineigenerweg.de\/?page_id=10875"},"modified":"2026-03-29T10:49:54","modified_gmt":"2026-03-29T09:49:54","slug":"darmstadt-krippenspiel-im-kuhstall","status":"publish","type":"page","link":"http:\/\/blog.meineigenerweg.de\/?page_id=10875","title":{"rendered":"Darmstadt &#8211; Krippenspiel im Kuhstall ****"},"content":{"rendered":"<p>Dezember 2025<\/p>\n<p>&nbsp;<\/p>\n<p data-path-to-node=\"3\"><strong>Weihnachten dort, wo alles begann: Das Krippenspiel im Kuhstall<\/strong><\/p>\n<p data-path-to-node=\"4\">Der \u00dcberlieferung nach liegt die Geburt Jesu nun \u00fcber 2000 Jahre zur\u00fcck \u2013 ein Ereignis, das in einem einfachen Stall zwischen Schafen, Eseln und K\u00fchen stattfand. Was liegt also n\u00e4her, als das traditionelle Krippenspiel genau dorthin zur\u00fcckzuverlegen, wo die Geschichte ihre Wurzeln hat? Auf dem <span style=\"color: #000080;\"><a style=\"color: #000080;\" href=\"https:\/\/www.landwirtschaft-oberfeld.de\/\" target=\"_blank\" rel=\"noopener noreferrer\"><span style=\"text-decoration: underline;\">Hofgut Oberfeld<\/span><\/a>\u00a0<\/span>bei Darmstadt kann man dieses Geschehen jedes Jahr hautnah und unverf\u00e4lscht miterleben.<\/p>\n<p data-path-to-node=\"5\">Ein Erlebnis f\u00fcr alle Sinne<\/p>\n<p data-path-to-node=\"6\">Inmitten eines gro\u00dfen Laufstalls, umgeben von sichtlich entspannten K\u00fchen, wird die Weihnachtsgeschichte lebendig. Besonders auf die Kinder \u00fcbt diese Kulisse eine fast magische Faszination aus: Gebannt verfolgen sie die Auff\u00fchrung, w\u00e4hrend der Duft von frischem Heu und die wohlige W\u00e4rme der Tiere den Raum erf\u00fcllen.<\/p>\n<p data-path-to-node=\"7\">Neugierige Zuschauer auf vier Pfoten<\/p>\n<p data-path-to-node=\"8\">Doch nicht nur die Menschen sind hingerissen \u2013 auch die tierischen Bewohner schauen sich das Spektakel mit gro\u00dfer Neugier an. Hin und wieder mischt sich ein zustimmendes Muhen unter die Lieder, und das eine oder andere Kalb h\u00fcpft vor lauter Aufregung durch das Stroh. Es ist diese ungezwungene Lebendigkeit, die das Krippenspiel auf dem Hofgut zu einem unvergesslichen Erlebnis f\u00fcr die ganze Familie macht.<\/p>\n<p><a href=\"http:\/\/blog.meineigenerweg.de\/wp-content\/uploads\/2026\/03\/Geb_Weihnachten_Darmstadt_25_12_109.jpg\"><img loading=\"lazy\" decoding=\"async\" class=\"alignnone size-medium wp-image-10871\" src=\"http:\/\/blog.meineigenerweg.de\/wp-content\/uploads\/2026\/03\/Geb_Weihnachten_Darmstadt_25_12_109-300x225.jpg\" alt=\"\" width=\"300\" height=\"225\" srcset=\"http:\/\/blog.meineigenerweg.de\/wp-content\/uploads\/2026\/03\/Geb_Weihnachten_Darmstadt_25_12_109-300x225.jpg 300w, http:\/\/blog.meineigenerweg.de\/wp-content\/uploads\/2026\/03\/Geb_Weihnachten_Darmstadt_25_12_109-768x576.jpg 768w, http:\/\/blog.meineigenerweg.de\/wp-content\/uploads\/2026\/03\/Geb_Weihnachten_Darmstadt_25_12_109.jpg 1000w\" sizes=\"auto, (max-width: 300px) 100vw, 300px\" \/><\/a><\/p>\n<p>&nbsp;<\/p>\n<p><em>Meine Wertung: <span style=\"color: #ff0000;\">****<\/span>* sehenswert (fr\u00fch genug anreisen, es ist voll)<\/em><br \/>\n<em>Hofgut Oberfeld Landwirtschaft AG <\/em><br \/>\n<em>Erbacher Stra\u00dfe 125 <\/em><br \/>\n<em>64287 Darmstadt<\/em><\/p>\n<p>&nbsp;<\/p>\n","protected":false},"excerpt":{"rendered":"<p>Dezember 2025 &nbsp; Weihnachten dort, wo alles begann: Das Krippenspiel im Kuhstall Der \u00dcberlieferung nach liegt die Geburt Jesu nun \u00fcber 2000 Jahre zur\u00fcck \u2013 ein Ereignis, das in einem einfachen Stall zwischen Schafen, Eseln und K\u00fchen stattfand. Was liegt also n\u00e4her, als das traditionelle Krippenspiel genau dorthin zur\u00fcckzuverlegen, wo<\/p>\n","protected":false},"author":1,"featured_media":10878,"parent":10880,"menu_order":0,"comment_status":"closed","ping_status":"closed","template":"","meta":{"footnotes":""},"class_list":["post-10875","page","type-page","status-publish","has-post-thumbnail","hentry"],"_links":{"self":[{"href":"http:\/\/blog.meineigenerweg.de\/index.php?rest_route=\/wp\/v2\/pages\/10875","targetHints":{"allow":["GET"]}}],"collection":[{"href":"http:\/\/blog.meineigenerweg.de\/index.php?rest_route=\/wp\/v2\/pages"}],"about":[{"href":"http:\/\/blog.meineigenerweg.de\/index.php?rest_route=\/wp\/v2\/types\/page"}],"author":[{"embeddable":true,"href":"http:\/\/blog.meineigenerweg.de\/index.php?rest_route=\/wp\/v2\/users\/1"}],"replies":[{"embeddable":true,"href":"http:\/\/blog.meineigenerweg.de\/index.php?rest_route=%2Fwp%2Fv2%2Fcomments&post=10875"}],"version-history":[{"count":3,"href":"http:\/\/blog.meineigenerweg.de\/index.php?rest_route=\/wp\/v2\/pages\/10875\/revisions"}],"predecessor-version":[{"id":10879,"href":"http:\/\/blog.meineigenerweg.de\/index.php?rest_route=\/wp\/v2\/pages\/10875\/revisions\/10879"}],"up":[{"embeddable":true,"href":"http:\/\/blog.meineigenerweg.de\/index.php?rest_route=\/wp\/v2\/pages\/10880"}],"wp:featuredmedia":[{"embeddable":true,"href":"http:\/\/blog.meineigenerweg.de\/index.php?rest_route=\/wp\/v2\/media\/10878"}],"wp:attachment":[{"href":"http:\/\/blog.meineigenerweg.de\/index.php?rest_route=%2Fwp%2Fv2%2Fmedia&parent=10875"}],"curies":[{"name":"wp","href":"https:\/\/api.w.org\/{rel}","templated":true}]}}