{"id":10183,"date":"2025-01-30T18:49:32","date_gmt":"2025-01-30T17:49:32","guid":{"rendered":"http:\/\/blog.meineigenerweg.de\/?page_id=10183"},"modified":"2025-01-30T18:53:20","modified_gmt":"2025-01-30T17:53:20","slug":"essen-ruhrmuseum","status":"publish","type":"page","link":"http:\/\/blog.meineigenerweg.de\/?page_id=10183","title":{"rendered":"Essen &#8211; Ruhrmuseum ***"},"content":{"rendered":"<p>Januar 2025<\/p>\n<p>&nbsp;<\/p>\n<p>Ein Besuch der <span style=\"color: #0000ff;\"><a href=\"https:\/\/www.zollverein.de\/\" target=\"_blank\" rel=\"noopener noreferrer\"><span style=\"color: #0000ff;\"><span style=\"text-decoration: underline;\">Zeche Zollverein<\/span><\/span><\/a><\/span> in Essen lohnt sich immer. Sehr empfehlenswert ist \u00fcbrigens eine F\u00fchrung durch die Anlage, bei der man sehr viel Interessantes und Spannendes erf\u00e4hrt.<br \/>\n<a href=\"http:\/\/blog.meineigenerweg.de\/wp-content\/uploads\/2025\/01\/IMG_1596.png\"><img loading=\"lazy\" decoding=\"async\" class=\"alignnone size-medium wp-image-10187\" src=\"http:\/\/blog.meineigenerweg.de\/wp-content\/uploads\/2025\/01\/IMG_1596-300x225.png\" alt=\"\" width=\"300\" height=\"225\" srcset=\"http:\/\/blog.meineigenerweg.de\/wp-content\/uploads\/2025\/01\/IMG_1596-300x225.png 300w, http:\/\/blog.meineigenerweg.de\/wp-content\/uploads\/2025\/01\/IMG_1596-768x576.png 768w, http:\/\/blog.meineigenerweg.de\/wp-content\/uploads\/2025\/01\/IMG_1596.png 1000w\" sizes=\"auto, (max-width: 300px) 100vw, 300px\" \/><\/a><br \/>\nZur Zeit steht hier noch eine Nachbildung des Brandenburger Tors, das im Rahmen der KI (K\u00fcnstliche Intelligenz) Biennale 2024 durch den K\u00fcnstler Super*me aus 37 Frachtcontainern aufgebaut wurde.<br \/>\n<a href=\"http:\/\/blog.meineigenerweg.de\/wp-content\/uploads\/2025\/01\/IMG_1590-Edit.png\"><img loading=\"lazy\" decoding=\"async\" class=\"alignnone size-medium wp-image-10188\" src=\"http:\/\/blog.meineigenerweg.de\/wp-content\/uploads\/2025\/01\/IMG_1590-Edit-300x225.png\" alt=\"\" width=\"300\" height=\"225\" srcset=\"http:\/\/blog.meineigenerweg.de\/wp-content\/uploads\/2025\/01\/IMG_1590-Edit-300x225.png 300w, http:\/\/blog.meineigenerweg.de\/wp-content\/uploads\/2025\/01\/IMG_1590-Edit-768x576.png 768w, http:\/\/blog.meineigenerweg.de\/wp-content\/uploads\/2025\/01\/IMG_1590-Edit.png 1000w\" sizes=\"auto, (max-width: 300px) 100vw, 300px\" \/><\/a><br \/>\nImmer wieder beeindruckend ist die Fahrt mit der Rolltreppe<br \/>\n<a href=\"http:\/\/blog.meineigenerweg.de\/wp-content\/uploads\/2025\/01\/IMG_1578-2-Edit.png\"><img loading=\"lazy\" decoding=\"async\" class=\"alignnone size-medium wp-image-10189\" src=\"http:\/\/blog.meineigenerweg.de\/wp-content\/uploads\/2025\/01\/IMG_1578-2-Edit-300x225.png\" alt=\"\" width=\"300\" height=\"225\" srcset=\"http:\/\/blog.meineigenerweg.de\/wp-content\/uploads\/2025\/01\/IMG_1578-2-Edit-300x225.png 300w, http:\/\/blog.meineigenerweg.de\/wp-content\/uploads\/2025\/01\/IMG_1578-2-Edit-768x576.png 768w, http:\/\/blog.meineigenerweg.de\/wp-content\/uploads\/2025\/01\/IMG_1578-2-Edit.png 1000w\" sizes=\"auto, (max-width: 300px) 100vw, 300px\" \/><\/a><\/p>\n<p>Dort oben ist der Eingang in das <span style=\"color: #0000ff;\"><a href=\"https:\/\/ruhrmuseum.de\/\" target=\"_blank\" rel=\"noopener noreferrer\"><span style=\"color: #0000ff;\"><span style=\"text-decoration: underline;\"> Ruhrmuseum<\/span><\/span><\/a><\/span>, das innerhalb der Zeche untergebracht ist. Hier findest man Ausstellungen zu Natur, Kultur und Geschichte des Ruhrgebiets.<\/p>\n<p>Diesmal war unser Ziel eine Sonderausstellung \u00fcber die Fotografin <span style=\"color: #0000ff;\"><a href=\"https:\/\/ruhrmuseum.de\/ausstellungen\/aktuell\/unterwegs-mit-marga-kingler-pressefotografin-im-ruhrgebiet\" target=\"_blank\" rel=\"noopener noreferrer\"><span style=\"color: #0000ff;\"><span style=\"text-decoration: underline;\">Marga Kingler<\/span><\/span><\/a><\/span>. Sie war 40 Jahre Pressefotografin f\u00fcr die WAZ. In einer Sonderausstellung wird ein Teil ihrer Arbeiten zwischen 1951 und 1991 pr\u00e4sentiert. Sie hat ber\u00fchmte Politiker bei Staatsbesuchen fotografiert, K\u00fcnstler bei Ihren Auftritten in der Grugahalle, Polizeieins\u00e4tze bei Demonstrationen, Modells bei Modeschauen und ganz viel &#8222;Normales&#8220; aus Essen und dem Ruhrgebiet.<\/p>\n<p><a href=\"http:\/\/blog.meineigenerweg.de\/wp-content\/uploads\/2025\/01\/IMG_1585-Edit-Bearbeitet.png\"><img loading=\"lazy\" decoding=\"async\" class=\"alignnone size-medium wp-image-10211\" src=\"http:\/\/blog.meineigenerweg.de\/wp-content\/uploads\/2025\/01\/IMG_1585-Edit-Bearbeitet-300x225.png\" alt=\"\" width=\"300\" height=\"225\" srcset=\"http:\/\/blog.meineigenerweg.de\/wp-content\/uploads\/2025\/01\/IMG_1585-Edit-Bearbeitet-300x225.png 300w, http:\/\/blog.meineigenerweg.de\/wp-content\/uploads\/2025\/01\/IMG_1585-Edit-Bearbeitet-768x576.png 768w, http:\/\/blog.meineigenerweg.de\/wp-content\/uploads\/2025\/01\/IMG_1585-Edit-Bearbeitet.png 1000w\" sizes=\"auto, (max-width: 300px) 100vw, 300px\" \/><\/a><\/p>\n<p>&nbsp;<\/p>\n<p><em>Meine Wertung: <span style=\"color: #ff0000;\">***<\/span>** kleine Ausstellung aber sehr sehenswert<\/em><br \/>\n<em>Gelsenkirchener Stra\u00dfe 181<\/em><br \/>\n<em>45309 Essen<\/em><\/p>\n<p>&nbsp;<\/p>\n<p>&nbsp;<\/p>\n","protected":false},"excerpt":{"rendered":"<p>Januar 2025 &nbsp; Ein Besuch der Zeche Zollverein in Essen lohnt sich immer. Sehr empfehlenswert ist \u00fcbrigens eine F\u00fchrung durch die Anlage, bei der man sehr viel Interessantes und Spannendes erf\u00e4hrt. Zur Zeit steht hier noch eine Nachbildung des Brandenburger Tors, das im Rahmen der KI (K\u00fcnstliche Intelligenz) Biennale 2024<\/p>\n","protected":false},"author":1,"featured_media":10193,"parent":1809,"menu_order":0,"comment_status":"closed","ping_status":"closed","template":"","meta":{"footnotes":""},"class_list":["post-10183","page","type-page","status-publish","has-post-thumbnail","hentry"],"_links":{"self":[{"href":"http:\/\/blog.meineigenerweg.de\/index.php?rest_route=\/wp\/v2\/pages\/10183","targetHints":{"allow":["GET"]}}],"collection":[{"href":"http:\/\/blog.meineigenerweg.de\/index.php?rest_route=\/wp\/v2\/pages"}],"about":[{"href":"http:\/\/blog.meineigenerweg.de\/index.php?rest_route=\/wp\/v2\/types\/page"}],"author":[{"embeddable":true,"href":"http:\/\/blog.meineigenerweg.de\/index.php?rest_route=\/wp\/v2\/users\/1"}],"replies":[{"embeddable":true,"href":"http:\/\/blog.meineigenerweg.de\/index.php?rest_route=%2Fwp%2Fv2%2Fcomments&post=10183"}],"version-history":[{"count":11,"href":"http:\/\/blog.meineigenerweg.de\/index.php?rest_route=\/wp\/v2\/pages\/10183\/revisions"}],"predecessor-version":[{"id":10215,"href":"http:\/\/blog.meineigenerweg.de\/index.php?rest_route=\/wp\/v2\/pages\/10183\/revisions\/10215"}],"up":[{"embeddable":true,"href":"http:\/\/blog.meineigenerweg.de\/index.php?rest_route=\/wp\/v2\/pages\/1809"}],"wp:featuredmedia":[{"embeddable":true,"href":"http:\/\/blog.meineigenerweg.de\/index.php?rest_route=\/wp\/v2\/media\/10193"}],"wp:attachment":[{"href":"http:\/\/blog.meineigenerweg.de\/index.php?rest_route=%2Fwp%2Fv2%2Fmedia&parent=10183"}],"curies":[{"name":"wp","href":"https:\/\/api.w.org\/{rel}","templated":true}]}}