{"id":10137,"date":"2025-01-30T14:43:14","date_gmt":"2025-01-30T13:43:14","guid":{"rendered":"http:\/\/blog.meineigenerweg.de\/?page_id=10137"},"modified":"2025-01-30T14:43:14","modified_gmt":"2025-01-30T13:43:14","slug":"dortmund-museum-ostwall-kopfueber-in-die-kunst","status":"publish","type":"page","link":"http:\/\/blog.meineigenerweg.de\/?page_id=10137","title":{"rendered":"Dortmund &#8211; Museum Ostwall &#8211; Kopf\u00fcber in die Kunst ****"},"content":{"rendered":"<p>August 2024<\/p>\n<p>&nbsp;<\/p>\n<p>In Dortmund, im Museum U, gibt es eine Kunstausstellung speziell f\u00fcr Kinder &#8222;Kopf\u00fcber in die Kunst&#8220;. Das besondere ist, alles l\u00e4sst sich anfassen, ausprobieren und bespielen.<\/p>\n<p>Ein Labyrinth<br \/>\n<a href=\"http:\/\/blog.meineigenerweg.de\/wp-content\/uploads\/2025\/01\/IMG_5878-Edit.png\"><img loading=\"lazy\" decoding=\"async\" class=\"alignnone size-medium wp-image-10172\" src=\"http:\/\/blog.meineigenerweg.de\/wp-content\/uploads\/2025\/01\/IMG_5878-Edit-300x225.png\" alt=\"\" width=\"300\" height=\"225\" srcset=\"http:\/\/blog.meineigenerweg.de\/wp-content\/uploads\/2025\/01\/IMG_5878-Edit-300x225.png 300w, http:\/\/blog.meineigenerweg.de\/wp-content\/uploads\/2025\/01\/IMG_5878-Edit-768x576.png 768w, http:\/\/blog.meineigenerweg.de\/wp-content\/uploads\/2025\/01\/IMG_5878-Edit.png 1000w\" sizes=\"auto, (max-width: 300px) 100vw, 300px\" \/> <\/a><a href=\"http:\/\/blog.meineigenerweg.de\/wp-content\/uploads\/2025\/01\/IMG_5883-Edit.png\"><img loading=\"lazy\" decoding=\"async\" class=\"alignnone size-medium wp-image-10173\" src=\"http:\/\/blog.meineigenerweg.de\/wp-content\/uploads\/2025\/01\/IMG_5883-Edit-300x225.png\" alt=\"\" width=\"300\" height=\"225\" srcset=\"http:\/\/blog.meineigenerweg.de\/wp-content\/uploads\/2025\/01\/IMG_5883-Edit-300x225.png 300w, http:\/\/blog.meineigenerweg.de\/wp-content\/uploads\/2025\/01\/IMG_5883-Edit-768x576.png 768w, http:\/\/blog.meineigenerweg.de\/wp-content\/uploads\/2025\/01\/IMG_5883-Edit.png 1000w\" sizes=\"auto, (max-width: 300px) 100vw, 300px\" \/><\/a><\/p>\n<p>Eine Schaumstoffh\u00f6hle<br \/>\n<a href=\"http:\/\/blog.meineigenerweg.de\/wp-content\/uploads\/2025\/01\/IMG_5872-Edit.png\"><img loading=\"lazy\" decoding=\"async\" class=\"alignnone size-medium wp-image-10171\" src=\"http:\/\/blog.meineigenerweg.de\/wp-content\/uploads\/2025\/01\/IMG_5872-Edit-300x225.png\" alt=\"\" width=\"300\" height=\"225\" srcset=\"http:\/\/blog.meineigenerweg.de\/wp-content\/uploads\/2025\/01\/IMG_5872-Edit-300x225.png 300w, http:\/\/blog.meineigenerweg.de\/wp-content\/uploads\/2025\/01\/IMG_5872-Edit-768x576.png 768w, http:\/\/blog.meineigenerweg.de\/wp-content\/uploads\/2025\/01\/IMG_5872-Edit.png 1000w\" sizes=\"auto, (max-width: 300px) 100vw, 300px\" \/><\/a><\/p>\n<p>Riesige Projektionsfl\u00e4che auf denen sich die Motive interaktiv durch den Betrachter, mit seinen Bewegungen ver\u00e4ndert, mit ihm mitl\u00e4uft und mit ihm tanzen<br \/>\n<a href=\"http:\/\/blog.meineigenerweg.de\/wp-content\/uploads\/2025\/01\/ad87815a-d2f3-4fbc-b6b2-28396147a193-Edit.png\"><img loading=\"lazy\" decoding=\"async\" class=\"alignnone size-medium wp-image-10170\" src=\"http:\/\/blog.meineigenerweg.de\/wp-content\/uploads\/2025\/01\/ad87815a-d2f3-4fbc-b6b2-28396147a193-Edit-300x225.png\" alt=\"\" width=\"300\" height=\"225\" srcset=\"http:\/\/blog.meineigenerweg.de\/wp-content\/uploads\/2025\/01\/ad87815a-d2f3-4fbc-b6b2-28396147a193-Edit-300x225.png 300w, http:\/\/blog.meineigenerweg.de\/wp-content\/uploads\/2025\/01\/ad87815a-d2f3-4fbc-b6b2-28396147a193-Edit-768x576.png 768w, http:\/\/blog.meineigenerweg.de\/wp-content\/uploads\/2025\/01\/ad87815a-d2f3-4fbc-b6b2-28396147a193-Edit.png 1000w\" sizes=\"auto, (max-width: 300px) 100vw, 300px\" \/> <\/a><a href=\"http:\/\/blog.meineigenerweg.de\/wp-content\/uploads\/2025\/01\/IMG_5917-Edit.png\"><img loading=\"lazy\" decoding=\"async\" class=\"alignnone size-medium wp-image-10176\" src=\"http:\/\/blog.meineigenerweg.de\/wp-content\/uploads\/2025\/01\/IMG_5917-Edit-300x225.png\" alt=\"\" width=\"300\" height=\"225\" srcset=\"http:\/\/blog.meineigenerweg.de\/wp-content\/uploads\/2025\/01\/IMG_5917-Edit-300x225.png 300w, http:\/\/blog.meineigenerweg.de\/wp-content\/uploads\/2025\/01\/IMG_5917-Edit-768x576.png 768w, http:\/\/blog.meineigenerweg.de\/wp-content\/uploads\/2025\/01\/IMG_5917-Edit.png 1000w\" sizes=\"auto, (max-width: 300px) 100vw, 300px\" \/><\/a><\/p>\n<p>Virtuelle R\u00e4ume in denen Projektionen und Schattenwesen auf die Anwesenheit und die Bewegung von Personen reagieren und mit ihnen interagieren<br \/>\n<a href=\"http:\/\/blog.meineigenerweg.de\/wp-content\/uploads\/2025\/01\/IMG_5902-Edit.png\"><img loading=\"lazy\" decoding=\"async\" class=\"alignnone size-medium wp-image-10174\" src=\"http:\/\/blog.meineigenerweg.de\/wp-content\/uploads\/2025\/01\/IMG_5902-Edit-300x225.png\" alt=\"\" width=\"300\" height=\"225\" srcset=\"http:\/\/blog.meineigenerweg.de\/wp-content\/uploads\/2025\/01\/IMG_5902-Edit-300x225.png 300w, http:\/\/blog.meineigenerweg.de\/wp-content\/uploads\/2025\/01\/IMG_5902-Edit-768x576.png 768w, http:\/\/blog.meineigenerweg.de\/wp-content\/uploads\/2025\/01\/IMG_5902-Edit.png 1000w\" sizes=\"auto, (max-width: 300px) 100vw, 300px\" \/><\/a> <a href=\"http:\/\/blog.meineigenerweg.de\/wp-content\/uploads\/2025\/01\/IMG_5908-Edit.png\"><img loading=\"lazy\" decoding=\"async\" class=\"alignnone size-medium wp-image-10175\" src=\"http:\/\/blog.meineigenerweg.de\/wp-content\/uploads\/2025\/01\/IMG_5908-Edit-300x227.png\" alt=\"\" width=\"300\" height=\"227\" srcset=\"http:\/\/blog.meineigenerweg.de\/wp-content\/uploads\/2025\/01\/IMG_5908-Edit-300x227.png 300w, http:\/\/blog.meineigenerweg.de\/wp-content\/uploads\/2025\/01\/IMG_5908-Edit-768x580.png 768w, http:\/\/blog.meineigenerweg.de\/wp-content\/uploads\/2025\/01\/IMG_5908-Edit.png 1000w\" sizes=\"auto, (max-width: 300px) 100vw, 300px\" \/><\/a><\/p>\n<p>&#8230; und vieles mehr<\/p>\n<p>&nbsp;<\/p>\n<p><em>Meine Wertung: <span style=\"color: #800000;\">****<\/span>* ein tolles Erlebnis<\/em><br \/>\n<em>Leonie-Reygers-Terrasse<\/em><br \/>\n<em>44137 Dortmund<\/em><\/p>\n","protected":false},"excerpt":{"rendered":"<p>August 2024 &nbsp; In Dortmund, im Museum U, gibt es eine Kunstausstellung speziell f\u00fcr Kinder &#8222;Kopf\u00fcber in die Kunst&#8220;. Das besondere ist, alles l\u00e4sst sich anfassen, ausprobieren und bespielen. Ein Labyrinth Eine Schaumstoffh\u00f6hle Riesige Projektionsfl\u00e4che auf denen sich die Motive interaktiv durch den Betrachter, mit seinen Bewegungen ver\u00e4ndert, mit ihm<\/p>\n","protected":false},"author":1,"featured_media":10180,"parent":1809,"menu_order":0,"comment_status":"closed","ping_status":"closed","template":"","meta":{"footnotes":""},"class_list":["post-10137","page","type-page","status-publish","has-post-thumbnail","hentry"],"_links":{"self":[{"href":"http:\/\/blog.meineigenerweg.de\/index.php?rest_route=\/wp\/v2\/pages\/10137","targetHints":{"allow":["GET"]}}],"collection":[{"href":"http:\/\/blog.meineigenerweg.de\/index.php?rest_route=\/wp\/v2\/pages"}],"about":[{"href":"http:\/\/blog.meineigenerweg.de\/index.php?rest_route=\/wp\/v2\/types\/page"}],"author":[{"embeddable":true,"href":"http:\/\/blog.meineigenerweg.de\/index.php?rest_route=\/wp\/v2\/users\/1"}],"replies":[{"embeddable":true,"href":"http:\/\/blog.meineigenerweg.de\/index.php?rest_route=%2Fwp%2Fv2%2Fcomments&post=10137"}],"version-history":[{"count":7,"href":"http:\/\/blog.meineigenerweg.de\/index.php?rest_route=\/wp\/v2\/pages\/10137\/revisions"}],"predecessor-version":[{"id":10206,"href":"http:\/\/blog.meineigenerweg.de\/index.php?rest_route=\/wp\/v2\/pages\/10137\/revisions\/10206"}],"up":[{"embeddable":true,"href":"http:\/\/blog.meineigenerweg.de\/index.php?rest_route=\/wp\/v2\/pages\/1809"}],"wp:featuredmedia":[{"embeddable":true,"href":"http:\/\/blog.meineigenerweg.de\/index.php?rest_route=\/wp\/v2\/media\/10180"}],"wp:attachment":[{"href":"http:\/\/blog.meineigenerweg.de\/index.php?rest_route=%2Fwp%2Fv2%2Fmedia&parent=10137"}],"curies":[{"name":"wp","href":"https:\/\/api.w.org\/{rel}","templated":true}]}}